{"id":881,"date":"2017-05-01T16:26:15","date_gmt":"2017-05-01T14:26:15","guid":{"rendered":"http:\/\/urbex-team-bremen-nord.de\/?page_id=881"},"modified":"2017-05-01T16:28:14","modified_gmt":"2017-05-01T14:28:14","slug":"gummi-fabrik-h","status":"publish","type":"page","link":"https:\/\/urbex-team-bremen-nord.de\/?page_id=881","title":{"rendered":"Gummi-Fabrik H."},"content":{"rendered":"<p>Die Geschichte der Gummi-Fabrik geht bis in die 1850er Jahre zur\u00fcck. Hier wurden unter anderem die im Friseurhandwerk beliebten Hartgummi-K\u00e4mme und diverse andere Haarpflegeprodukte produziert. Aufgrund von Modernisierungsma\u00dfnahmen (Umzug in modernere Produktionsst\u00e4tten) verlie\u00dfen die letzten Mitarbeiter im Jahre 2009 diese Geschichtstr\u00e4chtige Gummi-Fabrik nach mehr als 150 Jahren.<\/p>\n<p>Teile der Fabrik stehen unter Denkmalschutz und die chemischen Belastungen des Gel\u00e4ndes verhindern seit langem eine erforderliche Sanierung. Eine weitere Nutzung ist unklar und die Fabrik steht seit l\u00e4ngerer Zeit zum Verkauf.<\/p>\n<div id=\"grid-gallery-33-32898\" data-gg-id=\"33\" data-title=\"Gummi-Fabrik H.\" data-grid-type=\"0\" data-offset=\"5.3\" data-area-position=\"center\" data-icons=\"\" data-preloader=\"true\" data-width=\"215\" data-height=\"215\" data-padding=\"0\" data-quicksand=\"disabled\" data-quicksand-duration=\"none\" data-popup-theme=\"theme_6\" data-popup-type=\"pretty-photo\" data-popup-image-text=\"data-title\" data-popup-widthsize=\"auto\" data-popup-heightsize=\"auto\" data-popup-i18n-words=\"{&quot;close&quot;:&quot;schlie\\u00dfen&quot;,&quot;next&quot;:&quot;n\\u00e4chste&quot;,&quot;previous&quot;:&quot;vorherige&quot;,&quot;start_slideshow&quot;:&quot;Starte Slideshow&quot;,&quot;stop_slideshow&quot;:&quot;Stoppe Slideshow&quot;,&quot;image&quot;:&quot;Bild&quot;,&quot;of&quot;:&quot;von&quot;,&quot;prev&quot;:&quot;vorherige&quot;,&quot;cExpand&quot;:&quot;Erweitere&quot;,&quot;cPrevious&quot;:&quot;Vorheriges&quot;,&quot;cNext&quot;:&quot;N\\u00e4chstes&quot;,&quot;cExpandStr&quot;:&quot;Erweitere Bild&quot;,&quot;cRotate&quot;:&quot;Rotate&quot;,&quot;cDetails&quot;:&quot;Details&quot;}\" data-popup-slideshow=\"false\" data-popup-slideshow-speed=\"2500\" data-popup-hoverstop=\"false\" data-popup-slideshow-auto=\"false\" data-popup-background=\"\" data-popup-transparency=\"30\" data-popup-disable-history=\"\" data-popup-disable-changed-url=\"\" data-popup-border-type=\"\" data-popup-border-color=\"\" data-popup-border-width=\"\" data-popup-border-enable=\"\" data-fullscreen=\"false\" data-hide-tooltip=\"false\" data-caption-font-family=\"Default\" data-caption-text-size=\"140\" data-is-mobile=\"0\" data-caption-mobile=\"false\" data-hide-long-tltp-title=\"0\" data-caption-disabled-on-mobile=\"false\" data-popup-placement-type=\"0\" data-social-sharing=\"{&quot;enabled&quot;:&quot;&quot;,&quot;gallerySharing&quot;:{&quot;enabled&quot;:null,&quot;position&quot;:null},&quot;imageSharing&quot;:{&quot;enabled&quot;:null,&quot;wrapperClass&quot;:&quot; vertical &quot;},&quot;popupSharing&quot;:{&quot;enabled&quot;:null,&quot;wrapperClass&quot;:&quot; vertical &quot;}}\" class=\"grid-gallery grid-gallery-fixed \" style=\" width:100%; height:auto; margin-left:auto; margin-right:auto;position:relative;\"> <div class=\"gallery-loading\"> <div class=\"blocks\"> <div class=\"block\"><\/div> <div class=\"block\"><\/div> <div class=\"block\"><\/div> <div class=\"block\"><\/div> <\/div> <\/div> <div class=\"gallery-sharing-top\" style=\"display:none;\"> <\/div> <div id=\"photos-33\" class=\"grid-gallery-photos\"><FIGURE class=\"grid-gallery-caption\" data-grid-gallery-type=\"quarter-slide-up\" data-index=\"0\" style=\"display:none;border-radius:00;; margin:5.3px; width:2150;\" ><div class=\"crop\" style=\" width:2150; height:2150; overflow:hidden;\"><img decoding=\"async\" src=\"http:\/\/urbex-team-bremen-nord.de\/wp-content\/uploads\/2017\/05\/IMG_9979_80_81_tonemapped-215x215.jpg\" class=\"ggImg\" alt=\"Gummi-Fabrik H.\" title=\"Gummi-Fabrik H.\" data-description=\"Gummi-Fabrik H.\" data-caption=\"Gummi-Fabrik H.\" data-title=\"Gummi-Fabrik H.\" style=\" width:215px; height:215px;\" \/><\/div><FIGCAPTION class=\"\" data-alpha=\"5\" style=\"color:#ffffff; background-color:#6f0000; font-size:140; text-align:left; font-family:Default;\" ><div class=\"grid-gallery-figcaption-wrap\" style=\"\"><\/div><\/FIGCAPTION><\/FIGURE><FIGURE class=\"grid-gallery-caption\" data-grid-gallery-type=\"quarter-slide-up\" data-index=\"1\" style=\"display:none;border-radius:00;; margin:5.3px; width:2150;\" ><div class=\"crop\" style=\" width:2150; height:2150; overflow:hidden;\"><img decoding=\"async\" src=\"http:\/\/urbex-team-bremen-nord.de\/wp-content\/uploads\/2017\/05\/IMG_9765_6_7_tonemapped-215x215.jpg\" class=\"ggImg\" alt=\"Gummi-Fabrik H.\" title=\"Gummi-Fabrik H.\" data-description=\"Gummi-Fabrik H.\" data-caption=\"Gummi-Fabrik H.\" data-title=\"Gummi-Fabrik H.\" style=\" width:215px; height:215px;\" \/><\/div><FIGCAPTION class=\"\" data-alpha=\"5\" style=\"color:#ffffff; background-color:#6f0000; font-size:140; text-align:left; font-family:Default;\" ><div class=\"grid-gallery-figcaption-wrap\" style=\"\"><\/div><\/FIGCAPTION><\/FIGURE><FIGURE class=\"grid-gallery-caption\" data-grid-gallery-type=\"quarter-slide-up\" data-index=\"2\" style=\"display:none;border-radius:00;; margin:5.3px; width:2150;\" ><div class=\"crop\" style=\" width:2150; height:2150; overflow:hidden;\"><img decoding=\"async\" src=\"http:\/\/urbex-team-bremen-nord.de\/wp-content\/uploads\/2017\/05\/IMG_9785_6_7_tonemapped-215x215.jpg\" class=\"ggImg\" alt=\"Gummi-Fabrik H.\" title=\"Gummi-Fabrik H.\" data-description=\"Gummi-Fabrik H.\" data-caption=\"Gummi-Fabrik H.\" data-title=\"Gummi-Fabrik H.\" style=\" width:215px; height:215px;\" \/><\/div><FIGCAPTION class=\"\" data-alpha=\"5\" style=\"color:#ffffff; background-color:#6f0000; font-size:140; text-align:left; font-family:Default;\" ><div class=\"grid-gallery-figcaption-wrap\" style=\"\"><\/div><\/FIGCAPTION><\/FIGURE><FIGURE class=\"grid-gallery-caption\" data-grid-gallery-type=\"quarter-slide-up\" data-index=\"3\" style=\"display:none;border-radius:00;; margin:5.3px; width:2150;\" ><div class=\"crop\" style=\" width:2150; height:2150; overflow:hidden;\"><img decoding=\"async\" src=\"http:\/\/urbex-team-bremen-nord.de\/wp-content\/uploads\/2017\/05\/IMG_0020_1_2_tonemapped-215x215.jpg\" class=\"ggImg\" alt=\"Gummi-Fabrik H.\" title=\"Gummi-Fabrik H.\" data-description=\"Gummi-Fabrik H.\" data-caption=\"Gummi-Fabrik H.\" data-title=\"Gummi-Fabrik H.\" style=\" width:215px; height:215px;\" \/><\/div><FIGCAPTION class=\"\" data-alpha=\"5\" style=\"color:#ffffff; background-color:#6f0000; font-size:140; text-align:left; font-family:Default;\" ><div class=\"grid-gallery-figcaption-wrap\" style=\"\"><\/div><\/FIGCAPTION><\/FIGURE><FIGURE class=\"grid-gallery-caption\" data-grid-gallery-type=\"quarter-slide-up\" data-index=\"4\" style=\"display:none;border-radius:00;; margin:5.3px; width:2150;\" ><div class=\"crop\" style=\" width:2150; height:2150; overflow:hidden;\"><img decoding=\"async\" src=\"http:\/\/urbex-team-bremen-nord.de\/wp-content\/uploads\/2017\/05\/IMG_9852_3_4_tonemapped-215x215.jpg\" class=\"ggImg\" alt=\"Gummi-Fabrik H.\" title=\"Gummi-Fabrik H.\" data-description=\"Gummi-Fabrik H.\" data-caption=\"Gummi-Fabrik H.\" data-title=\"Gummi-Fabrik H.\" style=\" width:215px; height:215px;\" \/><\/div><FIGCAPTION class=\"\" data-alpha=\"5\" style=\"color:#ffffff; background-color:#6f0000; font-size:140; text-align:left; font-family:Default;\" ><div class=\"grid-gallery-figcaption-wrap\" style=\"\"><\/div><\/FIGCAPTION><\/FIGURE><FIGURE class=\"grid-gallery-caption\" data-grid-gallery-type=\"quarter-slide-up\" data-index=\"5\" style=\"display:none;border-radius:00;; margin:5.3px; width:2150;\" ><div class=\"crop\" style=\" width:2150; height:2150; overflow:hidden;\"><img decoding=\"async\" src=\"http:\/\/urbex-team-bremen-nord.de\/wp-content\/uploads\/2017\/05\/IMG_9819_20_21_tonemapped-215x215.jpg\" class=\"ggImg\" alt=\"Gummi-Fabrik H.\" title=\"Gummi-Fabrik H.\" data-description=\"Gummi-Fabrik H.\" data-caption=\"Gummi-Fabrik H.\" data-title=\"Gummi-Fabrik H.\" style=\" width:215px; height:215px;\" \/><\/div><FIGCAPTION class=\"\" data-alpha=\"5\" style=\"color:#ffffff; background-color:#6f0000; font-size:140; text-align:left; font-family:Default;\" ><div class=\"grid-gallery-figcaption-wrap\" style=\"\"><\/div><\/FIGCAPTION><\/FIGURE><FIGURE class=\"grid-gallery-caption\" data-grid-gallery-type=\"quarter-slide-up\" data-index=\"6\" style=\"display:none;border-radius:00;; margin:5.3px; width:2150;\" ><div class=\"crop\" style=\" width:2150; height:2150; overflow:hidden;\"><img decoding=\"async\" src=\"http:\/\/urbex-team-bremen-nord.de\/wp-content\/uploads\/2017\/05\/IMG_9921_2_3_tonemapped-215x215.jpg\" class=\"ggImg\" alt=\"Gummi-Fabrik H.\" title=\"Gummi-Fabrik H.\" data-description=\"Gummi-Fabrik H.\" data-caption=\"Gummi-Fabrik H.\" data-title=\"Gummi-Fabrik H.\" style=\" width:215px; height:215px;\" \/><\/div><FIGCAPTION class=\"\" data-alpha=\"5\" style=\"color:#ffffff; background-color:#6f0000; font-size:140; text-align:left; font-family:Default;\" ><div class=\"grid-gallery-figcaption-wrap\" style=\"\"><\/div><\/FIGCAPTION><\/FIGURE><FIGURE class=\"grid-gallery-caption\" data-grid-gallery-type=\"quarter-slide-up\" data-index=\"7\" style=\"display:none;border-radius:00;; margin:5.3px; width:2150;\" ><div class=\"crop\" style=\" width:2150; height:2150; overflow:hidden;\"><img decoding=\"async\" src=\"http:\/\/urbex-team-bremen-nord.de\/wp-content\/uploads\/2017\/05\/IMG_9827_8_9_tonemapped-215x215.jpg\" class=\"ggImg\" alt=\"Gummi-Fabrik H.\" title=\"Gummi-Fabrik H.\" data-description=\"Gummi-Fabrik H.\" data-caption=\"Gummi-Fabrik H.\" data-title=\"Gummi-Fabrik H.\" style=\" width:215px; height:215px;\" \/><\/div><FIGCAPTION class=\"\" data-alpha=\"5\" style=\"color:#ffffff; background-color:#6f0000; font-size:140; text-align:left; font-family:Default;\" ><div class=\"grid-gallery-figcaption-wrap\" style=\"\"><\/div><\/FIGCAPTION><\/FIGURE><FIGURE class=\"grid-gallery-caption\" data-grid-gallery-type=\"quarter-slide-up\" data-index=\"8\" style=\"display:none;border-radius:00;; margin:5.3px; width:2150;\" ><div class=\"crop\" style=\" width:2150; height:2150; overflow:hidden;\"><img decoding=\"async\" src=\"http:\/\/urbex-team-bremen-nord.de\/wp-content\/uploads\/2017\/05\/IMG_9815_6_7_tonemapped-215x215.jpg\" class=\"ggImg\" alt=\"Gummi-Fabrik H.\" title=\"Gummi-Fabrik H.\" data-description=\"Gummi-Fabrik H.\" data-caption=\"Gummi-Fabrik H.\" data-title=\"Gummi-Fabrik H.\" style=\" width:215px; height:215px;\" \/><\/div><FIGCAPTION class=\"\" data-alpha=\"5\" style=\"color:#ffffff; background-color:#6f0000; font-size:140; text-align:left; font-family:Default;\" ><div class=\"grid-gallery-figcaption-wrap\" style=\"\"><\/div><\/FIGCAPTION><\/FIGURE><FIGURE class=\"grid-gallery-caption\" data-grid-gallery-type=\"quarter-slide-up\" data-index=\"9\" style=\"display:none;border-radius:00;; margin:5.3px; width:2150;\" ><div class=\"crop\" style=\" width:2150; height:2150; overflow:hidden;\"><img decoding=\"async\" src=\"http:\/\/urbex-team-bremen-nord.de\/wp-content\/uploads\/2017\/05\/IMG_9843_4_5_tonemapped-215x215.jpg\" class=\"ggImg\" alt=\"Gummi-Fabrik H.\" title=\"Gummi-Fabrik H.\" data-description=\"Gummi-Fabrik H.\" data-caption=\"Gummi-Fabrik H.\" data-title=\"Gummi-Fabrik H.\" style=\" width:215px; height:215px;\" \/><\/div><FIGCAPTION class=\"\" data-alpha=\"5\" style=\"color:#ffffff; background-color:#6f0000; font-size:140; text-align:left; font-family:Default;\" ><div class=\"grid-gallery-figcaption-wrap\" style=\"\"><\/div><\/FIGCAPTION><\/FIGURE><FIGURE class=\"grid-gallery-caption\" data-grid-gallery-type=\"quarter-slide-up\" data-index=\"10\" style=\"display:none;border-radius:00;; margin:5.3px; width:2150;\" ><div class=\"crop\" style=\" width:2150; height:2150; overflow:hidden;\"><img decoding=\"async\" src=\"http:\/\/urbex-team-bremen-nord.de\/wp-content\/uploads\/2017\/05\/IMG_9991_2_3_tonemapped-Bearbeitet-215x215.jpg\" class=\"ggImg\" alt=\"Gummi-Fabrik H.\" title=\"Gummi-Fabrik H.\" data-description=\"Gummi-Fabrik H.\" data-caption=\"Gummi-Fabrik H.\" data-title=\"Gummi-Fabrik H.\" style=\" width:215px; height:215px;\" \/><\/div><FIGCAPTION class=\"\" data-alpha=\"5\" style=\"color:#ffffff; background-color:#6f0000; font-size:140; text-align:left; font-family:Default;\" ><div class=\"grid-gallery-figcaption-wrap\" style=\"\"><\/div><\/FIGCAPTION><\/FIGURE><FIGURE class=\"grid-gallery-caption\" data-grid-gallery-type=\"quarter-slide-up\" data-index=\"11\" style=\"display:none;border-radius:00;; margin:5.3px; width:2150;\" ><div class=\"crop\" style=\" width:2150; height:2150; overflow:hidden;\"><img decoding=\"async\" src=\"http:\/\/urbex-team-bremen-nord.de\/wp-content\/uploads\/2017\/05\/IMG_9975_6_7_tonemapped-215x215.jpg\" class=\"ggImg\" alt=\"Gummi-Fabrik H.\" title=\"Gummi-Fabrik H.\" data-description=\"Gummi-Fabrik H.\" data-caption=\"Gummi-Fabrik H.\" data-title=\"Gummi-Fabrik H.\" style=\" width:215px; height:215px;\" \/><\/div><FIGCAPTION class=\"\" data-alpha=\"5\" style=\"color:#ffffff; background-color:#6f0000; font-size:140; text-align:left; font-family:Default;\" ><div class=\"grid-gallery-figcaption-wrap\" style=\"\"><\/div><\/FIGCAPTION><\/FIGURE><FIGURE class=\"grid-gallery-caption\" data-grid-gallery-type=\"quarter-slide-up\" data-index=\"12\" style=\"display:none;border-radius:00;; margin:5.3px; width:2150;\" ><div class=\"crop\" style=\" width:2150; height:2150; overflow:hidden;\"><img decoding=\"async\" src=\"http:\/\/urbex-team-bremen-nord.de\/wp-content\/uploads\/2017\/05\/IMG_9905_6_7_tonemapped-215x215.jpg\" class=\"ggImg\" alt=\"Gummi-Fabrik H.\" title=\"Gummi-Fabrik H.\" data-description=\"Gummi-Fabrik H.\" data-caption=\"Gummi-Fabrik H.\" data-title=\"Gummi-Fabrik H.\" style=\" width:215px; height:215px;\" \/><\/div><FIGCAPTION class=\"\" data-alpha=\"5\" style=\"color:#ffffff; background-color:#6f0000; font-size:140; text-align:left; font-family:Default;\" ><div class=\"grid-gallery-figcaption-wrap\" style=\"\"><\/div><\/FIGCAPTION><\/FIGURE><FIGURE class=\"grid-gallery-caption\" data-grid-gallery-type=\"quarter-slide-up\" data-index=\"13\" style=\"display:none;border-radius:00;; margin:5.3px; width:2150;\" ><div class=\"crop\" style=\" width:2150; height:2150; overflow:hidden;\"><img decoding=\"async\" src=\"http:\/\/urbex-team-bremen-nord.de\/wp-content\/uploads\/2017\/05\/IMG_9868_69_70_tonemapped-215x215.jpg\" class=\"ggImg\" alt=\"Gummi-Fabrik H.\" title=\"Gummi-Fabrik H.\" data-description=\"Gummi-Fabrik H.\" data-caption=\"Gummi-Fabrik H.\" data-title=\"Gummi-Fabrik H.\" style=\" width:215px; height:215px;\" \/><\/div><FIGCAPTION class=\"\" data-alpha=\"5\" style=\"color:#ffffff; background-color:#6f0000; font-size:140; text-align:left; font-family:Default;\" ><div class=\"grid-gallery-figcaption-wrap\" style=\"\"><\/div><\/FIGCAPTION><\/FIGURE><FIGURE class=\"grid-gallery-caption\" data-grid-gallery-type=\"quarter-slide-up\" data-index=\"14\" style=\"display:none;border-radius:00;; margin:5.3px; width:2150;\" ><div class=\"crop\" style=\" width:2150; height:2150; overflow:hidden;\"><img decoding=\"async\" src=\"http:\/\/urbex-team-bremen-nord.de\/wp-content\/uploads\/2017\/05\/IMG_9880_1_2_tonemapped-215x215.jpg\" class=\"ggImg\" alt=\"Gummi-Fabrik H.\" title=\"Gummi-Fabrik H.\" data-description=\"Gummi-Fabrik H.\" data-caption=\"Gummi-Fabrik H.\" data-title=\"Gummi-Fabrik H.\" style=\" width:215px; height:215px;\" \/><\/div><FIGCAPTION class=\"\" data-alpha=\"5\" style=\"color:#ffffff; background-color:#6f0000; font-size:140; text-align:left; font-family:Default;\" ><div class=\"grid-gallery-figcaption-wrap\" style=\"\"><\/div><\/FIGCAPTION><\/FIGURE><FIGURE class=\"grid-gallery-caption\" data-grid-gallery-type=\"quarter-slide-up\" data-index=\"15\" style=\"display:none;border-radius:00;; margin:5.3px; width:2150;\" ><div class=\"crop\" style=\" width:2150; height:2150; overflow:hidden;\"><img decoding=\"async\" src=\"http:\/\/urbex-team-bremen-nord.de\/wp-content\/uploads\/2017\/05\/IMG_9864_5_6_tonemapped-215x215.jpg\" class=\"ggImg\" alt=\"Gummi-Fabrik H.\" title=\"Gummi-Fabrik H.\" data-description=\"Gummi-Fabrik H.\" data-caption=\"Gummi-Fabrik H.\" data-title=\"Gummi-Fabrik H.\" style=\" width:215px; height:215px;\" \/><\/div><FIGCAPTION class=\"\" data-alpha=\"5\" style=\"color:#ffffff; background-color:#6f0000; font-size:140; text-align:left; font-family:Default;\" ><div class=\"grid-gallery-figcaption-wrap\" style=\"\"><\/div><\/FIGCAPTION><\/FIGURE><FIGURE class=\"grid-gallery-caption\" data-grid-gallery-type=\"quarter-slide-up\" data-index=\"16\" style=\"display:none;border-radius:00;; margin:5.3px; width:2150;\" ><div class=\"crop\" style=\" width:2150; height:2150; overflow:hidden;\"><img decoding=\"async\" src=\"http:\/\/urbex-team-bremen-nord.de\/wp-content\/uploads\/2017\/05\/IMG_9856_7_8_tonemapped-215x215.jpg\" class=\"ggImg\" alt=\"Gummi-Fabrik H.\" title=\"Gummi-Fabrik H.\" data-description=\"Gummi-Fabrik H.\" data-caption=\"Gummi-Fabrik H.\" data-title=\"Gummi-Fabrik H.\" style=\" width:215px; height:215px;\" \/><\/div><FIGCAPTION class=\"\" data-alpha=\"5\" style=\"color:#ffffff; background-color:#6f0000; font-size:140; text-align:left; font-family:Default;\" ><div class=\"grid-gallery-figcaption-wrap\" style=\"\"><\/div><\/FIGCAPTION><\/FIGURE><FIGURE class=\"grid-gallery-caption\" data-grid-gallery-type=\"quarter-slide-up\" data-index=\"17\" style=\"display:none;border-radius:00;; margin:5.3px; width:2150;\" ><div class=\"crop\" style=\" width:2150; height:2150; overflow:hidden;\"><img decoding=\"async\" src=\"http:\/\/urbex-team-bremen-nord.de\/wp-content\/uploads\/2017\/05\/IMG_9781_2_3_tonemapped-215x215.jpg\" class=\"ggImg\" alt=\"Gummi-Fabrik H.\" title=\"Gummi-Fabrik H.\" data-description=\"Gummi-Fabrik H.\" data-caption=\"Gummi-Fabrik H.\" data-title=\"Gummi-Fabrik H.\" style=\" width:215px; height:215px;\" \/><\/div><FIGCAPTION class=\"\" data-alpha=\"5\" style=\"color:#ffffff; background-color:#6f0000; font-size:140; text-align:left; font-family:Default;\" ><div class=\"grid-gallery-figcaption-wrap\" style=\"\"><\/div><\/FIGCAPTION><\/FIGURE><FIGURE class=\"grid-gallery-caption\" data-grid-gallery-type=\"quarter-slide-up\" data-index=\"18\" style=\"display:none;border-radius:00;; margin:5.3px; width:2150;\" ><div class=\"crop\" style=\" width:2150; height:2150; overflow:hidden;\"><img decoding=\"async\" src=\"http:\/\/urbex-team-bremen-nord.de\/wp-content\/uploads\/2017\/05\/IMG_9943_4_5_tonemapped-215x215.jpg\" class=\"ggImg\" alt=\"Gummi-Fabrik H.\" title=\"Gummi-Fabrik H.\" data-description=\"Gummi-Fabrik H.\" data-caption=\"Gummi-Fabrik H.\" data-title=\"Gummi-Fabrik H.\" style=\" width:215px; height:215px;\" \/><\/div><FIGCAPTION class=\"\" data-alpha=\"5\" style=\"color:#ffffff; background-color:#6f0000; font-size:140; text-align:left; font-family:Default;\" ><div class=\"grid-gallery-figcaption-wrap\" style=\"\"><\/div><\/FIGCAPTION><\/FIGURE><FIGURE class=\"grid-gallery-caption\" data-grid-gallery-type=\"quarter-slide-up\" data-index=\"19\" style=\"display:none;border-radius:00;; margin:5.3px; width:2150;\" ><div class=\"crop\" style=\" width:2150; height:2150; overflow:hidden;\"><img decoding=\"async\" src=\"http:\/\/urbex-team-bremen-nord.de\/wp-content\/uploads\/2017\/05\/IMG_9925_6_7_tonemapped-215x215.jpg\" class=\"ggImg\" alt=\"Gummi-Fabrik H.\" title=\"Gummi-Fabrik H.\" data-description=\"Gummi-Fabrik H.\" data-caption=\"Gummi-Fabrik H.\" data-title=\"Gummi-Fabrik H.\" style=\" width:215px; height:215px;\" \/><\/div><FIGCAPTION class=\"\" data-alpha=\"5\" style=\"color:#ffffff; background-color:#6f0000; font-size:140; text-align:left; font-family:Default;\" ><div class=\"grid-gallery-figcaption-wrap\" style=\"\"><\/div><\/FIGCAPTION><\/FIGURE><FIGURE class=\"grid-gallery-caption\" data-grid-gallery-type=\"quarter-slide-up\" data-index=\"20\" style=\"display:none;border-radius:00;; margin:5.3px; width:2150;\" ><div class=\"crop\" style=\" width:2150; height:2150; overflow:hidden;\"><img decoding=\"async\" src=\"http:\/\/urbex-team-bremen-nord.de\/wp-content\/uploads\/2017\/05\/IMG_9793_4_5_tonemapped-215x215.jpg\" class=\"ggImg\" alt=\"Gummi-Fabrik H.\" title=\"Gummi-Fabrik H.\" data-description=\"Gummi-Fabrik H.\" data-caption=\"Gummi-Fabrik H.\" data-title=\"Gummi-Fabrik H.\" style=\" width:215px; height:215px;\" \/><\/div><FIGCAPTION class=\"\" data-alpha=\"5\" style=\"color:#ffffff; background-color:#6f0000; font-size:140; text-align:left; font-family:Default;\" ><div class=\"grid-gallery-figcaption-wrap\" style=\"\"><\/div><\/FIGCAPTION><\/FIGURE><FIGURE class=\"grid-gallery-caption\" data-grid-gallery-type=\"quarter-slide-up\" data-index=\"21\" style=\"display:none;border-radius:00;; margin:5.3px; width:2150;\" ><div class=\"crop\" style=\" width:2150; height:2150; overflow:hidden;\"><img decoding=\"async\" src=\"http:\/\/urbex-team-bremen-nord.de\/wp-content\/uploads\/2017\/05\/IMG_9835_6_7_tonemapped-215x215.jpg\" class=\"ggImg\" alt=\"Gummi-Fabrik H.\" title=\"Gummi-Fabrik H.\" data-description=\"Gummi-Fabrik H.\" data-caption=\"Gummi-Fabrik H.\" data-title=\"Gummi-Fabrik H.\" style=\" width:215px; height:215px;\" \/><\/div><FIGCAPTION class=\"\" data-alpha=\"5\" style=\"color:#ffffff; background-color:#6f0000; font-size:140; text-align:left; font-family:Default;\" ><div class=\"grid-gallery-figcaption-wrap\" style=\"\"><\/div><\/FIGCAPTION><\/FIGURE><FIGURE class=\"grid-gallery-caption\" data-grid-gallery-type=\"quarter-slide-up\" data-index=\"22\" style=\"display:none;border-radius:00;; margin:5.3px; width:2150;\" ><div class=\"crop\" style=\" width:2150; height:2150; overflow:hidden;\"><img decoding=\"async\" src=\"http:\/\/urbex-team-bremen-nord.de\/wp-content\/uploads\/2017\/05\/IMG_0001_0002_9999_tonemapped-215x215.jpg\" class=\"ggImg\" alt=\"Gummi-Fabrik H.\" title=\"Gummi-Fabrik H.\" data-description=\"Gummi-Fabrik H.\" data-caption=\"Gummi-Fabrik H.\" data-title=\"Gummi-Fabrik H.\" style=\" width:215px; height:215px;\" \/><\/div><FIGCAPTION class=\"\" data-alpha=\"5\" style=\"color:#ffffff; background-color:#6f0000; font-size:140; text-align:left; font-family:Default;\" ><div class=\"grid-gallery-figcaption-wrap\" style=\"\"><\/div><\/FIGCAPTION><\/FIGURE> <div class=\"grid-gallery-clearfix\"><\/div> <\/div> <div class=\"gallery-sharing-bottom\" style=\"display:none;\"> <\/div> <div class=\"gallery-sharing-image\" style=\"display:none;\"> <\/div> <div class=\"gallery-sharing-popup\" style=\"display:none;\"> <\/div> <div class=\"grid-gallery-clearfix\"><\/div> <\/div> <!-- Gallery by Supsystic plugin1.15.25 --><a title=\"Wordpress Gallery Plugin Free\" style=\"display:none;\" href=\"https:\/\/supsystic.com\/plugins\/photo-gallery\/?utm_medium=love_link\" target=\"_blank\">Wordpress Gallery Plugin Free<\/a>\n","protected":false},"excerpt":{"rendered":"<p>Die Geschichte der Gummi-Fabrik geht bis in die 1850er Jahre zur\u00fcck. Hier wurden unter anderem die im Friseurhandwerk beliebten Hartgummi-K\u00e4mme und diverse andere Haarpflegeprodukte produziert. Aufgrund von Modernisierungsma\u00dfnahmen (Umzug in modernere Produktionsst\u00e4tten) verlie\u00dfen die letzten Mitarbeiter im Jahre 2009 diese Geschichtstr\u00e4chtige Gummi-Fabrik nach mehr als 150 Jahren. Teile der Fabrik stehen unter Denkmalschutz und die &hellip; <a href=\"https:\/\/urbex-team-bremen-nord.de\/?page_id=881\" class=\"more-link\"><span class=\"screen-reader-text\">Gummi-Fabrik H.<\/span> weiterlesen<\/a><\/p>\n","protected":false},"author":2,"featured_media":0,"parent":0,"menu_order":0,"comment_status":"closed","ping_status":"closed","template":"","meta":{"ngg_post_thumbnail":0,"footnotes":""},"class_list":["post-881","page","type-page","status-publish","hentry"],"_links":{"self":[{"href":"https:\/\/urbex-team-bremen-nord.de\/index.php?rest_route=\/wp\/v2\/pages\/881","targetHints":{"allow":["GET"]}}],"collection":[{"href":"https:\/\/urbex-team-bremen-nord.de\/index.php?rest_route=\/wp\/v2\/pages"}],"about":[{"href":"https:\/\/urbex-team-bremen-nord.de\/index.php?rest_route=\/wp\/v2\/types\/page"}],"author":[{"embeddable":true,"href":"https:\/\/urbex-team-bremen-nord.de\/index.php?rest_route=\/wp\/v2\/users\/2"}],"replies":[{"embeddable":true,"href":"https:\/\/urbex-team-bremen-nord.de\/index.php?rest_route=%2Fwp%2Fv2%2Fcomments&post=881"}],"version-history":[{"count":2,"href":"https:\/\/urbex-team-bremen-nord.de\/index.php?rest_route=\/wp\/v2\/pages\/881\/revisions"}],"predecessor-version":[{"id":884,"href":"https:\/\/urbex-team-bremen-nord.de\/index.php?rest_route=\/wp\/v2\/pages\/881\/revisions\/884"}],"wp:attachment":[{"href":"https:\/\/urbex-team-bremen-nord.de\/index.php?rest_route=%2Fwp%2Fv2%2Fmedia&parent=881"}],"curies":[{"name":"wp","href":"https:\/\/api.w.org\/{rel}","templated":true}]}}