{"id":854,"date":"2017-04-23T11:22:29","date_gmt":"2017-04-23T09:22:29","guid":{"rendered":"http:\/\/urbex-team-bremen-nord.de\/?page_id=854"},"modified":"2017-04-23T11:22:29","modified_gmt":"2017-04-23T09:22:29","slug":"meerwasserschwimmhalle-k","status":"publish","type":"page","link":"https:\/\/urbex-team-bremen-nord.de\/?page_id=854","title":{"rendered":"Meerwasserschwimmhalle K."},"content":{"rendered":"<p>Fast f\u00fcnf Millionen G\u00e4ste wurden seit der Einweihung 1972 in der Meerwasserschwimmhalle gez\u00e4hlt. Zu dieser Einrichtung des FDGB geh\u00f6rten mehrere gastronomische Einrichtungen. Auch f\u00fcr die Sch\u00fcler des Landkreises erwies sich die Schwimmhalle als n\u00fctzlich &#8211; sie erhielten hier ihren Schwimmunterricht. Im Jahre 2003 wurden in der Schwimmhalle die Lichter ausgemacht. Die Stadt konnte den Unterhalt nicht mehr bezahlen.<\/p>\n<p>Wir hatten Gl\u00fcck, dass die Schwimmhalle bei unserem Besuch noch nicht vollst\u00e4ndig abgerissen war. Der Grund war eine Verz\u00f6gerung durch Flederm\u00e4use die sich zum Zeitpunkt des geplanten Abrisses noch im Winterschlaf befanden.<\/p>\n<div id=\"grid-gallery-32-79901\" data-gg-id=\"32\" data-title=\"Meerwasserschwimmhalle K.\" data-grid-type=\"0\" data-offset=\"5.3\" data-area-position=\"center\" data-icons=\"\" data-preloader=\"\" data-width=\"215\" data-height=\"215\" data-padding=\"\" data-quicksand=\"disabled\" data-quicksand-duration=\"none\" data-popup-theme=\"theme_6\" data-popup-type=\"pretty-photo\" data-popup-image-text=\"title\" data-popup-widthsize=\"auto\" data-popup-heightsize=\"auto\" data-popup-i18n-words=\"{&quot;close&quot;:&quot;schlie\\u00dfen&quot;,&quot;next&quot;:&quot;n\\u00e4chste&quot;,&quot;previous&quot;:&quot;vorherige&quot;,&quot;start_slideshow&quot;:&quot;Starte Slideshow&quot;,&quot;stop_slideshow&quot;:&quot;Stoppe Slideshow&quot;,&quot;image&quot;:&quot;Bild&quot;,&quot;of&quot;:&quot;von&quot;,&quot;prev&quot;:&quot;vorherige&quot;,&quot;cExpand&quot;:&quot;Erweitere&quot;,&quot;cPrevious&quot;:&quot;Vorheriges&quot;,&quot;cNext&quot;:&quot;N\\u00e4chstes&quot;,&quot;cExpandStr&quot;:&quot;Erweitere Bild&quot;,&quot;cRotate&quot;:&quot;Rotate&quot;,&quot;cDetails&quot;:&quot;Details&quot;}\" data-popup-slideshow=\"false\" data-popup-slideshow-speed=\"2500\" data-popup-hoverstop=\"true\" data-popup-slideshow-auto=\"false\" data-popup-background=\"\" data-popup-transparency=\"30\" data-popup-disable-history=\"\" data-popup-disable-changed-url=\"\" data-popup-border-type=\"\" data-popup-border-color=\"\" data-popup-border-width=\"\" data-popup-border-enable=\"\" data-fullscreen=\"false\" data-hide-tooltip=\"\" data-caption-font-family=\"\" data-caption-text-size=\"140\" data-is-mobile=\"0\" data-caption-mobile=\"false\" data-hide-long-tltp-title=\"0\" data-caption-disabled-on-mobile=\"false\" data-popup-placement-type=\"0\" data-social-sharing=\"{&quot;enabled&quot;:null,&quot;gallerySharing&quot;:{&quot;enabled&quot;:null,&quot;position&quot;:null},&quot;imageSharing&quot;:{&quot;enabled&quot;:null,&quot;wrapperClass&quot;:&quot; vertical &quot;},&quot;popupSharing&quot;:{&quot;enabled&quot;:null,&quot;wrapperClass&quot;:&quot; vertical &quot;}}\" class=\"grid-gallery grid-gallery-fixed \" style=\" width:100%; height:auto; margin-left:auto; margin-right:auto;position:relative;\"> <div class=\"gallery-loading\"> <div class=\"blocks\"> <div class=\"block\"><\/div> <div class=\"block\"><\/div> <div class=\"block\"><\/div> <div class=\"block\"><\/div> <\/div> <\/div> <div class=\"gallery-sharing-top\" style=\"display:none;\"> <\/div> <div id=\"photos-32\" class=\"grid-gallery-photos\"><FIGURE class=\"grid-gallery-caption\" data-grid-gallery-type=\"quarter-slide-up\" data-index=\"0\" style=\"display:none;border-radius:00;; margin:5.3px; width:2150;\" ><div class=\"crop\" style=\" width:2150; height:2150; overflow:hidden;\"><img decoding=\"async\" src=\"http:\/\/urbex-team-bremen-nord.de\/wp-content\/uploads\/2017\/04\/IMG_9681_2_3_tonemapped-215x215.jpg\" class=\"ggImg\" alt=\"Meerwasserschwimmhalle K.\" title=\"Meerwasserschwimmhalle K.\" data-description=\"Meerwasserschwimmhalle K.\" data-caption=\"Meerwasserschwimmhalle K.\" data-title=\"Meerwasserschwimmhalle K.\" style=\" width:215px; height:215px;\" \/><\/div><FIGCAPTION class=\"\" data-alpha=\"5\" style=\"color:#ffffff; background-color:#6f0000; font-size:140; text-align:2; font-family:;\" ><div class=\"grid-gallery-figcaption-wrap\" style=\"\"><\/div><\/FIGCAPTION><\/FIGURE><FIGURE class=\"grid-gallery-caption\" data-grid-gallery-type=\"quarter-slide-up\" data-index=\"1\" style=\"display:none;border-radius:00;; margin:5.3px; width:2150;\" ><div class=\"crop\" style=\" width:2150; height:2150; overflow:hidden;\"><img decoding=\"async\" src=\"http:\/\/urbex-team-bremen-nord.de\/wp-content\/uploads\/2017\/04\/IMG_9693_4_5_tonemapped-215x215.jpg\" class=\"ggImg\" alt=\"Meerwasserschwimmhalle K.\" title=\"Meerwasserschwimmhalle K.\" data-description=\"Meerwasserschwimmhalle K.\" data-caption=\"Meerwasserschwimmhalle K.\" data-title=\"Meerwasserschwimmhalle K.\" style=\" width:215px; height:215px;\" \/><\/div><FIGCAPTION class=\"\" data-alpha=\"5\" style=\"color:#ffffff; background-color:#6f0000; font-size:140; text-align:2; font-family:;\" ><div class=\"grid-gallery-figcaption-wrap\" style=\"\"><\/div><\/FIGCAPTION><\/FIGURE><FIGURE class=\"grid-gallery-caption\" data-grid-gallery-type=\"quarter-slide-up\" data-index=\"2\" style=\"display:none;border-radius:00;; margin:5.3px; width:2150;\" ><div class=\"crop\" style=\" width:2150; height:2150; overflow:hidden;\"><img decoding=\"async\" src=\"http:\/\/urbex-team-bremen-nord.de\/wp-content\/uploads\/2017\/04\/IMG_9697_8_9_tonemapped-215x215.jpg\" class=\"ggImg\" alt=\"Meerwasserschwimmhalle K.\" title=\"Meerwasserschwimmhalle K.\" data-description=\"Meerwasserschwimmhalle K.\" data-caption=\"Meerwasserschwimmhalle K.\" data-title=\"Meerwasserschwimmhalle K.\" style=\" width:215px; height:215px;\" \/><\/div><FIGCAPTION class=\"\" data-alpha=\"5\" style=\"color:#ffffff; background-color:#6f0000; font-size:140; text-align:2; font-family:;\" ><div class=\"grid-gallery-figcaption-wrap\" style=\"\"><\/div><\/FIGCAPTION><\/FIGURE><FIGURE class=\"grid-gallery-caption\" data-grid-gallery-type=\"quarter-slide-up\" data-index=\"3\" style=\"display:none;border-radius:00;; margin:5.3px; width:2150;\" ><div class=\"crop\" style=\" width:2150; height:2150; overflow:hidden;\"><img decoding=\"async\" src=\"http:\/\/urbex-team-bremen-nord.de\/wp-content\/uploads\/2017\/04\/IMG_9705_6_7_tonemapped-215x215.jpg\" class=\"ggImg\" alt=\"Meerwasserschwimmhalle K.\" title=\"Meerwasserschwimmhalle K.\" data-description=\"Meerwasserschwimmhalle K.\" data-caption=\"Meerwasserschwimmhalle K.\" data-title=\"Meerwasserschwimmhalle K.\" style=\" width:215px; height:215px;\" \/><\/div><FIGCAPTION class=\"\" data-alpha=\"5\" style=\"color:#ffffff; background-color:#6f0000; font-size:140; text-align:2; font-family:;\" ><div class=\"grid-gallery-figcaption-wrap\" style=\"\"><\/div><\/FIGCAPTION><\/FIGURE><FIGURE class=\"grid-gallery-caption\" data-grid-gallery-type=\"quarter-slide-up\" data-index=\"4\" style=\"display:none;border-radius:00;; margin:5.3px; width:2150;\" ><div class=\"crop\" style=\" width:2150; height:2150; overflow:hidden;\"><img decoding=\"async\" src=\"http:\/\/urbex-team-bremen-nord.de\/wp-content\/uploads\/2017\/04\/IMG_9709_10_11_tonemapped-215x215.jpg\" class=\"ggImg\" alt=\"Meerwasserschwimmhalle K.\" title=\"Meerwasserschwimmhalle K.\" data-description=\"Meerwasserschwimmhalle K.\" data-caption=\"Meerwasserschwimmhalle K.\" data-title=\"Meerwasserschwimmhalle K.\" style=\" width:215px; height:215px;\" \/><\/div><FIGCAPTION class=\"\" data-alpha=\"5\" style=\"color:#ffffff; background-color:#6f0000; font-size:140; text-align:2; font-family:;\" ><div class=\"grid-gallery-figcaption-wrap\" style=\"\"><\/div><\/FIGCAPTION><\/FIGURE><FIGURE class=\"grid-gallery-caption\" data-grid-gallery-type=\"quarter-slide-up\" data-index=\"5\" style=\"display:none;border-radius:00;; margin:5.3px; width:2150;\" ><div class=\"crop\" style=\" width:2150; height:2150; overflow:hidden;\"><img decoding=\"async\" src=\"http:\/\/urbex-team-bremen-nord.de\/wp-content\/uploads\/2017\/04\/IMG_9713_4_5_tonemapped-215x215.jpg\" class=\"ggImg\" alt=\"Meerwasserschwimmhalle K.\" title=\"Meerwasserschwimmhalle K.\" data-description=\"Meerwasserschwimmhalle K.\" data-caption=\"Meerwasserschwimmhalle K.\" data-title=\"Meerwasserschwimmhalle K.\" style=\" width:215px; height:215px;\" \/><\/div><FIGCAPTION class=\"\" data-alpha=\"5\" style=\"color:#ffffff; background-color:#6f0000; font-size:140; text-align:2; font-family:;\" ><div class=\"grid-gallery-figcaption-wrap\" style=\"\"><\/div><\/FIGCAPTION><\/FIGURE><FIGURE class=\"grid-gallery-caption\" data-grid-gallery-type=\"quarter-slide-up\" data-index=\"6\" style=\"display:none;border-radius:00;; margin:5.3px; width:2150;\" ><div class=\"crop\" style=\" width:2150; height:2150; overflow:hidden;\"><img decoding=\"async\" src=\"http:\/\/urbex-team-bremen-nord.de\/wp-content\/uploads\/2017\/04\/IMG_9717_8_9_tonemapped-215x215.jpg\" class=\"ggImg\" alt=\"Meerwasserschwimmhalle K.\" title=\"Meerwasserschwimmhalle K.\" data-description=\"Meerwasserschwimmhalle K.\" data-caption=\"Meerwasserschwimmhalle K.\" data-title=\"Meerwasserschwimmhalle K.\" style=\" width:215px; height:215px;\" \/><\/div><FIGCAPTION class=\"\" data-alpha=\"5\" style=\"color:#ffffff; background-color:#6f0000; font-size:140; text-align:2; font-family:;\" ><div class=\"grid-gallery-figcaption-wrap\" style=\"\"><\/div><\/FIGCAPTION><\/FIGURE><FIGURE class=\"grid-gallery-caption\" data-grid-gallery-type=\"quarter-slide-up\" data-index=\"7\" style=\"display:none;border-radius:00;; margin:5.3px; width:2150;\" ><div class=\"crop\" style=\" width:2150; height:2150; overflow:hidden;\"><img decoding=\"async\" src=\"http:\/\/urbex-team-bremen-nord.de\/wp-content\/uploads\/2017\/04\/IMG_9721_2_3_tonemapped-215x215.jpg\" class=\"ggImg\" alt=\"Meerwasserschwimmhalle K.\" title=\"Meerwasserschwimmhalle K.\" data-description=\"Meerwasserschwimmhalle K.\" data-caption=\"Meerwasserschwimmhalle K.\" data-title=\"Meerwasserschwimmhalle K.\" style=\" width:215px; height:215px;\" \/><\/div><FIGCAPTION class=\"\" data-alpha=\"5\" style=\"color:#ffffff; background-color:#6f0000; font-size:140; text-align:2; font-family:;\" ><div class=\"grid-gallery-figcaption-wrap\" style=\"\"><\/div><\/FIGCAPTION><\/FIGURE><FIGURE class=\"grid-gallery-caption\" data-grid-gallery-type=\"quarter-slide-up\" data-index=\"8\" style=\"display:none;border-radius:00;; margin:5.3px; width:2150;\" ><div class=\"crop\" style=\" width:2150; height:2150; overflow:hidden;\"><img decoding=\"async\" src=\"http:\/\/urbex-team-bremen-nord.de\/wp-content\/uploads\/2017\/04\/IMG_9725_6_7_tonemapped-215x215.jpg\" class=\"ggImg\" alt=\"Meerwasserschwimmhalle K.\" title=\"Meerwasserschwimmhalle K.\" data-description=\"Meerwasserschwimmhalle K.\" data-caption=\"Meerwasserschwimmhalle K.\" data-title=\"Meerwasserschwimmhalle K.\" style=\" width:215px; height:215px;\" \/><\/div><FIGCAPTION class=\"\" data-alpha=\"5\" style=\"color:#ffffff; background-color:#6f0000; font-size:140; text-align:2; font-family:;\" ><div class=\"grid-gallery-figcaption-wrap\" style=\"\"><\/div><\/FIGCAPTION><\/FIGURE><FIGURE class=\"grid-gallery-caption\" data-grid-gallery-type=\"quarter-slide-up\" data-index=\"9\" style=\"display:none;border-radius:00;; margin:5.3px; width:2150;\" ><div class=\"crop\" style=\" width:2150; height:2150; overflow:hidden;\"><img decoding=\"async\" src=\"http:\/\/urbex-team-bremen-nord.de\/wp-content\/uploads\/2017\/04\/IMG_9729_30_31_tonemapped-215x215.jpg\" class=\"ggImg\" alt=\"Meerwasserschwimmhalle K.\" title=\"Meerwasserschwimmhalle K.\" data-description=\"Meerwasserschwimmhalle K.\" data-caption=\"Meerwasserschwimmhalle K.\" data-title=\"Meerwasserschwimmhalle K.\" style=\" width:215px; height:215px;\" \/><\/div><FIGCAPTION class=\"\" data-alpha=\"5\" style=\"color:#ffffff; background-color:#6f0000; font-size:140; text-align:2; font-family:;\" ><div class=\"grid-gallery-figcaption-wrap\" style=\"\"><\/div><\/FIGCAPTION><\/FIGURE><FIGURE class=\"grid-gallery-caption\" data-grid-gallery-type=\"quarter-slide-up\" data-index=\"10\" style=\"display:none;border-radius:00;; margin:5.3px; width:2150;\" ><div class=\"crop\" style=\" width:2150; height:2150; overflow:hidden;\"><img decoding=\"async\" src=\"http:\/\/urbex-team-bremen-nord.de\/wp-content\/uploads\/2017\/04\/IMG_9749_50_51_tonemapped-215x215.jpg\" class=\"ggImg\" alt=\"Meerwasserschwimmhalle K.\" title=\"Meerwasserschwimmhalle K.\" data-description=\"Meerwasserschwimmhalle K.\" data-caption=\"Meerwasserschwimmhalle K.\" data-title=\"Meerwasserschwimmhalle K.\" style=\" width:215px; height:215px;\" \/><\/div><FIGCAPTION class=\"\" data-alpha=\"5\" style=\"color:#ffffff; background-color:#6f0000; font-size:140; text-align:2; font-family:;\" ><div class=\"grid-gallery-figcaption-wrap\" style=\"\"><\/div><\/FIGCAPTION><\/FIGURE><FIGURE class=\"grid-gallery-caption\" data-grid-gallery-type=\"quarter-slide-up\" data-index=\"11\" style=\"display:none;border-radius:00;; margin:5.3px; width:2150;\" ><div class=\"crop\" style=\" width:2150; height:2150; overflow:hidden;\"><img decoding=\"async\" src=\"http:\/\/urbex-team-bremen-nord.de\/wp-content\/uploads\/2017\/04\/IMG_9753_4_5_tonemapped-215x215.jpg\" class=\"ggImg\" alt=\"Meerwasserschwimmhalle K.\" title=\"Meerwasserschwimmhalle K.\" data-description=\"Meerwasserschwimmhalle K.\" data-caption=\"Meerwasserschwimmhalle K.\" data-title=\"Meerwasserschwimmhalle K.\" style=\" width:215px; height:215px;\" \/><\/div><FIGCAPTION class=\"\" data-alpha=\"5\" style=\"color:#ffffff; background-color:#6f0000; font-size:140; text-align:2; font-family:;\" ><div class=\"grid-gallery-figcaption-wrap\" style=\"\"><\/div><\/FIGCAPTION><\/FIGURE><FIGURE class=\"grid-gallery-caption\" data-grid-gallery-type=\"quarter-slide-up\" data-index=\"12\" style=\"display:none;border-radius:00;; margin:5.3px; width:2150;\" ><div class=\"crop\" style=\" width:2150; height:2150; overflow:hidden;\"><img decoding=\"async\" src=\"http:\/\/urbex-team-bremen-nord.de\/wp-content\/uploads\/2017\/04\/AK-Ostseebad-Kuehlungsborn-Meerwasserschwimmhalle-des-FDGB-Innenansichten-215x215.jpg\" class=\"ggImg\" alt=\"Meerwasserschwimmhalle K.\" title=\"Meerwasserschwimmhalle K.\" data-description=\"Meerwasserschwimmhalle K.\" data-caption=\"Meerwasserschwimmhalle K.\" data-title=\"Meerwasserschwimmhalle K.\" style=\" width:215px; height:215px;\" \/><\/div><FIGCAPTION class=\"\" data-alpha=\"5\" style=\"color:#ffffff; background-color:#6f0000; font-size:140; text-align:2; font-family:;\" ><div class=\"grid-gallery-figcaption-wrap\" style=\"\"><\/div><\/FIGCAPTION><\/FIGURE><FIGURE class=\"grid-gallery-caption\" data-grid-gallery-type=\"quarter-slide-up\" data-index=\"13\" style=\"display:none;border-radius:00;; margin:5.3px; width:2150;\" ><div class=\"crop\" style=\" width:2150; height:2150; overflow:hidden;\"><img decoding=\"async\" src=\"http:\/\/urbex-team-bremen-nord.de\/wp-content\/uploads\/2017\/04\/AK-Ostseebad-Kuehlungsborn-Meerwasser-Schwimmhalle-des-FDGB-215x215.jpg\" class=\"ggImg\" alt=\"Meerwasserschwimmhalle K.\" title=\"Meerwasserschwimmhalle K.\" data-description=\"Meerwasserschwimmhalle K.\" data-caption=\"Meerwasserschwimmhalle K.\" data-title=\"Meerwasserschwimmhalle K.\" style=\" width:215px; height:215px;\" \/><\/div><FIGCAPTION class=\"\" data-alpha=\"5\" style=\"color:#ffffff; background-color:#6f0000; font-size:140; text-align:2; font-family:;\" ><div class=\"grid-gallery-figcaption-wrap\" style=\"\"><\/div><\/FIGCAPTION><\/FIGURE><FIGURE class=\"grid-gallery-caption\" data-grid-gallery-type=\"quarter-slide-up\" data-index=\"14\" style=\"display:none;border-radius:00;; margin:5.3px; width:2150;\" ><div class=\"crop\" style=\" width:2150; height:2150; overflow:hidden;\"><img decoding=\"async\" src=\"http:\/\/urbex-team-bremen-nord.de\/wp-content\/uploads\/2017\/04\/AK-Ostseebad-Kuehlungsborn-Meerwasser-Schwimmhalle-des-FDGB-Tagescafe-Foyer-Baltic-Bar-Eingangshalle-Bearbeitet-215x215.jpg\" class=\"ggImg\" alt=\"Meerwasserschwimmhalle K.\" title=\"Meerwasserschwimmhalle K.\" data-description=\"Meerwasserschwimmhalle K.\" data-caption=\"Meerwasserschwimmhalle K.\" data-title=\"Meerwasserschwimmhalle K.\" style=\" width:215px; height:215px;\" \/><\/div><FIGCAPTION class=\"\" data-alpha=\"5\" style=\"color:#ffffff; background-color:#6f0000; font-size:140; text-align:2; font-family:;\" ><div class=\"grid-gallery-figcaption-wrap\" style=\"\"><\/div><\/FIGCAPTION><\/FIGURE><FIGURE class=\"grid-gallery-caption\" data-grid-gallery-type=\"quarter-slide-up\" data-index=\"15\" style=\"display:none;border-radius:00;; margin:5.3px; width:2150;\" ><div class=\"crop\" style=\" width:2150; height:2150; overflow:hidden;\"><img decoding=\"async\" src=\"http:\/\/urbex-team-bremen-nord.de\/wp-content\/uploads\/2017\/04\/AK-Ostseebad-Kuehlungsborn-Meerwasserschwimmhalle-des-FDGB-215x215.jpg\" class=\"ggImg\" alt=\"Meerwasserschwimmhalle K.\" title=\"Meerwasserschwimmhalle K.\" data-description=\"Meerwasserschwimmhalle K.\" data-caption=\"Meerwasserschwimmhalle K.\" data-title=\"Meerwasserschwimmhalle K.\" style=\" width:215px; height:215px;\" \/><\/div><FIGCAPTION class=\"\" data-alpha=\"5\" style=\"color:#ffffff; background-color:#6f0000; font-size:140; text-align:2; font-family:;\" ><div class=\"grid-gallery-figcaption-wrap\" style=\"\"><\/div><\/FIGCAPTION><\/FIGURE> <div class=\"grid-gallery-clearfix\"><\/div> <\/div> <div class=\"gallery-sharing-bottom\" style=\"display:none;\"> <\/div> <div class=\"gallery-sharing-image\" style=\"display:none;\"> <\/div> <div class=\"gallery-sharing-popup\" style=\"display:none;\"> <\/div> <div class=\"grid-gallery-clearfix\"><\/div> <\/div> <!-- Gallery by Supsystic plugin1.15.25 --><a title=\"Wordpress Gallery Plugin Free\" style=\"display:none;\" href=\"https:\/\/supsystic.com\/plugins\/photo-gallery\/?utm_medium=love_link\" target=\"_blank\">Wordpress Gallery Plugin Free<\/a>\n","protected":false},"excerpt":{"rendered":"<p>Fast f\u00fcnf Millionen G\u00e4ste wurden seit der Einweihung 1972 in der Meerwasserschwimmhalle gez\u00e4hlt. Zu dieser Einrichtung des FDGB geh\u00f6rten mehrere gastronomische Einrichtungen. Auch f\u00fcr die Sch\u00fcler des Landkreises erwies sich die Schwimmhalle als n\u00fctzlich &#8211; sie erhielten hier ihren Schwimmunterricht. Im Jahre 2003 wurden in der Schwimmhalle die Lichter ausgemacht. Die Stadt konnte den Unterhalt &hellip; <a href=\"https:\/\/urbex-team-bremen-nord.de\/?page_id=854\" class=\"more-link\"><span class=\"screen-reader-text\">Meerwasserschwimmhalle K.<\/span> weiterlesen<\/a><\/p>\n","protected":false},"author":2,"featured_media":0,"parent":0,"menu_order":0,"comment_status":"closed","ping_status":"closed","template":"","meta":{"ngg_post_thumbnail":0,"footnotes":""},"class_list":["post-854","page","type-page","status-publish","hentry"],"_links":{"self":[{"href":"https:\/\/urbex-team-bremen-nord.de\/index.php?rest_route=\/wp\/v2\/pages\/854","targetHints":{"allow":["GET"]}}],"collection":[{"href":"https:\/\/urbex-team-bremen-nord.de\/index.php?rest_route=\/wp\/v2\/pages"}],"about":[{"href":"https:\/\/urbex-team-bremen-nord.de\/index.php?rest_route=\/wp\/v2\/types\/page"}],"author":[{"embeddable":true,"href":"https:\/\/urbex-team-bremen-nord.de\/index.php?rest_route=\/wp\/v2\/users\/2"}],"replies":[{"embeddable":true,"href":"https:\/\/urbex-team-bremen-nord.de\/index.php?rest_route=%2Fwp%2Fv2%2Fcomments&post=854"}],"version-history":[{"count":1,"href":"https:\/\/urbex-team-bremen-nord.de\/index.php?rest_route=\/wp\/v2\/pages\/854\/revisions"}],"predecessor-version":[{"id":856,"href":"https:\/\/urbex-team-bremen-nord.de\/index.php?rest_route=\/wp\/v2\/pages\/854\/revisions\/856"}],"wp:attachment":[{"href":"https:\/\/urbex-team-bremen-nord.de\/index.php?rest_route=%2Fwp%2Fv2%2Fmedia&parent=854"}],"curies":[{"name":"wp","href":"https:\/\/api.w.org\/{rel}","templated":true}]}}