{"id":442,"date":"2017-01-22T18:10:47","date_gmt":"2017-01-22T17:10:47","guid":{"rendered":"http:\/\/urbex-team-bremen-nord.de\/?page_id=442"},"modified":"2017-01-24T09:43:54","modified_gmt":"2017-01-24T08:43:54","slug":"bunker-f-revisit","status":"publish","type":"page","link":"https:\/\/urbex-team-bremen-nord.de\/?page_id=442","title":{"rendered":"Bunker F. (Revisit)"},"content":{"rendered":"<p>Beim nachbearbeiten der Bilder mussten wir immer wieder an die d\u00fcstere Atmosph\u00e4re und die schreckliche Geschichte des Bunkers denken. Trotzdem ist es Geschichte und sie ist passiert!<\/p>\n<p>Infos zur Location: &#8222;Der Bunker ist mit 35 375 Quadratmetern der zweitgr\u00f6\u00dfte \u00fcberirdische Bunker Europas und war zwischen 1943 und 1945 Schauplatz unvorstellbarer Gr\u00e4ueltaten. T\u00e4glich arbeiteten hier bei infernalischem L\u00e4rm bis zu 12 000 Zwangsarbeiter in zwei Schichten. Verbaut wurden eine Million Tonnen Kies und Sand, 132 000 Tonnen Zement und 20 000 Tonnen Stahl. Mindestens 1200 KZ-H\u00e4ftlinge, Kriegsgefangene und zivile Zwangsarbeiter verloren innerhalb von zwei Jahren ihr Leben. Mord, Folter, Krankheiten, Hunger, Durst und t\u00f6dliche Unf\u00e4lle geh\u00f6rten auf der gigantischen Baustelle und im Lager zum Alltag.&#8220;<\/p>\n<div id=\"grid-gallery-18-65842\" data-gg-id=\"18\" data-title=\"Bunker F. (Revisit)\" data-grid-type=\"0\" data-offset=\"5.3\" data-area-position=\"center\" data-icons=\"\" data-preloader=\"true\" data-width=\"215\" data-height=\"215\" data-padding=\"0\" data-quicksand=\"disabled\" data-quicksand-duration=\"none\" data-popup-theme=\"theme_6\" data-popup-type=\"pretty-photo\" data-popup-image-text=\"data-title\" data-popup-widthsize=\"auto\" data-popup-heightsize=\"auto\" data-popup-i18n-words=\"{&quot;close&quot;:&quot;schlie\\u00dfen&quot;,&quot;next&quot;:&quot;n\\u00e4chste&quot;,&quot;previous&quot;:&quot;vorherige&quot;,&quot;start_slideshow&quot;:&quot;Starte Slideshow&quot;,&quot;stop_slideshow&quot;:&quot;Stoppe Slideshow&quot;,&quot;image&quot;:&quot;Bild&quot;,&quot;of&quot;:&quot;von&quot;,&quot;prev&quot;:&quot;vorherige&quot;,&quot;cExpand&quot;:&quot;Erweitere&quot;,&quot;cPrevious&quot;:&quot;Vorheriges&quot;,&quot;cNext&quot;:&quot;N\\u00e4chstes&quot;,&quot;cExpandStr&quot;:&quot;Erweitere Bild&quot;,&quot;cRotate&quot;:&quot;Rotate&quot;,&quot;cDetails&quot;:&quot;Details&quot;}\" data-popup-slideshow=\"false\" data-popup-slideshow-speed=\"2500\" data-popup-hoverstop=\"false\" data-popup-slideshow-auto=\"false\" data-popup-background=\"\" data-popup-transparency=\"30\" data-popup-disable-history=\"\" data-popup-disable-changed-url=\"\" data-popup-border-type=\"\" data-popup-border-color=\"\" data-popup-border-width=\"\" data-popup-border-enable=\"\" data-fullscreen=\"false\" data-hide-tooltip=\"false\" data-caption-font-family=\"Default\" data-caption-text-size=\"140\" data-is-mobile=\"0\" data-caption-mobile=\"false\" data-hide-long-tltp-title=\"0\" data-caption-disabled-on-mobile=\"false\" data-popup-placement-type=\"0\" data-social-sharing=\"{&quot;enabled&quot;:&quot;&quot;,&quot;gallerySharing&quot;:{&quot;enabled&quot;:null,&quot;position&quot;:null},&quot;imageSharing&quot;:{&quot;enabled&quot;:null,&quot;wrapperClass&quot;:&quot; vertical &quot;},&quot;popupSharing&quot;:{&quot;enabled&quot;:null,&quot;wrapperClass&quot;:&quot; vertical &quot;}}\" class=\"grid-gallery grid-gallery-fixed \" style=\" width:100%; height:auto; margin-left:auto; margin-right:auto;position:relative;\"> <div class=\"gallery-loading\"> <div class=\"blocks\"> <div class=\"block\"><\/div> <div class=\"block\"><\/div> <div class=\"block\"><\/div> <div class=\"block\"><\/div> <\/div> <\/div> <div class=\"gallery-sharing-top\" style=\"display:none;\"> <\/div> <div id=\"photos-18\" class=\"grid-gallery-photos\"><FIGURE class=\"grid-gallery-caption\" data-grid-gallery-type=\"quarter-slide-up\" data-index=\"0\" style=\"display:none;border-radius:00;; margin:5.3px; width:2150;\" ><div class=\"crop\" style=\" width:2150; height:2150; overflow:hidden;\"><img decoding=\"async\" src=\"http:\/\/urbex-team-bremen-nord.de\/wp-content\/uploads\/2017\/01\/IMG_1222-215x215.jpg\" class=\"ggImg\" alt=\"Bunker F. (Revisit)\" title=\"Bunker F. (Revisit)\" data-description=\"Bunker F. (Revisit)\" data-caption=\"Bunker F. (Revisit)\" data-title=\"Bunker F. (Revisit)\" style=\" width:215px; height:215px;\" \/><\/div><FIGCAPTION class=\"\" data-alpha=\"5\" style=\"color:#ffffff; background-color:#6f0000; font-size:140; text-align:left; font-family:Default;\" ><div class=\"grid-gallery-figcaption-wrap\" style=\"\"><\/div><\/FIGCAPTION><\/FIGURE><FIGURE class=\"grid-gallery-caption\" data-grid-gallery-type=\"quarter-slide-up\" data-index=\"1\" style=\"display:none;border-radius:00;; margin:5.3px; width:2150;\" ><div class=\"crop\" style=\" width:2150; height:2150; overflow:hidden;\"><img decoding=\"async\" src=\"http:\/\/urbex-team-bremen-nord.de\/wp-content\/uploads\/2017\/01\/IMG_5008_09_10_tonemapped-215x215.jpg\" class=\"ggImg\" alt=\"Bunker F. (Revisit)\" title=\"Bunker F. (Revisit)\" data-description=\"Bunker F. (Revisit)\" data-caption=\"Bunker F. (Revisit)\" data-title=\"Bunker F. (Revisit)\" style=\" width:215px; height:215px;\" \/><\/div><FIGCAPTION class=\"\" data-alpha=\"5\" style=\"color:#ffffff; background-color:#6f0000; font-size:140; text-align:left; font-family:Default;\" ><div class=\"grid-gallery-figcaption-wrap\" style=\"\"><\/div><\/FIGCAPTION><\/FIGURE><FIGURE class=\"grid-gallery-caption\" data-grid-gallery-type=\"quarter-slide-up\" data-index=\"2\" style=\"display:none;border-radius:00;; margin:5.3px; width:2150;\" ><div class=\"crop\" style=\" width:2150; height:2150; overflow:hidden;\"><img decoding=\"async\" src=\"http:\/\/urbex-team-bremen-nord.de\/wp-content\/uploads\/2017\/01\/IMG_5003_4_5_tonemapped_bearbeitet-215x215.jpg\" class=\"ggImg\" alt=\"Bunker F. (Revisit)\" title=\"Bunker F. (Revisit)\" data-description=\"Bunker F. (Revisit)\" data-caption=\"Bunker F. (Revisit)\" data-title=\"Bunker F. (Revisit)\" style=\" width:215px; height:215px;\" \/><\/div><FIGCAPTION class=\"\" data-alpha=\"5\" style=\"color:#ffffff; background-color:#6f0000; font-size:140; text-align:left; font-family:Default;\" ><div class=\"grid-gallery-figcaption-wrap\" style=\"\"><\/div><\/FIGCAPTION><\/FIGURE><FIGURE class=\"grid-gallery-caption\" data-grid-gallery-type=\"quarter-slide-up\" data-index=\"3\" style=\"display:none;border-radius:00;; margin:5.3px; width:2150;\" ><div class=\"crop\" style=\" width:2150; height:2150; overflow:hidden;\"><img decoding=\"async\" src=\"http:\/\/urbex-team-bremen-nord.de\/wp-content\/uploads\/2017\/01\/IMG_4996_7_8_tonemapped-215x215.jpg\" class=\"ggImg\" alt=\"Bunker F. (Revisit)\" title=\"Bunker F. (Revisit)\" data-description=\"Bunker F. (Revisit)\" data-caption=\"Bunker F. (Revisit)\" data-title=\"Bunker F. (Revisit)\" style=\" width:215px; height:215px;\" \/><\/div><FIGCAPTION class=\"\" data-alpha=\"5\" style=\"color:#ffffff; background-color:#6f0000; font-size:140; text-align:left; font-family:Default;\" ><div class=\"grid-gallery-figcaption-wrap\" style=\"\"><\/div><\/FIGCAPTION><\/FIGURE><FIGURE class=\"grid-gallery-caption\" data-grid-gallery-type=\"quarter-slide-up\" data-index=\"4\" style=\"display:none;border-radius:00;; margin:5.3px; width:2150;\" ><div class=\"crop\" style=\" width:2150; height:2150; overflow:hidden;\"><img decoding=\"async\" src=\"http:\/\/urbex-team-bremen-nord.de\/wp-content\/uploads\/2017\/01\/IMG_4989_90_91_tonemapped-215x215.jpg\" class=\"ggImg\" alt=\"Bunker F. (Revisit)\" title=\"Bunker F. (Revisit)\" data-description=\"Bunker F. (Revisit)\" data-caption=\"Bunker F. (Revisit)\" data-title=\"Bunker F. (Revisit)\" style=\" width:215px; height:215px;\" \/><\/div><FIGCAPTION class=\"\" data-alpha=\"5\" style=\"color:#ffffff; background-color:#6f0000; font-size:140; text-align:left; font-family:Default;\" ><div class=\"grid-gallery-figcaption-wrap\" style=\"\"><\/div><\/FIGCAPTION><\/FIGURE><FIGURE class=\"grid-gallery-caption\" data-grid-gallery-type=\"quarter-slide-up\" data-index=\"5\" style=\"display:none;border-radius:00;; margin:5.3px; width:2150;\" ><div class=\"crop\" style=\" width:2150; height:2150; overflow:hidden;\"><img decoding=\"async\" src=\"http:\/\/urbex-team-bremen-nord.de\/wp-content\/uploads\/2017\/01\/IMG_4975_6_7_tonemapped-215x215.jpg\" class=\"ggImg\" alt=\"Bunker F. (Revisit)\" title=\"Bunker F. (Revisit)\" data-description=\"Bunker F. (Revisit)\" data-caption=\"Bunker F. (Revisit)\" data-title=\"Bunker F. (Revisit)\" style=\" width:215px; height:215px;\" \/><\/div><FIGCAPTION class=\"\" data-alpha=\"5\" style=\"color:#ffffff; background-color:#6f0000; font-size:140; text-align:left; font-family:Default;\" ><div class=\"grid-gallery-figcaption-wrap\" style=\"\"><\/div><\/FIGCAPTION><\/FIGURE><FIGURE class=\"grid-gallery-caption\" data-grid-gallery-type=\"quarter-slide-up\" data-index=\"6\" style=\"display:none;border-radius:00;; margin:5.3px; width:2150;\" ><div class=\"crop\" style=\" width:2150; height:2150; overflow:hidden;\"><img decoding=\"async\" src=\"http:\/\/urbex-team-bremen-nord.de\/wp-content\/uploads\/2017\/01\/IMG_4945_6_7_tonemapped-215x215.jpg\" class=\"ggImg\" alt=\"Bunker F. (Revisit)\" title=\"Bunker F. (Revisit)\" data-description=\"Bunker F. (Revisit)\" data-caption=\"Bunker F. (Revisit)\" data-title=\"Bunker F. (Revisit)\" style=\" width:215px; height:215px;\" \/><\/div><FIGCAPTION class=\"\" data-alpha=\"5\" style=\"color:#ffffff; background-color:#6f0000; font-size:140; text-align:left; font-family:Default;\" ><div class=\"grid-gallery-figcaption-wrap\" style=\"\"><\/div><\/FIGCAPTION><\/FIGURE><FIGURE class=\"grid-gallery-caption\" data-grid-gallery-type=\"quarter-slide-up\" data-index=\"7\" style=\"display:none;border-radius:00;; margin:5.3px; width:2150;\" ><div class=\"crop\" style=\" width:2150; height:2150; overflow:hidden;\"><img decoding=\"async\" src=\"http:\/\/urbex-team-bremen-nord.de\/wp-content\/uploads\/2017\/01\/IMG_4914_5_6_tonemapped-215x215.jpg\" class=\"ggImg\" alt=\"Bunker F. (Revisit)\" title=\"Bunker F. (Revisit)\" data-description=\"Bunker F. (Revisit)\" data-caption=\"Bunker F. (Revisit)\" data-title=\"Bunker F. (Revisit)\" style=\" width:215px; height:215px;\" \/><\/div><FIGCAPTION class=\"\" data-alpha=\"5\" style=\"color:#ffffff; background-color:#6f0000; font-size:140; text-align:left; font-family:Default;\" ><div class=\"grid-gallery-figcaption-wrap\" style=\"\"><\/div><\/FIGCAPTION><\/FIGURE><FIGURE class=\"grid-gallery-caption\" data-grid-gallery-type=\"quarter-slide-up\" data-index=\"8\" style=\"display:none;border-radius:00;; margin:5.3px; width:2150;\" ><div class=\"crop\" style=\" width:2150; height:2150; overflow:hidden;\"><img decoding=\"async\" src=\"http:\/\/urbex-team-bremen-nord.de\/wp-content\/uploads\/2017\/01\/IMG_4844_5_6_tonemapped-215x215.jpg\" class=\"ggImg\" alt=\"Bunker F. (Revisit)\" title=\"Bunker F. (Revisit)\" data-description=\"Bunker F. (Revisit)\" data-caption=\"Bunker F. (Revisit)\" data-title=\"Bunker F. (Revisit)\" style=\" width:215px; height:215px;\" \/><\/div><FIGCAPTION class=\"\" data-alpha=\"5\" style=\"color:#ffffff; background-color:#6f0000; font-size:140; text-align:left; font-family:Default;\" ><div class=\"grid-gallery-figcaption-wrap\" style=\"\"><\/div><\/FIGCAPTION><\/FIGURE><FIGURE class=\"grid-gallery-caption\" data-grid-gallery-type=\"quarter-slide-up\" data-index=\"9\" style=\"display:none;border-radius:00;; margin:5.3px; width:2150;\" ><div class=\"crop\" style=\" width:2150; height:2150; overflow:hidden;\"><img decoding=\"async\" src=\"http:\/\/urbex-team-bremen-nord.de\/wp-content\/uploads\/2017\/01\/IMG_4889_90_91_tonemapped_bearbeitet-215x215.jpg\" class=\"ggImg\" alt=\"Bunker F. (Revisit)\" title=\"Bunker F. (Revisit)\" data-description=\"Bunker F. (Revisit)\" data-caption=\"Bunker F. (Revisit)\" data-title=\"Bunker F. (Revisit)\" style=\" width:215px; height:215px;\" \/><\/div><FIGCAPTION class=\"\" data-alpha=\"5\" style=\"color:#ffffff; background-color:#6f0000; font-size:140; text-align:left; font-family:Default;\" ><div class=\"grid-gallery-figcaption-wrap\" style=\"\"><\/div><\/FIGCAPTION><\/FIGURE><FIGURE class=\"grid-gallery-caption\" data-grid-gallery-type=\"quarter-slide-up\" data-index=\"10\" style=\"display:none;border-radius:00;; margin:5.3px; width:2150;\" ><div class=\"crop\" style=\" width:2150; height:2150; overflow:hidden;\"><img decoding=\"async\" src=\"http:\/\/urbex-team-bremen-nord.de\/wp-content\/uploads\/2017\/01\/IMG_4880_1_2_tonemapped-215x215.jpg\" class=\"ggImg\" alt=\"Bunker F. (Revisit)\" title=\"Bunker F. (Revisit)\" data-description=\"Bunker F. (Revisit)\" data-caption=\"Bunker F. (Revisit)\" data-title=\"Bunker F. (Revisit)\" style=\" width:215px; height:215px;\" \/><\/div><FIGCAPTION class=\"\" data-alpha=\"5\" style=\"color:#ffffff; background-color:#6f0000; font-size:140; text-align:left; font-family:Default;\" ><div class=\"grid-gallery-figcaption-wrap\" style=\"\"><\/div><\/FIGCAPTION><\/FIGURE><FIGURE class=\"grid-gallery-caption\" data-grid-gallery-type=\"quarter-slide-up\" data-index=\"11\" style=\"display:none;border-radius:00;; margin:5.3px; width:2150;\" ><div class=\"crop\" style=\" width:2150; height:2150; overflow:hidden;\"><img decoding=\"async\" src=\"http:\/\/urbex-team-bremen-nord.de\/wp-content\/uploads\/2017\/01\/IMG_4870_1_2_tonemapped-215x215.jpg\" class=\"ggImg\" alt=\"Bunker F. (Revisit)\" title=\"Bunker F. (Revisit)\" data-description=\"Bunker F. (Revisit)\" data-caption=\"Bunker F. (Revisit)\" data-title=\"Bunker F. (Revisit)\" style=\" width:215px; height:215px;\" \/><\/div><FIGCAPTION class=\"\" data-alpha=\"5\" style=\"color:#ffffff; background-color:#6f0000; font-size:140; text-align:left; font-family:Default;\" ><div class=\"grid-gallery-figcaption-wrap\" style=\"\"><\/div><\/FIGCAPTION><\/FIGURE><FIGURE class=\"grid-gallery-caption\" data-grid-gallery-type=\"quarter-slide-up\" data-index=\"12\" style=\"display:none;border-radius:00;; margin:5.3px; width:2150;\" ><div class=\"crop\" style=\" width:2150; height:2150; overflow:hidden;\"><img decoding=\"async\" src=\"http:\/\/urbex-team-bremen-nord.de\/wp-content\/uploads\/2017\/01\/IMG_4860_1_2_tonemapped-215x215.jpg\" class=\"ggImg\" alt=\"Bunker F. (Revisit)\" title=\"Bunker F. (Revisit)\" data-description=\"Bunker F. (Revisit)\" data-caption=\"Bunker F. (Revisit)\" data-title=\"Bunker F. (Revisit)\" style=\" width:215px; height:215px;\" \/><\/div><FIGCAPTION class=\"\" data-alpha=\"5\" style=\"color:#ffffff; background-color:#6f0000; font-size:140; text-align:left; font-family:Default;\" ><div class=\"grid-gallery-figcaption-wrap\" style=\"\"><\/div><\/FIGCAPTION><\/FIGURE><FIGURE class=\"grid-gallery-caption\" data-grid-gallery-type=\"quarter-slide-up\" data-index=\"13\" style=\"display:none;border-radius:00;; margin:5.3px; width:2150;\" ><div class=\"crop\" style=\" width:2150; height:2150; overflow:hidden;\"><img decoding=\"async\" src=\"http:\/\/urbex-team-bremen-nord.de\/wp-content\/uploads\/2017\/01\/IMG_4838_39_40_tonemapped-215x215.jpg\" class=\"ggImg\" alt=\"Bunker F. (Revisit)\" title=\"Bunker F. (Revisit)\" data-description=\"Bunker F. (Revisit)\" data-caption=\"Bunker F. (Revisit)\" data-title=\"Bunker F. (Revisit)\" style=\" width:215px; height:215px;\" \/><\/div><FIGCAPTION class=\"\" data-alpha=\"5\" style=\"color:#ffffff; background-color:#6f0000; font-size:140; text-align:left; font-family:Default;\" ><div class=\"grid-gallery-figcaption-wrap\" style=\"\"><\/div><\/FIGCAPTION><\/FIGURE><FIGURE class=\"grid-gallery-caption\" data-grid-gallery-type=\"quarter-slide-up\" data-index=\"14\" style=\"display:none;border-radius:00;; margin:5.3px; width:2150;\" ><div class=\"crop\" style=\" width:2150; height:2150; overflow:hidden;\"><img decoding=\"async\" src=\"http:\/\/urbex-team-bremen-nord.de\/wp-content\/uploads\/2017\/01\/IMG_4819_20_21_tonemapped-215x215.jpg\" class=\"ggImg\" alt=\"Bunker F. (Revisit)\" title=\"Bunker F. (Revisit)\" data-description=\"Bunker F. (Revisit)\" data-caption=\"Bunker F. (Revisit)\" data-title=\"Bunker F. (Revisit)\" style=\" width:215px; height:215px;\" \/><\/div><FIGCAPTION class=\"\" data-alpha=\"5\" style=\"color:#ffffff; background-color:#6f0000; font-size:140; text-align:left; font-family:Default;\" ><div class=\"grid-gallery-figcaption-wrap\" style=\"\"><\/div><\/FIGCAPTION><\/FIGURE><FIGURE class=\"grid-gallery-caption\" data-grid-gallery-type=\"quarter-slide-up\" data-index=\"15\" style=\"display:none;border-radius:00;; margin:5.3px; width:2150;\" ><div class=\"crop\" style=\" width:2150; height:2150; overflow:hidden;\"><img decoding=\"async\" src=\"http:\/\/urbex-team-bremen-nord.de\/wp-content\/uploads\/2017\/01\/IMG_4814_5_6_tonemapped-215x215.jpg\" class=\"ggImg\" alt=\"Bunker F. (Revisit)\" title=\"Bunker F. (Revisit)\" data-description=\"Bunker F. (Revisit)\" data-caption=\"Bunker F. (Revisit)\" data-title=\"Bunker F. (Revisit)\" style=\" width:215px; height:215px;\" \/><\/div><FIGCAPTION class=\"\" data-alpha=\"5\" style=\"color:#ffffff; background-color:#6f0000; font-size:140; text-align:left; font-family:Default;\" ><div class=\"grid-gallery-figcaption-wrap\" style=\"\"><\/div><\/FIGCAPTION><\/FIGURE><FIGURE class=\"grid-gallery-caption\" data-grid-gallery-type=\"quarter-slide-up\" data-index=\"16\" style=\"display:none;border-radius:00;; margin:5.3px; width:2150;\" ><div class=\"crop\" style=\" width:2150; height:2150; overflow:hidden;\"><img decoding=\"async\" src=\"http:\/\/urbex-team-bremen-nord.de\/wp-content\/uploads\/2017\/01\/IMG_4809_10_11_tonemapped._bearbeietetjpg-215x215.jpg\" class=\"ggImg\" alt=\"Bunker F. (Revisit)\" title=\"Bunker F. (Revisit)\" data-description=\"Bunker F. (Revisit)\" data-caption=\"Bunker F. (Revisit)\" data-title=\"Bunker F. (Revisit)\" style=\" width:215px; height:215px;\" \/><\/div><FIGCAPTION class=\"\" data-alpha=\"5\" style=\"color:#ffffff; background-color:#6f0000; font-size:140; text-align:left; font-family:Default;\" ><div class=\"grid-gallery-figcaption-wrap\" style=\"\"><\/div><\/FIGCAPTION><\/FIGURE><FIGURE class=\"grid-gallery-caption\" data-grid-gallery-type=\"quarter-slide-up\" data-index=\"17\" style=\"display:none;border-radius:00;; margin:5.3px; width:2150;\" ><div class=\"crop\" style=\" width:2150; height:2150; overflow:hidden;\"><img decoding=\"async\" src=\"http:\/\/urbex-team-bremen-nord.de\/wp-content\/uploads\/2017\/01\/IMG_4793_4_5_tonemapped_ohnesonne-215x215.jpg\" class=\"ggImg\" alt=\"Bunker F. (Revisit)\" title=\"Bunker F. (Revisit)\" data-description=\"Bunker F. (Revisit)\" data-caption=\"Bunker F. (Revisit)\" data-title=\"Bunker F. (Revisit)\" style=\" width:215px; height:215px;\" \/><\/div><FIGCAPTION class=\"\" data-alpha=\"5\" style=\"color:#ffffff; background-color:#6f0000; font-size:140; text-align:left; font-family:Default;\" ><div class=\"grid-gallery-figcaption-wrap\" style=\"\"><\/div><\/FIGCAPTION><\/FIGURE><FIGURE class=\"grid-gallery-caption\" data-grid-gallery-type=\"quarter-slide-up\" data-index=\"18\" style=\"display:none;border-radius:00;; margin:5.3px; width:2150;\" ><div class=\"crop\" style=\" width:2150; height:2150; overflow:hidden;\"><img decoding=\"async\" src=\"http:\/\/urbex-team-bremen-nord.de\/wp-content\/uploads\/2017\/01\/IMG_4781_2_3_tonemapped-215x215.jpg\" class=\"ggImg\" alt=\"Bunker F. (Revisit)\" title=\"Bunker F. (Revisit)\" data-description=\"Bunker F. (Revisit)\" data-caption=\"Bunker F. (Revisit)\" data-title=\"Bunker F. (Revisit)\" style=\" width:215px; height:215px;\" \/><\/div><FIGCAPTION class=\"\" data-alpha=\"5\" style=\"color:#ffffff; background-color:#6f0000; font-size:140; text-align:left; font-family:Default;\" ><div class=\"grid-gallery-figcaption-wrap\" style=\"\"><\/div><\/FIGCAPTION><\/FIGURE><FIGURE class=\"grid-gallery-caption\" data-grid-gallery-type=\"quarter-slide-up\" data-index=\"19\" style=\"display:none;border-radius:00;; margin:5.3px; width:2150;\" ><div class=\"crop\" style=\" width:2150; height:2150; overflow:hidden;\"><img decoding=\"async\" src=\"http:\/\/urbex-team-bremen-nord.de\/wp-content\/uploads\/2017\/01\/IMG_4757_8_9_tonemapped-215x215.jpg\" class=\"ggImg\" alt=\"Bunker F. (Revisit)\" title=\"Bunker F. (Revisit)\" data-description=\"Bunker F. (Revisit)\" data-caption=\"Bunker F. (Revisit)\" data-title=\"Bunker F. (Revisit)\" style=\" width:215px; height:215px;\" \/><\/div><FIGCAPTION class=\"\" data-alpha=\"5\" style=\"color:#ffffff; background-color:#6f0000; font-size:140; text-align:left; font-family:Default;\" ><div class=\"grid-gallery-figcaption-wrap\" style=\"\"><\/div><\/FIGCAPTION><\/FIGURE><FIGURE class=\"grid-gallery-caption\" data-grid-gallery-type=\"quarter-slide-up\" data-index=\"20\" style=\"display:none;border-radius:00;; margin:5.3px; width:2150;\" ><div class=\"crop\" style=\" width:2150; height:2150; overflow:hidden;\"><img decoding=\"async\" src=\"http:\/\/urbex-team-bremen-nord.de\/wp-content\/uploads\/2017\/01\/IMG_4736_7_8_tonemapped-215x215.jpg\" class=\"ggImg\" alt=\"Bunker F. (Revisit)\" title=\"Bunker F. (Revisit)\" data-description=\"Bunker F. (Revisit)\" data-caption=\"Bunker F. (Revisit)\" data-title=\"Bunker F. (Revisit)\" style=\" width:215px; height:215px;\" \/><\/div><FIGCAPTION class=\"\" data-alpha=\"5\" style=\"color:#ffffff; background-color:#6f0000; font-size:140; text-align:left; font-family:Default;\" ><div class=\"grid-gallery-figcaption-wrap\" style=\"\"><\/div><\/FIGCAPTION><\/FIGURE> <div class=\"grid-gallery-clearfix\"><\/div> <\/div> <div class=\"gallery-sharing-bottom\" style=\"display:none;\"> <\/div> <div class=\"gallery-sharing-image\" style=\"display:none;\"> <\/div> <div class=\"gallery-sharing-popup\" style=\"display:none;\"> <\/div> <div class=\"grid-gallery-clearfix\"><\/div> <\/div> <!-- Gallery by Supsystic plugin1.15.25 --><a title=\"Wordpress Gallery Plugin Free\" style=\"display:none;\" href=\"https:\/\/supsystic.com\/plugins\/photo-gallery\/?utm_medium=love_link\" target=\"_blank\">Wordpress Gallery Plugin Free<\/a>\n","protected":false},"excerpt":{"rendered":"<p>Beim nachbearbeiten der Bilder mussten wir immer wieder an die d\u00fcstere Atmosph\u00e4re und die schreckliche Geschichte des Bunkers denken. Trotzdem ist es Geschichte und sie ist passiert! Infos zur Location: &#8222;Der Bunker ist mit 35 375 Quadratmetern der zweitgr\u00f6\u00dfte \u00fcberirdische Bunker Europas und war zwischen 1943 und 1945 Schauplatz unvorstellbarer Gr\u00e4ueltaten. T\u00e4glich arbeiteten hier bei &hellip; <a href=\"https:\/\/urbex-team-bremen-nord.de\/?page_id=442\" class=\"more-link\"><span class=\"screen-reader-text\">Bunker F. (Revisit)<\/span> weiterlesen<\/a><\/p>\n","protected":false},"author":2,"featured_media":0,"parent":0,"menu_order":0,"comment_status":"closed","ping_status":"closed","template":"","meta":{"ngg_post_thumbnail":0,"footnotes":""},"class_list":["post-442","page","type-page","status-publish","hentry"],"_links":{"self":[{"href":"https:\/\/urbex-team-bremen-nord.de\/index.php?rest_route=\/wp\/v2\/pages\/442","targetHints":{"allow":["GET"]}}],"collection":[{"href":"https:\/\/urbex-team-bremen-nord.de\/index.php?rest_route=\/wp\/v2\/pages"}],"about":[{"href":"https:\/\/urbex-team-bremen-nord.de\/index.php?rest_route=\/wp\/v2\/types\/page"}],"author":[{"embeddable":true,"href":"https:\/\/urbex-team-bremen-nord.de\/index.php?rest_route=\/wp\/v2\/users\/2"}],"replies":[{"embeddable":true,"href":"https:\/\/urbex-team-bremen-nord.de\/index.php?rest_route=%2Fwp%2Fv2%2Fcomments&post=442"}],"version-history":[{"count":5,"href":"https:\/\/urbex-team-bremen-nord.de\/index.php?rest_route=\/wp\/v2\/pages\/442\/revisions"}],"predecessor-version":[{"id":451,"href":"https:\/\/urbex-team-bremen-nord.de\/index.php?rest_route=\/wp\/v2\/pages\/442\/revisions\/451"}],"wp:attachment":[{"href":"https:\/\/urbex-team-bremen-nord.de\/index.php?rest_route=%2Fwp%2Fv2%2Fmedia&parent=442"}],"curies":[{"name":"wp","href":"https:\/\/api.w.org\/{rel}","templated":true}]}}