{"id":3772,"date":"2022-09-19T19:58:02","date_gmt":"2022-09-19T17:58:02","guid":{"rendered":"https:\/\/urbex-team-bremen-nord.de\/?page_id=3772"},"modified":"2022-09-28T12:46:25","modified_gmt":"2022-09-28T10:46:25","slug":"umspannwerk-s-teil-2","status":"publish","type":"page","link":"https:\/\/urbex-team-bremen-nord.de\/?page_id=3772","title":{"rendered":"Umspannwerk S. &#8211; Teil 2"},"content":{"rendered":"\n<p>Mitten in einem Industriegebiet stehen, einsam und verlassen, zwei alte Geb\u00e4ude. In diesen Hallen befand sich fr\u00fcher einmal ein Umspannwerk. Der Leitstand ist noch erstaunlich gut erhalten geblieben. In den Hallen wurden die Keramik-Isolatoren und Verkabelungen gr\u00f6\u00dftenteils zur\u00fcckgebaut \u2013 trotzdem besitzt dieser Ort eine Magie aus l\u00e4ngst vergangener Zeit. Leider zerfallen die Hallen zusehends.<\/p>\n\n\n<div id=\"grid-gallery-128-84426\" data-gg-id=\"128\" data-title=\"Umspannwerk S. (Teil 2)\" data-grid-type=\"0\" data-offset=\"5.3\" data-area-position=\"center\" data-icons=\"\" data-preloader=\"true\" data-width=\"215\" data-height=\"215\" data-padding=\"0\" data-quicksand=\"disabled\" data-quicksand-duration=\"none\" data-popup-theme=\"theme_6\" data-popup-type=\"pretty-photo\" data-popup-image-text=\"data-description\" data-popup-widthsize=\"auto\" data-popup-heightsize=\"auto\" data-popup-i18n-words=\"{&quot;close&quot;:&quot;schlie\\u00dfen&quot;,&quot;next&quot;:&quot;n\\u00e4chste&quot;,&quot;previous&quot;:&quot;vorherige&quot;,&quot;start_slideshow&quot;:&quot;Starte Slideshow&quot;,&quot;stop_slideshow&quot;:&quot;Stoppe Slideshow&quot;,&quot;image&quot;:&quot;Bild&quot;,&quot;of&quot;:&quot;von&quot;,&quot;prev&quot;:&quot;vorherige&quot;,&quot;cExpand&quot;:&quot;Erweitere&quot;,&quot;cPrevious&quot;:&quot;Vorheriges&quot;,&quot;cNext&quot;:&quot;N\\u00e4chstes&quot;,&quot;cExpandStr&quot;:&quot;Erweitere Bild&quot;,&quot;cRotate&quot;:&quot;Rotate&quot;,&quot;cDetails&quot;:&quot;Details&quot;}\" data-popup-slideshow=\"false\" data-popup-slideshow-speed=\"2500\" data-popup-hoverstop=\"true\" data-popup-slideshow-auto=\"false\" data-popup-background=\"\" data-popup-transparency=\"30\" data-popup-disable-history=\"\" data-popup-disable-changed-url=\"\" data-popup-border-type=\"solid\" data-popup-border-color=\"\" data-popup-border-width=\"\" data-popup-border-enable=\"\" data-fullscreen=\"false\" data-hide-tooltip=\"false\" data-caption-font-family=\"Default\" data-caption-text-size=\"140\" data-is-mobile=\"0\" data-caption-mobile=\"false\" data-hide-long-tltp-title=\"0\" data-caption-disabled-on-mobile=\"false\" data-popup-placement-type=\"0\" data-social-sharing=\"{&quot;enabled&quot;:&quot;&quot;,&quot;gallerySharing&quot;:{&quot;enabled&quot;:null,&quot;position&quot;:null},&quot;imageSharing&quot;:{&quot;enabled&quot;:null,&quot;wrapperClass&quot;:&quot; vertical &quot;},&quot;popupSharing&quot;:{&quot;enabled&quot;:null,&quot;wrapperClass&quot;:&quot; vertical &quot;}}\" class=\"grid-gallery grid-gallery-fixed \" style=\" width:100%; height:auto; margin-left:auto; margin-right:auto;position:relative;\"> <div class=\"gallery-loading\"> <div class=\"blocks\"> <div class=\"block\"><\/div> <div class=\"block\"><\/div> <div class=\"block\"><\/div> <div class=\"block\"><\/div> <\/div> <\/div> <div class=\"gallery-sharing-top\" style=\"display:none;\"> <\/div> <div id=\"photos-128\" class=\"grid-gallery-photos\"><FIGURE class=\"grid-gallery-caption\" data-grid-gallery-type=\"quarter-slide-up\" data-index=\"0\" style=\"display:none;border-radius:00;; margin:5.3px; width:2150;\" ><div class=\"crop\" style=\" width:2150; height:2150; overflow:hidden;\"><img decoding=\"async\" src=\"https:\/\/urbex-team-bremen-nord.de\/wp-content\/uploads\/2022\/09\/DSC_4465_HDR-scaled-215x215.jpg\" class=\"ggImg\" alt=\"DSC_4465_HDR\" title=\"DSC_4465_HDR\" data-description=\"DSC_4465_HDR\" data-caption=\"DSC_4465_HDR\" data-title=\"DSC_4465_HDR\" style=\" width:215px; height:215px;\" \/><\/div><FIGCAPTION class=\"\" data-alpha=\"5\" style=\"color:#ffffff; background-color:#6f0000; font-size:140; text-align:left; font-family:Default;\" ><div class=\"grid-gallery-figcaption-wrap\" style=\"\"><\/div><\/FIGCAPTION><\/FIGURE><FIGURE class=\"grid-gallery-caption\" data-grid-gallery-type=\"quarter-slide-up\" data-index=\"1\" style=\"display:none;border-radius:00;; margin:5.3px; width:2150;\" ><div class=\"crop\" style=\" width:2150; height:2150; overflow:hidden;\"><img decoding=\"async\" src=\"https:\/\/urbex-team-bremen-nord.de\/wp-content\/uploads\/2022\/09\/DSC_4466_HDR-scaled-215x215.jpg\" class=\"ggImg\" alt=\"DSC_4466_HDR\" title=\"DSC_4466_HDR\" data-description=\"DSC_4466_HDR\" data-caption=\"DSC_4466_HDR\" data-title=\"DSC_4466_HDR\" style=\" width:215px; height:215px;\" \/><\/div><FIGCAPTION class=\"\" data-alpha=\"5\" style=\"color:#ffffff; background-color:#6f0000; font-size:140; text-align:left; font-family:Default;\" ><div class=\"grid-gallery-figcaption-wrap\" style=\"\"><\/div><\/FIGCAPTION><\/FIGURE><FIGURE class=\"grid-gallery-caption\" data-grid-gallery-type=\"quarter-slide-up\" data-index=\"2\" style=\"display:none;border-radius:00;; margin:5.3px; width:2150;\" ><div class=\"crop\" style=\" width:2150; height:2150; overflow:hidden;\"><img decoding=\"async\" src=\"https:\/\/urbex-team-bremen-nord.de\/wp-content\/uploads\/2022\/09\/DSC_4458_HDR-scaled-215x215.jpg\" class=\"ggImg\" alt=\"DSC_4458_HDR\" title=\"DSC_4458_HDR\" data-description=\"DSC_4458_HDR\" data-caption=\"DSC_4458_HDR\" data-title=\"DSC_4458_HDR\" style=\" width:215px; height:215px;\" \/><\/div><FIGCAPTION class=\"\" data-alpha=\"5\" style=\"color:#ffffff; background-color:#6f0000; font-size:140; text-align:left; font-family:Default;\" ><div class=\"grid-gallery-figcaption-wrap\" style=\"\"><\/div><\/FIGCAPTION><\/FIGURE><FIGURE class=\"grid-gallery-caption\" data-grid-gallery-type=\"quarter-slide-up\" data-index=\"3\" style=\"display:none;border-radius:00;; margin:5.3px; width:2150;\" ><div class=\"crop\" style=\" width:2150; height:2150; overflow:hidden;\"><img decoding=\"async\" src=\"https:\/\/urbex-team-bremen-nord.de\/wp-content\/uploads\/2022\/09\/DSC_4451_HDR-scaled-215x215.jpg\" class=\"ggImg\" alt=\"DSC_4451_HDR\" title=\"DSC_4451_HDR\" data-description=\"DSC_4451_HDR\" data-caption=\"DSC_4451_HDR\" data-title=\"DSC_4451_HDR\" style=\" width:215px; height:215px;\" \/><\/div><FIGCAPTION class=\"\" data-alpha=\"5\" style=\"color:#ffffff; background-color:#6f0000; font-size:140; text-align:left; font-family:Default;\" ><div class=\"grid-gallery-figcaption-wrap\" style=\"\"><\/div><\/FIGCAPTION><\/FIGURE><FIGURE class=\"grid-gallery-caption\" data-grid-gallery-type=\"quarter-slide-up\" data-index=\"4\" style=\"display:none;border-radius:00;; margin:5.3px; width:2150;\" ><div class=\"crop\" style=\" width:2150; height:2150; overflow:hidden;\"><img decoding=\"async\" src=\"https:\/\/urbex-team-bremen-nord.de\/wp-content\/uploads\/2022\/09\/DSC_4453_HDR-scaled-215x215.jpg\" class=\"ggImg\" alt=\"DSC_4453_HDR\" title=\"DSC_4453_HDR\" data-description=\"DSC_4453_HDR\" data-caption=\"DSC_4453_HDR\" data-title=\"DSC_4453_HDR\" style=\" width:215px; height:215px;\" \/><\/div><FIGCAPTION class=\"\" data-alpha=\"5\" style=\"color:#ffffff; background-color:#6f0000; font-size:140; text-align:left; font-family:Default;\" ><div class=\"grid-gallery-figcaption-wrap\" style=\"\"><\/div><\/FIGCAPTION><\/FIGURE><FIGURE class=\"grid-gallery-caption\" data-grid-gallery-type=\"quarter-slide-up\" data-index=\"5\" style=\"display:none;border-radius:00;; margin:5.3px; width:2150;\" ><div class=\"crop\" style=\" width:2150; height:2150; overflow:hidden;\"><img decoding=\"async\" src=\"https:\/\/urbex-team-bremen-nord.de\/wp-content\/uploads\/2022\/09\/DSC_4455_HDR-scaled-215x215.jpg\" class=\"ggImg\" alt=\"DSC_4455_HDR\" title=\"DSC_4455_HDR\" data-description=\"DSC_4455_HDR\" data-caption=\"DSC_4455_HDR\" data-title=\"DSC_4455_HDR\" style=\" width:215px; height:215px;\" \/><\/div><FIGCAPTION class=\"\" data-alpha=\"5\" style=\"color:#ffffff; background-color:#6f0000; font-size:140; text-align:left; font-family:Default;\" ><div class=\"grid-gallery-figcaption-wrap\" style=\"\"><\/div><\/FIGCAPTION><\/FIGURE><FIGURE class=\"grid-gallery-caption\" data-grid-gallery-type=\"quarter-slide-up\" data-index=\"6\" style=\"display:none;border-radius:00;; margin:5.3px; width:2150;\" ><div class=\"crop\" style=\" width:2150; height:2150; overflow:hidden;\"><img decoding=\"async\" src=\"https:\/\/urbex-team-bremen-nord.de\/wp-content\/uploads\/2022\/09\/DSC_4484_HDR-scaled-215x215.jpg\" class=\"ggImg\" alt=\"DSC_4484_HDR\" title=\"DSC_4484_HDR\" data-description=\"DSC_4484_HDR\" data-caption=\"DSC_4484_HDR\" data-title=\"DSC_4484_HDR\" style=\" width:215px; height:215px;\" \/><\/div><FIGCAPTION class=\"\" data-alpha=\"5\" style=\"color:#ffffff; background-color:#6f0000; font-size:140; text-align:left; font-family:Default;\" ><div class=\"grid-gallery-figcaption-wrap\" style=\"\"><\/div><\/FIGCAPTION><\/FIGURE><FIGURE class=\"grid-gallery-caption\" data-grid-gallery-type=\"quarter-slide-up\" data-index=\"7\" style=\"display:none;border-radius:00;; margin:5.3px; width:2150;\" ><div class=\"crop\" style=\" width:2150; height:2150; overflow:hidden;\"><img decoding=\"async\" src=\"https:\/\/urbex-team-bremen-nord.de\/wp-content\/uploads\/2022\/09\/DSC_4483_HDR-scaled-215x215.jpg\" class=\"ggImg\" alt=\"DSC_4483_HDR\" title=\"DSC_4483_HDR\" data-description=\"DSC_4483_HDR\" data-caption=\"DSC_4483_HDR\" data-title=\"DSC_4483_HDR\" style=\" width:215px; height:215px;\" \/><\/div><FIGCAPTION class=\"\" data-alpha=\"5\" style=\"color:#ffffff; background-color:#6f0000; font-size:140; text-align:left; font-family:Default;\" ><div class=\"grid-gallery-figcaption-wrap\" style=\"\"><\/div><\/FIGCAPTION><\/FIGURE><FIGURE class=\"grid-gallery-caption\" data-grid-gallery-type=\"quarter-slide-up\" data-index=\"8\" style=\"display:none;border-radius:00;; margin:5.3px; width:2150;\" ><div class=\"crop\" style=\" width:2150; height:2150; overflow:hidden;\"><img decoding=\"async\" src=\"https:\/\/urbex-team-bremen-nord.de\/wp-content\/uploads\/2022\/09\/DSC_4481_HDR-scaled-215x215.jpg\" class=\"ggImg\" alt=\"DSC_4481_HDR\" title=\"DSC_4481_HDR\" data-description=\"DSC_4481_HDR\" data-caption=\"DSC_4481_HDR\" data-title=\"DSC_4481_HDR\" style=\" width:215px; height:215px;\" \/><\/div><FIGCAPTION class=\"\" data-alpha=\"5\" style=\"color:#ffffff; background-color:#6f0000; font-size:140; text-align:left; font-family:Default;\" ><div class=\"grid-gallery-figcaption-wrap\" style=\"\"><\/div><\/FIGCAPTION><\/FIGURE><FIGURE class=\"grid-gallery-caption\" data-grid-gallery-type=\"quarter-slide-up\" data-index=\"9\" style=\"display:none;border-radius:00;; margin:5.3px; width:2150;\" ><div class=\"crop\" style=\" width:2150; height:2150; overflow:hidden;\"><img decoding=\"async\" src=\"https:\/\/urbex-team-bremen-nord.de\/wp-content\/uploads\/2022\/09\/DSC_4477_HDR-scaled-215x215.jpg\" class=\"ggImg\" alt=\"DSC_4477_HDR\" title=\"DSC_4477_HDR\" data-description=\"DSC_4477_HDR\" data-caption=\"DSC_4477_HDR\" data-title=\"DSC_4477_HDR\" style=\" width:215px; height:215px;\" \/><\/div><FIGCAPTION class=\"\" data-alpha=\"5\" style=\"color:#ffffff; background-color:#6f0000; font-size:140; text-align:left; font-family:Default;\" ><div class=\"grid-gallery-figcaption-wrap\" style=\"\"><\/div><\/FIGCAPTION><\/FIGURE><FIGURE class=\"grid-gallery-caption\" data-grid-gallery-type=\"quarter-slide-up\" data-index=\"10\" style=\"display:none;border-radius:00;; margin:5.3px; width:2150;\" ><div class=\"crop\" style=\" width:2150; height:2150; overflow:hidden;\"><img decoding=\"async\" src=\"https:\/\/urbex-team-bremen-nord.de\/wp-content\/uploads\/2022\/09\/DSC_4474-scaled-215x215.jpg\" class=\"ggImg\" alt=\"DSC_4474\" title=\"DSC_4474\" data-description=\"DSC_4474\" data-caption=\"DSC_4474\" data-title=\"DSC_4474\" style=\" width:215px; height:215px;\" \/><\/div><FIGCAPTION class=\"\" data-alpha=\"5\" style=\"color:#ffffff; background-color:#6f0000; font-size:140; text-align:left; font-family:Default;\" ><div class=\"grid-gallery-figcaption-wrap\" style=\"\"><\/div><\/FIGCAPTION><\/FIGURE><FIGURE class=\"grid-gallery-caption\" data-grid-gallery-type=\"quarter-slide-up\" data-index=\"11\" style=\"display:none;border-radius:00;; margin:5.3px; width:2150;\" ><div class=\"crop\" style=\" width:2150; height:2150; overflow:hidden;\"><img decoding=\"async\" src=\"https:\/\/urbex-team-bremen-nord.de\/wp-content\/uploads\/2022\/09\/DSC_4471_HDR-scaled-215x215.jpg\" class=\"ggImg\" alt=\"DSC_4471_HDR\" title=\"DSC_4471_HDR\" data-description=\"DSC_4471_HDR\" data-caption=\"DSC_4471_HDR\" data-title=\"DSC_4471_HDR\" style=\" width:215px; height:215px;\" \/><\/div><FIGCAPTION class=\"\" data-alpha=\"5\" style=\"color:#ffffff; background-color:#6f0000; font-size:140; text-align:left; font-family:Default;\" ><div class=\"grid-gallery-figcaption-wrap\" style=\"\"><\/div><\/FIGCAPTION><\/FIGURE><FIGURE class=\"grid-gallery-caption\" data-grid-gallery-type=\"quarter-slide-up\" data-index=\"12\" style=\"display:none;border-radius:00;; margin:5.3px; width:2150;\" ><div class=\"crop\" style=\" width:2150; height:2150; overflow:hidden;\"><img decoding=\"async\" src=\"https:\/\/urbex-team-bremen-nord.de\/wp-content\/uploads\/2022\/09\/DSC_4469_HDR-scaled-215x215.jpg\" class=\"ggImg\" alt=\"DSC_4469_HDR\" title=\"DSC_4469_HDR\" data-description=\"DSC_4469_HDR\" data-caption=\"DSC_4469_HDR\" data-title=\"DSC_4469_HDR\" style=\" width:215px; height:215px;\" \/><\/div><FIGCAPTION class=\"\" data-alpha=\"5\" style=\"color:#ffffff; background-color:#6f0000; font-size:140; text-align:left; font-family:Default;\" ><div class=\"grid-gallery-figcaption-wrap\" style=\"\"><\/div><\/FIGCAPTION><\/FIGURE> <div class=\"grid-gallery-clearfix\"><\/div> <\/div> <div class=\"gallery-sharing-bottom\" style=\"display:none;\"> <\/div> <div class=\"gallery-sharing-image\" style=\"display:none;\"> <\/div> <div class=\"gallery-sharing-popup\" style=\"display:none;\"> <\/div> <div class=\"grid-gallery-clearfix\"><\/div> <\/div> <!-- Gallery by Supsystic plugin1.15.25 --><a title=\"Wordpress Gallery Plugin Free\" style=\"display:none;\" href=\"https:\/\/supsystic.com\/plugins\/photo-gallery\/?utm_medium=love_link\" target=\"_blank\">Wordpress Gallery Plugin Free<\/a>\n","protected":false},"excerpt":{"rendered":"<p>Mitten in einem Industriegebiet stehen, einsam und verlassen, zwei alte Geb\u00e4ude. In diesen Hallen befand sich fr\u00fcher einmal ein Umspannwerk. Der Leitstand ist noch erstaunlich gut erhalten geblieben. In den Hallen wurden die Keramik-Isolatoren und Verkabelungen gr\u00f6\u00dftenteils zur\u00fcckgebaut \u2013 trotzdem besitzt dieser Ort eine Magie aus l\u00e4ngst vergangener Zeit. Leider zerfallen die Hallen zusehends.<\/p>\n","protected":false},"author":1,"featured_media":0,"parent":0,"menu_order":0,"comment_status":"closed","ping_status":"closed","template":"","meta":{"ngg_post_thumbnail":0,"footnotes":""},"class_list":["post-3772","page","type-page","status-publish","hentry"],"_links":{"self":[{"href":"https:\/\/urbex-team-bremen-nord.de\/index.php?rest_route=\/wp\/v2\/pages\/3772","targetHints":{"allow":["GET"]}}],"collection":[{"href":"https:\/\/urbex-team-bremen-nord.de\/index.php?rest_route=\/wp\/v2\/pages"}],"about":[{"href":"https:\/\/urbex-team-bremen-nord.de\/index.php?rest_route=\/wp\/v2\/types\/page"}],"author":[{"embeddable":true,"href":"https:\/\/urbex-team-bremen-nord.de\/index.php?rest_route=\/wp\/v2\/users\/1"}],"replies":[{"embeddable":true,"href":"https:\/\/urbex-team-bremen-nord.de\/index.php?rest_route=%2Fwp%2Fv2%2Fcomments&post=3772"}],"version-history":[{"count":3,"href":"https:\/\/urbex-team-bremen-nord.de\/index.php?rest_route=\/wp\/v2\/pages\/3772\/revisions"}],"predecessor-version":[{"id":3849,"href":"https:\/\/urbex-team-bremen-nord.de\/index.php?rest_route=\/wp\/v2\/pages\/3772\/revisions\/3849"}],"wp:attachment":[{"href":"https:\/\/urbex-team-bremen-nord.de\/index.php?rest_route=%2Fwp%2Fv2%2Fmedia&parent=3772"}],"curies":[{"name":"wp","href":"https:\/\/api.w.org\/{rel}","templated":true}]}}