{"id":3749,"date":"2022-09-12T14:14:24","date_gmt":"2022-09-12T12:14:24","guid":{"rendered":"https:\/\/urbex-team-bremen-nord.de\/?page_id=3749"},"modified":"2022-09-12T14:14:24","modified_gmt":"2022-09-12T12:14:24","slug":"krankenhaus-s","status":"publish","type":"page","link":"https:\/\/urbex-team-bremen-nord.de\/?page_id=3749","title":{"rendered":"Krankenhaus S."},"content":{"rendered":"\n<p>Direkt an der Hauptstra\u00dfe liegt ein verlassenes Krankenhaus. Bis ins Jahr 2006 wurden hier noch Kinder zur Welt gebracht. Der Klinikbetrieb wurde aber im Jahr 2009 komplett eingestellt. Aktuell sind bereits \u00fcber 30% des ehemaligen Krankenhauses bauf\u00e4llig und in einem schlechten Zustand. Leider mu\u00dften wir unseren Besuch abrupt beenden und konnten deshalb nur wenig Fotos machen.\u00a0<\/p>\n\n\n<div id=\"grid-gallery-127-67066\" data-gg-id=\"127\" data-title=\"Krankenhaus S.\" data-grid-type=\"0\" data-offset=\"5.3\" data-area-position=\"center\" data-icons=\"\" data-preloader=\"true\" data-width=\"215\" data-height=\"215\" data-padding=\"0\" data-quicksand=\"disabled\" data-quicksand-duration=\"1800\" data-popup-theme=\"theme_6\" data-popup-type=\"pretty-photo\" data-popup-image-text=\"data-description\" data-popup-widthsize=\"auto\" data-popup-heightsize=\"auto\" data-popup-i18n-words=\"{&quot;close&quot;:&quot;schlie\\u00dfen&quot;,&quot;next&quot;:&quot;n\\u00e4chste&quot;,&quot;previous&quot;:&quot;vorherige&quot;,&quot;start_slideshow&quot;:&quot;Starte Slideshow&quot;,&quot;stop_slideshow&quot;:&quot;Stoppe Slideshow&quot;,&quot;image&quot;:&quot;Bild&quot;,&quot;of&quot;:&quot;von&quot;,&quot;prev&quot;:&quot;vorherige&quot;,&quot;cExpand&quot;:&quot;Erweitere&quot;,&quot;cPrevious&quot;:&quot;Vorheriges&quot;,&quot;cNext&quot;:&quot;N\\u00e4chstes&quot;,&quot;cExpandStr&quot;:&quot;Erweitere Bild&quot;,&quot;cRotate&quot;:&quot;Rotate&quot;,&quot;cDetails&quot;:&quot;Details&quot;}\" data-popup-slideshow=\"false\" data-popup-slideshow-speed=\"2500\" data-popup-hoverstop=\"true\" data-popup-slideshow-auto=\"false\" data-popup-background=\"\" data-popup-transparency=\"30\" data-popup-disable-history=\"\" data-popup-disable-changed-url=\"\" data-popup-border-type=\"\" data-popup-border-color=\"\" data-popup-border-width=\"\" data-popup-border-enable=\"\" data-fullscreen=\"false\" data-hide-tooltip=\"false\" data-caption-font-family=\"Default\" data-caption-text-size=\"140\" data-is-mobile=\"0\" data-caption-mobile=\"false\" data-hide-long-tltp-title=\"0\" data-caption-disabled-on-mobile=\"false\" data-popup-placement-type=\"0\" data-social-sharing=\"{&quot;enabled&quot;:&quot;&quot;,&quot;gallerySharing&quot;:{&quot;enabled&quot;:null,&quot;position&quot;:null},&quot;imageSharing&quot;:{&quot;enabled&quot;:null,&quot;wrapperClass&quot;:&quot; vertical &quot;},&quot;popupSharing&quot;:{&quot;enabled&quot;:null,&quot;wrapperClass&quot;:&quot; vertical &quot;}}\" class=\"grid-gallery grid-gallery-fixed \" style=\" width:100%; height:auto; margin-left:auto; margin-right:auto;position:relative;\"> <div class=\"gallery-loading\"> <div class=\"blocks\"> <div class=\"block\"><\/div> <div class=\"block\"><\/div> <div class=\"block\"><\/div> <div class=\"block\"><\/div> <\/div> <\/div> <div class=\"gallery-sharing-top\" style=\"display:none;\"> <\/div> <div id=\"photos-127\" class=\"grid-gallery-photos\"><FIGURE class=\"grid-gallery-caption\" data-grid-gallery-type=\"quarter-slide-up\" data-index=\"0\" style=\"display:none;border-radius:00;; margin:5.3px; width:2150;\" ><div class=\"crop\" style=\" width:2150; height:2150; overflow:hidden;\"><img decoding=\"async\" src=\"https:\/\/urbex-team-bremen-nord.de\/wp-content\/uploads\/2022\/09\/IMG_9935_6_7_Enhancer-Bearbeitet-scaled-215x215.jpg\" class=\"ggImg\" alt=\"Krankenhaus S.\" title=\"Krankenhaus S.\" data-description=\"Krankenhaus S.\" data-caption=\"Krankenhaus S.\" data-title=\"Krankenhaus S.\" style=\" width:215px; height:215px;\" \/><\/div><FIGCAPTION class=\"\" data-alpha=\"5\" style=\"color:#ffffff; background-color:#6f0000; font-size:140; text-align:2; font-family:Default;\" ><div class=\"grid-gallery-figcaption-wrap\" style=\"\"><\/div><\/FIGCAPTION><\/FIGURE><FIGURE class=\"grid-gallery-caption\" data-grid-gallery-type=\"quarter-slide-up\" data-index=\"1\" style=\"display:none;border-radius:00;; margin:5.3px; width:2150;\" ><div class=\"crop\" style=\" width:2150; height:2150; overflow:hidden;\"><img decoding=\"async\" src=\"https:\/\/urbex-team-bremen-nord.de\/wp-content\/uploads\/2022\/09\/IMG_9943_4_5_Enhancer2-Bearbeitet-scaled-215x215.jpg\" class=\"ggImg\" alt=\"Krankenhaus S.\" title=\"Krankenhaus S.\" data-description=\"Krankenhaus S.\" data-caption=\"Krankenhaus S.\" data-title=\"Krankenhaus S.\" style=\" width:215px; height:215px;\" \/><\/div><FIGCAPTION class=\"\" data-alpha=\"5\" style=\"color:#ffffff; background-color:#6f0000; font-size:140; text-align:2; font-family:Default;\" ><div class=\"grid-gallery-figcaption-wrap\" style=\"\"><\/div><\/FIGCAPTION><\/FIGURE><FIGURE class=\"grid-gallery-caption\" data-grid-gallery-type=\"quarter-slide-up\" data-index=\"2\" style=\"display:none;border-radius:00;; margin:5.3px; width:2150;\" ><div class=\"crop\" style=\" width:2150; height:2150; overflow:hidden;\"><img decoding=\"async\" src=\"https:\/\/urbex-team-bremen-nord.de\/wp-content\/uploads\/2022\/09\/IMG_9947_8_9_Enhancer-Bearbeitet-scaled-215x215.jpg\" class=\"ggImg\" alt=\"Krankenhaus S.\" title=\"Krankenhaus S.\" data-description=\"Krankenhaus S.\" data-caption=\"Krankenhaus S.\" data-title=\"Krankenhaus S.\" style=\" width:215px; height:215px;\" \/><\/div><FIGCAPTION class=\"\" data-alpha=\"5\" style=\"color:#ffffff; background-color:#6f0000; font-size:140; text-align:2; font-family:Default;\" ><div class=\"grid-gallery-figcaption-wrap\" style=\"\"><\/div><\/FIGCAPTION><\/FIGURE><FIGURE class=\"grid-gallery-caption\" data-grid-gallery-type=\"quarter-slide-up\" data-index=\"3\" style=\"display:none;border-radius:00;; margin:5.3px; width:2150;\" ><div class=\"crop\" style=\" width:2150; height:2150; overflow:hidden;\"><img decoding=\"async\" src=\"https:\/\/urbex-team-bremen-nord.de\/wp-content\/uploads\/2022\/09\/IMG_9951_2_3_Enhancer-Bearbeitet-scaled-215x215.jpg\" class=\"ggImg\" alt=\"Krankenhaus S.\" title=\"IMG_9951_2_3_Enhancer-Krankenhaus S.\" data-description=\"IMG_9951_2_3_Enhancer-Krankenhaus S.\" data-caption=\"IMG_9951_2_3_Enhancer-Krankenhaus S.\" data-title=\"IMG_9951_2_3_Enhancer-Krankenhaus S.\" style=\" width:215px; height:215px;\" \/><\/div><FIGCAPTION class=\"\" data-alpha=\"5\" style=\"color:#ffffff; background-color:#6f0000; font-size:140; text-align:2; font-family:Default;\" ><div class=\"grid-gallery-figcaption-wrap\" style=\"\"><\/div><\/FIGCAPTION><\/FIGURE><FIGURE class=\"grid-gallery-caption\" data-grid-gallery-type=\"quarter-slide-up\" data-index=\"4\" style=\"display:none;border-radius:00;; margin:5.3px; width:2150;\" ><div class=\"crop\" style=\" width:2150; height:2150; overflow:hidden;\"><img decoding=\"async\" src=\"https:\/\/urbex-team-bremen-nord.de\/wp-content\/uploads\/2022\/09\/IMG_9955_6_7_Enhancer-Bearbeitet-scaled-215x215.jpg\" class=\"ggImg\" alt=\"Krankenhaus S.\" title=\"Krankenhaus S.\" data-description=\"Krankenhaus S.\" data-caption=\"Krankenhaus S.\" data-title=\"Krankenhaus S.\" style=\" width:215px; height:215px;\" \/><\/div><FIGCAPTION class=\"\" data-alpha=\"5\" style=\"color:#ffffff; background-color:#6f0000; font-size:140; text-align:2; font-family:Default;\" ><div class=\"grid-gallery-figcaption-wrap\" style=\"\"><\/div><\/FIGCAPTION><\/FIGURE><FIGURE class=\"grid-gallery-caption\" data-grid-gallery-type=\"quarter-slide-up\" data-index=\"5\" style=\"display:none;border-radius:00;; margin:5.3px; width:2150;\" ><div class=\"crop\" style=\" width:2150; height:2150; overflow:hidden;\"><img decoding=\"async\" src=\"https:\/\/urbex-team-bremen-nord.de\/wp-content\/uploads\/2022\/09\/IMG_9959_60_61_Enhancer-Bearbeitet-scaled-215x215.jpg\" class=\"ggImg\" alt=\"Krankenhaus S.\" title=\"Krankenhaus S.\" data-description=\"Krankenhaus S.\" data-caption=\"Krankenhaus S.\" data-title=\"Krankenhaus S.\" style=\" width:215px; height:215px;\" \/><\/div><FIGCAPTION class=\"\" data-alpha=\"5\" style=\"color:#ffffff; background-color:#6f0000; font-size:140; text-align:2; font-family:Default;\" ><div class=\"grid-gallery-figcaption-wrap\" style=\"\"><\/div><\/FIGCAPTION><\/FIGURE><FIGURE class=\"grid-gallery-caption\" data-grid-gallery-type=\"quarter-slide-up\" data-index=\"6\" style=\"display:none;border-radius:00;; margin:5.3px; width:2150;\" ><div class=\"crop\" style=\" width:2150; height:2150; overflow:hidden;\"><img decoding=\"async\" src=\"https:\/\/urbex-team-bremen-nord.de\/wp-content\/uploads\/2022\/09\/IMG_9963_4_5_Enhancer-Bearbeitet-scaled-215x215.jpg\" class=\"ggImg\" alt=\"Krankenhaus S.\" title=\"Krankenhaus S.\" data-description=\"Krankenhaus S.\" data-caption=\"Krankenhaus S.\" data-title=\"Krankenhaus S.\" style=\" width:215px; height:215px;\" \/><\/div><FIGCAPTION class=\"\" data-alpha=\"5\" style=\"color:#ffffff; background-color:#6f0000; font-size:140; text-align:2; font-family:Default;\" ><div class=\"grid-gallery-figcaption-wrap\" style=\"\"><\/div><\/FIGCAPTION><\/FIGURE><FIGURE class=\"grid-gallery-caption\" data-grid-gallery-type=\"quarter-slide-up\" data-index=\"7\" style=\"display:none;border-radius:00;; margin:5.3px; width:2150;\" ><div class=\"crop\" style=\" width:2150; height:2150; overflow:hidden;\"><img decoding=\"async\" src=\"https:\/\/urbex-team-bremen-nord.de\/wp-content\/uploads\/2022\/09\/IMG_9967_8_9_Enhancer-Bearbeitet-scaled-215x215.jpg\" class=\"ggImg\" alt=\"Krankenhaus S.\" title=\"Krankenhaus S.\" data-description=\"Krankenhaus S.\" data-caption=\"Krankenhaus S.\" data-title=\"Krankenhaus S.\" style=\" width:215px; height:215px;\" \/><\/div><FIGCAPTION class=\"\" data-alpha=\"5\" style=\"color:#ffffff; background-color:#6f0000; font-size:140; text-align:2; font-family:Default;\" ><div class=\"grid-gallery-figcaption-wrap\" style=\"\"><\/div><\/FIGCAPTION><\/FIGURE> <div class=\"grid-gallery-clearfix\"><\/div> <\/div> <div class=\"gallery-sharing-bottom\" style=\"display:none;\"> <\/div> <div class=\"gallery-sharing-image\" style=\"display:none;\"> <\/div> <div class=\"gallery-sharing-popup\" style=\"display:none;\"> <\/div> <div class=\"grid-gallery-clearfix\"><\/div> <\/div> <!-- Gallery by Supsystic plugin1.15.25 --><a title=\"Wordpress Gallery Plugin Free\" style=\"display:none;\" href=\"https:\/\/supsystic.com\/plugins\/photo-gallery\/?utm_medium=love_link\" target=\"_blank\">Wordpress Gallery Plugin Free<\/a>\n","protected":false},"excerpt":{"rendered":"<p>Direkt an der Hauptstra\u00dfe liegt ein verlassenes Krankenhaus. Bis ins Jahr 2006 wurden hier noch Kinder zur Welt gebracht. Der Klinikbetrieb wurde aber im Jahr 2009 komplett eingestellt. Aktuell sind bereits \u00fcber 30% des ehemaligen Krankenhauses bauf\u00e4llig und in einem schlechten Zustand. Leider mu\u00dften wir unseren Besuch abrupt beenden und konnten deshalb nur wenig Fotos &hellip; <a href=\"https:\/\/urbex-team-bremen-nord.de\/?page_id=3749\" class=\"more-link\"><span class=\"screen-reader-text\">Krankenhaus S.<\/span> weiterlesen<\/a><\/p>\n","protected":false},"author":2,"featured_media":0,"parent":0,"menu_order":0,"comment_status":"closed","ping_status":"closed","template":"","meta":{"ngg_post_thumbnail":0,"footnotes":""},"class_list":["post-3749","page","type-page","status-publish","hentry"],"_links":{"self":[{"href":"https:\/\/urbex-team-bremen-nord.de\/index.php?rest_route=\/wp\/v2\/pages\/3749","targetHints":{"allow":["GET"]}}],"collection":[{"href":"https:\/\/urbex-team-bremen-nord.de\/index.php?rest_route=\/wp\/v2\/pages"}],"about":[{"href":"https:\/\/urbex-team-bremen-nord.de\/index.php?rest_route=\/wp\/v2\/types\/page"}],"author":[{"embeddable":true,"href":"https:\/\/urbex-team-bremen-nord.de\/index.php?rest_route=\/wp\/v2\/users\/2"}],"replies":[{"embeddable":true,"href":"https:\/\/urbex-team-bremen-nord.de\/index.php?rest_route=%2Fwp%2Fv2%2Fcomments&post=3749"}],"version-history":[{"count":1,"href":"https:\/\/urbex-team-bremen-nord.de\/index.php?rest_route=\/wp\/v2\/pages\/3749\/revisions"}],"predecessor-version":[{"id":3751,"href":"https:\/\/urbex-team-bremen-nord.de\/index.php?rest_route=\/wp\/v2\/pages\/3749\/revisions\/3751"}],"wp:attachment":[{"href":"https:\/\/urbex-team-bremen-nord.de\/index.php?rest_route=%2Fwp%2Fv2%2Fmedia&parent=3749"}],"curies":[{"name":"wp","href":"https:\/\/api.w.org\/{rel}","templated":true}]}}