{"id":3716,"date":"2022-08-24T13:23:09","date_gmt":"2022-08-24T11:23:09","guid":{"rendered":"https:\/\/urbex-team-bremen-nord.de\/?page_id=3716"},"modified":"2022-08-24T13:23:09","modified_gmt":"2022-08-24T11:23:09","slug":"winterquartier-ddr-zirkus","status":"publish","type":"page","link":"https:\/\/urbex-team-bremen-nord.de\/?page_id=3716","title":{"rendered":"Winterquartier DDR-Zirkus"},"content":{"rendered":"\n<p>(legal Visit)<\/p>\n\n\n\n<p>Nach einer langen Anreise haben wir das Ziel erreicht. Mitten in einem Neubaugebiet steht ein markantes, rundes Holzgeb\u00e4ude. Hier hatte der ehemalige Staatszirkus der DDR sein Winterquartier.\u00a0<\/p>\n\n\n\n<p>Mit der runden Manege sind die Stallungen verbunden, wo die Tiere untergebracht wurden. Dabei handelte es sich um Pferde, Affen und sogar eine Giraffe und ein Elefant wurden hier im Winter betreut. Der runde Holzbau, die Manege, wurde zum Proben und f\u00fcr kleinere Auff\u00fchrungen sowie f\u00fcr Veranstaltungen genutzt.<\/p>\n\n\n\n<p>Der VEB Zentral-Zirkus wurde 1960 gegr\u00fcndet und nutzte diese Geb\u00e4ude ab 1963 als Winterquartier. Dieser Zirkus-Verbund bestand aus dem Zirkus Busch, Zirkus Aeros und dem Zirkus Barlay, der sp\u00e4ter in Zirkus Olympia und Zirkus Berolina umbenannt wurde. Der VEB Zentral-Zirkus wurde 1980 in den \u201eStaatszirkus der DDR\u201c umbenannt.<\/p>\n\n\n\n<p>Nach der Wende konnte der Zirkus, finanziell, nicht mehr \u00fcberleben und wurde aufgel\u00f6st. Alle Mitarbeiter wurden entlassen und die Zirkus-Tiere an Zoos verkauft.<\/p>\n\n\n\n<p>Seit dieser Zeit stehen die Geb\u00e4ude leer und verfallen zusehends. Mittlerweile stehen diese Geb\u00e4ude unter Denkmalschutz.<\/p>\n\n\n<div id=\"grid-gallery-125-912\" data-gg-id=\"125\" data-title=\"Winterquartier DDR-Zirkus\" data-grid-type=\"0\" data-offset=\"5.3\" data-area-position=\"center\" data-icons=\"\" data-preloader=\"true\" data-width=\"215\" data-height=\"215\" data-padding=\"0\" data-quicksand=\"disabled\" data-quicksand-duration=\"1800\" data-popup-theme=\"theme_6\" data-popup-type=\"pretty-photo\" data-popup-image-text=\"data-description\" data-popup-widthsize=\"auto\" data-popup-heightsize=\"auto\" data-popup-i18n-words=\"{&quot;close&quot;:&quot;schlie\\u00dfen&quot;,&quot;next&quot;:&quot;n\\u00e4chste&quot;,&quot;previous&quot;:&quot;vorherige&quot;,&quot;start_slideshow&quot;:&quot;Starte Slideshow&quot;,&quot;stop_slideshow&quot;:&quot;Stoppe Slideshow&quot;,&quot;image&quot;:&quot;Bild&quot;,&quot;of&quot;:&quot;von&quot;,&quot;prev&quot;:&quot;vorherige&quot;,&quot;cExpand&quot;:&quot;Erweitere&quot;,&quot;cPrevious&quot;:&quot;Vorheriges&quot;,&quot;cNext&quot;:&quot;N\\u00e4chstes&quot;,&quot;cExpandStr&quot;:&quot;Erweitere Bild&quot;,&quot;cRotate&quot;:&quot;Rotate&quot;,&quot;cDetails&quot;:&quot;Details&quot;}\" data-popup-slideshow=\"false\" data-popup-slideshow-speed=\"2500\" data-popup-hoverstop=\"true\" data-popup-slideshow-auto=\"false\" data-popup-background=\"\" data-popup-transparency=\"30\" data-popup-disable-history=\"\" data-popup-disable-changed-url=\"\" data-popup-border-type=\"\" data-popup-border-color=\"\" data-popup-border-width=\"\" data-popup-border-enable=\"\" data-fullscreen=\"false\" data-hide-tooltip=\"false\" data-caption-font-family=\"Default\" data-caption-text-size=\"140\" data-is-mobile=\"0\" data-caption-mobile=\"false\" data-hide-long-tltp-title=\"0\" data-caption-disabled-on-mobile=\"false\" data-popup-placement-type=\"0\" data-social-sharing=\"{&quot;enabled&quot;:&quot;&quot;,&quot;gallerySharing&quot;:{&quot;enabled&quot;:null,&quot;position&quot;:null},&quot;imageSharing&quot;:{&quot;enabled&quot;:null,&quot;wrapperClass&quot;:&quot; vertical &quot;},&quot;popupSharing&quot;:{&quot;enabled&quot;:null,&quot;wrapperClass&quot;:&quot; vertical &quot;}}\" class=\"grid-gallery grid-gallery-fixed \" style=\" width:100%; height:auto; margin-left:auto; margin-right:auto;position:relative;\"> <div class=\"gallery-loading\"> <div class=\"blocks\"> <div class=\"block\"><\/div> <div class=\"block\"><\/div> <div class=\"block\"><\/div> <div class=\"block\"><\/div> <\/div> <\/div> <div class=\"gallery-sharing-top\" style=\"display:none;\"> <\/div> <div id=\"photos-125\" class=\"grid-gallery-photos\"><FIGURE class=\"grid-gallery-caption\" data-grid-gallery-type=\"quarter-slide-up\" data-index=\"0\" style=\"display:none;border-radius:00;; margin:5.3px; width:2150;\" ><div class=\"crop\" style=\" width:2150; height:2150; overflow:hidden;\"><img decoding=\"async\" src=\"https:\/\/urbex-team-bremen-nord.de\/wp-content\/uploads\/2022\/08\/DSC_4266_HDR-scaled-215x215.jpg\" class=\"ggImg\" alt=\"DSC_4266_HDR\" title=\"DSC_4266_HDR\" data-description=\"DSC_4266_HDR\" data-caption=\"DSC_4266_HDR\" data-title=\"DSC_4266_HDR\" style=\" width:215px; height:215px;\" \/><\/div><FIGCAPTION class=\"\" data-alpha=\"5\" style=\"color:#ffffff; background-color:#6f0000; font-size:140; text-align:2; font-family:Default;\" ><div class=\"grid-gallery-figcaption-wrap\" style=\"\"><\/div><\/FIGCAPTION><\/FIGURE><FIGURE class=\"grid-gallery-caption\" data-grid-gallery-type=\"quarter-slide-up\" data-index=\"1\" style=\"display:none;border-radius:00;; margin:5.3px; width:2150;\" ><div class=\"crop\" style=\" width:2150; height:2150; overflow:hidden;\"><img decoding=\"async\" src=\"https:\/\/urbex-team-bremen-nord.de\/wp-content\/uploads\/2022\/08\/DJI_0001_HDR-scaled-215x215.jpg\" class=\"ggImg\" alt=\"DJI_0001_HDR\" title=\"DJI_0001_HDR\" data-description=\"DJI_0001_HDR\" data-caption=\"DJI_0001_HDR\" data-title=\"DJI_0001_HDR\" style=\" width:215px; height:215px;\" \/><\/div><FIGCAPTION class=\"\" data-alpha=\"5\" style=\"color:#ffffff; background-color:#6f0000; font-size:140; text-align:2; font-family:Default;\" ><div class=\"grid-gallery-figcaption-wrap\" style=\"\"><\/div><\/FIGCAPTION><\/FIGURE><FIGURE class=\"grid-gallery-caption\" data-grid-gallery-type=\"quarter-slide-up\" data-index=\"2\" style=\"display:none;border-radius:00;; margin:5.3px; width:2150;\" ><div class=\"crop\" style=\" width:2150; height:2150; overflow:hidden;\"><img decoding=\"async\" src=\"https:\/\/urbex-team-bremen-nord.de\/wp-content\/uploads\/2022\/08\/DSC_4286_HDR-scaled-215x215.jpg\" class=\"ggImg\" alt=\"Umspannwerk S.\" title=\"DSC_4286_HDR\" data-description=\"DSC_4286_HDR\" data-caption=\"DSC_4286_HDR\" data-title=\"DSC_4286_HDR\" style=\" width:215px; height:215px;\" \/><\/div><FIGCAPTION class=\"\" data-alpha=\"5\" style=\"color:#ffffff; background-color:#6f0000; font-size:140; text-align:2; font-family:Default;\" ><div class=\"grid-gallery-figcaption-wrap\" style=\"\"><\/div><\/FIGCAPTION><\/FIGURE><FIGURE class=\"grid-gallery-caption\" data-grid-gallery-type=\"quarter-slide-up\" data-index=\"3\" style=\"display:none;border-radius:00;; margin:5.3px; width:2150;\" ><div class=\"crop\" style=\" width:2150; height:2150; overflow:hidden;\"><img decoding=\"async\" src=\"https:\/\/urbex-team-bremen-nord.de\/wp-content\/uploads\/2022\/08\/DSC_4282_HDR-scaled-215x215.jpg\" class=\"ggImg\" alt=\"DSC_4282_HDR\" title=\"DSC_4282_HDR\" data-description=\"DSC_4282_HDR\" data-caption=\"DSC_4282_HDR\" data-title=\"DSC_4282_HDR\" style=\" width:215px; height:215px;\" \/><\/div><FIGCAPTION class=\"\" data-alpha=\"5\" style=\"color:#ffffff; background-color:#6f0000; font-size:140; text-align:2; font-family:Default;\" ><div class=\"grid-gallery-figcaption-wrap\" style=\"\"><\/div><\/FIGCAPTION><\/FIGURE><FIGURE class=\"grid-gallery-caption\" data-grid-gallery-type=\"quarter-slide-up\" data-index=\"4\" style=\"display:none;border-radius:00;; margin:5.3px; width:2150;\" ><div class=\"crop\" style=\" width:2150; height:2150; overflow:hidden;\"><img decoding=\"async\" src=\"https:\/\/urbex-team-bremen-nord.de\/wp-content\/uploads\/2022\/08\/DSC_4279_HDR-scaled-215x215.jpg\" class=\"ggImg\" alt=\"DSC_4279_HDR\" title=\"DSC_4279_HDR\" data-description=\"DSC_4279_HDR\" data-caption=\"DSC_4279_HDR\" data-title=\"DSC_4279_HDR\" style=\" width:215px; height:215px;\" \/><\/div><FIGCAPTION class=\"\" data-alpha=\"5\" style=\"color:#ffffff; background-color:#6f0000; font-size:140; text-align:2; font-family:Default;\" ><div class=\"grid-gallery-figcaption-wrap\" style=\"\"><\/div><\/FIGCAPTION><\/FIGURE><FIGURE class=\"grid-gallery-caption\" data-grid-gallery-type=\"quarter-slide-up\" data-index=\"5\" style=\"display:none;border-radius:00;; margin:5.3px; width:2150;\" ><div class=\"crop\" style=\" width:2150; height:2150; overflow:hidden;\"><img decoding=\"async\" src=\"https:\/\/urbex-team-bremen-nord.de\/wp-content\/uploads\/2022\/08\/DSC_4272_HDR-215x215.jpg\" class=\"ggImg\" alt=\"DSC_4272_HDR\" title=\"DSC_4272_HDR\" data-description=\"DSC_4272_HDR\" data-caption=\"DSC_4272_HDR\" data-title=\"DSC_4272_HDR\" style=\" width:215px; height:215px;\" \/><\/div><FIGCAPTION class=\"\" data-alpha=\"5\" style=\"color:#ffffff; background-color:#6f0000; font-size:140; text-align:2; font-family:Default;\" ><div class=\"grid-gallery-figcaption-wrap\" style=\"\"><\/div><\/FIGCAPTION><\/FIGURE><FIGURE class=\"grid-gallery-caption\" data-grid-gallery-type=\"quarter-slide-up\" data-index=\"6\" style=\"display:none;border-radius:00;; margin:5.3px; width:2150;\" ><div class=\"crop\" style=\" width:2150; height:2150; overflow:hidden;\"><img decoding=\"async\" src=\"https:\/\/urbex-team-bremen-nord.de\/wp-content\/uploads\/2022\/08\/DSC_4268_HDR-scaled-215x215.jpg\" class=\"ggImg\" alt=\"DSC_4268_HDR\" title=\"DSC_4268_HDR\" data-description=\"DSC_4268_HDR\" data-caption=\"DSC_4268_HDR\" data-title=\"DSC_4268_HDR\" style=\" width:215px; height:215px;\" \/><\/div><FIGCAPTION class=\"\" data-alpha=\"5\" style=\"color:#ffffff; background-color:#6f0000; font-size:140; text-align:2; font-family:Default;\" ><div class=\"grid-gallery-figcaption-wrap\" style=\"\"><\/div><\/FIGCAPTION><\/FIGURE><FIGURE class=\"grid-gallery-caption\" data-grid-gallery-type=\"quarter-slide-up\" data-index=\"7\" style=\"display:none;border-radius:00;; margin:5.3px; width:2150;\" ><div class=\"crop\" style=\" width:2150; height:2150; overflow:hidden;\"><img decoding=\"async\" src=\"https:\/\/urbex-team-bremen-nord.de\/wp-content\/uploads\/2022\/08\/DSC_4267_HDR-scaled-215x215.jpg\" class=\"ggImg\" alt=\"DSC_4267_HDR\" title=\"DSC_4267_HDR\" data-description=\"DSC_4267_HDR\" data-caption=\"DSC_4267_HDR\" data-title=\"DSC_4267_HDR\" style=\" width:215px; height:215px;\" \/><\/div><FIGCAPTION class=\"\" data-alpha=\"5\" style=\"color:#ffffff; background-color:#6f0000; font-size:140; text-align:2; font-family:Default;\" ><div class=\"grid-gallery-figcaption-wrap\" style=\"\"><\/div><\/FIGCAPTION><\/FIGURE><FIGURE class=\"grid-gallery-caption\" data-grid-gallery-type=\"quarter-slide-up\" data-index=\"8\" style=\"display:none;border-radius:00;; margin:5.3px; width:2150;\" ><div class=\"crop\" style=\" width:2150; height:2150; overflow:hidden;\"><img decoding=\"async\" src=\"https:\/\/urbex-team-bremen-nord.de\/wp-content\/uploads\/2022\/08\/DSC_4259_HDR-scaled-215x215.jpg\" class=\"ggImg\" alt=\"DSC_4259_HDR\" title=\"DSC_4259_HDR\" data-description=\"DSC_4259_HDR\" data-caption=\"DSC_4259_HDR\" data-title=\"DSC_4259_HDR\" style=\" width:215px; height:215px;\" \/><\/div><FIGCAPTION class=\"\" data-alpha=\"5\" style=\"color:#ffffff; background-color:#6f0000; font-size:140; text-align:2; font-family:Default;\" ><div class=\"grid-gallery-figcaption-wrap\" style=\"\"><\/div><\/FIGCAPTION><\/FIGURE><FIGURE class=\"grid-gallery-caption\" data-grid-gallery-type=\"quarter-slide-up\" data-index=\"9\" style=\"display:none;border-radius:00;; margin:5.3px; width:2150;\" ><div class=\"crop\" style=\" width:2150; height:2150; overflow:hidden;\"><img decoding=\"async\" src=\"https:\/\/urbex-team-bremen-nord.de\/wp-content\/uploads\/2022\/08\/DSC_4251_HDR-scaled-215x215.jpg\" class=\"ggImg\" alt=\"DSC_4251_HDR\" title=\"DSC_4251_HDR\" data-description=\"DSC_4251_HDR\" data-caption=\"DSC_4251_HDR\" data-title=\"DSC_4251_HDR\" style=\" width:215px; height:215px;\" \/><\/div><FIGCAPTION class=\"\" data-alpha=\"5\" style=\"color:#ffffff; background-color:#6f0000; font-size:140; text-align:2; font-family:Default;\" ><div class=\"grid-gallery-figcaption-wrap\" style=\"\"><\/div><\/FIGCAPTION><\/FIGURE><FIGURE class=\"grid-gallery-caption\" data-grid-gallery-type=\"quarter-slide-up\" data-index=\"10\" style=\"display:none;border-radius:00;; margin:5.3px; width:2150;\" ><div class=\"crop\" style=\" width:2150; height:2150; overflow:hidden;\"><img decoding=\"async\" src=\"https:\/\/urbex-team-bremen-nord.de\/wp-content\/uploads\/2022\/08\/DSC_4248_HDR-scaled-215x215.jpg\" class=\"ggImg\" alt=\"DSC_4248_HDR\" title=\"DSC_4248_HDR\" data-description=\"DSC_4248_HDR\" data-caption=\"DSC_4248_HDR\" data-title=\"DSC_4248_HDR\" style=\" width:215px; height:215px;\" \/><\/div><FIGCAPTION class=\"\" data-alpha=\"5\" style=\"color:#ffffff; background-color:#6f0000; font-size:140; text-align:2; font-family:Default;\" ><div class=\"grid-gallery-figcaption-wrap\" style=\"\"><\/div><\/FIGCAPTION><\/FIGURE><FIGURE class=\"grid-gallery-caption\" data-grid-gallery-type=\"quarter-slide-up\" data-index=\"11\" style=\"display:none;border-radius:00;; margin:5.3px; width:2150;\" ><div class=\"crop\" style=\" width:2150; height:2150; overflow:hidden;\"><img decoding=\"async\" src=\"https:\/\/urbex-team-bremen-nord.de\/wp-content\/uploads\/2022\/08\/DSC_4247_HDR-scaled-215x215.jpg\" class=\"ggImg\" alt=\"DSC_4247_HDR\" title=\"DSC_4247_HDR\" data-description=\"DSC_4247_HDR\" data-caption=\"DSC_4247_HDR\" data-title=\"DSC_4247_HDR\" style=\" width:215px; height:215px;\" \/><\/div><FIGCAPTION class=\"\" data-alpha=\"5\" style=\"color:#ffffff; background-color:#6f0000; font-size:140; text-align:2; font-family:Default;\" ><div class=\"grid-gallery-figcaption-wrap\" style=\"\"><\/div><\/FIGCAPTION><\/FIGURE><FIGURE class=\"grid-gallery-caption\" data-grid-gallery-type=\"quarter-slide-up\" data-index=\"12\" style=\"display:none;border-radius:00;; margin:5.3px; width:2150;\" ><div class=\"crop\" style=\" width:2150; height:2150; overflow:hidden;\"><img decoding=\"async\" src=\"https:\/\/urbex-team-bremen-nord.de\/wp-content\/uploads\/2022\/08\/DSC_4245_HDR-scaled-215x215.jpg\" class=\"ggImg\" alt=\"DSC_4245_HDR\" title=\"DSC_4245_HDR\" data-description=\"DSC_4245_HDR\" data-caption=\"DSC_4245_HDR\" data-title=\"DSC_4245_HDR\" style=\" width:215px; height:215px;\" \/><\/div><FIGCAPTION class=\"\" data-alpha=\"5\" style=\"color:#ffffff; background-color:#6f0000; font-size:140; text-align:2; font-family:Default;\" ><div class=\"grid-gallery-figcaption-wrap\" style=\"\"><\/div><\/FIGCAPTION><\/FIGURE><FIGURE class=\"grid-gallery-caption\" data-grid-gallery-type=\"quarter-slide-up\" data-index=\"13\" style=\"display:none;border-radius:00;; margin:5.3px; width:2150;\" ><div class=\"crop\" style=\" width:2150; height:2150; overflow:hidden;\"><img decoding=\"async\" src=\"https:\/\/urbex-team-bremen-nord.de\/wp-content\/uploads\/2022\/08\/DSC_4233_HDR-scaled-215x215.jpg\" class=\"ggImg\" alt=\"DSC_4233_HDR\" title=\"DSC_4233_HDR\" data-description=\"DSC_4233_HDR\" data-caption=\"DSC_4233_HDR\" data-title=\"DSC_4233_HDR\" style=\" width:215px; height:215px;\" \/><\/div><FIGCAPTION class=\"\" data-alpha=\"5\" style=\"color:#ffffff; background-color:#6f0000; font-size:140; text-align:2; font-family:Default;\" ><div class=\"grid-gallery-figcaption-wrap\" style=\"\"><\/div><\/FIGCAPTION><\/FIGURE><FIGURE class=\"grid-gallery-caption\" data-grid-gallery-type=\"quarter-slide-up\" data-index=\"14\" style=\"display:none;border-radius:00;; margin:5.3px; width:2150;\" ><div class=\"crop\" style=\" width:2150; height:2150; overflow:hidden;\"><img decoding=\"async\" src=\"https:\/\/urbex-team-bremen-nord.de\/wp-content\/uploads\/2022\/08\/DJI_0031_HDR-scaled-215x215.jpg\" class=\"ggImg\" alt=\"DJI_0031_HDR\" title=\"DJI_0031_HDR\" data-description=\"DJI_0031_HDR\" data-caption=\"DJI_0031_HDR\" data-title=\"DJI_0031_HDR\" style=\" width:215px; height:215px;\" \/><\/div><FIGCAPTION class=\"\" data-alpha=\"5\" style=\"color:#ffffff; background-color:#6f0000; font-size:140; text-align:2; font-family:Default;\" ><div class=\"grid-gallery-figcaption-wrap\" style=\"\"><\/div><\/FIGCAPTION><\/FIGURE><FIGURE class=\"grid-gallery-caption\" data-grid-gallery-type=\"quarter-slide-up\" data-index=\"15\" style=\"display:none;border-radius:00;; margin:5.3px; width:2150;\" ><div class=\"crop\" style=\" width:2150; height:2150; overflow:hidden;\"><img decoding=\"async\" src=\"https:\/\/urbex-team-bremen-nord.de\/wp-content\/uploads\/2022\/08\/DJI_0028_HDR-scaled-215x215.jpg\" class=\"ggImg\" alt=\"DJI_0028_HDR\" title=\"DJI_0028_HDR\" data-description=\"DJI_0028_HDR\" data-caption=\"DJI_0028_HDR\" data-title=\"DJI_0028_HDR\" style=\" width:215px; height:215px;\" \/><\/div><FIGCAPTION class=\"\" data-alpha=\"5\" style=\"color:#ffffff; background-color:#6f0000; font-size:140; text-align:2; font-family:Default;\" ><div class=\"grid-gallery-figcaption-wrap\" style=\"\"><\/div><\/FIGCAPTION><\/FIGURE><FIGURE class=\"grid-gallery-caption\" data-grid-gallery-type=\"quarter-slide-up\" data-index=\"16\" style=\"display:none;border-radius:00;; margin:5.3px; width:2150;\" ><div class=\"crop\" style=\" width:2150; height:2150; overflow:hidden;\"><img decoding=\"async\" src=\"https:\/\/urbex-team-bremen-nord.de\/wp-content\/uploads\/2022\/08\/DJI_0010_HDR-scaled-215x215.jpg\" class=\"ggImg\" alt=\"DJI_0010_HDR\" title=\"DJI_0010_HDR\" data-description=\"DJI_0010_HDR\" data-caption=\"DJI_0010_HDR\" data-title=\"DJI_0010_HDR\" style=\" width:215px; height:215px;\" \/><\/div><FIGCAPTION class=\"\" data-alpha=\"5\" style=\"color:#ffffff; background-color:#6f0000; font-size:140; text-align:2; font-family:Default;\" ><div class=\"grid-gallery-figcaption-wrap\" style=\"\"><\/div><\/FIGCAPTION><\/FIGURE><FIGURE class=\"grid-gallery-caption\" data-grid-gallery-type=\"quarter-slide-up\" data-index=\"17\" style=\"display:none;border-radius:00;; margin:5.3px; width:2150;\" ><div class=\"crop\" style=\" width:2150; height:2150; overflow:hidden;\"><img decoding=\"async\" src=\"https:\/\/urbex-team-bremen-nord.de\/wp-content\/uploads\/2022\/08\/DJI_0009_HDR-scaled-215x215.jpg\" class=\"ggImg\" alt=\"DJI_0009_HDR\" title=\"DJI_0009_HDR\" data-description=\"DJI_0009_HDR\" data-caption=\"DJI_0009_HDR\" data-title=\"DJI_0009_HDR\" style=\" width:215px; height:215px;\" \/><\/div><FIGCAPTION class=\"\" data-alpha=\"5\" style=\"color:#ffffff; background-color:#6f0000; font-size:140; text-align:2; font-family:Default;\" ><div class=\"grid-gallery-figcaption-wrap\" style=\"\"><\/div><\/FIGCAPTION><\/FIGURE><FIGURE class=\"grid-gallery-caption\" data-grid-gallery-type=\"quarter-slide-up\" data-index=\"18\" style=\"display:none;border-radius:00;; margin:5.3px; width:2150;\" ><div class=\"crop\" style=\" width:2150; height:2150; overflow:hidden;\"><img decoding=\"async\" src=\"https:\/\/urbex-team-bremen-nord.de\/wp-content\/uploads\/2022\/08\/DJI_0006_HDR-scaled-215x215.jpg\" class=\"ggImg\" alt=\"DJI_0006_HDR\" title=\"DJI_0006_HDR\" data-description=\"DJI_0006_HDR\" data-caption=\"DJI_0006_HDR\" data-title=\"DJI_0006_HDR\" style=\" width:215px; height:215px;\" \/><\/div><FIGCAPTION class=\"\" data-alpha=\"5\" style=\"color:#ffffff; background-color:#6f0000; font-size:140; text-align:2; font-family:Default;\" ><div class=\"grid-gallery-figcaption-wrap\" style=\"\"><\/div><\/FIGCAPTION><\/FIGURE> <div class=\"grid-gallery-clearfix\"><\/div> <\/div> <div class=\"gallery-sharing-bottom\" style=\"display:none;\"> <\/div> <div class=\"gallery-sharing-image\" style=\"display:none;\"> <\/div> <div class=\"gallery-sharing-popup\" style=\"display:none;\"> <\/div> <div class=\"grid-gallery-clearfix\"><\/div> <\/div> <!-- Gallery by Supsystic plugin1.15.25 --><a title=\"Wordpress Gallery Plugin Free\" style=\"display:none;\" href=\"https:\/\/supsystic.com\/plugins\/photo-gallery\/?utm_medium=love_link\" target=\"_blank\">Wordpress Gallery Plugin Free<\/a>\n","protected":false},"excerpt":{"rendered":"<p>(legal Visit) Nach einer langen Anreise haben wir das Ziel erreicht. Mitten in einem Neubaugebiet steht ein markantes, rundes Holzgeb\u00e4ude. Hier hatte der ehemalige Staatszirkus der DDR sein Winterquartier.\u00a0 Mit der runden Manege sind die Stallungen verbunden, wo die Tiere untergebracht wurden. Dabei handelte es sich um Pferde, Affen und sogar eine Giraffe und ein &hellip; <a href=\"https:\/\/urbex-team-bremen-nord.de\/?page_id=3716\" class=\"more-link\"><span class=\"screen-reader-text\">Winterquartier DDR-Zirkus<\/span> weiterlesen<\/a><\/p>\n","protected":false},"author":1,"featured_media":0,"parent":0,"menu_order":0,"comment_status":"closed","ping_status":"closed","template":"","meta":{"ngg_post_thumbnail":0,"footnotes":""},"class_list":["post-3716","page","type-page","status-publish","hentry"],"_links":{"self":[{"href":"https:\/\/urbex-team-bremen-nord.de\/index.php?rest_route=\/wp\/v2\/pages\/3716","targetHints":{"allow":["GET"]}}],"collection":[{"href":"https:\/\/urbex-team-bremen-nord.de\/index.php?rest_route=\/wp\/v2\/pages"}],"about":[{"href":"https:\/\/urbex-team-bremen-nord.de\/index.php?rest_route=\/wp\/v2\/types\/page"}],"author":[{"embeddable":true,"href":"https:\/\/urbex-team-bremen-nord.de\/index.php?rest_route=\/wp\/v2\/users\/1"}],"replies":[{"embeddable":true,"href":"https:\/\/urbex-team-bremen-nord.de\/index.php?rest_route=%2Fwp%2Fv2%2Fcomments&post=3716"}],"version-history":[{"count":1,"href":"https:\/\/urbex-team-bremen-nord.de\/index.php?rest_route=\/wp\/v2\/pages\/3716\/revisions"}],"predecessor-version":[{"id":3718,"href":"https:\/\/urbex-team-bremen-nord.de\/index.php?rest_route=\/wp\/v2\/pages\/3716\/revisions\/3718"}],"wp:attachment":[{"href":"https:\/\/urbex-team-bremen-nord.de\/index.php?rest_route=%2Fwp%2Fv2%2Fmedia&parent=3716"}],"curies":[{"name":"wp","href":"https:\/\/api.w.org\/{rel}","templated":true}]}}