{"id":3373,"date":"2021-06-15T15:12:12","date_gmt":"2021-06-15T13:12:12","guid":{"rendered":"https:\/\/urbex-team-bremen-nord.de\/?page_id=3373"},"modified":"2021-06-15T15:14:03","modified_gmt":"2021-06-15T13:14:03","slug":"forschungszentrum-blattlaus","status":"publish","type":"page","link":"https:\/\/urbex-team-bremen-nord.de\/?page_id=3373","title":{"rendered":"Forschungszentrum \u201eBlattlaus\u201c"},"content":{"rendered":"\n<p>Dieses sehr gro\u00dfe Gel\u00e4nde ist die Heimat eines ehemaligen Forschungszentrums. In den Klimakammern konnten z.B. verschiedene Klimabedingungen und deren Auswirkungen auf die Bev\u00f6lkerung von Insekten simuliert werden.<\/p>\n\n\n\n<p>Irgendwann wurde das Gel\u00e4nde zu klein und das Forschungszentrum wurde an einem anderen Ort neu Aufgebaut. Seitdem schlummert es nahezu unber\u00fchrt vor sich hin.<\/p>\n\n\n\n<p>Es waren sehr viele, nicht zerst\u00f6rte Gew\u00e4chsh\u00e4user auf dem Gel\u00e4nde verteilt und es war ein tolles Erlebnis diese zu erkunden. In jeder Ecke gab es etwas zu sehen.<\/p>\n\n\n<div id=\"grid-gallery-115-54483\" data-gg-id=\"115\" data-title=\"Forschungszentrum \u201eBlattlaus\u201c\" data-grid-type=\"0\" data-offset=\"5.3\" data-area-position=\"center\" data-icons=\"\" data-preloader=\"true\" data-width=\"215\" data-height=\"215\" data-padding=\"0\" data-quicksand=\"disabled\" data-quicksand-duration=\"none\" data-popup-theme=\"theme_6\" data-popup-type=\"pretty-photo\" data-popup-image-text=\"data-description\" data-popup-widthsize=\"auto\" data-popup-heightsize=\"auto\" data-popup-i18n-words=\"{&quot;close&quot;:&quot;schlie\\u00dfen&quot;,&quot;next&quot;:&quot;n\\u00e4chste&quot;,&quot;previous&quot;:&quot;vorherige&quot;,&quot;start_slideshow&quot;:&quot;Starte Slideshow&quot;,&quot;stop_slideshow&quot;:&quot;Stoppe Slideshow&quot;,&quot;image&quot;:&quot;Bild&quot;,&quot;of&quot;:&quot;von&quot;,&quot;prev&quot;:&quot;vorherige&quot;,&quot;cExpand&quot;:&quot;Erweitere&quot;,&quot;cPrevious&quot;:&quot;Vorheriges&quot;,&quot;cNext&quot;:&quot;N\\u00e4chstes&quot;,&quot;cExpandStr&quot;:&quot;Erweitere Bild&quot;,&quot;cRotate&quot;:&quot;Rotate&quot;,&quot;cDetails&quot;:&quot;Details&quot;}\" data-popup-slideshow=\"false\" data-popup-slideshow-speed=\"2500\" data-popup-hoverstop=\"true\" data-popup-slideshow-auto=\"false\" data-popup-background=\"\" data-popup-transparency=\"30\" data-popup-disable-history=\"\" data-popup-disable-changed-url=\"\" data-popup-border-type=\"solid\" data-popup-border-color=\"\" data-popup-border-width=\"\" data-popup-border-enable=\"\" data-fullscreen=\"false\" data-hide-tooltip=\"false\" data-caption-font-family=\"Default\" data-caption-text-size=\"140\" data-is-mobile=\"0\" data-caption-mobile=\"false\" data-hide-long-tltp-title=\"0\" data-caption-disabled-on-mobile=\"false\" data-popup-placement-type=\"0\" data-social-sharing=\"{&quot;enabled&quot;:&quot;&quot;,&quot;gallerySharing&quot;:{&quot;enabled&quot;:null,&quot;position&quot;:null},&quot;imageSharing&quot;:{&quot;enabled&quot;:null,&quot;wrapperClass&quot;:&quot; vertical &quot;},&quot;popupSharing&quot;:{&quot;enabled&quot;:null,&quot;wrapperClass&quot;:&quot; vertical &quot;}}\" class=\"grid-gallery grid-gallery-fixed \" style=\" width:100%; height:auto; margin-left:auto; margin-right:auto;position:relative;\"> <div class=\"gallery-loading\"> <div class=\"blocks\"> <div class=\"block\"><\/div> <div class=\"block\"><\/div> <div class=\"block\"><\/div> <div class=\"block\"><\/div> <\/div> <\/div> <div class=\"gallery-sharing-top\" style=\"display:none;\"> <\/div> <div id=\"photos-115\" class=\"grid-gallery-photos\"><FIGURE class=\"grid-gallery-caption\" data-grid-gallery-type=\"quarter-slide-up\" data-index=\"0\" style=\"display:none;border-radius:00;; margin:5.3px; width:2150;\" ><div class=\"crop\" style=\" width:2150; height:2150; overflow:hidden;\"><img decoding=\"async\" src=\"https:\/\/urbex-team-bremen-nord.de\/wp-content\/uploads\/2021\/06\/IMG_6004_5_6_Enhancer-Bearbeitet-scaled-215x215.jpg\" class=\"ggImg\" alt=\"Forschungszentrum \u201eBlattlaus\u201c\" title=\"Forschungszentrum \u201eBlattlaus\u201c\" data-description=\"Forschungszentrum \u201eBlattlaus\u201c\" data-caption=\"Forschungszentrum \u201eBlattlaus\u201c\" data-title=\"Forschungszentrum \u201eBlattlaus\u201c\" style=\" width:215px; height:215px;\" \/><\/div><FIGCAPTION class=\"\" data-alpha=\"5\" style=\"color:#ffffff; background-color:#6f0000; font-size:140; text-align:left; font-family:Default;\" ><div class=\"grid-gallery-figcaption-wrap\" style=\"\"><\/div><\/FIGCAPTION><\/FIGURE><FIGURE class=\"grid-gallery-caption\" data-grid-gallery-type=\"quarter-slide-up\" data-index=\"1\" style=\"display:none;border-radius:00;; margin:5.3px; width:2150;\" ><div class=\"crop\" style=\" width:2150; height:2150; overflow:hidden;\"><img decoding=\"async\" src=\"https:\/\/urbex-team-bremen-nord.de\/wp-content\/uploads\/2021\/06\/IMG_6073_4_5_Enhancer-scaled-215x215.jpg\" class=\"ggImg\" alt=\"Forschungszentrum \u201eBlattlaus\u201c\" title=\"Forschungszentrum \u201eBlattlaus\u201c\" data-description=\"Forschungszentrum \u201eBlattlaus\u201c\" data-caption=\"Forschungszentrum \u201eBlattlaus\u201c\" data-title=\"Forschungszentrum \u201eBlattlaus\u201c\" style=\" width:215px; height:215px;\" \/><\/div><FIGCAPTION class=\"\" data-alpha=\"5\" style=\"color:#ffffff; background-color:#6f0000; font-size:140; text-align:left; font-family:Default;\" ><div class=\"grid-gallery-figcaption-wrap\" style=\"\"><\/div><\/FIGCAPTION><\/FIGURE><FIGURE class=\"grid-gallery-caption\" data-grid-gallery-type=\"quarter-slide-up\" data-index=\"2\" style=\"display:none;border-radius:00;; margin:5.3px; width:2150;\" ><div class=\"crop\" style=\" width:2150; height:2150; overflow:hidden;\"><img decoding=\"async\" src=\"https:\/\/urbex-team-bremen-nord.de\/wp-content\/uploads\/2021\/06\/IMG_5984_5_6_Enhancer-scaled-215x215.jpg\" class=\"ggImg\" alt=\"Forschungszentrum \u201eBlattlaus\u201c\" title=\"Forschungszentrum \u201eBlattlaus\u201c\" data-description=\"Forschungszentrum \u201eBlattlaus\u201c\" data-caption=\"Forschungszentrum \u201eBlattlaus\u201c\" data-title=\"Forschungszentrum \u201eBlattlaus\u201c\" style=\" width:215px; height:215px;\" \/><\/div><FIGCAPTION class=\"\" data-alpha=\"5\" style=\"color:#ffffff; background-color:#6f0000; font-size:140; text-align:left; font-family:Default;\" ><div class=\"grid-gallery-figcaption-wrap\" style=\"\"><\/div><\/FIGCAPTION><\/FIGURE><FIGURE class=\"grid-gallery-caption\" data-grid-gallery-type=\"quarter-slide-up\" data-index=\"3\" style=\"display:none;border-radius:00;; margin:5.3px; width:2150;\" ><div class=\"crop\" style=\" width:2150; height:2150; overflow:hidden;\"><img decoding=\"async\" src=\"https:\/\/urbex-team-bremen-nord.de\/wp-content\/uploads\/2021\/06\/IMG_6093_4_5_Enhancer-scaled-215x215.jpg\" class=\"ggImg\" alt=\"Forschungszentrum \u201eBlattlaus\u201c\" title=\"Forschungszentrum \u201eBlattlaus\u201c\" data-description=\"Forschungszentrum \u201eBlattlaus\u201c\" data-caption=\"Forschungszentrum \u201eBlattlaus\u201c\" data-title=\"Forschungszentrum \u201eBlattlaus\u201c\" style=\" width:215px; height:215px;\" \/><\/div><FIGCAPTION class=\"\" data-alpha=\"5\" style=\"color:#ffffff; background-color:#6f0000; font-size:140; text-align:left; font-family:Default;\" ><div class=\"grid-gallery-figcaption-wrap\" style=\"\"><\/div><\/FIGCAPTION><\/FIGURE><FIGURE class=\"grid-gallery-caption\" data-grid-gallery-type=\"quarter-slide-up\" data-index=\"4\" style=\"display:none;border-radius:00;; margin:5.3px; width:2150;\" ><div class=\"crop\" style=\" width:2150; height:2150; overflow:hidden;\"><img decoding=\"async\" src=\"https:\/\/urbex-team-bremen-nord.de\/wp-content\/uploads\/2021\/06\/IMG_6089_90_91_Enhancer-scaled-215x215.jpg\" class=\"ggImg\" alt=\"Forschungszentrum \u201eBlattlaus\u201c\" title=\"Forschungszentrum \u201eBlattlaus\u201c\" data-description=\"Forschungszentrum \u201eBlattlaus\u201c\" data-caption=\"Forschungszentrum \u201eBlattlaus\u201c\" data-title=\"Forschungszentrum \u201eBlattlaus\u201c\" style=\" width:215px; height:215px;\" \/><\/div><FIGCAPTION class=\"\" data-alpha=\"5\" style=\"color:#ffffff; background-color:#6f0000; font-size:140; text-align:left; font-family:Default;\" ><div class=\"grid-gallery-figcaption-wrap\" style=\"\"><\/div><\/FIGCAPTION><\/FIGURE><FIGURE class=\"grid-gallery-caption\" data-grid-gallery-type=\"quarter-slide-up\" data-index=\"5\" style=\"display:none;border-radius:00;; margin:5.3px; width:2150;\" ><div class=\"crop\" style=\" width:2150; height:2150; overflow:hidden;\"><img decoding=\"async\" src=\"https:\/\/urbex-team-bremen-nord.de\/wp-content\/uploads\/2021\/06\/IMG_5992_3_4_Enhancer-scaled-215x215.jpg\" class=\"ggImg\" alt=\"Forschungszentrum \u201eBlattlaus\u201c\" title=\"Forschungszentrum \u201eBlattlaus\u201c\" data-description=\"Forschungszentrum \u201eBlattlaus\u201c\" data-caption=\"Forschungszentrum \u201eBlattlaus\u201c\" data-title=\"Forschungszentrum \u201eBlattlaus\u201c\" style=\" width:215px; height:215px;\" \/><\/div><FIGCAPTION class=\"\" data-alpha=\"5\" style=\"color:#ffffff; background-color:#6f0000; font-size:140; text-align:left; font-family:Default;\" ><div class=\"grid-gallery-figcaption-wrap\" style=\"\"><\/div><\/FIGCAPTION><\/FIGURE><FIGURE class=\"grid-gallery-caption\" data-grid-gallery-type=\"quarter-slide-up\" data-index=\"6\" style=\"display:none;border-radius:00;; margin:5.3px; width:2150;\" ><div class=\"crop\" style=\" width:2150; height:2150; overflow:hidden;\"><img decoding=\"async\" src=\"https:\/\/urbex-team-bremen-nord.de\/wp-content\/uploads\/2021\/06\/IMG_6081_2_3_Enhancer-scaled-215x215.jpg\" class=\"ggImg\" alt=\"Forschungszentrum \u201eBlattlaus\u201c\" title=\"Forschungszentrum \u201eBlattlaus\u201c\" data-description=\"Forschungszentrum \u201eBlattlaus\u201c\" data-caption=\"Forschungszentrum \u201eBlattlaus\u201c\" data-title=\"Forschungszentrum \u201eBlattlaus\u201c\" style=\" width:215px; height:215px;\" \/><\/div><FIGCAPTION class=\"\" data-alpha=\"5\" style=\"color:#ffffff; background-color:#6f0000; font-size:140; text-align:left; font-family:Default;\" ><div class=\"grid-gallery-figcaption-wrap\" style=\"\"><\/div><\/FIGCAPTION><\/FIGURE><FIGURE class=\"grid-gallery-caption\" data-grid-gallery-type=\"quarter-slide-up\" data-index=\"7\" style=\"display:none;border-radius:00;; margin:5.3px; width:2150;\" ><div class=\"crop\" style=\" width:2150; height:2150; overflow:hidden;\"><img decoding=\"async\" src=\"https:\/\/urbex-team-bremen-nord.de\/wp-content\/uploads\/2021\/06\/IMG_5996_7_8_Enhancer-scaled-215x215.jpg\" class=\"ggImg\" alt=\"Forschungszentrum \u201eBlattlaus\u201c\" title=\"Forschungszentrum \u201eBlattlaus\u201c\" data-description=\"Forschungszentrum \u201eBlattlaus\u201c\" data-caption=\"Forschungszentrum \u201eBlattlaus\u201c\" data-title=\"Forschungszentrum \u201eBlattlaus\u201c\" style=\" width:215px; height:215px;\" \/><\/div><FIGCAPTION class=\"\" data-alpha=\"5\" style=\"color:#ffffff; background-color:#6f0000; font-size:140; text-align:left; font-family:Default;\" ><div class=\"grid-gallery-figcaption-wrap\" style=\"\"><\/div><\/FIGCAPTION><\/FIGURE><FIGURE class=\"grid-gallery-caption\" data-grid-gallery-type=\"quarter-slide-up\" data-index=\"8\" style=\"display:none;border-radius:00;; margin:5.3px; width:2150;\" ><div class=\"crop\" style=\" width:2150; height:2150; overflow:hidden;\"><img decoding=\"async\" src=\"https:\/\/urbex-team-bremen-nord.de\/wp-content\/uploads\/2021\/06\/IMG_6056_7_8_Enhancer-scaled-215x215.jpg\" class=\"ggImg\" alt=\"Forschungszentrum \u201eBlattlaus\u201c\" title=\"Forschungszentrum \u201eBlattlaus\u201c\" data-description=\"Forschungszentrum \u201eBlattlaus\u201c\" data-caption=\"Forschungszentrum \u201eBlattlaus\u201c\" data-title=\"Forschungszentrum \u201eBlattlaus\u201c\" style=\" width:215px; height:215px;\" \/><\/div><FIGCAPTION class=\"\" data-alpha=\"5\" style=\"color:#ffffff; background-color:#6f0000; font-size:140; text-align:left; font-family:Default;\" ><div class=\"grid-gallery-figcaption-wrap\" style=\"\"><\/div><\/FIGCAPTION><\/FIGURE><FIGURE class=\"grid-gallery-caption\" data-grid-gallery-type=\"quarter-slide-up\" data-index=\"9\" style=\"display:none;border-radius:00;; margin:5.3px; width:2150;\" ><div class=\"crop\" style=\" width:2150; height:2150; overflow:hidden;\"><img decoding=\"async\" src=\"https:\/\/urbex-team-bremen-nord.de\/wp-content\/uploads\/2021\/06\/IMG_6052_3_4_Enhancer-scaled-215x215.jpg\" class=\"ggImg\" alt=\"Forschungszentrum \u201eBlattlaus\u201c\" title=\"Forschungszentrum \u201eBlattlaus\u201c\" data-description=\"Forschungszentrum \u201eBlattlaus\u201c\" data-caption=\"Forschungszentrum \u201eBlattlaus\u201c\" data-title=\"Forschungszentrum \u201eBlattlaus\u201c\" style=\" width:215px; height:215px;\" \/><\/div><FIGCAPTION class=\"\" data-alpha=\"5\" style=\"color:#ffffff; background-color:#6f0000; font-size:140; text-align:left; font-family:Default;\" ><div class=\"grid-gallery-figcaption-wrap\" style=\"\"><\/div><\/FIGCAPTION><\/FIGURE><FIGURE class=\"grid-gallery-caption\" data-grid-gallery-type=\"quarter-slide-up\" data-index=\"10\" style=\"display:none;border-radius:00;; margin:5.3px; width:2150;\" ><div class=\"crop\" style=\" width:2150; height:2150; overflow:hidden;\"><img decoding=\"async\" src=\"https:\/\/urbex-team-bremen-nord.de\/wp-content\/uploads\/2021\/06\/IMG_6044_5_6_Enhancer-scaled-215x215.jpg\" class=\"ggImg\" alt=\"Forschungszentrum \u201eBlattlaus\u201c\" title=\"Forschungszentrum \u201eBlattlaus\u201c\" data-description=\"Forschungszentrum \u201eBlattlaus\u201c\" data-caption=\"Forschungszentrum \u201eBlattlaus\u201c\" data-title=\"Forschungszentrum \u201eBlattlaus\u201c\" style=\" width:215px; height:215px;\" \/><\/div><FIGCAPTION class=\"\" data-alpha=\"5\" style=\"color:#ffffff; background-color:#6f0000; font-size:140; text-align:left; font-family:Default;\" ><div class=\"grid-gallery-figcaption-wrap\" style=\"\"><\/div><\/FIGCAPTION><\/FIGURE><FIGURE class=\"grid-gallery-caption\" data-grid-gallery-type=\"quarter-slide-up\" data-index=\"11\" style=\"display:none;border-radius:00;; margin:5.3px; width:2150;\" ><div class=\"crop\" style=\" width:2150; height:2150; overflow:hidden;\"><img decoding=\"async\" src=\"https:\/\/urbex-team-bremen-nord.de\/wp-content\/uploads\/2021\/06\/IMG_6036_7_8_Enhancer-scaled-215x215.jpg\" class=\"ggImg\" alt=\"Forschungszentrum \u201eBlattlaus\u201c\" title=\"Forschungszentrum \u201eBlattlaus\u201c\" data-description=\"Forschungszentrum \u201eBlattlaus\u201c\" data-caption=\"Forschungszentrum \u201eBlattlaus\u201c\" data-title=\"Forschungszentrum \u201eBlattlaus\u201c\" style=\" width:215px; height:215px;\" \/><\/div><FIGCAPTION class=\"\" data-alpha=\"5\" style=\"color:#ffffff; background-color:#6f0000; font-size:140; text-align:left; font-family:Default;\" ><div class=\"grid-gallery-figcaption-wrap\" style=\"\"><\/div><\/FIGCAPTION><\/FIGURE><FIGURE class=\"grid-gallery-caption\" data-grid-gallery-type=\"quarter-slide-up\" data-index=\"12\" style=\"display:none;border-radius:00;; margin:5.3px; width:2150;\" ><div class=\"crop\" style=\" width:2150; height:2150; overflow:hidden;\"><img decoding=\"async\" src=\"https:\/\/urbex-team-bremen-nord.de\/wp-content\/uploads\/2021\/06\/IMG_6032_3_4_Enhancer-scaled-215x215.jpg\" class=\"ggImg\" alt=\"Forschungszentrum \u201eBlattlaus\u201c\" title=\"Forschungszentrum \u201eBlattlaus\u201c\" data-description=\"Forschungszentrum \u201eBlattlaus\u201c\" data-caption=\"Forschungszentrum \u201eBlattlaus\u201c\" data-title=\"Forschungszentrum \u201eBlattlaus\u201c\" style=\" width:215px; height:215px;\" \/><\/div><FIGCAPTION class=\"\" data-alpha=\"5\" style=\"color:#ffffff; background-color:#6f0000; font-size:140; text-align:left; font-family:Default;\" ><div class=\"grid-gallery-figcaption-wrap\" style=\"\"><\/div><\/FIGCAPTION><\/FIGURE><FIGURE class=\"grid-gallery-caption\" data-grid-gallery-type=\"quarter-slide-up\" data-index=\"13\" style=\"display:none;border-radius:00;; margin:5.3px; width:2150;\" ><div class=\"crop\" style=\" width:2150; height:2150; overflow:hidden;\"><img decoding=\"async\" src=\"https:\/\/urbex-team-bremen-nord.de\/wp-content\/uploads\/2021\/06\/IMG_6020_1_2_Enhancer-scaled-215x215.jpg\" class=\"ggImg\" alt=\"Forschungszentrum \u201eBlattlaus\u201c\" title=\"Forschungszentrum \u201eBlattlaus\u201c\" data-description=\"Forschungszentrum \u201eBlattlaus\u201c\" data-caption=\"Forschungszentrum \u201eBlattlaus\u201c\" data-title=\"Forschungszentrum \u201eBlattlaus\u201c\" style=\" width:215px; height:215px;\" \/><\/div><FIGCAPTION class=\"\" data-alpha=\"5\" style=\"color:#ffffff; background-color:#6f0000; font-size:140; text-align:left; font-family:Default;\" ><div class=\"grid-gallery-figcaption-wrap\" style=\"\"><\/div><\/FIGCAPTION><\/FIGURE><FIGURE class=\"grid-gallery-caption\" data-grid-gallery-type=\"quarter-slide-up\" data-index=\"14\" style=\"display:none;border-radius:00;; margin:5.3px; width:2150;\" ><div class=\"crop\" style=\" width:2150; height:2150; overflow:hidden;\"><img decoding=\"async\" src=\"https:\/\/urbex-team-bremen-nord.de\/wp-content\/uploads\/2021\/06\/IMG_6016_7_8_Enhancer-scaled-215x215.jpg\" class=\"ggImg\" alt=\"Forschungszentrum \u201eBlattlaus\u201c\" title=\"Forschungszentrum \u201eBlattlaus\u201c\" data-description=\"Forschungszentrum \u201eBlattlaus\u201c\" data-caption=\"Forschungszentrum \u201eBlattlaus\u201c\" data-title=\"Forschungszentrum \u201eBlattlaus\u201c\" style=\" width:215px; height:215px;\" \/><\/div><FIGCAPTION class=\"\" data-alpha=\"5\" style=\"color:#ffffff; background-color:#6f0000; font-size:140; text-align:left; font-family:Default;\" ><div class=\"grid-gallery-figcaption-wrap\" style=\"\"><\/div><\/FIGCAPTION><\/FIGURE><FIGURE class=\"grid-gallery-caption\" data-grid-gallery-type=\"quarter-slide-up\" data-index=\"15\" style=\"display:none;border-radius:00;; margin:5.3px; width:2150;\" ><div class=\"crop\" style=\" width:2150; height:2150; overflow:hidden;\"><img decoding=\"async\" src=\"https:\/\/urbex-team-bremen-nord.de\/wp-content\/uploads\/2021\/06\/IMG_6008_09_10_Enhancer-scaled-215x215.jpg\" class=\"ggImg\" alt=\"Forschungszentrum \u201eBlattlaus\u201c\" title=\"Forschungszentrum \u201eBlattlaus\u201c\" data-description=\"Forschungszentrum \u201eBlattlaus\u201c\" data-caption=\"Forschungszentrum \u201eBlattlaus\u201c\" data-title=\"Forschungszentrum \u201eBlattlaus\u201c\" style=\" width:215px; height:215px;\" \/><\/div><FIGCAPTION class=\"\" data-alpha=\"5\" style=\"color:#ffffff; background-color:#6f0000; font-size:140; text-align:left; font-family:Default;\" ><div class=\"grid-gallery-figcaption-wrap\" style=\"\"><\/div><\/FIGCAPTION><\/FIGURE><FIGURE class=\"grid-gallery-caption\" data-grid-gallery-type=\"quarter-slide-up\" data-index=\"16\" style=\"display:none;border-radius:00;; margin:5.3px; width:2150;\" ><div class=\"crop\" style=\" width:2150; height:2150; overflow:hidden;\"><img decoding=\"async\" src=\"https:\/\/urbex-team-bremen-nord.de\/wp-content\/uploads\/2021\/06\/IMG_5988_89_90_Enhancer-scaled-215x215.jpg\" class=\"ggImg\" alt=\"Forschungszentrum \u201eBlattlaus\u201c\" title=\"Forschungszentrum \u201eBlattlaus\u201c\" data-description=\"Forschungszentrum \u201eBlattlaus\u201c\" data-caption=\"Forschungszentrum \u201eBlattlaus\u201c\" data-title=\"Forschungszentrum \u201eBlattlaus\u201c\" style=\" width:215px; height:215px;\" \/><\/div><FIGCAPTION class=\"\" data-alpha=\"5\" style=\"color:#ffffff; background-color:#6f0000; font-size:140; text-align:left; font-family:Default;\" ><div class=\"grid-gallery-figcaption-wrap\" style=\"\"><\/div><\/FIGCAPTION><\/FIGURE><FIGURE class=\"grid-gallery-caption\" data-grid-gallery-type=\"quarter-slide-up\" data-index=\"17\" style=\"display:none;border-radius:00;; margin:5.3px; width:2150;\" ><div class=\"crop\" style=\" width:2150; height:2150; overflow:hidden;\"><img decoding=\"async\" src=\"https:\/\/urbex-team-bremen-nord.de\/wp-content\/uploads\/2021\/06\/IMG_5976_7_8_Enhancer-scaled-215x215.jpg\" class=\"ggImg\" alt=\"Forschungszentrum \u201eBlattlaus\u201c\" title=\"Forschungszentrum \u201eBlattlaus\u201c\" data-description=\"Forschungszentrum \u201eBlattlaus\u201c\" data-caption=\"Forschungszentrum \u201eBlattlaus\u201c\" data-title=\"Forschungszentrum \u201eBlattlaus\u201c\" style=\" width:215px; height:215px;\" \/><\/div><FIGCAPTION class=\"\" data-alpha=\"5\" style=\"color:#ffffff; background-color:#6f0000; font-size:140; text-align:left; font-family:Default;\" ><div class=\"grid-gallery-figcaption-wrap\" style=\"\"><\/div><\/FIGCAPTION><\/FIGURE><FIGURE class=\"grid-gallery-caption\" data-grid-gallery-type=\"quarter-slide-up\" data-index=\"18\" style=\"display:none;border-radius:00;; margin:5.3px; width:2150;\" ><div class=\"crop\" style=\" width:2150; height:2150; overflow:hidden;\"><img decoding=\"async\" src=\"https:\/\/urbex-team-bremen-nord.de\/wp-content\/uploads\/2021\/06\/IMG_5964_5_6_Enhancer-scaled-215x215.jpg\" class=\"ggImg\" alt=\"Forschungszentrum \u201eBlattlaus\u201c\" title=\"Forschungszentrum \u201eBlattlaus\u201c\" data-description=\"Forschungszentrum \u201eBlattlaus\u201c\" data-caption=\"Forschungszentrum \u201eBlattlaus\u201c\" data-title=\"Forschungszentrum \u201eBlattlaus\u201c\" style=\" width:215px; height:215px;\" \/><\/div><FIGCAPTION class=\"\" data-alpha=\"5\" style=\"color:#ffffff; background-color:#6f0000; font-size:140; text-align:left; font-family:Default;\" ><div class=\"grid-gallery-figcaption-wrap\" style=\"\"><\/div><\/FIGCAPTION><\/FIGURE><FIGURE class=\"grid-gallery-caption\" data-grid-gallery-type=\"quarter-slide-up\" data-index=\"19\" style=\"display:none;border-radius:00;; margin:5.3px; width:2150;\" ><div class=\"crop\" style=\" width:2150; height:2150; overflow:hidden;\"><img decoding=\"async\" src=\"https:\/\/urbex-team-bremen-nord.de\/wp-content\/uploads\/2021\/06\/IMG_5956_7_8_Enhancer-scaled-215x215.jpg\" class=\"ggImg\" alt=\"Forschungszentrum \u201eBlattlaus\u201c\" title=\"Forschungszentrum \u201eBlattlaus\u201c\" data-description=\"Forschungszentrum \u201eBlattlaus\u201c\" data-caption=\"Forschungszentrum \u201eBlattlaus\u201c\" data-title=\"Forschungszentrum \u201eBlattlaus\u201c\" style=\" width:215px; height:215px;\" \/><\/div><FIGCAPTION class=\"\" data-alpha=\"5\" style=\"color:#ffffff; background-color:#6f0000; font-size:140; text-align:left; font-family:Default;\" ><div class=\"grid-gallery-figcaption-wrap\" style=\"\"><\/div><\/FIGCAPTION><\/FIGURE><FIGURE class=\"grid-gallery-caption\" data-grid-gallery-type=\"quarter-slide-up\" data-index=\"20\" style=\"display:none;border-radius:00;; margin:5.3px; width:2150;\" ><div class=\"crop\" style=\" width:2150; height:2150; overflow:hidden;\"><img decoding=\"async\" src=\"https:\/\/urbex-team-bremen-nord.de\/wp-content\/uploads\/2021\/06\/IMG_6028_29_30_Enhancer-scaled-215x215.jpg\" class=\"ggImg\" alt=\"Forschungszentrum \u201eBlattlaus\u201c\" title=\"Forschungszentrum \u201eBlattlaus\u201c\" data-description=\"Forschungszentrum \u201eBlattlaus\u201c\" data-caption=\"Forschungszentrum \u201eBlattlaus\u201c\" data-title=\"Forschungszentrum \u201eBlattlaus\u201c\" style=\" width:215px; height:215px;\" \/><\/div><FIGCAPTION class=\"\" data-alpha=\"5\" style=\"color:#ffffff; background-color:#6f0000; font-size:140; text-align:left; font-family:Default;\" ><div class=\"grid-gallery-figcaption-wrap\" style=\"\"><\/div><\/FIGCAPTION><\/FIGURE> <div class=\"grid-gallery-clearfix\"><\/div> <\/div> <div class=\"gallery-sharing-bottom\" style=\"display:none;\"> <\/div> <div class=\"gallery-sharing-image\" style=\"display:none;\"> <\/div> <div class=\"gallery-sharing-popup\" style=\"display:none;\"> <\/div> <div class=\"grid-gallery-clearfix\"><\/div> <\/div> <!-- Gallery by Supsystic plugin1.15.25 --><a title=\"Wordpress Gallery Plugin Free\" style=\"display:none;\" href=\"https:\/\/supsystic.com\/plugins\/photo-gallery\/?utm_medium=love_link\" target=\"_blank\">Wordpress Gallery Plugin Free<\/a>\n","protected":false},"excerpt":{"rendered":"<p>Dieses sehr gro\u00dfe Gel\u00e4nde ist die Heimat eines ehemaligen Forschungszentrums. In den Klimakammern konnten z.B. verschiedene Klimabedingungen und deren Auswirkungen auf die Bev\u00f6lkerung von Insekten simuliert werden. Irgendwann wurde das Gel\u00e4nde zu klein und das Forschungszentrum wurde an einem anderen Ort neu Aufgebaut. Seitdem schlummert es nahezu unber\u00fchrt vor sich hin. Es waren sehr viele, &hellip; <a href=\"https:\/\/urbex-team-bremen-nord.de\/?page_id=3373\" class=\"more-link\"><span class=\"screen-reader-text\">Forschungszentrum \u201eBlattlaus\u201c<\/span> weiterlesen<\/a><\/p>\n","protected":false},"author":2,"featured_media":0,"parent":0,"menu_order":0,"comment_status":"closed","ping_status":"closed","template":"","meta":{"ngg_post_thumbnail":0,"footnotes":""},"class_list":["post-3373","page","type-page","status-publish","hentry"],"_links":{"self":[{"href":"https:\/\/urbex-team-bremen-nord.de\/index.php?rest_route=\/wp\/v2\/pages\/3373","targetHints":{"allow":["GET"]}}],"collection":[{"href":"https:\/\/urbex-team-bremen-nord.de\/index.php?rest_route=\/wp\/v2\/pages"}],"about":[{"href":"https:\/\/urbex-team-bremen-nord.de\/index.php?rest_route=\/wp\/v2\/types\/page"}],"author":[{"embeddable":true,"href":"https:\/\/urbex-team-bremen-nord.de\/index.php?rest_route=\/wp\/v2\/users\/2"}],"replies":[{"embeddable":true,"href":"https:\/\/urbex-team-bremen-nord.de\/index.php?rest_route=%2Fwp%2Fv2%2Fcomments&post=3373"}],"version-history":[{"count":2,"href":"https:\/\/urbex-team-bremen-nord.de\/index.php?rest_route=\/wp\/v2\/pages\/3373\/revisions"}],"predecessor-version":[{"id":3376,"href":"https:\/\/urbex-team-bremen-nord.de\/index.php?rest_route=\/wp\/v2\/pages\/3373\/revisions\/3376"}],"wp:attachment":[{"href":"https:\/\/urbex-team-bremen-nord.de\/index.php?rest_route=%2Fwp%2Fv2%2Fmedia&parent=3373"}],"curies":[{"name":"wp","href":"https:\/\/api.w.org\/{rel}","templated":true}]}}