{"id":3312,"date":"2020-10-19T09:10:18","date_gmt":"2020-10-19T07:10:18","guid":{"rendered":"http:\/\/urbex-team-bremen-nord.de\/?page_id=3312"},"modified":"2020-10-20T19:58:30","modified_gmt":"2020-10-20T17:58:30","slug":"bahnbetriebswerk-s","status":"publish","type":"page","link":"https:\/\/urbex-team-bremen-nord.de\/?page_id=3312","title":{"rendered":"Bahnbetriebswerk S."},"content":{"rendered":"\n<p>Dieser stark zerfallene Geb\u00e4udekomplex geh\u00f6rte damals zur Deutschen Reichsbahn. Die Lokstation mit einer Werkstatt wurde im Jahr 1879 erbaut. Nach der Fertigstellung wurde dieser Standort eine Betriebswerkst\u00e4tte. Anschlie\u00dfend wurde der Ringlokschuppen gebaut und 1899 in Betrieb genommen. 24 Jahre sp\u00e4ter wurde das Werk durch einen weiteren Ringlokschuppen erweitert. Auf dem Gel\u00e4nde stehen noch weitere Geb\u00e4ude, die als Werkstatt und Sozialgeb\u00e4ude von den Bahnbediensteten genutzt wurden. Nach dem Zweiten Weltkrieg wurde dieses Werk dann von der Reichsbahndirektion \u00fcbernommen und weiter betrieben. <br>Seit dem Mauerfall und dem R\u00fcckgang des G\u00fcterverkehrs in dieser Region, wurde die Werkstatt und einige Jahre sp\u00e4ter die Lokleitung geschlossen. <br>Fast 30 Jahre ist das ehemalige Bahnbetriebswerk verlassen und zerf\u00e4llt zusehends.<\/p>\n\n\n<div id=\"grid-gallery-113-27091\" data-gg-id=\"113\" data-title=\"Bahnbetriebswerk S.\" data-grid-type=\"0\" data-offset=\"5.3\" data-area-position=\"center\" data-icons=\"\" data-preloader=\"true\" data-width=\"215\" data-height=\"215\" data-padding=\"0\" data-quicksand=\"disabled\" data-quicksand-duration=\"none\" data-popup-theme=\"theme_6\" data-popup-type=\"pretty-photo\" data-popup-image-text=\"data-description\" data-popup-widthsize=\"auto\" data-popup-heightsize=\"auto\" data-popup-i18n-words=\"{&quot;close&quot;:&quot;schlie\\u00dfen&quot;,&quot;next&quot;:&quot;n\\u00e4chste&quot;,&quot;previous&quot;:&quot;vorherige&quot;,&quot;start_slideshow&quot;:&quot;Starte Slideshow&quot;,&quot;stop_slideshow&quot;:&quot;Stoppe Slideshow&quot;,&quot;image&quot;:&quot;Bild&quot;,&quot;of&quot;:&quot;von&quot;,&quot;prev&quot;:&quot;vorherige&quot;,&quot;cExpand&quot;:&quot;Erweitere&quot;,&quot;cPrevious&quot;:&quot;Vorheriges&quot;,&quot;cNext&quot;:&quot;N\\u00e4chstes&quot;,&quot;cExpandStr&quot;:&quot;Erweitere Bild&quot;,&quot;cRotate&quot;:&quot;Rotate&quot;,&quot;cDetails&quot;:&quot;Details&quot;}\" data-popup-slideshow=\"false\" data-popup-slideshow-speed=\"2500\" data-popup-hoverstop=\"true\" data-popup-slideshow-auto=\"false\" data-popup-background=\"\" data-popup-transparency=\"30\" data-popup-disable-history=\"\" data-popup-disable-changed-url=\"\" data-popup-border-type=\"solid\" data-popup-border-color=\"\" data-popup-border-width=\"\" data-popup-border-enable=\"\" data-fullscreen=\"false\" data-hide-tooltip=\"false\" data-caption-font-family=\"Default\" data-caption-text-size=\"140\" data-is-mobile=\"0\" data-caption-mobile=\"false\" data-hide-long-tltp-title=\"0\" data-caption-disabled-on-mobile=\"false\" data-popup-placement-type=\"0\" data-social-sharing=\"{&quot;enabled&quot;:&quot;&quot;,&quot;gallerySharing&quot;:{&quot;enabled&quot;:null,&quot;position&quot;:null},&quot;imageSharing&quot;:{&quot;enabled&quot;:null,&quot;wrapperClass&quot;:&quot; vertical &quot;},&quot;popupSharing&quot;:{&quot;enabled&quot;:null,&quot;wrapperClass&quot;:&quot; vertical &quot;}}\" class=\"grid-gallery grid-gallery-fixed \" style=\" width:100%; height:auto; margin-left:auto; margin-right:auto;position:relative;\"> <div class=\"gallery-loading\"> <div class=\"blocks\"> <div class=\"block\"><\/div> <div class=\"block\"><\/div> <div class=\"block\"><\/div> <div class=\"block\"><\/div> <\/div> <\/div> <div class=\"gallery-sharing-top\" style=\"display:none;\"> <\/div> <div id=\"photos-113\" class=\"grid-gallery-photos\"><FIGURE class=\"grid-gallery-caption\" data-grid-gallery-type=\"quarter-slide-up\" data-index=\"0\" style=\"display:none;border-radius:00;; margin:5.3px; width:2150;\" ><div class=\"crop\" style=\" width:2150; height:2150; overflow:hidden;\"><img decoding=\"async\" src=\"https:\/\/urbex-team-bremen-nord.de\/wp-content\/uploads\/2020\/10\/DSC_0514_HDR-scaled-215x215.jpg\" class=\"ggImg\" alt=\"DSC_0514_HDR\" title=\"DSC_0514_HDR\" data-description=\"DSC_0514_HDR\" data-caption=\"DSC_0514_HDR\" data-title=\"DSC_0514_HDR\" style=\" width:215px; height:215px;\" \/><\/div><FIGCAPTION class=\"\" data-alpha=\"5\" style=\"color:#ffffff; background-color:#6f0000; font-size:140; text-align:left; font-family:Default;\" ><div class=\"grid-gallery-figcaption-wrap\" style=\"\"><\/div><\/FIGCAPTION><\/FIGURE><FIGURE class=\"grid-gallery-caption\" data-grid-gallery-type=\"quarter-slide-up\" data-index=\"1\" style=\"display:none;border-radius:00;; margin:5.3px; width:2150;\" ><div class=\"crop\" style=\" width:2150; height:2150; overflow:hidden;\"><img decoding=\"async\" src=\"https:\/\/urbex-team-bremen-nord.de\/wp-content\/uploads\/2020\/10\/DSC_0577_HDR-1-scaled-215x215.jpg\" class=\"ggImg\" alt=\"DSC_0577_HDR\" title=\"DSC_0577_HDR\" data-description=\"DSC_0577_HDR\" data-caption=\"DSC_0577_HDR\" data-title=\"DSC_0577_HDR\" style=\" width:215px; height:215px;\" \/><\/div><FIGCAPTION class=\"\" data-alpha=\"5\" style=\"color:#ffffff; background-color:#6f0000; font-size:140; text-align:left; font-family:Default;\" ><div class=\"grid-gallery-figcaption-wrap\" style=\"\"><\/div><\/FIGCAPTION><\/FIGURE><FIGURE class=\"grid-gallery-caption\" data-grid-gallery-type=\"quarter-slide-up\" data-index=\"2\" style=\"display:none;border-radius:00;; margin:5.3px; width:2150;\" ><div class=\"crop\" style=\" width:2150; height:2150; overflow:hidden;\"><img decoding=\"async\" src=\"https:\/\/urbex-team-bremen-nord.de\/wp-content\/uploads\/2020\/10\/DSC_0576_HDR-scaled-215x215.jpg\" class=\"ggImg\" alt=\"DSC_0576_HDR\" title=\"DSC_0576_HDR\" data-description=\"DSC_0576_HDR\" data-caption=\"DSC_0576_HDR\" data-title=\"DSC_0576_HDR\" style=\" width:215px; height:215px;\" \/><\/div><FIGCAPTION class=\"\" data-alpha=\"5\" style=\"color:#ffffff; background-color:#6f0000; font-size:140; text-align:left; font-family:Default;\" ><div class=\"grid-gallery-figcaption-wrap\" style=\"\"><\/div><\/FIGCAPTION><\/FIGURE><FIGURE class=\"grid-gallery-caption\" data-grid-gallery-type=\"quarter-slide-up\" data-index=\"3\" style=\"display:none;border-radius:00;; margin:5.3px; width:2150;\" ><div class=\"crop\" style=\" width:2150; height:2150; overflow:hidden;\"><img decoding=\"async\" src=\"https:\/\/urbex-team-bremen-nord.de\/wp-content\/uploads\/2020\/10\/DSC_0574-scaled-215x215.jpg\" class=\"ggImg\" alt=\"DSC_0574\" title=\"DSC_0574\" data-description=\"DSC_0574\" data-caption=\"DSC_0574\" data-title=\"DSC_0574\" style=\" width:215px; height:215px;\" \/><\/div><FIGCAPTION class=\"\" data-alpha=\"5\" style=\"color:#ffffff; background-color:#6f0000; font-size:140; text-align:left; font-family:Default;\" ><div class=\"grid-gallery-figcaption-wrap\" style=\"\"><\/div><\/FIGCAPTION><\/FIGURE><FIGURE class=\"grid-gallery-caption\" data-grid-gallery-type=\"quarter-slide-up\" data-index=\"4\" style=\"display:none;border-radius:00;; margin:5.3px; width:2150;\" ><div class=\"crop\" style=\" width:2150; height:2150; overflow:hidden;\"><img decoding=\"async\" src=\"https:\/\/urbex-team-bremen-nord.de\/wp-content\/uploads\/2020\/10\/DSC_0571-scaled-215x215.jpg\" class=\"ggImg\" alt=\"DSC_0571\" title=\"DSC_0571\" data-description=\"DSC_0571\" data-caption=\"DSC_0571\" data-title=\"DSC_0571\" style=\" width:215px; height:215px;\" \/><\/div><FIGCAPTION class=\"\" data-alpha=\"5\" style=\"color:#ffffff; background-color:#6f0000; font-size:140; text-align:left; font-family:Default;\" ><div class=\"grid-gallery-figcaption-wrap\" style=\"\"><\/div><\/FIGCAPTION><\/FIGURE><FIGURE class=\"grid-gallery-caption\" data-grid-gallery-type=\"quarter-slide-up\" data-index=\"5\" style=\"display:none;border-radius:00;; margin:5.3px; width:2150;\" ><div class=\"crop\" style=\" width:2150; height:2150; overflow:hidden;\"><img decoding=\"async\" src=\"https:\/\/urbex-team-bremen-nord.de\/wp-content\/uploads\/2020\/10\/DSC_0570-scaled-215x215.jpg\" class=\"ggImg\" alt=\"DSC_0570\" title=\"DSC_0570\" data-description=\"DSC_0570\" data-caption=\"DSC_0570\" data-title=\"DSC_0570\" style=\" width:215px; height:215px;\" \/><\/div><FIGCAPTION class=\"\" data-alpha=\"5\" style=\"color:#ffffff; background-color:#6f0000; font-size:140; text-align:left; font-family:Default;\" ><div class=\"grid-gallery-figcaption-wrap\" style=\"\"><\/div><\/FIGCAPTION><\/FIGURE><FIGURE class=\"grid-gallery-caption\" data-grid-gallery-type=\"quarter-slide-up\" data-index=\"6\" style=\"display:none;border-radius:00;; margin:5.3px; width:2150;\" ><div class=\"crop\" style=\" width:2150; height:2150; overflow:hidden;\"><img decoding=\"async\" src=\"https:\/\/urbex-team-bremen-nord.de\/wp-content\/uploads\/2020\/10\/DSC_0567-scaled-215x215.jpg\" class=\"ggImg\" alt=\"DSC_0567\" title=\"DSC_0567\" data-description=\"DSC_0567\" data-caption=\"DSC_0567\" data-title=\"DSC_0567\" style=\" width:215px; height:215px;\" \/><\/div><FIGCAPTION class=\"\" data-alpha=\"5\" style=\"color:#ffffff; background-color:#6f0000; font-size:140; text-align:left; font-family:Default;\" ><div class=\"grid-gallery-figcaption-wrap\" style=\"\"><\/div><\/FIGCAPTION><\/FIGURE><FIGURE class=\"grid-gallery-caption\" data-grid-gallery-type=\"quarter-slide-up\" data-index=\"7\" style=\"display:none;border-radius:00;; margin:5.3px; width:2150;\" ><div class=\"crop\" style=\" width:2150; height:2150; overflow:hidden;\"><img decoding=\"async\" src=\"https:\/\/urbex-team-bremen-nord.de\/wp-content\/uploads\/2020\/10\/DSC_0564_HDR-scaled-215x215.jpg\" class=\"ggImg\" alt=\"DSC_0564_HDR\" title=\"DSC_0564_HDR\" data-description=\"DSC_0564_HDR\" data-caption=\"DSC_0564_HDR\" data-title=\"DSC_0564_HDR\" style=\" width:215px; height:215px;\" \/><\/div><FIGCAPTION class=\"\" data-alpha=\"5\" style=\"color:#ffffff; background-color:#6f0000; font-size:140; text-align:left; font-family:Default;\" ><div class=\"grid-gallery-figcaption-wrap\" style=\"\"><\/div><\/FIGCAPTION><\/FIGURE><FIGURE class=\"grid-gallery-caption\" data-grid-gallery-type=\"quarter-slide-up\" data-index=\"8\" style=\"display:none;border-radius:00;; margin:5.3px; width:2150;\" ><div class=\"crop\" style=\" width:2150; height:2150; overflow:hidden;\"><img decoding=\"async\" src=\"https:\/\/urbex-team-bremen-nord.de\/wp-content\/uploads\/2020\/10\/DSC_0561_HDR-scaled-215x215.jpg\" class=\"ggImg\" alt=\"DSC_0561_HDR\" title=\"DSC_0561_HDR\" data-description=\"DSC_0561_HDR\" data-caption=\"DSC_0561_HDR\" data-title=\"DSC_0561_HDR\" style=\" width:215px; height:215px;\" \/><\/div><FIGCAPTION class=\"\" data-alpha=\"5\" style=\"color:#ffffff; background-color:#6f0000; font-size:140; text-align:left; font-family:Default;\" ><div class=\"grid-gallery-figcaption-wrap\" style=\"\"><\/div><\/FIGCAPTION><\/FIGURE><FIGURE class=\"grid-gallery-caption\" data-grid-gallery-type=\"quarter-slide-up\" data-index=\"9\" style=\"display:none;border-radius:00;; margin:5.3px; width:2150;\" ><div class=\"crop\" style=\" width:2150; height:2150; overflow:hidden;\"><img decoding=\"async\" src=\"https:\/\/urbex-team-bremen-nord.de\/wp-content\/uploads\/2020\/10\/DSC_0560_HDR-scaled-215x215.jpg\" class=\"ggImg\" alt=\"DSC_0560_HDR\" title=\"DSC_0560_HDR\" data-description=\"DSC_0560_HDR\" data-caption=\"DSC_0560_HDR\" data-title=\"DSC_0560_HDR\" style=\" width:215px; height:215px;\" \/><\/div><FIGCAPTION class=\"\" data-alpha=\"5\" style=\"color:#ffffff; background-color:#6f0000; font-size:140; text-align:left; font-family:Default;\" ><div class=\"grid-gallery-figcaption-wrap\" style=\"\"><\/div><\/FIGCAPTION><\/FIGURE><FIGURE class=\"grid-gallery-caption\" data-grid-gallery-type=\"quarter-slide-up\" data-index=\"10\" style=\"display:none;border-radius:00;; margin:5.3px; width:2150;\" ><div class=\"crop\" style=\" width:2150; height:2150; overflow:hidden;\"><img decoding=\"async\" src=\"https:\/\/urbex-team-bremen-nord.de\/wp-content\/uploads\/2020\/10\/DSC_0554_HDR-scaled-215x215.jpg\" class=\"ggImg\" alt=\"DSC_0554_HDR\" title=\"DSC_0554_HDR\" data-description=\"DSC_0554_HDR\" data-caption=\"DSC_0554_HDR\" data-title=\"DSC_0554_HDR\" style=\" width:215px; height:215px;\" \/><\/div><FIGCAPTION class=\"\" data-alpha=\"5\" style=\"color:#ffffff; background-color:#6f0000; font-size:140; text-align:left; font-family:Default;\" ><div class=\"grid-gallery-figcaption-wrap\" style=\"\"><\/div><\/FIGCAPTION><\/FIGURE><FIGURE class=\"grid-gallery-caption\" data-grid-gallery-type=\"quarter-slide-up\" data-index=\"11\" style=\"display:none;border-radius:00;; margin:5.3px; width:2150;\" ><div class=\"crop\" style=\" width:2150; height:2150; overflow:hidden;\"><img decoding=\"async\" src=\"https:\/\/urbex-team-bremen-nord.de\/wp-content\/uploads\/2020\/10\/DSC_0550_HDR-scaled-215x215.jpg\" class=\"ggImg\" alt=\"DSC_0550_HDR\" title=\"DSC_0550_HDR\" data-description=\"DSC_0550_HDR\" data-caption=\"DSC_0550_HDR\" data-title=\"DSC_0550_HDR\" style=\" width:215px; height:215px;\" \/><\/div><FIGCAPTION class=\"\" data-alpha=\"5\" style=\"color:#ffffff; background-color:#6f0000; font-size:140; text-align:left; font-family:Default;\" ><div class=\"grid-gallery-figcaption-wrap\" style=\"\"><\/div><\/FIGCAPTION><\/FIGURE><FIGURE class=\"grid-gallery-caption\" data-grid-gallery-type=\"quarter-slide-up\" data-index=\"12\" style=\"display:none;border-radius:00;; margin:5.3px; width:2150;\" ><div class=\"crop\" style=\" width:2150; height:2150; overflow:hidden;\"><img decoding=\"async\" src=\"https:\/\/urbex-team-bremen-nord.de\/wp-content\/uploads\/2020\/10\/DSC_0545-scaled-215x215.jpg\" class=\"ggImg\" alt=\"DSC_0545\" title=\"DSC_0545\" data-description=\"DSC_0545\" data-caption=\"DSC_0545\" data-title=\"DSC_0545\" style=\" width:215px; height:215px;\" \/><\/div><FIGCAPTION class=\"\" data-alpha=\"5\" style=\"color:#ffffff; background-color:#6f0000; font-size:140; text-align:left; font-family:Default;\" ><div class=\"grid-gallery-figcaption-wrap\" style=\"\"><\/div><\/FIGCAPTION><\/FIGURE><FIGURE class=\"grid-gallery-caption\" data-grid-gallery-type=\"quarter-slide-up\" data-index=\"13\" style=\"display:none;border-radius:00;; margin:5.3px; width:2150;\" ><div class=\"crop\" style=\" width:2150; height:2150; overflow:hidden;\"><img decoding=\"async\" src=\"https:\/\/urbex-team-bremen-nord.de\/wp-content\/uploads\/2020\/10\/DSC_0542_HDR-scaled-215x215.jpg\" class=\"ggImg\" alt=\"DSC_0542_HDR\" title=\"DSC_0542_HDR\" data-description=\"DSC_0542_HDR\" data-caption=\"DSC_0542_HDR\" data-title=\"DSC_0542_HDR\" style=\" width:215px; height:215px;\" \/><\/div><FIGCAPTION class=\"\" data-alpha=\"5\" style=\"color:#ffffff; background-color:#6f0000; font-size:140; text-align:left; font-family:Default;\" ><div class=\"grid-gallery-figcaption-wrap\" style=\"\"><\/div><\/FIGCAPTION><\/FIGURE><FIGURE class=\"grid-gallery-caption\" data-grid-gallery-type=\"quarter-slide-up\" data-index=\"14\" style=\"display:none;border-radius:00;; margin:5.3px; width:2150;\" ><div class=\"crop\" style=\" width:2150; height:2150; overflow:hidden;\"><img decoding=\"async\" src=\"https:\/\/urbex-team-bremen-nord.de\/wp-content\/uploads\/2020\/10\/DSC_0537_HDR-scaled-215x215.jpg\" class=\"ggImg\" alt=\"DSC_0537_HDR\" title=\"DSC_0537_HDR\" data-description=\"DSC_0537_HDR\" data-caption=\"DSC_0537_HDR\" data-title=\"DSC_0537_HDR\" style=\" width:215px; height:215px;\" \/><\/div><FIGCAPTION class=\"\" data-alpha=\"5\" style=\"color:#ffffff; background-color:#6f0000; font-size:140; text-align:left; font-family:Default;\" ><div class=\"grid-gallery-figcaption-wrap\" style=\"\"><\/div><\/FIGCAPTION><\/FIGURE><FIGURE class=\"grid-gallery-caption\" data-grid-gallery-type=\"quarter-slide-up\" data-index=\"15\" style=\"display:none;border-radius:00;; margin:5.3px; width:2150;\" ><div class=\"crop\" style=\" width:2150; height:2150; overflow:hidden;\"><img decoding=\"async\" src=\"https:\/\/urbex-team-bremen-nord.de\/wp-content\/uploads\/2020\/10\/DSC_0535_HDR-215x215.jpg\" class=\"ggImg\" alt=\"DSC_0535_HDR\" title=\"DSC_0535_HDR\" data-description=\"DSC_0535_HDR\" data-caption=\"DSC_0535_HDR\" data-title=\"DSC_0535_HDR\" style=\" width:215px; height:215px;\" \/><\/div><FIGCAPTION class=\"\" data-alpha=\"5\" style=\"color:#ffffff; background-color:#6f0000; font-size:140; text-align:left; font-family:Default;\" ><div class=\"grid-gallery-figcaption-wrap\" style=\"\"><\/div><\/FIGCAPTION><\/FIGURE><FIGURE class=\"grid-gallery-caption\" data-grid-gallery-type=\"quarter-slide-up\" data-index=\"16\" style=\"display:none;border-radius:00;; margin:5.3px; width:2150;\" ><div class=\"crop\" style=\" width:2150; height:2150; overflow:hidden;\"><img decoding=\"async\" src=\"https:\/\/urbex-team-bremen-nord.de\/wp-content\/uploads\/2020\/10\/DSC_0532_HDR-scaled-215x215.jpg\" class=\"ggImg\" alt=\"DSC_0532_HDR\" title=\"DSC_0532_HDR\" data-description=\"DSC_0532_HDR\" data-caption=\"DSC_0532_HDR\" data-title=\"DSC_0532_HDR\" style=\" width:215px; height:215px;\" \/><\/div><FIGCAPTION class=\"\" data-alpha=\"5\" style=\"color:#ffffff; background-color:#6f0000; font-size:140; text-align:left; font-family:Default;\" ><div class=\"grid-gallery-figcaption-wrap\" style=\"\"><\/div><\/FIGCAPTION><\/FIGURE><FIGURE class=\"grid-gallery-caption\" data-grid-gallery-type=\"quarter-slide-up\" data-index=\"17\" style=\"display:none;border-radius:00;; margin:5.3px; width:2150;\" ><div class=\"crop\" style=\" width:2150; height:2150; overflow:hidden;\"><img decoding=\"async\" src=\"https:\/\/urbex-team-bremen-nord.de\/wp-content\/uploads\/2020\/10\/DSC_0526-scaled-215x215.jpg\" class=\"ggImg\" alt=\"DSC_0526\" title=\"DSC_0526\" data-description=\"DSC_0526\" data-caption=\"DSC_0526\" data-title=\"DSC_0526\" style=\" width:215px; height:215px;\" \/><\/div><FIGCAPTION class=\"\" data-alpha=\"5\" style=\"color:#ffffff; background-color:#6f0000; font-size:140; text-align:left; font-family:Default;\" ><div class=\"grid-gallery-figcaption-wrap\" style=\"\"><\/div><\/FIGCAPTION><\/FIGURE><FIGURE class=\"grid-gallery-caption\" data-grid-gallery-type=\"quarter-slide-up\" data-index=\"18\" style=\"display:none;border-radius:00;; margin:5.3px; width:2150;\" ><div class=\"crop\" style=\" width:2150; height:2150; overflow:hidden;\"><img decoding=\"async\" src=\"https:\/\/urbex-team-bremen-nord.de\/wp-content\/uploads\/2020\/10\/DSC_0525_HDR-scaled-215x215.jpg\" class=\"ggImg\" alt=\"DSC_0525_HDR\" title=\"DSC_0525_HDR\" data-description=\"DSC_0525_HDR\" data-caption=\"DSC_0525_HDR\" data-title=\"DSC_0525_HDR\" style=\" width:215px; height:215px;\" \/><\/div><FIGCAPTION class=\"\" data-alpha=\"5\" style=\"color:#ffffff; background-color:#6f0000; font-size:140; text-align:left; font-family:Default;\" ><div class=\"grid-gallery-figcaption-wrap\" style=\"\"><\/div><\/FIGCAPTION><\/FIGURE><FIGURE class=\"grid-gallery-caption\" data-grid-gallery-type=\"quarter-slide-up\" data-index=\"19\" style=\"display:none;border-radius:00;; margin:5.3px; width:2150;\" ><div class=\"crop\" style=\" width:2150; height:2150; overflow:hidden;\"><img decoding=\"async\" src=\"https:\/\/urbex-team-bremen-nord.de\/wp-content\/uploads\/2020\/10\/DSC_0524_HDR-scaled-215x215.jpg\" class=\"ggImg\" alt=\"DSC_0524_HDR\" title=\"DSC_0524_HDR\" data-description=\"DSC_0524_HDR\" data-caption=\"DSC_0524_HDR\" data-title=\"DSC_0524_HDR\" style=\" width:215px; height:215px;\" \/><\/div><FIGCAPTION class=\"\" data-alpha=\"5\" style=\"color:#ffffff; background-color:#6f0000; font-size:140; text-align:left; font-family:Default;\" ><div class=\"grid-gallery-figcaption-wrap\" style=\"\"><\/div><\/FIGCAPTION><\/FIGURE><FIGURE class=\"grid-gallery-caption\" data-grid-gallery-type=\"quarter-slide-up\" data-index=\"20\" style=\"display:none;border-radius:00;; margin:5.3px; width:2150;\" ><div class=\"crop\" style=\" width:2150; height:2150; overflow:hidden;\"><img decoding=\"async\" src=\"https:\/\/urbex-team-bremen-nord.de\/wp-content\/uploads\/2020\/10\/DSC_0522_HDR-scaled-215x215.jpg\" class=\"ggImg\" alt=\"DSC_0522_HDR\" title=\"DSC_0522_HDR\" data-description=\"DSC_0522_HDR\" data-caption=\"DSC_0522_HDR\" data-title=\"DSC_0522_HDR\" style=\" width:215px; height:215px;\" \/><\/div><FIGCAPTION class=\"\" data-alpha=\"5\" style=\"color:#ffffff; background-color:#6f0000; font-size:140; text-align:left; font-family:Default;\" ><div class=\"grid-gallery-figcaption-wrap\" style=\"\"><\/div><\/FIGCAPTION><\/FIGURE><FIGURE class=\"grid-gallery-caption\" data-grid-gallery-type=\"quarter-slide-up\" data-index=\"21\" style=\"display:none;border-radius:00;; margin:5.3px; width:2150;\" ><div class=\"crop\" style=\" width:2150; height:2150; overflow:hidden;\"><img decoding=\"async\" src=\"https:\/\/urbex-team-bremen-nord.de\/wp-content\/uploads\/2020\/10\/DSC_0520_HDR-scaled-215x215.jpg\" class=\"ggImg\" alt=\"DSC_0520_HDR\" title=\"DSC_0520_HDR\" data-description=\"DSC_0520_HDR\" data-caption=\"DSC_0520_HDR\" data-title=\"DSC_0520_HDR\" style=\" width:215px; height:215px;\" \/><\/div><FIGCAPTION class=\"\" data-alpha=\"5\" style=\"color:#ffffff; background-color:#6f0000; font-size:140; text-align:left; font-family:Default;\" ><div class=\"grid-gallery-figcaption-wrap\" style=\"\"><\/div><\/FIGCAPTION><\/FIGURE><FIGURE class=\"grid-gallery-caption\" data-grid-gallery-type=\"quarter-slide-up\" data-index=\"22\" style=\"display:none;border-radius:00;; margin:5.3px; width:2150;\" ><div class=\"crop\" style=\" width:2150; height:2150; overflow:hidden;\"><img decoding=\"async\" src=\"https:\/\/urbex-team-bremen-nord.de\/wp-content\/uploads\/2020\/10\/DSC_0519_HDR-scaled-215x215.jpg\" class=\"ggImg\" alt=\"DSC_0519_HDR\" title=\"DSC_0519_HDR\" data-description=\"DSC_0519_HDR\" data-caption=\"DSC_0519_HDR\" data-title=\"DSC_0519_HDR\" style=\" width:215px; height:215px;\" \/><\/div><FIGCAPTION class=\"\" data-alpha=\"5\" style=\"color:#ffffff; background-color:#6f0000; font-size:140; text-align:left; font-family:Default;\" ><div class=\"grid-gallery-figcaption-wrap\" style=\"\"><\/div><\/FIGCAPTION><\/FIGURE><FIGURE class=\"grid-gallery-caption\" data-grid-gallery-type=\"quarter-slide-up\" data-index=\"23\" style=\"display:none;border-radius:00;; margin:5.3px; width:2150;\" ><div class=\"crop\" style=\" width:2150; height:2150; overflow:hidden;\"><img decoding=\"async\" src=\"https:\/\/urbex-team-bremen-nord.de\/wp-content\/uploads\/2020\/10\/DSC_0518_HDR-scaled-215x215.jpg\" class=\"ggImg\" alt=\"DSC_0518_HDR\" title=\"DSC_0518_HDR\" data-description=\"DSC_0518_HDR\" data-caption=\"DSC_0518_HDR\" data-title=\"DSC_0518_HDR\" style=\" width:215px; height:215px;\" \/><\/div><FIGCAPTION class=\"\" data-alpha=\"5\" style=\"color:#ffffff; background-color:#6f0000; font-size:140; text-align:left; font-family:Default;\" ><div class=\"grid-gallery-figcaption-wrap\" style=\"\"><\/div><\/FIGCAPTION><\/FIGURE><FIGURE class=\"grid-gallery-caption\" data-grid-gallery-type=\"quarter-slide-up\" data-index=\"24\" style=\"display:none;border-radius:00;; margin:5.3px; width:2150;\" ><div class=\"crop\" style=\" width:2150; height:2150; overflow:hidden;\"><img decoding=\"async\" src=\"https:\/\/urbex-team-bremen-nord.de\/wp-content\/uploads\/2020\/10\/DSC_0516_HDR-scaled-215x215.jpg\" class=\"ggImg\" alt=\"DSC_0516_HDR\" title=\"DSC_0516_HDR\" data-description=\"DSC_0516_HDR\" data-caption=\"DSC_0516_HDR\" data-title=\"DSC_0516_HDR\" style=\" width:215px; height:215px;\" \/><\/div><FIGCAPTION class=\"\" data-alpha=\"5\" style=\"color:#ffffff; background-color:#6f0000; font-size:140; text-align:left; font-family:Default;\" ><div class=\"grid-gallery-figcaption-wrap\" style=\"\"><\/div><\/FIGCAPTION><\/FIGURE> <div class=\"grid-gallery-clearfix\"><\/div> <\/div> <div class=\"gallery-sharing-bottom\" style=\"display:none;\"> <\/div> <div class=\"gallery-sharing-image\" style=\"display:none;\"> <\/div> <div class=\"gallery-sharing-popup\" style=\"display:none;\"> <\/div> <div class=\"grid-gallery-clearfix\"><\/div> <\/div> <!-- Gallery by Supsystic plugin1.15.25 --><a title=\"Wordpress Gallery Plugin Free\" style=\"display:none;\" href=\"https:\/\/supsystic.com\/plugins\/photo-gallery\/?utm_medium=love_link\" target=\"_blank\">Wordpress Gallery Plugin Free<\/a>\n","protected":false},"excerpt":{"rendered":"<p>Dieser stark zerfallene Geb\u00e4udekomplex geh\u00f6rte damals zur Deutschen Reichsbahn. Die Lokstation mit einer Werkstatt wurde im Jahr 1879 erbaut. Nach der Fertigstellung wurde dieser Standort eine Betriebswerkst\u00e4tte. Anschlie\u00dfend wurde der Ringlokschuppen gebaut und 1899 in Betrieb genommen. 24 Jahre sp\u00e4ter wurde das Werk durch einen weiteren Ringlokschuppen erweitert. Auf dem Gel\u00e4nde stehen noch weitere Geb\u00e4ude, &hellip; <a href=\"https:\/\/urbex-team-bremen-nord.de\/?page_id=3312\" class=\"more-link\"><span class=\"screen-reader-text\">Bahnbetriebswerk S.<\/span> weiterlesen<\/a><\/p>\n","protected":false},"author":1,"featured_media":0,"parent":0,"menu_order":0,"comment_status":"closed","ping_status":"closed","template":"","meta":{"ngg_post_thumbnail":0,"footnotes":""},"class_list":["post-3312","page","type-page","status-publish","hentry"],"_links":{"self":[{"href":"https:\/\/urbex-team-bremen-nord.de\/index.php?rest_route=\/wp\/v2\/pages\/3312","targetHints":{"allow":["GET"]}}],"collection":[{"href":"https:\/\/urbex-team-bremen-nord.de\/index.php?rest_route=\/wp\/v2\/pages"}],"about":[{"href":"https:\/\/urbex-team-bremen-nord.de\/index.php?rest_route=\/wp\/v2\/types\/page"}],"author":[{"embeddable":true,"href":"https:\/\/urbex-team-bremen-nord.de\/index.php?rest_route=\/wp\/v2\/users\/1"}],"replies":[{"embeddable":true,"href":"https:\/\/urbex-team-bremen-nord.de\/index.php?rest_route=%2Fwp%2Fv2%2Fcomments&post=3312"}],"version-history":[{"count":4,"href":"https:\/\/urbex-team-bremen-nord.de\/index.php?rest_route=\/wp\/v2\/pages\/3312\/revisions"}],"predecessor-version":[{"id":3328,"href":"https:\/\/urbex-team-bremen-nord.de\/index.php?rest_route=\/wp\/v2\/pages\/3312\/revisions\/3328"}],"wp:attachment":[{"href":"https:\/\/urbex-team-bremen-nord.de\/index.php?rest_route=%2Fwp%2Fv2%2Fmedia&parent=3312"}],"curies":[{"name":"wp","href":"https:\/\/api.w.org\/{rel}","templated":true}]}}