{"id":3263,"date":"2020-10-04T16:31:41","date_gmt":"2020-10-04T14:31:41","guid":{"rendered":"http:\/\/urbex-team-bremen-nord.de\/?page_id=3263"},"modified":"2020-10-10T10:20:40","modified_gmt":"2020-10-10T08:20:40","slug":"fdgb-ferienheim-s","status":"publish","type":"page","link":"https:\/\/urbex-team-bremen-nord.de\/?page_id=3263","title":{"rendered":"FDGB Ferienheim S."},"content":{"rendered":"<p>In einer traumhaften Umgebung, am Rande eines Berges, steht eine schaurig-sch\u00f6ne Villa. Der alte Bau ist bereits sehr stark zugewachsen und steht schon sehr lange leer.<\/p>\n<p>Erbaut wurde diese sch\u00f6ne Villa bereits 1909. W\u00e4hrend des ersten Weltkrieges wurde die Villa als Lazarett f\u00fcr verwundete Soldaten genutzt. Nach dem Krieg und diversen Umbauarbeiten, entstand hier ein traumhaftes Kurhotel.<\/p>\n<p>Bis zum zweiten Weltkrieg wurde dieses Geb\u00e4ude als Erholungsheim genutzt.  Nach dem 2. Weltkrieg wurde das Erholungsheim eine Institution des FDGB (Freier Deutscher Gewerkschaftsbund der DDR) und wurde dann, in den 1960er Jahren, nach einem bekannten KPD-Funktion\u00e4r benannt.<\/p>\n<p>Kurz nach dem Mauerfall wurde die Villa verlassen und steht seit 1990 leer.<\/p>\n<p>Leider zerf\u00e4llt das Geb\u00e4ude zusehends und einige Geb\u00e4udeteile sind bereits eingest\u00fcrzt oder stehen kurz davor.<\/p>\n\n\n<div id=\"grid-gallery-109-62351\" data-gg-id=\"109\" data-title=\"FDGB Ferienheim S.\" data-grid-type=\"0\" data-offset=\"5.3\" data-area-position=\"center\" data-icons=\"\" data-preloader=\"true\" data-width=\"215\" data-height=\"215\" data-padding=\"0\" data-quicksand=\"disabled\" data-quicksand-duration=\"none\" data-popup-theme=\"theme_6\" data-popup-type=\"pretty-photo\" data-popup-image-text=\"data-title\" data-popup-widthsize=\"auto\" data-popup-heightsize=\"auto\" data-popup-i18n-words=\"{&quot;close&quot;:&quot;schlie\\u00dfen&quot;,&quot;next&quot;:&quot;n\\u00e4chste&quot;,&quot;previous&quot;:&quot;vorherige&quot;,&quot;start_slideshow&quot;:&quot;Starte Slideshow&quot;,&quot;stop_slideshow&quot;:&quot;Stoppe Slideshow&quot;,&quot;image&quot;:&quot;Bild&quot;,&quot;of&quot;:&quot;von&quot;,&quot;prev&quot;:&quot;vorherige&quot;,&quot;cExpand&quot;:&quot;Erweitere&quot;,&quot;cPrevious&quot;:&quot;Vorheriges&quot;,&quot;cNext&quot;:&quot;N\\u00e4chstes&quot;,&quot;cExpandStr&quot;:&quot;Erweitere Bild&quot;,&quot;cRotate&quot;:&quot;Rotate&quot;,&quot;cDetails&quot;:&quot;Details&quot;}\" data-popup-slideshow=\"false\" data-popup-slideshow-speed=\"2500\" data-popup-hoverstop=\"true\" data-popup-slideshow-auto=\"false\" data-popup-background=\"\" data-popup-transparency=\"30\" data-popup-disable-history=\"\" data-popup-disable-changed-url=\"\" data-popup-border-type=\"solid\" data-popup-border-color=\"\" data-popup-border-width=\"\" data-popup-border-enable=\"\" data-fullscreen=\"false\" data-hide-tooltip=\"false\" data-caption-font-family=\"Default\" data-caption-text-size=\"140\" data-is-mobile=\"0\" data-caption-mobile=\"false\" data-hide-long-tltp-title=\"0\" data-caption-disabled-on-mobile=\"false\" data-popup-placement-type=\"0\" data-social-sharing=\"{&quot;enabled&quot;:&quot;&quot;,&quot;gallerySharing&quot;:{&quot;enabled&quot;:null,&quot;position&quot;:null},&quot;imageSharing&quot;:{&quot;enabled&quot;:null,&quot;wrapperClass&quot;:&quot; vertical &quot;},&quot;popupSharing&quot;:{&quot;enabled&quot;:null,&quot;wrapperClass&quot;:&quot; vertical &quot;}}\" class=\"grid-gallery grid-gallery-fixed \" style=\" width:100%; height:auto; margin-left:auto; margin-right:auto;position:relative;\"> <div class=\"gallery-loading\"> <div class=\"blocks\"> <div class=\"block\"><\/div> <div class=\"block\"><\/div> <div class=\"block\"><\/div> <div class=\"block\"><\/div> <\/div> <\/div> <div class=\"gallery-sharing-top\" style=\"display:none;\"> <\/div> <div id=\"photos-109\" class=\"grid-gallery-photos\"><FIGURE class=\"grid-gallery-caption\" data-grid-gallery-type=\"quarter-slide-up\" data-index=\"0\" style=\"display:none;border-radius:00;; margin:5.3px; width:2150;\" ><div class=\"crop\" style=\" width:2150; height:2150; overflow:hidden;\"><img decoding=\"async\" src=\"http:\/\/urbex-team-bremen-nord.de\/wp-content\/uploads\/2020\/10\/IMG_5260_1_2_Enhancer-Bearbeitet-Bearbeitet-scaled-215x215.jpg\" class=\"ggImg\" alt=\"FDGB Ferienheim S.\" title=\"FDGB Ferienheim S.\" data-description=\"FDGB Ferienheim S.\" data-caption=\"FDGB Ferienheim S.\" data-title=\"FDGB Ferienheim S.\" style=\" width:215px; height:215px;\" \/><\/div><FIGCAPTION class=\"\" data-alpha=\"5\" style=\"color:#ffffff; background-color:#6f0000; font-size:140; text-align:left; font-family:Default;\" ><div class=\"grid-gallery-figcaption-wrap\" style=\"\"><\/div><\/FIGCAPTION><\/FIGURE><FIGURE class=\"grid-gallery-caption\" data-grid-gallery-type=\"quarter-slide-up\" data-index=\"1\" style=\"display:none;border-radius:00;; margin:5.3px; width:2150;\" ><div class=\"crop\" style=\" width:2150; height:2150; overflow:hidden;\"><img decoding=\"async\" src=\"http:\/\/urbex-team-bremen-nord.de\/wp-content\/uploads\/2020\/10\/IMG_5083_4_5_Enhancer-Bearbeitet-scaled-215x215.jpg\" class=\"ggImg\" alt=\"FDGB Ferienheim S.\" title=\"FDGB Ferienheim S.\" data-description=\"FDGB Ferienheim S.\" data-caption=\"FDGB Ferienheim S.\" data-title=\"FDGB Ferienheim S.\" style=\" width:215px; height:215px;\" \/><\/div><FIGCAPTION class=\"\" data-alpha=\"5\" style=\"color:#ffffff; background-color:#6f0000; font-size:140; text-align:left; font-family:Default;\" ><div class=\"grid-gallery-figcaption-wrap\" style=\"\"><\/div><\/FIGCAPTION><\/FIGURE><FIGURE class=\"grid-gallery-caption\" data-grid-gallery-type=\"quarter-slide-up\" data-index=\"2\" style=\"display:none;border-radius:00;; margin:5.3px; width:2150;\" ><div class=\"crop\" style=\" width:2150; height:2150; overflow:hidden;\"><img decoding=\"async\" src=\"http:\/\/urbex-team-bremen-nord.de\/wp-content\/uploads\/2020\/10\/IMG_5095_6_7_Enhancer-Bearbeitet-scaled-215x215.jpg\" class=\"ggImg\" alt=\"FDGB Ferienheim S.\" title=\"FDGB Ferienheim S.\" data-description=\"FDGB Ferienheim S.\" data-caption=\"FDGB Ferienheim S.\" data-title=\"FDGB Ferienheim S.\" style=\" width:215px; height:215px;\" \/><\/div><FIGCAPTION class=\"\" data-alpha=\"5\" style=\"color:#ffffff; background-color:#6f0000; font-size:140; text-align:left; font-family:Default;\" ><div class=\"grid-gallery-figcaption-wrap\" style=\"\"><\/div><\/FIGCAPTION><\/FIGURE><FIGURE class=\"grid-gallery-caption\" data-grid-gallery-type=\"quarter-slide-up\" data-index=\"3\" style=\"display:none;border-radius:00;; margin:5.3px; width:2150;\" ><div class=\"crop\" style=\" width:2150; height:2150; overflow:hidden;\"><img decoding=\"async\" src=\"http:\/\/urbex-team-bremen-nord.de\/wp-content\/uploads\/2020\/10\/IMG_5200_1_2_Enhancer-Bearbeitet-scaled-215x215.jpg\" class=\"ggImg\" alt=\"FDGB Ferienheim S.\" title=\"FDGB Ferienheim S.\" data-description=\"FDGB Ferienheim S.\" data-caption=\"FDGB Ferienheim S.\" data-title=\"FDGB Ferienheim S.\" style=\" width:215px; height:215px;\" \/><\/div><FIGCAPTION class=\"\" data-alpha=\"5\" style=\"color:#ffffff; background-color:#6f0000; font-size:140; text-align:left; font-family:Default;\" ><div class=\"grid-gallery-figcaption-wrap\" style=\"\"><\/div><\/FIGCAPTION><\/FIGURE><FIGURE class=\"grid-gallery-caption\" data-grid-gallery-type=\"quarter-slide-up\" data-index=\"4\" style=\"display:none;border-radius:00;; margin:5.3px; width:2150;\" ><div class=\"crop\" style=\" width:2150; height:2150; overflow:hidden;\"><img decoding=\"async\" src=\"http:\/\/urbex-team-bremen-nord.de\/wp-content\/uploads\/2020\/10\/IMG_5107_8_9_Enhancer-Bearbeitet-scaled-215x215.jpg\" class=\"ggImg\" alt=\"FDGB Ferienheim S.\" title=\"FDGB Ferienheim S.\" data-description=\"FDGB Ferienheim S.\" data-caption=\"FDGB Ferienheim S.\" data-title=\"FDGB Ferienheim S.\" style=\" width:215px; height:215px;\" \/><\/div><FIGCAPTION class=\"\" data-alpha=\"5\" style=\"color:#ffffff; background-color:#6f0000; font-size:140; text-align:left; font-family:Default;\" ><div class=\"grid-gallery-figcaption-wrap\" style=\"\"><\/div><\/FIGCAPTION><\/FIGURE><FIGURE class=\"grid-gallery-caption\" data-grid-gallery-type=\"quarter-slide-up\" data-index=\"5\" style=\"display:none;border-radius:00;; margin:5.3px; width:2150;\" ><div class=\"crop\" style=\" width:2150; height:2150; overflow:hidden;\"><img decoding=\"async\" src=\"http:\/\/urbex-team-bremen-nord.de\/wp-content\/uploads\/2020\/10\/IMG_5111_2_3_Enhancer-Bearbeitet-scaled-215x215.jpg\" class=\"ggImg\" alt=\"FDGB Ferienheim S.\" title=\"FDGB Ferienheim S.\" data-description=\"FDGB Ferienheim S.\" data-caption=\"FDGB Ferienheim S.\" data-title=\"FDGB Ferienheim S.\" style=\" width:215px; height:215px;\" \/><\/div><FIGCAPTION class=\"\" data-alpha=\"5\" style=\"color:#ffffff; background-color:#6f0000; font-size:140; text-align:left; font-family:Default;\" ><div class=\"grid-gallery-figcaption-wrap\" style=\"\"><\/div><\/FIGCAPTION><\/FIGURE><FIGURE class=\"grid-gallery-caption\" data-grid-gallery-type=\"quarter-slide-up\" data-index=\"6\" style=\"display:none;border-radius:00;; margin:5.3px; width:2150;\" ><div class=\"crop\" style=\" width:2150; height:2150; overflow:hidden;\"><img decoding=\"async\" src=\"http:\/\/urbex-team-bremen-nord.de\/wp-content\/uploads\/2020\/10\/IMG_5132_3_4_Enhancer-Bearbeitet-scaled-215x215.jpg\" class=\"ggImg\" alt=\"FDGB Ferienheim S.\" title=\"FDGB Ferienheim S.\" data-description=\"FDGB Ferienheim S.\" data-caption=\"FDGB Ferienheim S.\" data-title=\"FDGB Ferienheim S.\" style=\" width:215px; height:215px;\" \/><\/div><FIGCAPTION class=\"\" data-alpha=\"5\" style=\"color:#ffffff; background-color:#6f0000; font-size:140; text-align:left; font-family:Default;\" ><div class=\"grid-gallery-figcaption-wrap\" style=\"\"><\/div><\/FIGCAPTION><\/FIGURE><FIGURE class=\"grid-gallery-caption\" data-grid-gallery-type=\"quarter-slide-up\" data-index=\"7\" style=\"display:none;border-radius:00;; margin:5.3px; width:2150;\" ><div class=\"crop\" style=\" width:2150; height:2150; overflow:hidden;\"><img decoding=\"async\" src=\"http:\/\/urbex-team-bremen-nord.de\/wp-content\/uploads\/2020\/10\/IMG_5152_3_4_Enhancer-Bearbeitet-scaled-215x215.jpg\" class=\"ggImg\" alt=\"FDGB Ferienheim S.\" title=\"FDGB Ferienheim S.\" data-description=\"FDGB Ferienheim S.\" data-caption=\"FDGB Ferienheim S.\" data-title=\"FDGB Ferienheim S.\" style=\" width:215px; height:215px;\" \/><\/div><FIGCAPTION class=\"\" data-alpha=\"5\" style=\"color:#ffffff; background-color:#6f0000; font-size:140; text-align:left; font-family:Default;\" ><div class=\"grid-gallery-figcaption-wrap\" style=\"\"><\/div><\/FIGCAPTION><\/FIGURE><FIGURE class=\"grid-gallery-caption\" data-grid-gallery-type=\"quarter-slide-up\" data-index=\"8\" style=\"display:none;border-radius:00;; margin:5.3px; width:2150;\" ><div class=\"crop\" style=\" width:2150; height:2150; overflow:hidden;\"><img decoding=\"async\" src=\"http:\/\/urbex-team-bremen-nord.de\/wp-content\/uploads\/2020\/10\/IMG_5168_69_70_Enhancer-Bearbeitet-scaled-215x215.jpg\" class=\"ggImg\" alt=\"FDGB Ferienheim S.\" title=\"FDGB Ferienheim S.\" data-description=\"FDGB Ferienheim S.\" data-caption=\"FDGB Ferienheim S.\" data-title=\"FDGB Ferienheim S.\" style=\" width:215px; height:215px;\" \/><\/div><FIGCAPTION class=\"\" data-alpha=\"5\" style=\"color:#ffffff; background-color:#6f0000; font-size:140; text-align:left; font-family:Default;\" ><div class=\"grid-gallery-figcaption-wrap\" style=\"\"><\/div><\/FIGCAPTION><\/FIGURE><FIGURE class=\"grid-gallery-caption\" data-grid-gallery-type=\"quarter-slide-up\" data-index=\"9\" style=\"display:none;border-radius:00;; margin:5.3px; width:2150;\" ><div class=\"crop\" style=\" width:2150; height:2150; overflow:hidden;\"><img decoding=\"async\" src=\"http:\/\/urbex-team-bremen-nord.de\/wp-content\/uploads\/2020\/10\/IMG_5172_3_4_Enhancer-Bearbeitet-scaled-215x215.jpg\" class=\"ggImg\" alt=\"FDGB Ferienheim S.\" title=\"FDGB Ferienheim S.\" data-description=\"FDGB Ferienheim S.\" data-caption=\"FDGB Ferienheim S.\" data-title=\"FDGB Ferienheim S.\" style=\" width:215px; height:215px;\" \/><\/div><FIGCAPTION class=\"\" data-alpha=\"5\" style=\"color:#ffffff; background-color:#6f0000; font-size:140; text-align:left; font-family:Default;\" ><div class=\"grid-gallery-figcaption-wrap\" style=\"\"><\/div><\/FIGCAPTION><\/FIGURE><FIGURE class=\"grid-gallery-caption\" data-grid-gallery-type=\"quarter-slide-up\" data-index=\"10\" style=\"display:none;border-radius:00;; margin:5.3px; width:2150;\" ><div class=\"crop\" style=\" width:2150; height:2150; overflow:hidden;\"><img decoding=\"async\" src=\"http:\/\/urbex-team-bremen-nord.de\/wp-content\/uploads\/2020\/10\/IMG_5176_7_8_Enhancer-Bearbeitet-scaled-215x215.jpg\" class=\"ggImg\" alt=\"FDGB Ferienheim S.\" title=\"FDGB Ferienheim S.\" data-description=\"FDGB Ferienheim S.\" data-caption=\"FDGB Ferienheim S.\" data-title=\"FDGB Ferienheim S.\" style=\" width:215px; height:215px;\" \/><\/div><FIGCAPTION class=\"\" data-alpha=\"5\" style=\"color:#ffffff; background-color:#6f0000; font-size:140; text-align:left; font-family:Default;\" ><div class=\"grid-gallery-figcaption-wrap\" style=\"\"><\/div><\/FIGCAPTION><\/FIGURE><FIGURE class=\"grid-gallery-caption\" data-grid-gallery-type=\"quarter-slide-up\" data-index=\"11\" style=\"display:none;border-radius:00;; margin:5.3px; width:2150;\" ><div class=\"crop\" style=\" width:2150; height:2150; overflow:hidden;\"><img decoding=\"async\" src=\"http:\/\/urbex-team-bremen-nord.de\/wp-content\/uploads\/2020\/10\/IMG_5192_3_4_Enhancer-Bearbeitet-scaled-215x215.jpg\" class=\"ggImg\" alt=\"FDGB Ferienheim S.\" title=\"FDGB Ferienheim S.\" data-description=\"FDGB Ferienheim S.\" data-caption=\"FDGB Ferienheim S.\" data-title=\"FDGB Ferienheim S.\" style=\" width:215px; height:215px;\" \/><\/div><FIGCAPTION class=\"\" data-alpha=\"5\" style=\"color:#ffffff; background-color:#6f0000; font-size:140; text-align:left; font-family:Default;\" ><div class=\"grid-gallery-figcaption-wrap\" style=\"\"><\/div><\/FIGCAPTION><\/FIGURE><FIGURE class=\"grid-gallery-caption\" data-grid-gallery-type=\"quarter-slide-up\" data-index=\"12\" style=\"display:none;border-radius:00;; margin:5.3px; width:2150;\" ><div class=\"crop\" style=\" width:2150; height:2150; overflow:hidden;\"><img decoding=\"async\" src=\"http:\/\/urbex-team-bremen-nord.de\/wp-content\/uploads\/2020\/10\/IMG_5196_7_8_Enhancer-Bearbeitet-scaled-215x215.jpg\" class=\"ggImg\" alt=\"FDGB Ferienheim S.\" title=\"FDGB Ferienheim S.\" data-description=\"FDGB Ferienheim S.\" data-caption=\"FDGB Ferienheim S.\" data-title=\"FDGB Ferienheim S.\" style=\" width:215px; height:215px;\" \/><\/div><FIGCAPTION class=\"\" data-alpha=\"5\" style=\"color:#ffffff; background-color:#6f0000; font-size:140; text-align:left; font-family:Default;\" ><div class=\"grid-gallery-figcaption-wrap\" style=\"\"><\/div><\/FIGCAPTION><\/FIGURE><FIGURE class=\"grid-gallery-caption\" data-grid-gallery-type=\"quarter-slide-up\" data-index=\"13\" style=\"display:none;border-radius:00;; margin:5.3px; width:2150;\" ><div class=\"crop\" style=\" width:2150; height:2150; overflow:hidden;\"><img decoding=\"async\" src=\"http:\/\/urbex-team-bremen-nord.de\/wp-content\/uploads\/2020\/10\/IMG_5208_09_10_Enhancer-Bearbeitet-scaled-215x215.jpg\" class=\"ggImg\" alt=\"FDGB Ferienheim S.\" title=\"FDGB Ferienheim S.\" data-description=\"FDGB Ferienheim S.\" data-caption=\"FDGB Ferienheim S.\" data-title=\"FDGB Ferienheim S.\" style=\" width:215px; height:215px;\" \/><\/div><FIGCAPTION class=\"\" data-alpha=\"5\" style=\"color:#ffffff; background-color:#6f0000; font-size:140; text-align:left; font-family:Default;\" ><div class=\"grid-gallery-figcaption-wrap\" style=\"\"><\/div><\/FIGCAPTION><\/FIGURE><FIGURE class=\"grid-gallery-caption\" data-grid-gallery-type=\"quarter-slide-up\" data-index=\"14\" style=\"display:none;border-radius:00;; margin:5.3px; width:2150;\" ><div class=\"crop\" style=\" width:2150; height:2150; overflow:hidden;\"><img decoding=\"async\" src=\"http:\/\/urbex-team-bremen-nord.de\/wp-content\/uploads\/2020\/10\/IMG_5212_3_4_Enhancer-Bearbeitet-scaled-215x215.jpg\" class=\"ggImg\" alt=\"FDGB Ferienheim S.\" title=\"FDGB Ferienheim S.\" data-description=\"FDGB Ferienheim S.\" data-caption=\"FDGB Ferienheim S.\" data-title=\"FDGB Ferienheim S.\" style=\" width:215px; height:215px;\" \/><\/div><FIGCAPTION class=\"\" data-alpha=\"5\" style=\"color:#ffffff; background-color:#6f0000; font-size:140; text-align:left; font-family:Default;\" ><div class=\"grid-gallery-figcaption-wrap\" style=\"\"><\/div><\/FIGCAPTION><\/FIGURE><FIGURE class=\"grid-gallery-caption\" data-grid-gallery-type=\"quarter-slide-up\" data-index=\"15\" style=\"display:none;border-radius:00;; margin:5.3px; width:2150;\" ><div class=\"crop\" style=\" width:2150; height:2150; overflow:hidden;\"><img decoding=\"async\" src=\"http:\/\/urbex-team-bremen-nord.de\/wp-content\/uploads\/2020\/10\/IMG_5220_1_2_Enhancer-Bearbeitet-scaled-215x215.jpg\" class=\"ggImg\" alt=\"FDGB Ferienheim S.\" title=\"FDGB Ferienheim S.\" data-description=\"FDGB Ferienheim S.\" data-caption=\"FDGB Ferienheim S.\" data-title=\"FDGB Ferienheim S.\" style=\" width:215px; height:215px;\" \/><\/div><FIGCAPTION class=\"\" data-alpha=\"5\" style=\"color:#ffffff; background-color:#6f0000; font-size:140; text-align:left; font-family:Default;\" ><div class=\"grid-gallery-figcaption-wrap\" style=\"\"><\/div><\/FIGCAPTION><\/FIGURE><FIGURE class=\"grid-gallery-caption\" data-grid-gallery-type=\"quarter-slide-up\" data-index=\"16\" style=\"display:none;border-radius:00;; margin:5.3px; width:2150;\" ><div class=\"crop\" style=\" width:2150; height:2150; overflow:hidden;\"><img decoding=\"async\" src=\"http:\/\/urbex-team-bremen-nord.de\/wp-content\/uploads\/2020\/10\/IMG_5228_29_30_Enhancer-Bearbeitet-scaled-215x215.jpg\" class=\"ggImg\" alt=\"FDGB Ferienheim S.\" title=\"FDGB Ferienheim S.\" data-description=\"FDGB Ferienheim S.\" data-caption=\"FDGB Ferienheim S.\" data-title=\"FDGB Ferienheim S.\" style=\" width:215px; height:215px;\" \/><\/div><FIGCAPTION class=\"\" data-alpha=\"5\" style=\"color:#ffffff; background-color:#6f0000; font-size:140; text-align:left; font-family:Default;\" ><div class=\"grid-gallery-figcaption-wrap\" style=\"\"><\/div><\/FIGCAPTION><\/FIGURE><FIGURE class=\"grid-gallery-caption\" data-grid-gallery-type=\"quarter-slide-up\" data-index=\"17\" style=\"display:none;border-radius:00;; margin:5.3px; width:2150;\" ><div class=\"crop\" style=\" width:2150; height:2150; overflow:hidden;\"><img decoding=\"async\" src=\"http:\/\/urbex-team-bremen-nord.de\/wp-content\/uploads\/2020\/10\/IMG_5232_3_4_Enhancer-Bearbeitet-scaled-215x215.jpg\" class=\"ggImg\" alt=\"FDGB Ferienheim S.\" title=\"FDGB Ferienheim S.\" data-description=\"FDGB Ferienheim S.\" data-caption=\"FDGB Ferienheim S.\" data-title=\"FDGB Ferienheim S.\" style=\" width:215px; height:215px;\" \/><\/div><FIGCAPTION class=\"\" data-alpha=\"5\" style=\"color:#ffffff; background-color:#6f0000; font-size:140; text-align:left; font-family:Default;\" ><div class=\"grid-gallery-figcaption-wrap\" style=\"\"><\/div><\/FIGCAPTION><\/FIGURE><FIGURE class=\"grid-gallery-caption\" data-grid-gallery-type=\"quarter-slide-up\" data-index=\"18\" style=\"display:none;border-radius:00;; margin:5.3px; width:2150;\" ><div class=\"crop\" style=\" width:2150; height:2150; overflow:hidden;\"><img decoding=\"async\" src=\"http:\/\/urbex-team-bremen-nord.de\/wp-content\/uploads\/2020\/10\/IMG_5236_7_8_Enhancer-Bearbeitet-scaled-215x215.jpg\" class=\"ggImg\" alt=\"FDGB Ferienheim S.\" title=\"FDGB Ferienheim S.\" data-description=\"FDGB Ferienheim S.\" data-caption=\"FDGB Ferienheim S.\" data-title=\"FDGB Ferienheim S.\" style=\" width:215px; height:215px;\" \/><\/div><FIGCAPTION class=\"\" data-alpha=\"5\" style=\"color:#ffffff; background-color:#6f0000; font-size:140; text-align:left; font-family:Default;\" ><div class=\"grid-gallery-figcaption-wrap\" style=\"\"><\/div><\/FIGCAPTION><\/FIGURE><FIGURE class=\"grid-gallery-caption\" data-grid-gallery-type=\"quarter-slide-up\" data-index=\"19\" style=\"display:none;border-radius:00;; margin:5.3px; width:2150;\" ><div class=\"crop\" style=\" width:2150; height:2150; overflow:hidden;\"><img decoding=\"async\" src=\"http:\/\/urbex-team-bremen-nord.de\/wp-content\/uploads\/2020\/10\/IMG_5240_1_2_Enhancer-Bearbeitet-scaled-215x215.jpg\" class=\"ggImg\" alt=\"FDGB Ferienheim S.\" title=\"FDGB Ferienheim S.\" data-description=\"FDGB Ferienheim S.\" data-caption=\"FDGB Ferienheim S.\" data-title=\"FDGB Ferienheim S.\" style=\" width:215px; height:215px;\" \/><\/div><FIGCAPTION class=\"\" data-alpha=\"5\" style=\"color:#ffffff; background-color:#6f0000; font-size:140; text-align:left; font-family:Default;\" ><div class=\"grid-gallery-figcaption-wrap\" style=\"\"><\/div><\/FIGCAPTION><\/FIGURE><FIGURE class=\"grid-gallery-caption\" data-grid-gallery-type=\"quarter-slide-up\" data-index=\"20\" style=\"display:none;border-radius:00;; margin:5.3px; width:2150;\" ><div class=\"crop\" style=\" width:2150; height:2150; overflow:hidden;\"><img decoding=\"async\" src=\"http:\/\/urbex-team-bremen-nord.de\/wp-content\/uploads\/2020\/10\/IMG_5244_5_6_Enhancer-Bearbeitet-scaled-215x215.jpg\" class=\"ggImg\" alt=\"FDGB Ferienheim S.\" title=\"FDGB Ferienheim S.\" data-description=\"FDGB Ferienheim S.\" data-caption=\"FDGB Ferienheim S.\" data-title=\"FDGB Ferienheim S.\" style=\" width:215px; height:215px;\" \/><\/div><FIGCAPTION class=\"\" data-alpha=\"5\" style=\"color:#ffffff; background-color:#6f0000; font-size:140; text-align:left; font-family:Default;\" ><div class=\"grid-gallery-figcaption-wrap\" style=\"\"><\/div><\/FIGCAPTION><\/FIGURE><FIGURE class=\"grid-gallery-caption\" data-grid-gallery-type=\"quarter-slide-up\" data-index=\"21\" style=\"display:none;border-radius:00;; margin:5.3px; width:2150;\" ><div class=\"crop\" style=\" width:2150; height:2150; overflow:hidden;\"><img decoding=\"async\" src=\"http:\/\/urbex-team-bremen-nord.de\/wp-content\/uploads\/2020\/10\/IMG_5252_3_4_Enhancer-Bearbeitet-scaled-215x215.jpg\" class=\"ggImg\" alt=\"FDGB Ferienheim S.\" title=\"FDGB Ferienheim S.\" data-description=\"FDGB Ferienheim S.\" data-caption=\"FDGB Ferienheim S.\" data-title=\"FDGB Ferienheim S.\" style=\" width:215px; height:215px;\" \/><\/div><FIGCAPTION class=\"\" data-alpha=\"5\" style=\"color:#ffffff; background-color:#6f0000; font-size:140; text-align:left; font-family:Default;\" ><div class=\"grid-gallery-figcaption-wrap\" style=\"\"><\/div><\/FIGCAPTION><\/FIGURE> <div class=\"grid-gallery-clearfix\"><\/div> <\/div> <div class=\"gallery-sharing-bottom\" style=\"display:none;\"> <\/div> <div class=\"gallery-sharing-image\" style=\"display:none;\"> <\/div> <div class=\"gallery-sharing-popup\" style=\"display:none;\"> <\/div> <div class=\"grid-gallery-clearfix\"><\/div> <\/div> <!-- Gallery by Supsystic plugin1.15.25 --><a title=\"Wordpress Gallery Plugin Free\" style=\"display:none;\" href=\"https:\/\/supsystic.com\/plugins\/photo-gallery\/?utm_medium=love_link\" target=\"_blank\">Wordpress Gallery Plugin Free<\/a>\n\n\n\n<figure class=\"wp-block-embed-youtube wp-block-embed is-type-video is-provider-youtube wp-embed-aspect-16-9 wp-has-aspect-ratio\"><div class=\"wp-block-embed__wrapper\">\n<iframe loading=\"lazy\" title=\"FDGB Ferienheim S.\" width=\"660\" height=\"371\" src=\"https:\/\/www.youtube.com\/embed\/2vVq4QD0Sns?feature=oembed\" frameborder=\"0\" allow=\"accelerometer; autoplay; clipboard-write; encrypted-media; gyroscope; picture-in-picture; web-share\" referrerpolicy=\"strict-origin-when-cross-origin\" allowfullscreen><\/iframe>\n<\/div><\/figure>\n","protected":false},"excerpt":{"rendered":"","protected":false},"author":2,"featured_media":0,"parent":0,"menu_order":0,"comment_status":"closed","ping_status":"closed","template":"","meta":{"ngg_post_thumbnail":0,"footnotes":""},"class_list":["post-3263","page","type-page","status-publish","hentry"],"_links":{"self":[{"href":"https:\/\/urbex-team-bremen-nord.de\/index.php?rest_route=\/wp\/v2\/pages\/3263","targetHints":{"allow":["GET"]}}],"collection":[{"href":"https:\/\/urbex-team-bremen-nord.de\/index.php?rest_route=\/wp\/v2\/pages"}],"about":[{"href":"https:\/\/urbex-team-bremen-nord.de\/index.php?rest_route=\/wp\/v2\/types\/page"}],"author":[{"embeddable":true,"href":"https:\/\/urbex-team-bremen-nord.de\/index.php?rest_route=\/wp\/v2\/users\/2"}],"replies":[{"embeddable":true,"href":"https:\/\/urbex-team-bremen-nord.de\/index.php?rest_route=%2Fwp%2Fv2%2Fcomments&post=3263"}],"version-history":[{"count":2,"href":"https:\/\/urbex-team-bremen-nord.de\/index.php?rest_route=\/wp\/v2\/pages\/3263\/revisions"}],"predecessor-version":[{"id":3279,"href":"https:\/\/urbex-team-bremen-nord.de\/index.php?rest_route=\/wp\/v2\/pages\/3263\/revisions\/3279"}],"wp:attachment":[{"href":"https:\/\/urbex-team-bremen-nord.de\/index.php?rest_route=%2Fwp%2Fv2%2Fmedia&parent=3263"}],"curies":[{"name":"wp","href":"https:\/\/api.w.org\/{rel}","templated":true}]}}