{"id":3057,"date":"2020-08-23T14:31:00","date_gmt":"2020-08-23T12:31:00","guid":{"rendered":"http:\/\/urbex-team-bremen-nord.de\/?page_id=3057"},"modified":"2020-08-23T14:31:00","modified_gmt":"2020-08-23T12:31:00","slug":"millionaersvilla-b","status":"publish","type":"page","link":"https:\/\/urbex-team-bremen-nord.de\/?page_id=3057","title":{"rendered":"Million\u00e4rsvilla B."},"content":{"rendered":"\n<p>Dieses ehemalige Dialyse-Zentrum wurde 1978 erbaut aber erst 1987 fertiggestellt. Neben den gro\u00dfen Behandlungsr\u00e4umen f\u00fcr die Patienten befindet sich das luxuri\u00f6se Wohnhaus mit angrenzendem Schwimmbad. Der Bauherr verstarb kurze Zeit nach der Fertigstellung. Die Nachnutzung der Geb\u00e4udeteile war anscheinend nicht sehr erfolgreich und somit zog im Jahr 2009 der letzte Mieter aus.<\/p>\n\n\n\n<p>Seit dieser Zeit steht der Geb\u00e4udekomplex leer und wird durch sinnlosen Vandalismus immer mehr in Mitleidenschaft gezogen.<\/p>\n\n\n<div id=\"grid-gallery-100-11617\" data-gg-id=\"100\" data-title=\"Million\u00e4rsvilla B.\" data-grid-type=\"0\" data-offset=\"5.3\" data-area-position=\"center\" data-icons=\"\" data-preloader=\"true\" data-width=\"215\" data-height=\"215\" data-padding=\"0\" data-quicksand=\"disabled\" data-quicksand-duration=\"none\" data-popup-theme=\"theme_6\" data-popup-type=\"pretty-photo\" data-popup-image-text=\"data-description\" data-popup-widthsize=\"auto\" data-popup-heightsize=\"auto\" data-popup-i18n-words=\"{&quot;close&quot;:&quot;schlie\\u00dfen&quot;,&quot;next&quot;:&quot;n\\u00e4chste&quot;,&quot;previous&quot;:&quot;vorherige&quot;,&quot;start_slideshow&quot;:&quot;Starte Slideshow&quot;,&quot;stop_slideshow&quot;:&quot;Stoppe Slideshow&quot;,&quot;image&quot;:&quot;Bild&quot;,&quot;of&quot;:&quot;von&quot;,&quot;prev&quot;:&quot;vorherige&quot;,&quot;cExpand&quot;:&quot;Erweitere&quot;,&quot;cPrevious&quot;:&quot;Vorheriges&quot;,&quot;cNext&quot;:&quot;N\\u00e4chstes&quot;,&quot;cExpandStr&quot;:&quot;Erweitere Bild&quot;,&quot;cRotate&quot;:&quot;Rotate&quot;,&quot;cDetails&quot;:&quot;Details&quot;}\" data-popup-slideshow=\"false\" data-popup-slideshow-speed=\"2500\" data-popup-hoverstop=\"true\" data-popup-slideshow-auto=\"false\" data-popup-background=\"\" data-popup-transparency=\"30\" data-popup-disable-history=\"\" data-popup-disable-changed-url=\"\" data-popup-border-type=\"solid\" data-popup-border-color=\"\" data-popup-border-width=\"\" data-popup-border-enable=\"\" data-fullscreen=\"false\" data-hide-tooltip=\"false\" data-caption-font-family=\"Default\" data-caption-text-size=\"140\" data-is-mobile=\"0\" data-caption-mobile=\"false\" data-hide-long-tltp-title=\"0\" data-caption-disabled-on-mobile=\"false\" data-popup-placement-type=\"0\" data-social-sharing=\"{&quot;enabled&quot;:&quot;&quot;,&quot;gallerySharing&quot;:{&quot;enabled&quot;:null,&quot;position&quot;:null},&quot;imageSharing&quot;:{&quot;enabled&quot;:null,&quot;wrapperClass&quot;:&quot; vertical &quot;},&quot;popupSharing&quot;:{&quot;enabled&quot;:null,&quot;wrapperClass&quot;:&quot; vertical &quot;}}\" class=\"grid-gallery grid-gallery-fixed \" style=\" width:100%; height:auto; margin-left:auto; margin-right:auto;position:relative;\"> <div class=\"gallery-loading\"> <div class=\"blocks\"> <div class=\"block\"><\/div> <div class=\"block\"><\/div> <div class=\"block\"><\/div> <div class=\"block\"><\/div> <\/div> <\/div> <div class=\"gallery-sharing-top\" style=\"display:none;\"> <\/div> <div id=\"photos-100\" class=\"grid-gallery-photos\"><FIGURE class=\"grid-gallery-caption\" data-grid-gallery-type=\"quarter-slide-up\" data-index=\"0\" style=\"display:none;border-radius:00;; margin:5.3px; width:2150;\" ><div class=\"crop\" style=\" width:2150; height:2150; overflow:hidden;\"><img decoding=\"async\" src=\"http:\/\/urbex-team-bremen-nord.de\/wp-content\/uploads\/2020\/08\/DSC_9781_HDR-scaled-215x215.jpg\" class=\"ggImg\" alt=\"Million\u00e4rsvilla B.\" title=\"Million\u00e4rsvilla B.\" data-description=\"Million\u00e4rsvilla B.\" data-caption=\"Million\u00e4rsvilla B.\" data-title=\"Million\u00e4rsvilla B.\" style=\" width:215px; height:215px;\" \/><\/div><FIGCAPTION class=\"\" data-alpha=\"5\" style=\"color:#ffffff; background-color:#6f0000; font-size:140; text-align:left; font-family:Default;\" ><div class=\"grid-gallery-figcaption-wrap\" style=\"\"><\/div><\/FIGCAPTION><\/FIGURE><FIGURE class=\"grid-gallery-caption\" data-grid-gallery-type=\"quarter-slide-up\" data-index=\"1\" style=\"display:none;border-radius:00;; margin:5.3px; width:2150;\" ><div class=\"crop\" style=\" width:2150; height:2150; overflow:hidden;\"><img decoding=\"async\" src=\"http:\/\/urbex-team-bremen-nord.de\/wp-content\/uploads\/2020\/08\/DSC_9787_HDR-scaled-215x215.jpg\" class=\"ggImg\" alt=\"DSC_9787_HDR\" title=\"DSC_9787_HDR\" data-description=\"DSC_9787_HDR\" data-caption=\"DSC_9787_HDR\" data-title=\"DSC_9787_HDR\" style=\" width:215px; height:215px;\" \/><\/div><FIGCAPTION class=\"\" data-alpha=\"5\" style=\"color:#ffffff; background-color:#6f0000; font-size:140; text-align:left; font-family:Default;\" ><div class=\"grid-gallery-figcaption-wrap\" style=\"\"><\/div><\/FIGCAPTION><\/FIGURE><FIGURE class=\"grid-gallery-caption\" data-grid-gallery-type=\"quarter-slide-up\" data-index=\"2\" style=\"display:none;border-radius:00;; margin:5.3px; width:2150;\" ><div class=\"crop\" style=\" width:2150; height:2150; overflow:hidden;\"><img decoding=\"async\" src=\"http:\/\/urbex-team-bremen-nord.de\/wp-content\/uploads\/2020\/08\/DSC_9820_HDR-scaled-215x215.jpg\" class=\"ggImg\" alt=\"DSC_9820_HDR\" title=\"DSC_9820_HDR\" data-description=\"DSC_9820_HDR\" data-caption=\"DSC_9820_HDR\" data-title=\"DSC_9820_HDR\" style=\" width:215px; height:215px;\" \/><\/div><FIGCAPTION class=\"\" data-alpha=\"5\" style=\"color:#ffffff; background-color:#6f0000; font-size:140; text-align:left; font-family:Default;\" ><div class=\"grid-gallery-figcaption-wrap\" style=\"\"><\/div><\/FIGCAPTION><\/FIGURE><FIGURE class=\"grid-gallery-caption\" data-grid-gallery-type=\"quarter-slide-up\" data-index=\"3\" style=\"display:none;border-radius:00;; margin:5.3px; width:2150;\" ><div class=\"crop\" style=\" width:2150; height:2150; overflow:hidden;\"><img decoding=\"async\" src=\"http:\/\/urbex-team-bremen-nord.de\/wp-content\/uploads\/2020\/08\/DSC_9815_HDR-scaled-215x215.jpg\" class=\"ggImg\" alt=\"DSC_9815_HDR\" title=\"DSC_9815_HDR\" data-description=\"DSC_9815_HDR\" data-caption=\"DSC_9815_HDR\" data-title=\"DSC_9815_HDR\" style=\" width:215px; height:215px;\" \/><\/div><FIGCAPTION class=\"\" data-alpha=\"5\" style=\"color:#ffffff; background-color:#6f0000; font-size:140; text-align:left; font-family:Default;\" ><div class=\"grid-gallery-figcaption-wrap\" style=\"\"><\/div><\/FIGCAPTION><\/FIGURE><FIGURE class=\"grid-gallery-caption\" data-grid-gallery-type=\"quarter-slide-up\" data-index=\"4\" style=\"display:none;border-radius:00;; margin:5.3px; width:2150;\" ><div class=\"crop\" style=\" width:2150; height:2150; overflow:hidden;\"><img decoding=\"async\" src=\"http:\/\/urbex-team-bremen-nord.de\/wp-content\/uploads\/2020\/08\/DSC_9812_HDR-scaled-215x215.jpg\" class=\"ggImg\" alt=\"DSC_9812_HDR\" title=\"DSC_9812_HDR\" data-description=\"DSC_9812_HDR\" data-caption=\"DSC_9812_HDR\" data-title=\"DSC_9812_HDR\" style=\" width:215px; height:215px;\" \/><\/div><FIGCAPTION class=\"\" data-alpha=\"5\" style=\"color:#ffffff; background-color:#6f0000; font-size:140; text-align:left; font-family:Default;\" ><div class=\"grid-gallery-figcaption-wrap\" style=\"\"><\/div><\/FIGCAPTION><\/FIGURE><FIGURE class=\"grid-gallery-caption\" data-grid-gallery-type=\"quarter-slide-up\" data-index=\"5\" style=\"display:none;border-radius:00;; margin:5.3px; width:2150;\" ><div class=\"crop\" style=\" width:2150; height:2150; overflow:hidden;\"><img decoding=\"async\" src=\"http:\/\/urbex-team-bremen-nord.de\/wp-content\/uploads\/2020\/08\/DSC_9808_HDR-scaled-215x215.jpg\" class=\"ggImg\" alt=\"DSC_9808_HDR\" title=\"DSC_9808_HDR\" data-description=\"DSC_9808_HDR\" data-caption=\"DSC_9808_HDR\" data-title=\"DSC_9808_HDR\" style=\" width:215px; height:215px;\" \/><\/div><FIGCAPTION class=\"\" data-alpha=\"5\" style=\"color:#ffffff; background-color:#6f0000; font-size:140; text-align:left; font-family:Default;\" ><div class=\"grid-gallery-figcaption-wrap\" style=\"\"><\/div><\/FIGCAPTION><\/FIGURE><FIGURE class=\"grid-gallery-caption\" data-grid-gallery-type=\"quarter-slide-up\" data-index=\"6\" style=\"display:none;border-radius:00;; margin:5.3px; width:2150;\" ><div class=\"crop\" style=\" width:2150; height:2150; overflow:hidden;\"><img decoding=\"async\" src=\"http:\/\/urbex-team-bremen-nord.de\/wp-content\/uploads\/2020\/08\/DSC_9801_HDR-scaled-215x215.jpg\" class=\"ggImg\" alt=\"DSC_9801_HDR\" title=\"DSC_9801_HDR\" data-description=\"DSC_9801_HDR\" data-caption=\"DSC_9801_HDR\" data-title=\"DSC_9801_HDR\" style=\" width:215px; height:215px;\" \/><\/div><FIGCAPTION class=\"\" data-alpha=\"5\" style=\"color:#ffffff; background-color:#6f0000; font-size:140; text-align:left; font-family:Default;\" ><div class=\"grid-gallery-figcaption-wrap\" style=\"\"><\/div><\/FIGCAPTION><\/FIGURE><FIGURE class=\"grid-gallery-caption\" data-grid-gallery-type=\"quarter-slide-up\" data-index=\"7\" style=\"display:none;border-radius:00;; margin:5.3px; width:2150;\" ><div class=\"crop\" style=\" width:2150; height:2150; overflow:hidden;\"><img decoding=\"async\" src=\"http:\/\/urbex-team-bremen-nord.de\/wp-content\/uploads\/2020\/08\/DSC_9799_HDR-scaled-215x215.jpg\" class=\"ggImg\" alt=\"DSC_9799_HDR\" title=\"DSC_9799_HDR\" data-description=\"DSC_9799_HDR\" data-caption=\"DSC_9799_HDR\" data-title=\"DSC_9799_HDR\" style=\" width:215px; height:215px;\" \/><\/div><FIGCAPTION class=\"\" data-alpha=\"5\" style=\"color:#ffffff; background-color:#6f0000; font-size:140; text-align:left; font-family:Default;\" ><div class=\"grid-gallery-figcaption-wrap\" style=\"\"><\/div><\/FIGCAPTION><\/FIGURE><FIGURE class=\"grid-gallery-caption\" data-grid-gallery-type=\"quarter-slide-up\" data-index=\"8\" style=\"display:none;border-radius:00;; margin:5.3px; width:2150;\" ><div class=\"crop\" style=\" width:2150; height:2150; overflow:hidden;\"><img decoding=\"async\" src=\"http:\/\/urbex-team-bremen-nord.de\/wp-content\/uploads\/2020\/08\/DSC_9798_HDR-scaled-215x215.jpg\" class=\"ggImg\" alt=\"DSC_9798_HDR\" title=\"DSC_9798_HDR\" data-description=\"DSC_9798_HDR\" data-caption=\"DSC_9798_HDR\" data-title=\"DSC_9798_HDR\" style=\" width:215px; height:215px;\" \/><\/div><FIGCAPTION class=\"\" data-alpha=\"5\" style=\"color:#ffffff; background-color:#6f0000; font-size:140; text-align:left; font-family:Default;\" ><div class=\"grid-gallery-figcaption-wrap\" style=\"\"><\/div><\/FIGCAPTION><\/FIGURE><FIGURE class=\"grid-gallery-caption\" data-grid-gallery-type=\"quarter-slide-up\" data-index=\"9\" style=\"display:none;border-radius:00;; margin:5.3px; width:2150;\" ><div class=\"crop\" style=\" width:2150; height:2150; overflow:hidden;\"><img decoding=\"async\" src=\"http:\/\/urbex-team-bremen-nord.de\/wp-content\/uploads\/2020\/08\/DSC_9822_HDR-scaled-215x215.jpg\" class=\"ggImg\" alt=\"DSC_9822_HDR\" title=\"DSC_9822_HDR\" data-description=\"DSC_9822_HDR\" data-caption=\"DSC_9822_HDR\" data-title=\"DSC_9822_HDR\" style=\" width:215px; height:215px;\" \/><\/div><FIGCAPTION class=\"\" data-alpha=\"5\" style=\"color:#ffffff; background-color:#6f0000; font-size:140; text-align:left; font-family:Default;\" ><div class=\"grid-gallery-figcaption-wrap\" style=\"\"><\/div><\/FIGCAPTION><\/FIGURE><FIGURE class=\"grid-gallery-caption\" data-grid-gallery-type=\"quarter-slide-up\" data-index=\"10\" style=\"display:none;border-radius:00;; margin:5.3px; width:2150;\" ><div class=\"crop\" style=\" width:2150; height:2150; overflow:hidden;\"><img decoding=\"async\" src=\"http:\/\/urbex-team-bremen-nord.de\/wp-content\/uploads\/2020\/08\/DSC_9792_HDR-scaled-215x215.jpg\" class=\"ggImg\" alt=\"DSC_9792_HDR\" title=\"DSC_9792_HDR\" data-description=\"DSC_9792_HDR\" data-caption=\"DSC_9792_HDR\" data-title=\"DSC_9792_HDR\" style=\" width:215px; height:215px;\" \/><\/div><FIGCAPTION class=\"\" data-alpha=\"5\" style=\"color:#ffffff; background-color:#6f0000; font-size:140; text-align:left; font-family:Default;\" ><div class=\"grid-gallery-figcaption-wrap\" style=\"\"><\/div><\/FIGCAPTION><\/FIGURE><FIGURE class=\"grid-gallery-caption\" data-grid-gallery-type=\"quarter-slide-up\" data-index=\"11\" style=\"display:none;border-radius:00;; margin:5.3px; width:2150;\" ><div class=\"crop\" style=\" width:2150; height:2150; overflow:hidden;\"><img decoding=\"async\" src=\"http:\/\/urbex-team-bremen-nord.de\/wp-content\/uploads\/2020\/08\/DSC_9790_HDR-scaled-215x215.jpg\" class=\"ggImg\" alt=\"DSC_9790_HDR\" title=\"DSC_9790_HDR\" data-description=\"DSC_9790_HDR\" data-caption=\"DSC_9790_HDR\" data-title=\"DSC_9790_HDR\" style=\" width:215px; height:215px;\" \/><\/div><FIGCAPTION class=\"\" data-alpha=\"5\" style=\"color:#ffffff; background-color:#6f0000; font-size:140; text-align:left; font-family:Default;\" ><div class=\"grid-gallery-figcaption-wrap\" style=\"\"><\/div><\/FIGCAPTION><\/FIGURE><FIGURE class=\"grid-gallery-caption\" data-grid-gallery-type=\"quarter-slide-up\" data-index=\"12\" style=\"display:none;border-radius:00;; margin:5.3px; width:2150;\" ><div class=\"crop\" style=\" width:2150; height:2150; overflow:hidden;\"><img decoding=\"async\" src=\"http:\/\/urbex-team-bremen-nord.de\/wp-content\/uploads\/2020\/08\/DSC_9789_HDR-scaled-215x215.jpg\" class=\"ggImg\" alt=\"DSC_9789_HDR\" title=\"DSC_9789_HDR\" data-description=\"DSC_9789_HDR\" data-caption=\"DSC_9789_HDR\" data-title=\"DSC_9789_HDR\" style=\" width:215px; height:215px;\" \/><\/div><FIGCAPTION class=\"\" data-alpha=\"5\" style=\"color:#ffffff; background-color:#6f0000; font-size:140; text-align:left; font-family:Default;\" ><div class=\"grid-gallery-figcaption-wrap\" style=\"\"><\/div><\/FIGCAPTION><\/FIGURE><FIGURE class=\"grid-gallery-caption\" data-grid-gallery-type=\"quarter-slide-up\" data-index=\"13\" style=\"display:none;border-radius:00;; margin:5.3px; width:2150;\" ><div class=\"crop\" style=\" width:2150; height:2150; overflow:hidden;\"><img decoding=\"async\" src=\"http:\/\/urbex-team-bremen-nord.de\/wp-content\/uploads\/2020\/08\/DSC_9788_HDR-scaled-215x215.jpg\" class=\"ggImg\" alt=\"DSC_9788_HDR\" title=\"DSC_9788_HDR\" data-description=\"DSC_9788_HDR\" data-caption=\"DSC_9788_HDR\" data-title=\"DSC_9788_HDR\" style=\" width:215px; height:215px;\" \/><\/div><FIGCAPTION class=\"\" data-alpha=\"5\" style=\"color:#ffffff; background-color:#6f0000; font-size:140; text-align:left; font-family:Default;\" ><div class=\"grid-gallery-figcaption-wrap\" style=\"\"><\/div><\/FIGCAPTION><\/FIGURE><FIGURE class=\"grid-gallery-caption\" data-grid-gallery-type=\"quarter-slide-up\" data-index=\"14\" style=\"display:none;border-radius:00;; margin:5.3px; width:2150;\" ><div class=\"crop\" style=\" width:2150; height:2150; overflow:hidden;\"><img decoding=\"async\" src=\"http:\/\/urbex-team-bremen-nord.de\/wp-content\/uploads\/2020\/08\/DSC_9784_HDR-scaled-215x215.jpg\" class=\"ggImg\" alt=\"DSC_9784_HDR\" title=\"DSC_9784_HDR\" data-description=\"DSC_9784_HDR\" data-caption=\"DSC_9784_HDR\" data-title=\"DSC_9784_HDR\" style=\" width:215px; height:215px;\" \/><\/div><FIGCAPTION class=\"\" data-alpha=\"5\" style=\"color:#ffffff; background-color:#6f0000; font-size:140; text-align:left; font-family:Default;\" ><div class=\"grid-gallery-figcaption-wrap\" style=\"\"><\/div><\/FIGCAPTION><\/FIGURE> <div class=\"grid-gallery-clearfix\"><\/div> <\/div> <div class=\"gallery-sharing-bottom\" style=\"display:none;\"> <\/div> <div class=\"gallery-sharing-image\" style=\"display:none;\"> <\/div> <div class=\"gallery-sharing-popup\" style=\"display:none;\"> <\/div> <div class=\"grid-gallery-clearfix\"><\/div> <\/div> <!-- Gallery by Supsystic plugin1.15.25 --><a title=\"Wordpress Gallery Plugin Free\" style=\"display:none;\" href=\"https:\/\/supsystic.com\/plugins\/photo-gallery\/?utm_medium=love_link\" target=\"_blank\">Wordpress Gallery Plugin Free<\/a>\n","protected":false},"excerpt":{"rendered":"<p>Dieses ehemalige Dialyse-Zentrum wurde 1978 erbaut aber erst 1987 fertiggestellt. Neben den gro\u00dfen Behandlungsr\u00e4umen f\u00fcr die Patienten befindet sich das luxuri\u00f6se Wohnhaus mit angrenzendem Schwimmbad. Der Bauherr verstarb kurze Zeit nach der Fertigstellung. Die Nachnutzung der Geb\u00e4udeteile war anscheinend nicht sehr erfolgreich und somit zog im Jahr 2009 der letzte Mieter aus. Seit dieser Zeit &hellip; <a href=\"https:\/\/urbex-team-bremen-nord.de\/?page_id=3057\" class=\"more-link\"><span class=\"screen-reader-text\">Million\u00e4rsvilla B.<\/span> weiterlesen<\/a><\/p>\n","protected":false},"author":1,"featured_media":0,"parent":0,"menu_order":0,"comment_status":"closed","ping_status":"closed","template":"","meta":{"ngg_post_thumbnail":0,"footnotes":""},"class_list":["post-3057","page","type-page","status-publish","hentry"],"_links":{"self":[{"href":"https:\/\/urbex-team-bremen-nord.de\/index.php?rest_route=\/wp\/v2\/pages\/3057","targetHints":{"allow":["GET"]}}],"collection":[{"href":"https:\/\/urbex-team-bremen-nord.de\/index.php?rest_route=\/wp\/v2\/pages"}],"about":[{"href":"https:\/\/urbex-team-bremen-nord.de\/index.php?rest_route=\/wp\/v2\/types\/page"}],"author":[{"embeddable":true,"href":"https:\/\/urbex-team-bremen-nord.de\/index.php?rest_route=\/wp\/v2\/users\/1"}],"replies":[{"embeddable":true,"href":"https:\/\/urbex-team-bremen-nord.de\/index.php?rest_route=%2Fwp%2Fv2%2Fcomments&post=3057"}],"version-history":[{"count":1,"href":"https:\/\/urbex-team-bremen-nord.de\/index.php?rest_route=\/wp\/v2\/pages\/3057\/revisions"}],"predecessor-version":[{"id":3059,"href":"https:\/\/urbex-team-bremen-nord.de\/index.php?rest_route=\/wp\/v2\/pages\/3057\/revisions\/3059"}],"wp:attachment":[{"href":"https:\/\/urbex-team-bremen-nord.de\/index.php?rest_route=%2Fwp%2Fv2%2Fmedia&parent=3057"}],"curies":[{"name":"wp","href":"https:\/\/api.w.org\/{rel}","templated":true}]}}