{"id":287,"date":"2017-01-22T15:19:57","date_gmt":"2017-01-22T14:19:57","guid":{"rendered":"http:\/\/urbex-team-bremen-nord.de\/?page_id=287"},"modified":"2017-01-22T15:19:57","modified_gmt":"2017-01-22T14:19:57","slug":"arbeitslager-h","status":"publish","type":"page","link":"https:\/\/urbex-team-bremen-nord.de\/?page_id=287","title":{"rendered":"Arbeitslager H."},"content":{"rendered":"<p>Dieses Arbeitslager liegt in unmittelbarere N\u00e4he einer Munitiunsanstalt, welche Ende der 1930er Jahre in einem Bergwerk errichtet worden ist. Hier wurden die f\u00fcr den Bau und den Betrieb der Munitiunsanstalt ben\u00f6tigten Arbeitskr\u00e4fte untergebracht. Wie damals \u00fcblich, wurden dort zahlreiche Fremd- und Zwangsarbeiter eingesetzt. Im Durchschnitt wurde dieses Arbeitslager mit 250 Kr\u00e4ften besetzt. In der Munitionsanstalt wurden \u00fcberwiegend Wurfgranaten und Granaten bef\u00fcllt. Auch wurden dort nicht explodierte Granaten wiederaufgearbeitet. Auf dem Gel\u00e4nde des Arbeitslagers befand sich f\u00fcr viele Jahre ein Campingplatz. Heute steht es leer und wird sich selbst und der hiesigen Dorfjugend \u00fcberlassen.<\/p>\n<div id=\"grid-gallery-12-35244\" data-gg-id=\"12\" data-title=\"Arbeitslager H.\" data-grid-type=\"0\" data-offset=\"5.3\" data-area-position=\"center\" data-icons=\"\" data-preloader=\"true\" data-width=\"215\" data-height=\"215\" data-padding=\"0\" data-quicksand=\"disabled\" data-quicksand-duration=\"none\" data-popup-theme=\"theme_6\" data-popup-type=\"pretty-photo\" data-popup-image-text=\"data-title\" data-popup-widthsize=\"auto\" data-popup-heightsize=\"auto\" data-popup-i18n-words=\"{&quot;close&quot;:&quot;schlie\\u00dfen&quot;,&quot;next&quot;:&quot;n\\u00e4chste&quot;,&quot;previous&quot;:&quot;vorherige&quot;,&quot;start_slideshow&quot;:&quot;Starte Slideshow&quot;,&quot;stop_slideshow&quot;:&quot;Stoppe Slideshow&quot;,&quot;image&quot;:&quot;Bild&quot;,&quot;of&quot;:&quot;von&quot;,&quot;prev&quot;:&quot;vorherige&quot;,&quot;cExpand&quot;:&quot;Erweitere&quot;,&quot;cPrevious&quot;:&quot;Vorheriges&quot;,&quot;cNext&quot;:&quot;N\\u00e4chstes&quot;,&quot;cExpandStr&quot;:&quot;Erweitere Bild&quot;,&quot;cRotate&quot;:&quot;Rotate&quot;,&quot;cDetails&quot;:&quot;Details&quot;}\" data-popup-slideshow=\"false\" data-popup-slideshow-speed=\"2500\" data-popup-hoverstop=\"false\" data-popup-slideshow-auto=\"false\" data-popup-background=\"\" data-popup-transparency=\"30\" data-popup-disable-history=\"\" data-popup-disable-changed-url=\"\" data-popup-border-type=\"\" data-popup-border-color=\"\" data-popup-border-width=\"\" data-popup-border-enable=\"\" data-fullscreen=\"false\" data-hide-tooltip=\"false\" data-caption-font-family=\"Default\" data-caption-text-size=\"140\" data-is-mobile=\"0\" data-caption-mobile=\"false\" data-hide-long-tltp-title=\"0\" data-caption-disabled-on-mobile=\"false\" data-popup-placement-type=\"0\" data-social-sharing=\"{&quot;enabled&quot;:&quot;&quot;,&quot;gallerySharing&quot;:{&quot;enabled&quot;:null,&quot;position&quot;:null},&quot;imageSharing&quot;:{&quot;enabled&quot;:null,&quot;wrapperClass&quot;:&quot; vertical &quot;},&quot;popupSharing&quot;:{&quot;enabled&quot;:null,&quot;wrapperClass&quot;:&quot; vertical &quot;}}\" class=\"grid-gallery grid-gallery-fixed \" style=\" width:100%; height:auto; margin-left:auto; margin-right:auto;position:relative;\"> <div class=\"gallery-loading\"> <div class=\"blocks\"> <div class=\"block\"><\/div> <div class=\"block\"><\/div> <div class=\"block\"><\/div> <div class=\"block\"><\/div> <\/div> <\/div> <div class=\"gallery-sharing-top\" style=\"display:none;\"> <\/div> <div id=\"photos-12\" class=\"grid-gallery-photos\"><FIGURE class=\"grid-gallery-caption\" data-grid-gallery-type=\"quarter-slide-up\" data-index=\"0\" style=\"display:none;border-radius:00;; margin:5.3px; width:2150;\" ><div class=\"crop\" style=\" width:2150; height:2150; overflow:hidden;\"><img decoding=\"async\" src=\"http:\/\/urbex-team-bremen-nord.de\/wp-content\/uploads\/2017\/01\/IMG_7416_tonemapped-215x215.jpg\" class=\"ggImg\" alt=\"Arbeitslager H.\" title=\"Arbeitslager H.\" data-description=\"Arbeitslager H.\" data-caption=\"Arbeitslager H.\" data-title=\"Arbeitslager H.\" style=\" width:215px; height:215px;\" \/><\/div><FIGCAPTION class=\"\" data-alpha=\"5\" style=\"color:#ffffff; background-color:#6f0000; font-size:140; text-align:left; font-family:Default;\" ><div class=\"grid-gallery-figcaption-wrap\" style=\"\"><\/div><\/FIGCAPTION><\/FIGURE><FIGURE class=\"grid-gallery-caption\" data-grid-gallery-type=\"quarter-slide-up\" data-index=\"1\" style=\"display:none;border-radius:00;; margin:5.3px; width:2150;\" ><div class=\"crop\" style=\" width:2150; height:2150; overflow:hidden;\"><img decoding=\"async\" src=\"http:\/\/urbex-team-bremen-nord.de\/wp-content\/uploads\/2017\/01\/IMG_7388_89_90_tonemapped-215x215.jpg\" class=\"ggImg\" alt=\"Arbeitslager H.\" title=\"Arbeitslager H.\" data-description=\"Arbeitslager H.\" data-caption=\"Arbeitslager H.\" data-title=\"Arbeitslager H.\" style=\" width:215px; height:215px;\" \/><\/div><FIGCAPTION class=\"\" data-alpha=\"5\" style=\"color:#ffffff; background-color:#6f0000; font-size:140; text-align:left; font-family:Default;\" ><div class=\"grid-gallery-figcaption-wrap\" style=\"\"><\/div><\/FIGCAPTION><\/FIGURE><FIGURE class=\"grid-gallery-caption\" data-grid-gallery-type=\"quarter-slide-up\" data-index=\"2\" style=\"display:none;border-radius:00;; margin:5.3px; width:2150;\" ><div class=\"crop\" style=\" width:2150; height:2150; overflow:hidden;\"><img decoding=\"async\" src=\"http:\/\/urbex-team-bremen-nord.de\/wp-content\/uploads\/2017\/01\/IMG_7376_7_8_tonemapped-215x215.jpg\" class=\"ggImg\" alt=\"Arbeitslager H.\" title=\"Arbeitslager H.\" data-description=\"Arbeitslager H.\" data-caption=\"Arbeitslager H.\" data-title=\"Arbeitslager H.\" style=\" width:215px; height:215px;\" \/><\/div><FIGCAPTION class=\"\" data-alpha=\"5\" style=\"color:#ffffff; background-color:#6f0000; font-size:140; text-align:left; font-family:Default;\" ><div class=\"grid-gallery-figcaption-wrap\" style=\"\"><\/div><\/FIGCAPTION><\/FIGURE><FIGURE class=\"grid-gallery-caption\" data-grid-gallery-type=\"quarter-slide-up\" data-index=\"3\" style=\"display:none;border-radius:00;; margin:5.3px; width:2150;\" ><div class=\"crop\" style=\" width:2150; height:2150; overflow:hidden;\"><img decoding=\"async\" src=\"http:\/\/urbex-team-bremen-nord.de\/wp-content\/uploads\/2017\/01\/IMG_7404_5_6_tonemapped-215x215.jpg\" class=\"ggImg\" alt=\"Arbeitslager H.\" title=\"Arbeitslager H.\" data-description=\"Arbeitslager H.\" data-caption=\"Arbeitslager H.\" data-title=\"Arbeitslager H.\" style=\" width:215px; height:215px;\" \/><\/div><FIGCAPTION class=\"\" data-alpha=\"5\" style=\"color:#ffffff; background-color:#6f0000; font-size:140; text-align:left; font-family:Default;\" ><div class=\"grid-gallery-figcaption-wrap\" style=\"\"><\/div><\/FIGCAPTION><\/FIGURE><FIGURE class=\"grid-gallery-caption\" data-grid-gallery-type=\"quarter-slide-up\" data-index=\"4\" style=\"display:none;border-radius:00;; margin:5.3px; width:2150;\" ><div class=\"crop\" style=\" width:2150; height:2150; overflow:hidden;\"><img decoding=\"async\" src=\"http:\/\/urbex-team-bremen-nord.de\/wp-content\/uploads\/2017\/01\/IMG_7408_09_10_tonemapped-215x215.jpg\" class=\"ggImg\" alt=\"Arbeitslager H.\" title=\"Arbeitslager H.\" data-description=\"Arbeitslager H.\" data-caption=\"Arbeitslager H.\" data-title=\"Arbeitslager H.\" style=\" width:215px; height:215px;\" \/><\/div><FIGCAPTION class=\"\" data-alpha=\"5\" style=\"color:#ffffff; background-color:#6f0000; font-size:140; text-align:left; font-family:Default;\" ><div class=\"grid-gallery-figcaption-wrap\" style=\"\"><\/div><\/FIGCAPTION><\/FIGURE><FIGURE class=\"grid-gallery-caption\" data-grid-gallery-type=\"quarter-slide-up\" data-index=\"5\" style=\"display:none;border-radius:00;; margin:5.3px; width:2150;\" ><div class=\"crop\" style=\" width:2150; height:2150; overflow:hidden;\"><img decoding=\"async\" src=\"http:\/\/urbex-team-bremen-nord.de\/wp-content\/uploads\/2017\/01\/IMG_7467_8_9_tonemapped-215x215.jpg\" class=\"ggImg\" alt=\"Arbeitslager H.\" title=\"Arbeitslager H.\" data-description=\"Arbeitslager H.\" data-caption=\"Arbeitslager H.\" data-title=\"Arbeitslager H.\" style=\" width:215px; height:215px;\" \/><\/div><FIGCAPTION class=\"\" data-alpha=\"5\" style=\"color:#ffffff; background-color:#6f0000; font-size:140; text-align:left; font-family:Default;\" ><div class=\"grid-gallery-figcaption-wrap\" style=\"\"><\/div><\/FIGCAPTION><\/FIGURE><FIGURE class=\"grid-gallery-caption\" data-grid-gallery-type=\"quarter-slide-up\" data-index=\"6\" style=\"display:none;border-radius:00;; margin:5.3px; width:2150;\" ><div class=\"crop\" style=\" width:2150; height:2150; overflow:hidden;\"><img decoding=\"async\" src=\"http:\/\/urbex-team-bremen-nord.de\/wp-content\/uploads\/2017\/01\/IMG_7479_80_81_tonemapped-215x215.jpg\" class=\"ggImg\" alt=\"Arbeitslager H.\" title=\"Arbeitslager H.\" data-description=\"Arbeitslager H.\" data-caption=\"Arbeitslager H.\" data-title=\"Arbeitslager H.\" style=\" width:215px; height:215px;\" \/><\/div><FIGCAPTION class=\"\" data-alpha=\"5\" style=\"color:#ffffff; background-color:#6f0000; font-size:140; text-align:left; font-family:Default;\" ><div class=\"grid-gallery-figcaption-wrap\" style=\"\"><\/div><\/FIGCAPTION><\/FIGURE><FIGURE class=\"grid-gallery-caption\" data-grid-gallery-type=\"quarter-slide-up\" data-index=\"7\" style=\"display:none;border-radius:00;; margin:5.3px; width:2150;\" ><div class=\"crop\" style=\" width:2150; height:2150; overflow:hidden;\"><img decoding=\"async\" src=\"http:\/\/urbex-team-bremen-nord.de\/wp-content\/uploads\/2017\/01\/IMG_7471_2_3_tonemapped-215x215.jpg\" class=\"ggImg\" alt=\"Arbeitslager H.\" title=\"Arbeitslager H.\" data-description=\"Arbeitslager H.\" data-caption=\"Arbeitslager H.\" data-title=\"Arbeitslager H.\" style=\" width:215px; height:215px;\" \/><\/div><FIGCAPTION class=\"\" data-alpha=\"5\" style=\"color:#ffffff; background-color:#6f0000; font-size:140; text-align:left; font-family:Default;\" ><div class=\"grid-gallery-figcaption-wrap\" style=\"\"><\/div><\/FIGCAPTION><\/FIGURE><FIGURE class=\"grid-gallery-caption\" data-grid-gallery-type=\"quarter-slide-up\" data-index=\"8\" style=\"display:none;border-radius:00;; margin:5.3px; width:2150;\" ><div class=\"crop\" style=\" width:2150; height:2150; overflow:hidden;\"><img decoding=\"async\" src=\"http:\/\/urbex-team-bremen-nord.de\/wp-content\/uploads\/2017\/01\/IMG_7360_1_2_tonemapped-215x215.jpg\" class=\"ggImg\" alt=\"Arbeitslager H.\" title=\"Arbeitslager H.\" data-description=\"Arbeitslager H.\" data-caption=\"Arbeitslager H.\" data-title=\"Arbeitslager H.\" style=\" width:215px; height:215px;\" \/><\/div><FIGCAPTION class=\"\" data-alpha=\"5\" style=\"color:#ffffff; background-color:#6f0000; font-size:140; text-align:left; font-family:Default;\" ><div class=\"grid-gallery-figcaption-wrap\" style=\"\"><\/div><\/FIGCAPTION><\/FIGURE><FIGURE class=\"grid-gallery-caption\" data-grid-gallery-type=\"quarter-slide-up\" data-index=\"9\" style=\"display:none;border-radius:00;; margin:5.3px; width:2150;\" ><div class=\"crop\" style=\" width:2150; height:2150; overflow:hidden;\"><img decoding=\"async\" src=\"http:\/\/urbex-team-bremen-nord.de\/wp-content\/uploads\/2017\/01\/IMG_7400_1_2_tonemapped-215x215.jpg\" class=\"ggImg\" alt=\"Arbeitslager H.\" title=\"Arbeitslager H.\" data-description=\"Arbeitslager H.\" data-caption=\"Arbeitslager H.\" data-title=\"Arbeitslager H.\" style=\" width:215px; height:215px;\" \/><\/div><FIGCAPTION class=\"\" data-alpha=\"5\" style=\"color:#ffffff; background-color:#6f0000; font-size:140; text-align:left; font-family:Default;\" ><div class=\"grid-gallery-figcaption-wrap\" style=\"\"><\/div><\/FIGCAPTION><\/FIGURE><FIGURE class=\"grid-gallery-caption\" data-grid-gallery-type=\"quarter-slide-up\" data-index=\"10\" style=\"display:none;border-radius:00;; margin:5.3px; width:2150;\" ><div class=\"crop\" style=\" width:2150; height:2150; overflow:hidden;\"><img decoding=\"async\" src=\"http:\/\/urbex-team-bremen-nord.de\/wp-content\/uploads\/2017\/01\/IMG_7392_3_4_tonemapped-215x215.jpg\" class=\"ggImg\" alt=\"Arbeitslager H.\" title=\"Arbeitslager H.\" data-description=\"Arbeitslager H.\" data-caption=\"Arbeitslager H.\" data-title=\"Arbeitslager H.\" style=\" width:215px; height:215px;\" \/><\/div><FIGCAPTION class=\"\" data-alpha=\"5\" style=\"color:#ffffff; background-color:#6f0000; font-size:140; text-align:left; font-family:Default;\" ><div class=\"grid-gallery-figcaption-wrap\" style=\"\"><\/div><\/FIGCAPTION><\/FIGURE><FIGURE class=\"grid-gallery-caption\" data-grid-gallery-type=\"quarter-slide-up\" data-index=\"11\" style=\"display:none;border-radius:00;; margin:5.3px; width:2150;\" ><div class=\"crop\" style=\" width:2150; height:2150; overflow:hidden;\"><img decoding=\"async\" src=\"http:\/\/urbex-team-bremen-nord.de\/wp-content\/uploads\/2017\/01\/IMG_7380_1_2_tonemapped-215x215.jpg\" class=\"ggImg\" alt=\"Arbeitslager H.\" title=\"Arbeitslager H.\" data-description=\"Arbeitslager H.\" data-caption=\"Arbeitslager H.\" data-title=\"Arbeitslager H.\" style=\" width:215px; height:215px;\" \/><\/div><FIGCAPTION class=\"\" data-alpha=\"5\" style=\"color:#ffffff; background-color:#6f0000; font-size:140; text-align:left; font-family:Default;\" ><div class=\"grid-gallery-figcaption-wrap\" style=\"\"><\/div><\/FIGCAPTION><\/FIGURE><FIGURE class=\"grid-gallery-caption\" data-grid-gallery-type=\"quarter-slide-up\" data-index=\"12\" style=\"display:none;border-radius:00;; margin:5.3px; width:2150;\" ><div class=\"crop\" style=\" width:2150; height:2150; overflow:hidden;\"><img decoding=\"async\" src=\"http:\/\/urbex-team-bremen-nord.de\/wp-content\/uploads\/2017\/01\/IMG_7460_1_2_tonemapped-215x215.jpg\" class=\"ggImg\" alt=\"Arbeitslager H.\" title=\"Arbeitslager H.\" data-description=\"Arbeitslager H.\" data-caption=\"Arbeitslager H.\" data-title=\"Arbeitslager H.\" style=\" width:215px; height:215px;\" \/><\/div><FIGCAPTION class=\"\" data-alpha=\"5\" style=\"color:#ffffff; background-color:#6f0000; font-size:140; text-align:left; font-family:Default;\" ><div class=\"grid-gallery-figcaption-wrap\" style=\"\"><\/div><\/FIGCAPTION><\/FIGURE><FIGURE class=\"grid-gallery-caption\" data-grid-gallery-type=\"quarter-slide-up\" data-index=\"13\" style=\"display:none;border-radius:00;; margin:5.3px; width:2150;\" ><div class=\"crop\" style=\" width:2150; height:2150; overflow:hidden;\"><img decoding=\"async\" src=\"http:\/\/urbex-team-bremen-nord.de\/wp-content\/uploads\/2017\/01\/IMG_7446_7_8_tonemapped-215x215.jpg\" class=\"ggImg\" alt=\"Arbeitslager H.\" title=\"Arbeitslager H.\" data-description=\"Arbeitslager H.\" data-caption=\"Arbeitslager H.\" data-title=\"Arbeitslager H.\" style=\" width:215px; height:215px;\" \/><\/div><FIGCAPTION class=\"\" data-alpha=\"5\" style=\"color:#ffffff; background-color:#6f0000; font-size:140; text-align:left; font-family:Default;\" ><div class=\"grid-gallery-figcaption-wrap\" style=\"\"><\/div><\/FIGCAPTION><\/FIGURE><FIGURE class=\"grid-gallery-caption\" data-grid-gallery-type=\"quarter-slide-up\" data-index=\"14\" style=\"display:none;border-radius:00;; margin:5.3px; width:2150;\" ><div class=\"crop\" style=\" width:2150; height:2150; overflow:hidden;\"><img decoding=\"async\" src=\"http:\/\/urbex-team-bremen-nord.de\/wp-content\/uploads\/2017\/01\/IMG_7430_1_2_tonemapped-215x215.jpg\" class=\"ggImg\" alt=\"Arbeitslager H.\" title=\"Arbeitslager H.\" data-description=\"Arbeitslager H.\" data-caption=\"Arbeitslager H.\" data-title=\"Arbeitslager H.\" style=\" width:215px; height:215px;\" \/><\/div><FIGCAPTION class=\"\" data-alpha=\"5\" style=\"color:#ffffff; background-color:#6f0000; font-size:140; text-align:left; font-family:Default;\" ><div class=\"grid-gallery-figcaption-wrap\" style=\"\"><\/div><\/FIGCAPTION><\/FIGURE><FIGURE class=\"grid-gallery-caption\" data-grid-gallery-type=\"quarter-slide-up\" data-index=\"15\" style=\"display:none;border-radius:00;; margin:5.3px; width:2150;\" ><div class=\"crop\" style=\" width:2150; height:2150; overflow:hidden;\"><img decoding=\"async\" src=\"http:\/\/urbex-team-bremen-nord.de\/wp-content\/uploads\/2017\/01\/IMG_7422_3_4_tonemapped-215x215.jpg\" class=\"ggImg\" alt=\"Arbeitslager H.\" title=\"Arbeitslager H.\" data-description=\"Arbeitslager H.\" data-caption=\"Arbeitslager H.\" data-title=\"Arbeitslager H.\" style=\" width:215px; height:215px;\" \/><\/div><FIGCAPTION class=\"\" data-alpha=\"5\" style=\"color:#ffffff; background-color:#6f0000; font-size:140; text-align:left; font-family:Default;\" ><div class=\"grid-gallery-figcaption-wrap\" style=\"\"><\/div><\/FIGCAPTION><\/FIGURE><FIGURE class=\"grid-gallery-caption\" data-grid-gallery-type=\"quarter-slide-up\" data-index=\"16\" style=\"display:none;border-radius:00;; margin:5.3px; width:2150;\" ><div class=\"crop\" style=\" width:2150; height:2150; overflow:hidden;\"><img decoding=\"async\" src=\"http:\/\/urbex-team-bremen-nord.de\/wp-content\/uploads\/2017\/01\/IMG_7417_8_9_tonemapped-215x215.jpg\" class=\"ggImg\" alt=\"Arbeitslager H.\" title=\"Arbeitslager H.\" data-description=\"Arbeitslager H.\" data-caption=\"Arbeitslager H.\" data-title=\"Arbeitslager H.\" style=\" width:215px; height:215px;\" \/><\/div><FIGCAPTION class=\"\" data-alpha=\"5\" style=\"color:#ffffff; background-color:#6f0000; font-size:140; text-align:left; font-family:Default;\" ><div class=\"grid-gallery-figcaption-wrap\" style=\"\"><\/div><\/FIGCAPTION><\/FIGURE> <div class=\"grid-gallery-clearfix\"><\/div> <\/div> <div class=\"gallery-sharing-bottom\" style=\"display:none;\"> <\/div> <div class=\"gallery-sharing-image\" style=\"display:none;\"> <\/div> <div class=\"gallery-sharing-popup\" style=\"display:none;\"> <\/div> <div class=\"grid-gallery-clearfix\"><\/div> <\/div> <!-- Gallery by Supsystic plugin1.15.25 --><a title=\"Wordpress Gallery Plugin Free\" style=\"display:none;\" href=\"https:\/\/supsystic.com\/plugins\/photo-gallery\/?utm_medium=love_link\" target=\"_blank\">Wordpress Gallery Plugin Free<\/a>\n","protected":false},"excerpt":{"rendered":"<p>Dieses Arbeitslager liegt in unmittelbarere N\u00e4he einer Munitiunsanstalt, welche Ende der 1930er Jahre in einem Bergwerk errichtet worden ist. Hier wurden die f\u00fcr den Bau und den Betrieb der Munitiunsanstalt ben\u00f6tigten Arbeitskr\u00e4fte untergebracht. Wie damals \u00fcblich, wurden dort zahlreiche Fremd- und Zwangsarbeiter eingesetzt. Im Durchschnitt wurde dieses Arbeitslager mit 250 Kr\u00e4ften besetzt. In der Munitionsanstalt &hellip; <a href=\"https:\/\/urbex-team-bremen-nord.de\/?page_id=287\" class=\"more-link\"><span class=\"screen-reader-text\">Arbeitslager H.<\/span> weiterlesen<\/a><\/p>\n","protected":false},"author":2,"featured_media":0,"parent":0,"menu_order":0,"comment_status":"closed","ping_status":"closed","template":"","meta":{"ngg_post_thumbnail":0,"footnotes":""},"class_list":["post-287","page","type-page","status-publish","hentry"],"_links":{"self":[{"href":"https:\/\/urbex-team-bremen-nord.de\/index.php?rest_route=\/wp\/v2\/pages\/287","targetHints":{"allow":["GET"]}}],"collection":[{"href":"https:\/\/urbex-team-bremen-nord.de\/index.php?rest_route=\/wp\/v2\/pages"}],"about":[{"href":"https:\/\/urbex-team-bremen-nord.de\/index.php?rest_route=\/wp\/v2\/types\/page"}],"author":[{"embeddable":true,"href":"https:\/\/urbex-team-bremen-nord.de\/index.php?rest_route=\/wp\/v2\/users\/2"}],"replies":[{"embeddable":true,"href":"https:\/\/urbex-team-bremen-nord.de\/index.php?rest_route=%2Fwp%2Fv2%2Fcomments&post=287"}],"version-history":[{"count":1,"href":"https:\/\/urbex-team-bremen-nord.de\/index.php?rest_route=\/wp\/v2\/pages\/287\/revisions"}],"predecessor-version":[{"id":289,"href":"https:\/\/urbex-team-bremen-nord.de\/index.php?rest_route=\/wp\/v2\/pages\/287\/revisions\/289"}],"wp:attachment":[{"href":"https:\/\/urbex-team-bremen-nord.de\/index.php?rest_route=%2Fwp%2Fv2%2Fmedia&parent=287"}],"curies":[{"name":"wp","href":"https:\/\/api.w.org\/{rel}","templated":true}]}}