{"id":262,"date":"2017-01-22T10:45:19","date_gmt":"2017-01-22T10:45:19","guid":{"rendered":"http:\/\/urbex-team-bremen-nord.de\/?page_id=262"},"modified":"2017-01-22T10:47:06","modified_gmt":"2017-01-22T10:47:06","slug":"die-teufelsbruecke","status":"publish","type":"page","link":"https:\/\/urbex-team-bremen-nord.de\/?page_id=262","title":{"rendered":"Die &#8222;Teufelsbr\u00fccke&#8220;"},"content":{"rendered":"<p>Eigentlich ist dieses kein Lost Place im \u00fcblichen Sinne. Infos zur Br\u00fccke: Friedrich Hermann R\u00f6tschke lie\u00df ab 1860 in fast 10-j\u00e4hriger Bauzeit \u00fcber den 35m breiten Rakotzsee (Rakotz= Serbisch f\u00fcr Krebs) einen halbkreisf\u00f6rmigen Br\u00fcckenbogen aus Basalt- und Feldsteinen errichten. Dieser spiegelt sich im Wasser zu einem vollst\u00e4ndigen Kreis wider. Im See lie\u00df er Basalts\u00e4ulen zu einer bizarren Gruppe aufstellen, welche \u201eOrgel\u201c genannt wird. Der Basalt wurde aus Steinbr\u00fcchen der S\u00e4chsischen Schweiz und B\u00f6hmen herangeschafft.<\/p>\n<div id=\"grid-gallery-11-53888\" data-gg-id=\"11\" data-title=\"Die \u201eTeufelsbr\u00fccke\u201c\" data-grid-type=\"0\" data-offset=\"5.3\" data-area-position=\"center\" data-icons=\"\" data-preloader=\"true\" data-width=\"215\" data-height=\"215\" data-padding=\"0\" data-quicksand=\"disabled\" data-quicksand-duration=\"none\" data-popup-theme=\"theme_6\" data-popup-type=\"pretty-photo\" data-popup-image-text=\"data-title\" data-popup-widthsize=\"auto\" data-popup-heightsize=\"auto\" data-popup-i18n-words=\"{&quot;close&quot;:&quot;schlie\\u00dfen&quot;,&quot;next&quot;:&quot;n\\u00e4chste&quot;,&quot;previous&quot;:&quot;vorherige&quot;,&quot;start_slideshow&quot;:&quot;Starte Slideshow&quot;,&quot;stop_slideshow&quot;:&quot;Stoppe Slideshow&quot;,&quot;image&quot;:&quot;Bild&quot;,&quot;of&quot;:&quot;von&quot;,&quot;prev&quot;:&quot;vorherige&quot;,&quot;cExpand&quot;:&quot;Erweitere&quot;,&quot;cPrevious&quot;:&quot;Vorheriges&quot;,&quot;cNext&quot;:&quot;N\\u00e4chstes&quot;,&quot;cExpandStr&quot;:&quot;Erweitere Bild&quot;,&quot;cRotate&quot;:&quot;Rotate&quot;,&quot;cDetails&quot;:&quot;Details&quot;}\" data-popup-slideshow=\"false\" data-popup-slideshow-speed=\"2500\" data-popup-hoverstop=\"false\" data-popup-slideshow-auto=\"false\" data-popup-background=\"\" data-popup-transparency=\"30\" data-popup-disable-history=\"\" data-popup-disable-changed-url=\"\" data-popup-border-type=\"\" data-popup-border-color=\"\" data-popup-border-width=\"\" data-popup-border-enable=\"\" data-fullscreen=\"false\" data-hide-tooltip=\"false\" data-caption-font-family=\"Default\" data-caption-text-size=\"140\" data-is-mobile=\"0\" data-caption-mobile=\"false\" data-hide-long-tltp-title=\"0\" data-caption-disabled-on-mobile=\"false\" data-popup-placement-type=\"0\" data-social-sharing=\"{&quot;enabled&quot;:&quot;&quot;,&quot;gallerySharing&quot;:{&quot;enabled&quot;:null,&quot;position&quot;:null},&quot;imageSharing&quot;:{&quot;enabled&quot;:null,&quot;wrapperClass&quot;:&quot; vertical &quot;},&quot;popupSharing&quot;:{&quot;enabled&quot;:null,&quot;wrapperClass&quot;:&quot; vertical &quot;}}\" class=\"grid-gallery grid-gallery-fixed \" style=\" width:100%; height:auto; margin-left:auto; margin-right:auto;position:relative;\"> <div class=\"gallery-loading\"> <div class=\"blocks\"> <div class=\"block\"><\/div> <div class=\"block\"><\/div> <div class=\"block\"><\/div> <div class=\"block\"><\/div> <\/div> <\/div> <div class=\"gallery-sharing-top\" style=\"display:none;\"> <\/div> <div id=\"photos-11\" class=\"grid-gallery-photos\"><FIGURE class=\"grid-gallery-caption\" data-grid-gallery-type=\"quarter-slide-up\" data-index=\"0\" style=\"display:none;border-radius:00;; margin:5.3px; width:2150;\" ><div class=\"crop\" style=\" width:2150; height:2150; overflow:hidden;\"><img decoding=\"async\" src=\"http:\/\/urbex-team-bremen-nord.de\/wp-content\/uploads\/2017\/01\/IMG_5862_3_4_Fotografisch-215x215.jpg\" class=\"ggImg\" alt=\"Die \u201eTeufelsbr\u00fccke\u201c\" title=\"Die \u201eTeufelsbr\u00fccke\u201c\" data-description=\"Die \u201eTeufelsbr\u00fccke\u201c\" data-caption=\"Die \u201eTeufelsbr\u00fccke\u201c\" data-title=\"Die \u201eTeufelsbr\u00fccke\u201c\" style=\" width:215px; height:215px;\" \/><\/div><FIGCAPTION class=\"\" data-alpha=\"5\" style=\"color:#ffffff; background-color:#6f0000; font-size:140; text-align:left; font-family:Default;\" ><div class=\"grid-gallery-figcaption-wrap\" style=\"\"><\/div><\/FIGCAPTION><\/FIGURE><FIGURE class=\"grid-gallery-caption\" data-grid-gallery-type=\"quarter-slide-up\" data-index=\"1\" style=\"display:none;border-radius:00;; margin:5.3px; width:2150;\" ><div class=\"crop\" style=\" width:2150; height:2150; overflow:hidden;\"><img decoding=\"async\" src=\"http:\/\/urbex-team-bremen-nord.de\/wp-content\/uploads\/2017\/01\/IMG_5958_59_60_Malerisch-215x215.jpg\" class=\"ggImg\" alt=\"Die \u201eTeufelsbr\u00fccke\u201c\" title=\"Die \u201eTeufelsbr\u00fccke\u201c\" data-description=\"Die \u201eTeufelsbr\u00fccke\u201c\" data-caption=\"Die \u201eTeufelsbr\u00fccke\u201c\" data-title=\"Die \u201eTeufelsbr\u00fccke\u201c\" style=\" width:215px; height:215px;\" \/><\/div><FIGCAPTION class=\"\" data-alpha=\"5\" style=\"color:#ffffff; background-color:#6f0000; font-size:140; text-align:left; font-family:Default;\" ><div class=\"grid-gallery-figcaption-wrap\" style=\"\"><\/div><\/FIGCAPTION><\/FIGURE><FIGURE class=\"grid-gallery-caption\" data-grid-gallery-type=\"quarter-slide-up\" data-index=\"2\" style=\"display:none;border-radius:00;; margin:5.3px; width:2150;\" ><div class=\"crop\" style=\" width:2150; height:2150; overflow:hidden;\"><img decoding=\"async\" src=\"http:\/\/urbex-team-bremen-nord.de\/wp-content\/uploads\/2017\/01\/IMG_5966_7_8_Malerisch-215x215.jpg\" class=\"ggImg\" alt=\"Die \u201eTeufelsbr\u00fccke\u201c\" title=\"Die \u201eTeufelsbr\u00fccke\u201c\" data-description=\"Die \u201eTeufelsbr\u00fccke\u201c\" data-caption=\"Die \u201eTeufelsbr\u00fccke\u201c\" data-title=\"Die \u201eTeufelsbr\u00fccke\u201c\" style=\" width:215px; height:215px;\" \/><\/div><FIGCAPTION class=\"\" data-alpha=\"5\" style=\"color:#ffffff; background-color:#6f0000; font-size:140; text-align:left; font-family:Default;\" ><div class=\"grid-gallery-figcaption-wrap\" style=\"\"><\/div><\/FIGCAPTION><\/FIGURE><FIGURE class=\"grid-gallery-caption\" data-grid-gallery-type=\"quarter-slide-up\" data-index=\"3\" style=\"display:none;border-radius:00;; margin:5.3px; width:2150;\" ><div class=\"crop\" style=\" width:2150; height:2150; overflow:hidden;\"><img decoding=\"async\" src=\"http:\/\/urbex-team-bremen-nord.de\/wp-content\/uploads\/2017\/01\/IMG_5971_2_3_Fotografisch_bearbeitet-215x215.jpg\" class=\"ggImg\" alt=\"Die \u201eTeufelsbr\u00fccke\u201c\" title=\"Die \u201eTeufelsbr\u00fccke\u201c\" data-description=\"Die \u201eTeufelsbr\u00fccke\u201c\" data-caption=\"Die \u201eTeufelsbr\u00fccke\u201c\" data-title=\"Die \u201eTeufelsbr\u00fccke\u201c\" style=\" width:215px; height:215px;\" \/><\/div><FIGCAPTION class=\"\" data-alpha=\"5\" style=\"color:#ffffff; background-color:#6f0000; font-size:140; text-align:left; font-family:Default;\" ><div class=\"grid-gallery-figcaption-wrap\" style=\"\"><\/div><\/FIGCAPTION><\/FIGURE><FIGURE class=\"grid-gallery-caption\" data-grid-gallery-type=\"quarter-slide-up\" data-index=\"4\" style=\"display:none;border-radius:00;; margin:5.3px; width:2150;\" ><div class=\"crop\" style=\" width:2150; height:2150; overflow:hidden;\"><img decoding=\"async\" src=\"http:\/\/urbex-team-bremen-nord.de\/wp-content\/uploads\/2017\/01\/IMG_5934_5_6_Fotografisch_ge\u00e4ndert-215x215.jpg\" class=\"ggImg\" alt=\"Die \u201eTeufelsbr\u00fccke\u201c\" title=\"Die \u201eTeufelsbr\u00fccke\u201c\" data-description=\"Die \u201eTeufelsbr\u00fccke\u201c\" data-caption=\"Die \u201eTeufelsbr\u00fccke\u201c\" data-title=\"Die \u201eTeufelsbr\u00fccke\u201c\" style=\" width:215px; height:215px;\" \/><\/div><FIGCAPTION class=\"\" data-alpha=\"5\" style=\"color:#ffffff; background-color:#6f0000; font-size:140; text-align:left; font-family:Default;\" ><div class=\"grid-gallery-figcaption-wrap\" style=\"\"><\/div><\/FIGCAPTION><\/FIGURE><FIGURE class=\"grid-gallery-caption\" data-grid-gallery-type=\"quarter-slide-up\" data-index=\"5\" style=\"display:none;border-radius:00;; margin:5.3px; width:2150;\" ><div class=\"crop\" style=\" width:2150; height:2150; overflow:hidden;\"><img decoding=\"async\" src=\"http:\/\/urbex-team-bremen-nord.de\/wp-content\/uploads\/2017\/01\/IMG_5918_19_20_Ausgewogen-215x215.jpg\" class=\"ggImg\" alt=\"Die \u201eTeufelsbr\u00fccke\u201c\" title=\"Die \u201eTeufelsbr\u00fccke\u201c\" data-description=\"Die \u201eTeufelsbr\u00fccke\u201c\" data-caption=\"Die \u201eTeufelsbr\u00fccke\u201c\" data-title=\"Die \u201eTeufelsbr\u00fccke\u201c\" style=\" width:215px; height:215px;\" \/><\/div><FIGCAPTION class=\"\" data-alpha=\"5\" style=\"color:#ffffff; background-color:#6f0000; font-size:140; text-align:left; font-family:Default;\" ><div class=\"grid-gallery-figcaption-wrap\" style=\"\"><\/div><\/FIGCAPTION><\/FIGURE><FIGURE class=\"grid-gallery-caption\" data-grid-gallery-type=\"quarter-slide-up\" data-index=\"6\" style=\"display:none;border-radius:00;; margin:5.3px; width:2150;\" ><div class=\"crop\" style=\" width:2150; height:2150; overflow:hidden;\"><img decoding=\"async\" src=\"http:\/\/urbex-team-bremen-nord.de\/wp-content\/uploads\/2017\/01\/IMG_5852_3_4_Fotografisch-215x215.jpg\" class=\"ggImg\" alt=\"Die \u201eTeufelsbr\u00fccke\u201c\" title=\"Die \u201eTeufelsbr\u00fccke\u201c\" data-description=\"Die \u201eTeufelsbr\u00fccke\u201c\" data-caption=\"Die \u201eTeufelsbr\u00fccke\u201c\" data-title=\"Die \u201eTeufelsbr\u00fccke\u201c\" style=\" width:215px; height:215px;\" \/><\/div><FIGCAPTION class=\"\" data-alpha=\"5\" style=\"color:#ffffff; background-color:#6f0000; font-size:140; text-align:left; font-family:Default;\" ><div class=\"grid-gallery-figcaption-wrap\" style=\"\"><\/div><\/FIGCAPTION><\/FIGURE><FIGURE class=\"grid-gallery-caption\" data-grid-gallery-type=\"quarter-slide-up\" data-index=\"7\" style=\"display:none;border-radius:00;; margin:5.3px; width:2150;\" ><div class=\"crop\" style=\" width:2150; height:2150; overflow:hidden;\"><img decoding=\"async\" src=\"http:\/\/urbex-team-bremen-nord.de\/wp-content\/uploads\/2017\/01\/IMG_5844_5_6_tonemapped-215x215.jpg\" class=\"ggImg\" alt=\"Die \u201eTeufelsbr\u00fccke\u201c\" title=\"Die \u201eTeufelsbr\u00fccke\u201c\" data-description=\"Die \u201eTeufelsbr\u00fccke\u201c\" data-caption=\"Die \u201eTeufelsbr\u00fccke\u201c\" data-title=\"Die \u201eTeufelsbr\u00fccke\u201c\" style=\" width:215px; height:215px;\" \/><\/div><FIGCAPTION class=\"\" data-alpha=\"5\" style=\"color:#ffffff; background-color:#6f0000; font-size:140; text-align:left; font-family:Default;\" ><div class=\"grid-gallery-figcaption-wrap\" style=\"\"><\/div><\/FIGCAPTION><\/FIGURE><FIGURE class=\"grid-gallery-caption\" data-grid-gallery-type=\"quarter-slide-up\" data-index=\"8\" style=\"display:none;border-radius:00;; margin:5.3px; width:2150;\" ><div class=\"crop\" style=\" width:2150; height:2150; overflow:hidden;\"><img decoding=\"async\" src=\"http:\/\/urbex-team-bremen-nord.de\/wp-content\/uploads\/2017\/01\/IMG_5836_7_8_tonemapped-215x215.jpg\" class=\"ggImg\" alt=\"Die \u201eTeufelsbr\u00fccke\u201c\" title=\"Die \u201eTeufelsbr\u00fccke\u201c\" data-description=\"Die \u201eTeufelsbr\u00fccke\u201c\" data-caption=\"Die \u201eTeufelsbr\u00fccke\u201c\" data-title=\"Die \u201eTeufelsbr\u00fccke\u201c\" style=\" width:215px; height:215px;\" \/><\/div><FIGCAPTION class=\"\" data-alpha=\"5\" style=\"color:#ffffff; background-color:#6f0000; font-size:140; text-align:left; font-family:Default;\" ><div class=\"grid-gallery-figcaption-wrap\" style=\"\"><\/div><\/FIGCAPTION><\/FIGURE><FIGURE class=\"grid-gallery-caption\" data-grid-gallery-type=\"quarter-slide-up\" data-index=\"9\" style=\"display:none;border-radius:00;; margin:5.3px; width:2150;\" ><div class=\"crop\" style=\" width:2150; height:2150; overflow:hidden;\"><img decoding=\"async\" src=\"http:\/\/urbex-team-bremen-nord.de\/wp-content\/uploads\/2017\/01\/IMG_5808_09_10_tonemapped-215x215.jpg\" class=\"ggImg\" alt=\"Die \u201eTeufelsbr\u00fccke\u201c\" title=\"Die \u201eTeufelsbr\u00fccke\u201c\" data-description=\"Die \u201eTeufelsbr\u00fccke\u201c\" data-caption=\"Die \u201eTeufelsbr\u00fccke\u201c\" data-title=\"Die \u201eTeufelsbr\u00fccke\u201c\" style=\" width:215px; height:215px;\" \/><\/div><FIGCAPTION class=\"\" data-alpha=\"5\" style=\"color:#ffffff; background-color:#6f0000; font-size:140; text-align:left; font-family:Default;\" ><div class=\"grid-gallery-figcaption-wrap\" style=\"\"><\/div><\/FIGCAPTION><\/FIGURE> <div class=\"grid-gallery-clearfix\"><\/div> <\/div> <div class=\"gallery-sharing-bottom\" style=\"display:none;\"> <\/div> <div class=\"gallery-sharing-image\" style=\"display:none;\"> <\/div> <div class=\"gallery-sharing-popup\" style=\"display:none;\"> <\/div> <div class=\"grid-gallery-clearfix\"><\/div> <\/div> <!-- Gallery by Supsystic plugin1.15.25 --><a title=\"Wordpress Gallery Plugin Free\" style=\"display:none;\" href=\"https:\/\/supsystic.com\/plugins\/photo-gallery\/?utm_medium=love_link\" target=\"_blank\">Wordpress Gallery Plugin Free<\/a>\n","protected":false},"excerpt":{"rendered":"<p>Eigentlich ist dieses kein Lost Place im \u00fcblichen Sinne. Infos zur Br\u00fccke: Friedrich Hermann R\u00f6tschke lie\u00df ab 1860 in fast 10-j\u00e4hriger Bauzeit \u00fcber den 35m breiten Rakotzsee (Rakotz= Serbisch f\u00fcr Krebs) einen halbkreisf\u00f6rmigen Br\u00fcckenbogen aus Basalt- und Feldsteinen errichten. Dieser spiegelt sich im Wasser zu einem vollst\u00e4ndigen Kreis wider. Im See lie\u00df er Basalts\u00e4ulen zu &hellip; <a href=\"https:\/\/urbex-team-bremen-nord.de\/?page_id=262\" class=\"more-link\"><span class=\"screen-reader-text\">Die &#8222;Teufelsbr\u00fccke&#8220;<\/span> weiterlesen<\/a><\/p>\n","protected":false},"author":2,"featured_media":0,"parent":0,"menu_order":0,"comment_status":"closed","ping_status":"closed","template":"","meta":{"ngg_post_thumbnail":0,"footnotes":""},"class_list":["post-262","page","type-page","status-publish","hentry"],"_links":{"self":[{"href":"https:\/\/urbex-team-bremen-nord.de\/index.php?rest_route=\/wp\/v2\/pages\/262","targetHints":{"allow":["GET"]}}],"collection":[{"href":"https:\/\/urbex-team-bremen-nord.de\/index.php?rest_route=\/wp\/v2\/pages"}],"about":[{"href":"https:\/\/urbex-team-bremen-nord.de\/index.php?rest_route=\/wp\/v2\/types\/page"}],"author":[{"embeddable":true,"href":"https:\/\/urbex-team-bremen-nord.de\/index.php?rest_route=\/wp\/v2\/users\/2"}],"replies":[{"embeddable":true,"href":"https:\/\/urbex-team-bremen-nord.de\/index.php?rest_route=%2Fwp%2Fv2%2Fcomments&post=262"}],"version-history":[{"count":2,"href":"https:\/\/urbex-team-bremen-nord.de\/index.php?rest_route=\/wp\/v2\/pages\/262\/revisions"}],"predecessor-version":[{"id":265,"href":"https:\/\/urbex-team-bremen-nord.de\/index.php?rest_route=\/wp\/v2\/pages\/262\/revisions\/265"}],"wp:attachment":[{"href":"https:\/\/urbex-team-bremen-nord.de\/index.php?rest_route=%2Fwp%2Fv2%2Fmedia&parent=262"}],"curies":[{"name":"wp","href":"https:\/\/api.w.org\/{rel}","templated":true}]}}