{"id":2527,"date":"2019-03-09T12:01:08","date_gmt":"2019-03-09T11:01:08","guid":{"rendered":"http:\/\/urbex-team-bremen-nord.de\/?page_id=2527"},"modified":"2019-03-09T12:01:08","modified_gmt":"2019-03-09T11:01:08","slug":"the-ministers-deputy-p","status":"publish","type":"page","link":"https:\/\/urbex-team-bremen-nord.de\/?page_id=2527","title":{"rendered":"The Ministers Deputy P."},"content":{"rendered":"\n<p>Zur Geschichte des Bunkers: Auf Anweisung des Nationalen Verteidigungsrates (NVR) erlie\u00df der Minister f\u00fcr Staatssicherheit Erich Mielke im Jahre 1967 eine Direktive 1\/67. Die \u201egeheime Kommandosache\u201c umriss alle zentralen Aufgaben und T\u00e4tigkeiten, die das Ministerium f\u00fcr Staatssicherheit (MfS) im Mobilmachungs- und Ernstfall \u00fcbernehmen sollte und wies die daf\u00fcr notwendigen Vorbereitungen an. Ein wesentlicher Auftrag der Direktive war, die T\u00e4tigkeit der Staatssicherheit auch nach Ausbruch eines Krieges abzusichern. <\/p>\n\n\n\n<p>Um eine umfassende Zerst\u00f6rung oder Behinderung der Staatssicherheit zu vermeiden, sollten zur \u201edezentralen Entfaltung\u201c Ausweichobjekte errichtet werden. Im Zuge dieser Ausweichplanungen entstanden in allen 15 Bezirken der Deutschen Demokratischen Republik (DDR) Ausweichf\u00fchrungsstellen (AF\u00fcSt) f\u00fcr die jeweiligen Bezirksverwaltungen der Staatssicherheit. <\/p>\n\n\n\n<p>Lage, Art und Interieur dieser AF\u00fcSt sind durch die Direktive kongruent geregelt worden. Die Bunker sollten dem jeweiligen Leiter der Bezirksverwaltung und einem etwa 100 Personen starken Mitarbeiterstab als gesch\u00fctztes Dienstobjekt dienen, von welchem vernetzt agiert werden konnte. Zus\u00e4tzlich sollten Geb\u00e4ude in der n\u00e4heren Umgebung der Stasi-Bunker belegt und von einem Gro\u00dfteil der hauptamtlichen Mitarbeiter als Ausweichobjekt genutzt werden. Au\u00dferdem waren Schutzr\u00e4ume im regul\u00e4ren Dienstobjekt vorgesehen.<\/p>\n\n\n\n<p>Nach der Wiedervereinigung und dem Abzug der Bundeswehr, die zun\u00e4chst im gesamten Sperrgebiet zugange war, stand die Anlage f\u00fcr jedem zug\u00e4nglich offen, es wurde viel geklaut und auch illegale Feierlichkeiten scheinen im Komplex stattgefunden zu haben. Wie auch bei anderen \u00e4hnlichen Anlagen, wurde das Objekt 2004 zur\u00fcckgebaut, alle oberirdischen Anlagen restlos beseitigt und der Bunkerkomplex nur noch f\u00fcr Flederm\u00e4use zug\u00e4nglich hergerichtet. Viel konnte man nicht mehr sehen, denn die Kabel- und Metalldiebe haben ganze Arbeit geleistet. Dennoch bieten die Bilder einen tollen \u00dcberblick \u00fcber die Reste dieses Bunkers.<\/p>\n\n\n<div id=\"grid-gallery-83-23518\" data-gg-id=\"83\" data-title=\"The Ministers Deputy P.\" data-grid-type=\"0\" data-offset=\"5.3\" data-area-position=\"center\" data-icons=\"\" data-preloader=\"true\" data-width=\"215\" data-height=\"215\" data-padding=\"0\" data-quicksand=\"disabled\" data-quicksand-duration=\"none\" data-popup-theme=\"theme_6\" data-popup-type=\"pretty-photo\" data-popup-image-text=\"data-title\" data-popup-widthsize=\"auto\" data-popup-heightsize=\"auto\" data-popup-i18n-words=\"{&quot;close&quot;:&quot;schlie\\u00dfen&quot;,&quot;next&quot;:&quot;n\\u00e4chste&quot;,&quot;previous&quot;:&quot;vorherige&quot;,&quot;start_slideshow&quot;:&quot;Starte Slideshow&quot;,&quot;stop_slideshow&quot;:&quot;Stoppe Slideshow&quot;,&quot;image&quot;:&quot;Bild&quot;,&quot;of&quot;:&quot;von&quot;,&quot;prev&quot;:&quot;vorherige&quot;,&quot;cExpand&quot;:&quot;Erweitere&quot;,&quot;cPrevious&quot;:&quot;Vorheriges&quot;,&quot;cNext&quot;:&quot;N\\u00e4chstes&quot;,&quot;cExpandStr&quot;:&quot;Erweitere Bild&quot;,&quot;cRotate&quot;:&quot;Rotate&quot;,&quot;cDetails&quot;:&quot;Details&quot;}\" data-popup-slideshow=\"false\" data-popup-slideshow-speed=\"2500\" data-popup-hoverstop=\"true\" data-popup-slideshow-auto=\"false\" data-popup-background=\"\" data-popup-transparency=\"30\" data-popup-disable-history=\"\" data-popup-disable-changed-url=\"\" data-popup-border-type=\"solid\" data-popup-border-color=\"\" data-popup-border-width=\"\" data-popup-border-enable=\"\" data-fullscreen=\"false\" data-hide-tooltip=\"false\" data-caption-font-family=\"Default\" data-caption-text-size=\"140\" data-is-mobile=\"0\" data-caption-mobile=\"false\" data-hide-long-tltp-title=\"0\" data-caption-disabled-on-mobile=\"false\" data-popup-placement-type=\"0\" data-social-sharing=\"{&quot;enabled&quot;:&quot;&quot;,&quot;gallerySharing&quot;:{&quot;enabled&quot;:null,&quot;position&quot;:null},&quot;imageSharing&quot;:{&quot;enabled&quot;:null,&quot;wrapperClass&quot;:&quot; vertical &quot;},&quot;popupSharing&quot;:{&quot;enabled&quot;:null,&quot;wrapperClass&quot;:&quot; vertical &quot;}}\" class=\"grid-gallery grid-gallery-fixed \" style=\" width:100%; height:auto; margin-left:auto; margin-right:auto;position:relative;\"> <div class=\"gallery-loading\"> <div class=\"blocks\"> <div class=\"block\"><\/div> <div class=\"block\"><\/div> <div class=\"block\"><\/div> <div class=\"block\"><\/div> <\/div> <\/div> <div class=\"gallery-sharing-top\" style=\"display:none;\"> <\/div> <div id=\"photos-83\" class=\"grid-gallery-photos\"><FIGURE class=\"grid-gallery-caption\" data-grid-gallery-type=\"quarter-slide-up\" data-index=\"0\" style=\"display:none;border-radius:00;; margin:5.3px; width:2150;\" ><div class=\"crop\" style=\" width:2150; height:2150; overflow:hidden;\"><img decoding=\"async\" src=\"http:\/\/urbex-team-bremen-nord.de\/wp-content\/uploads\/2019\/03\/IMG_0763_4_5_tonemapped-215x215.jpg\" class=\"ggImg\" alt=\"The Ministers Deputy P.\" title=\"The Ministers Deputy P.\" data-description=\"The Ministers Deputy P.\" data-caption=\"The Ministers Deputy P.\" data-title=\"The Ministers Deputy P.\" style=\" width:215px; height:215px;\" \/><\/div><FIGCAPTION class=\"\" data-alpha=\"5\" style=\"color:#ffffff; background-color:#6f0000; font-size:140; text-align:left; font-family:Default;\" ><div class=\"grid-gallery-figcaption-wrap\" style=\"\"><\/div><\/FIGCAPTION><\/FIGURE><FIGURE class=\"grid-gallery-caption\" data-grid-gallery-type=\"quarter-slide-up\" data-index=\"1\" style=\"display:none;border-radius:00;; margin:5.3px; width:2150;\" ><div class=\"crop\" style=\" width:2150; height:2150; overflow:hidden;\"><img decoding=\"async\" src=\"http:\/\/urbex-team-bremen-nord.de\/wp-content\/uploads\/2019\/03\/IMG_0795-Bearbeitet-215x215.jpg\" class=\"ggImg\" alt=\"The Ministers Deputy P.\" title=\"The Ministers Deputy P.\" data-description=\"The Ministers Deputy P.\" data-caption=\"The Ministers Deputy P.\" data-title=\"The Ministers Deputy P.\" style=\" width:215px; height:215px;\" \/><\/div><FIGCAPTION class=\"\" data-alpha=\"5\" style=\"color:#ffffff; background-color:#6f0000; font-size:140; text-align:left; font-family:Default;\" ><div class=\"grid-gallery-figcaption-wrap\" style=\"\"><\/div><\/FIGCAPTION><\/FIGURE><FIGURE class=\"grid-gallery-caption\" data-grid-gallery-type=\"quarter-slide-up\" data-index=\"2\" style=\"display:none;border-radius:00;; margin:5.3px; width:2150;\" ><div class=\"crop\" style=\" width:2150; height:2150; overflow:hidden;\"><img decoding=\"async\" src=\"http:\/\/urbex-team-bremen-nord.de\/wp-content\/uploads\/2019\/03\/IMG_0805_6_7_tonemapped-Bearbeitet-215x215.jpg\" class=\"ggImg\" alt=\"The Ministers Deputy P.\" title=\"The Ministers Deputy P.\" data-description=\"The Ministers Deputy P.\" data-caption=\"The Ministers Deputy P.\" data-title=\"The Ministers Deputy P.\" style=\" width:215px; height:215px;\" \/><\/div><FIGCAPTION class=\"\" data-alpha=\"5\" style=\"color:#ffffff; background-color:#6f0000; font-size:140; text-align:left; font-family:Default;\" ><div class=\"grid-gallery-figcaption-wrap\" style=\"\"><\/div><\/FIGCAPTION><\/FIGURE><FIGURE class=\"grid-gallery-caption\" data-grid-gallery-type=\"quarter-slide-up\" data-index=\"3\" style=\"display:none;border-radius:00;; margin:5.3px; width:2150;\" ><div class=\"crop\" style=\" width:2150; height:2150; overflow:hidden;\"><img decoding=\"async\" src=\"http:\/\/urbex-team-bremen-nord.de\/wp-content\/uploads\/2019\/03\/IMG_0783_4_5_tonemapped-Bearbeitet-215x215.jpg\" class=\"ggImg\" alt=\"The Ministers Deputy P.\" title=\"The Ministers Deputy P.\" data-description=\"The Ministers Deputy P.\" data-caption=\"The Ministers Deputy P.\" data-title=\"The Ministers Deputy P.\" style=\" width:215px; height:215px;\" \/><\/div><FIGCAPTION class=\"\" data-alpha=\"5\" style=\"color:#ffffff; background-color:#6f0000; font-size:140; text-align:left; font-family:Default;\" ><div class=\"grid-gallery-figcaption-wrap\" style=\"\"><\/div><\/FIGCAPTION><\/FIGURE><FIGURE class=\"grid-gallery-caption\" data-grid-gallery-type=\"quarter-slide-up\" data-index=\"4\" style=\"display:none;border-radius:00;; margin:5.3px; width:2150;\" ><div class=\"crop\" style=\" width:2150; height:2150; overflow:hidden;\"><img decoding=\"async\" src=\"http:\/\/urbex-team-bremen-nord.de\/wp-content\/uploads\/2019\/03\/IMG_0797_8_9_tonemapped-Bearbeitet-215x215.jpg\" class=\"ggImg\" alt=\"The Ministers Deputy P.\" title=\"The Ministers Deputy P.\" data-description=\"The Ministers Deputy P.\" data-caption=\"The Ministers Deputy P.\" data-title=\"The Ministers Deputy P.\" style=\" width:215px; height:215px;\" \/><\/div><FIGCAPTION class=\"\" data-alpha=\"5\" style=\"color:#ffffff; background-color:#6f0000; font-size:140; text-align:left; font-family:Default;\" ><div class=\"grid-gallery-figcaption-wrap\" style=\"\"><\/div><\/FIGCAPTION><\/FIGURE><FIGURE class=\"grid-gallery-caption\" data-grid-gallery-type=\"quarter-slide-up\" data-index=\"5\" style=\"display:none;border-radius:00;; margin:5.3px; width:2150;\" ><div class=\"crop\" style=\" width:2150; height:2150; overflow:hidden;\"><img decoding=\"async\" src=\"http:\/\/urbex-team-bremen-nord.de\/wp-content\/uploads\/2019\/03\/IMG_0791_2_3_tonemapped-Bearbeitet-215x215.jpg\" class=\"ggImg\" alt=\"The Ministers Deputy P.\" title=\"The Ministers Deputy P.\" data-description=\"The Ministers Deputy P.\" data-caption=\"The Ministers Deputy P.\" data-title=\"The Ministers Deputy P.\" style=\" width:215px; height:215px;\" \/><\/div><FIGCAPTION class=\"\" data-alpha=\"5\" style=\"color:#ffffff; background-color:#6f0000; font-size:140; text-align:left; font-family:Default;\" ><div class=\"grid-gallery-figcaption-wrap\" style=\"\"><\/div><\/FIGCAPTION><\/FIGURE><FIGURE class=\"grid-gallery-caption\" data-grid-gallery-type=\"quarter-slide-up\" data-index=\"6\" style=\"display:none;border-radius:00;; margin:5.3px; width:2150;\" ><div class=\"crop\" style=\" width:2150; height:2150; overflow:hidden;\"><img decoding=\"async\" src=\"http:\/\/urbex-team-bremen-nord.de\/wp-content\/uploads\/2019\/03\/IMG_0779_80_81_tonemapped-Bearbeitet-Bearbeitet-215x215.jpg\" class=\"ggImg\" alt=\"The Ministers Deputy P.\" title=\"The Ministers Deputy P.\" data-description=\"The Ministers Deputy P.\" data-caption=\"The Ministers Deputy P.\" data-title=\"The Ministers Deputy P.\" style=\" width:215px; height:215px;\" \/><\/div><FIGCAPTION class=\"\" data-alpha=\"5\" style=\"color:#ffffff; background-color:#6f0000; font-size:140; text-align:left; font-family:Default;\" ><div class=\"grid-gallery-figcaption-wrap\" style=\"\"><\/div><\/FIGCAPTION><\/FIGURE><FIGURE class=\"grid-gallery-caption\" data-grid-gallery-type=\"quarter-slide-up\" data-index=\"7\" style=\"display:none;border-radius:00;; margin:5.3px; width:2150;\" ><div class=\"crop\" style=\" width:2150; height:2150; overflow:hidden;\"><img decoding=\"async\" src=\"http:\/\/urbex-team-bremen-nord.de\/wp-content\/uploads\/2019\/03\/IMG_0771_2_3_tonemapped-Bearbeitet-215x215.jpg\" class=\"ggImg\" alt=\"The Ministers Deputy P.\" title=\"The Ministers Deputy P.\" data-description=\"The Ministers Deputy P.\" data-caption=\"The Ministers Deputy P.\" data-title=\"The Ministers Deputy P.\" style=\" width:215px; height:215px;\" \/><\/div><FIGCAPTION class=\"\" data-alpha=\"5\" style=\"color:#ffffff; background-color:#6f0000; font-size:140; text-align:left; font-family:Default;\" ><div class=\"grid-gallery-figcaption-wrap\" style=\"\"><\/div><\/FIGCAPTION><\/FIGURE><FIGURE class=\"grid-gallery-caption\" data-grid-gallery-type=\"quarter-slide-up\" data-index=\"8\" style=\"display:none;border-radius:00;; margin:5.3px; width:2150;\" ><div class=\"crop\" style=\" width:2150; height:2150; overflow:hidden;\"><img decoding=\"async\" src=\"http:\/\/urbex-team-bremen-nord.de\/wp-content\/uploads\/2019\/03\/IMG_0767_8_9_tonemapped-Bearbeitet-215x215.jpg\" class=\"ggImg\" alt=\"The Ministers Deputy P.\" title=\"The Ministers Deputy P.\" data-description=\"The Ministers Deputy P.\" data-caption=\"The Ministers Deputy P.\" data-title=\"The Ministers Deputy P.\" style=\" width:215px; height:215px;\" \/><\/div><FIGCAPTION class=\"\" data-alpha=\"5\" style=\"color:#ffffff; background-color:#6f0000; font-size:140; text-align:left; font-family:Default;\" ><div class=\"grid-gallery-figcaption-wrap\" style=\"\"><\/div><\/FIGCAPTION><\/FIGURE><FIGURE class=\"grid-gallery-caption\" data-grid-gallery-type=\"quarter-slide-up\" data-index=\"9\" style=\"display:none;border-radius:00;; margin:5.3px; width:2150;\" ><div class=\"crop\" style=\" width:2150; height:2150; overflow:hidden;\"><img decoding=\"async\" src=\"http:\/\/urbex-team-bremen-nord.de\/wp-content\/uploads\/2019\/03\/IMG_0755_6_7_tonemapped-Bearbeitet-215x215.jpg\" class=\"ggImg\" alt=\"The Ministers Deputy P.\" title=\"The Ministers Deputy P.\" data-description=\"The Ministers Deputy P.\" data-caption=\"The Ministers Deputy P.\" data-title=\"The Ministers Deputy P.\" style=\" width:215px; height:215px;\" \/><\/div><FIGCAPTION class=\"\" data-alpha=\"5\" style=\"color:#ffffff; background-color:#6f0000; font-size:140; text-align:left; font-family:Default;\" ><div class=\"grid-gallery-figcaption-wrap\" style=\"\"><\/div><\/FIGCAPTION><\/FIGURE><FIGURE class=\"grid-gallery-caption\" data-grid-gallery-type=\"quarter-slide-up\" data-index=\"10\" style=\"display:none;border-radius:00;; margin:5.3px; width:2150;\" ><div class=\"crop\" style=\" width:2150; height:2150; overflow:hidden;\"><img decoding=\"async\" src=\"http:\/\/urbex-team-bremen-nord.de\/wp-content\/uploads\/2019\/03\/IMG_0751_2_3_tonemapped-Bearbeitet-215x215.jpg\" class=\"ggImg\" alt=\"The Ministers Deputy P.\" title=\"The Ministers Deputy P.\" data-description=\"The Ministers Deputy P.\" data-caption=\"The Ministers Deputy P.\" data-title=\"The Ministers Deputy P.\" style=\" width:215px; height:215px;\" \/><\/div><FIGCAPTION class=\"\" data-alpha=\"5\" style=\"color:#ffffff; background-color:#6f0000; font-size:140; text-align:left; font-family:Default;\" ><div class=\"grid-gallery-figcaption-wrap\" style=\"\"><\/div><\/FIGCAPTION><\/FIGURE> <div class=\"grid-gallery-clearfix\"><\/div> <\/div> <div class=\"gallery-sharing-bottom\" style=\"display:none;\"> <\/div> <div class=\"gallery-sharing-image\" style=\"display:none;\"> <\/div> <div class=\"gallery-sharing-popup\" style=\"display:none;\"> <\/div> <div class=\"grid-gallery-clearfix\"><\/div> <\/div> <!-- Gallery by Supsystic plugin1.15.25 --><a title=\"Wordpress Gallery Plugin Free\" style=\"display:none;\" href=\"https:\/\/supsystic.com\/plugins\/photo-gallery\/?utm_medium=love_link\" target=\"_blank\">Wordpress Gallery Plugin Free<\/a>\n","protected":false},"excerpt":{"rendered":"<p>Zur Geschichte des Bunkers: Auf Anweisung des Nationalen Verteidigungsrates (NVR) erlie\u00df der Minister f\u00fcr Staatssicherheit Erich Mielke im Jahre 1967 eine Direktive 1\/67. Die \u201egeheime Kommandosache\u201c umriss alle zentralen Aufgaben und T\u00e4tigkeiten, die das Ministerium f\u00fcr Staatssicherheit (MfS) im Mobilmachungs- und Ernstfall \u00fcbernehmen sollte und wies die daf\u00fcr notwendigen Vorbereitungen an. Ein wesentlicher Auftrag der &hellip; <a href=\"https:\/\/urbex-team-bremen-nord.de\/?page_id=2527\" class=\"more-link\"><span class=\"screen-reader-text\">The Ministers Deputy P.<\/span> weiterlesen<\/a><\/p>\n","protected":false},"author":2,"featured_media":0,"parent":0,"menu_order":0,"comment_status":"closed","ping_status":"closed","template":"","meta":{"ngg_post_thumbnail":0,"footnotes":""},"class_list":["post-2527","page","type-page","status-publish","hentry"],"_links":{"self":[{"href":"https:\/\/urbex-team-bremen-nord.de\/index.php?rest_route=\/wp\/v2\/pages\/2527","targetHints":{"allow":["GET"]}}],"collection":[{"href":"https:\/\/urbex-team-bremen-nord.de\/index.php?rest_route=\/wp\/v2\/pages"}],"about":[{"href":"https:\/\/urbex-team-bremen-nord.de\/index.php?rest_route=\/wp\/v2\/types\/page"}],"author":[{"embeddable":true,"href":"https:\/\/urbex-team-bremen-nord.de\/index.php?rest_route=\/wp\/v2\/users\/2"}],"replies":[{"embeddable":true,"href":"https:\/\/urbex-team-bremen-nord.de\/index.php?rest_route=%2Fwp%2Fv2%2Fcomments&post=2527"}],"version-history":[{"count":1,"href":"https:\/\/urbex-team-bremen-nord.de\/index.php?rest_route=\/wp\/v2\/pages\/2527\/revisions"}],"predecessor-version":[{"id":2529,"href":"https:\/\/urbex-team-bremen-nord.de\/index.php?rest_route=\/wp\/v2\/pages\/2527\/revisions\/2529"}],"wp:attachment":[{"href":"https:\/\/urbex-team-bremen-nord.de\/index.php?rest_route=%2Fwp%2Fv2%2Fmedia&parent=2527"}],"curies":[{"name":"wp","href":"https:\/\/api.w.org\/{rel}","templated":true}]}}