{"id":2487,"date":"2019-02-18T17:48:44","date_gmt":"2019-02-18T16:48:44","guid":{"rendered":"http:\/\/urbex-team-bremen-nord.de\/?page_id=2487"},"modified":"2019-02-18T17:48:44","modified_gmt":"2019-02-18T16:48:44","slug":"villa-dr-anna-l","status":"publish","type":"page","link":"https:\/\/urbex-team-bremen-nord.de\/?page_id=2487","title":{"rendered":"Villa Dr. Anna L."},"content":{"rendered":"\n<p>Seit fast 30 Jahren ist die Villa nicht mehr bewohnt, wurde von ihren Besitzern mit allen Privatsachen einfach zur\u00fcckgelassen.<\/p>\n\n\n\n<p>Bei\u00dfender Geruch zieht sich durchs Geb\u00e4ude. Die W\u00e4nde sind mit Schimmel \u00fcbers\u00e4t, Tapeten rollen sich, h\u00e4ngen in Fetzen herunter. Im Untergeschoss die ehemalige Urologen-Praxis. Hier gibt es Liegen, Instrumente, verstaubte Medikamente und vieles mehr. Es gibt immer noch genug zu entdecken.<\/p>\n\n\n\n<p>Der Wohnbereich oben ist nur mit Vorsicht zu betreten. Es herscht Einsturzgefahr! Hier lebten Dr. Klaus K. und Frau Dr. Claire K. sowie ihre Kinder Jost, Klaus und Cornelia. Schulhefte und Dokumente verraten ihre Namen.<\/p>\n\n\n\n<p>Die einst schicke Villa ist noch immer im Familienbesitz! Sie geh\u00f6rt drei Geschwistern, die sich nicht um das Anwesen k\u00fcmmern. Die Villa wurde ein paar Mal verschlossen, doch es wird immer wieder aufgebrochen.<br><\/p>\n\n\n<div id=\"grid-gallery-80-22060\" data-gg-id=\"80\" data-title=\"Villa Dr. Anna L.\" data-grid-type=\"0\" data-offset=\"5.3\" data-area-position=\"center\" data-icons=\"\" data-preloader=\"true\" data-width=\"215\" data-height=\"215\" data-padding=\"0\" data-quicksand=\"disabled\" data-quicksand-duration=\"none\" data-popup-theme=\"theme_6\" data-popup-type=\"pretty-photo\" data-popup-image-text=\"data-description\" data-popup-widthsize=\"auto\" data-popup-heightsize=\"auto\" data-popup-i18n-words=\"{&quot;close&quot;:&quot;schlie\\u00dfen&quot;,&quot;next&quot;:&quot;n\\u00e4chste&quot;,&quot;previous&quot;:&quot;vorherige&quot;,&quot;start_slideshow&quot;:&quot;Starte Slideshow&quot;,&quot;stop_slideshow&quot;:&quot;Stoppe Slideshow&quot;,&quot;image&quot;:&quot;Bild&quot;,&quot;of&quot;:&quot;von&quot;,&quot;prev&quot;:&quot;vorherige&quot;,&quot;cExpand&quot;:&quot;Erweitere&quot;,&quot;cPrevious&quot;:&quot;Vorheriges&quot;,&quot;cNext&quot;:&quot;N\\u00e4chstes&quot;,&quot;cExpandStr&quot;:&quot;Erweitere Bild&quot;,&quot;cRotate&quot;:&quot;Rotate&quot;,&quot;cDetails&quot;:&quot;Details&quot;}\" data-popup-slideshow=\"false\" data-popup-slideshow-speed=\"2500\" data-popup-hoverstop=\"true\" data-popup-slideshow-auto=\"false\" data-popup-background=\"\" data-popup-transparency=\"30\" data-popup-disable-history=\"\" data-popup-disable-changed-url=\"\" data-popup-border-type=\"solid\" data-popup-border-color=\"\" data-popup-border-width=\"\" data-popup-border-enable=\"\" data-fullscreen=\"false\" data-hide-tooltip=\"false\" data-caption-font-family=\"Default\" data-caption-text-size=\"140\" data-is-mobile=\"0\" data-caption-mobile=\"false\" data-hide-long-tltp-title=\"0\" data-caption-disabled-on-mobile=\"false\" data-popup-placement-type=\"0\" data-social-sharing=\"{&quot;enabled&quot;:&quot;&quot;,&quot;gallerySharing&quot;:{&quot;enabled&quot;:null,&quot;position&quot;:null},&quot;imageSharing&quot;:{&quot;enabled&quot;:null,&quot;wrapperClass&quot;:&quot; vertical &quot;},&quot;popupSharing&quot;:{&quot;enabled&quot;:null,&quot;wrapperClass&quot;:&quot; vertical &quot;}}\" class=\"grid-gallery grid-gallery-fixed \" style=\" width:100%; height:auto; margin-left:auto; margin-right:auto;position:relative;\"> <div class=\"gallery-loading\"> <div class=\"blocks\"> <div class=\"block\"><\/div> <div class=\"block\"><\/div> <div class=\"block\"><\/div> <div class=\"block\"><\/div> <\/div> <\/div> <div class=\"gallery-sharing-top\" style=\"display:none;\"> <\/div> <div id=\"photos-80\" class=\"grid-gallery-photos\"><FIGURE class=\"grid-gallery-caption\" data-grid-gallery-type=\"quarter-slide-up\" data-index=\"0\" style=\"display:none;border-radius:00;; margin:5.3px; width:2150;\" ><div class=\"crop\" style=\" width:2150; height:2150; overflow:hidden;\"><img decoding=\"async\" src=\"http:\/\/urbex-team-bremen-nord.de\/wp-content\/uploads\/2019\/02\/IMG_0477_8_9_tonemapped-215x215.jpg\" class=\"ggImg\" alt=\"Villa Dr. Anna L.\" title=\"Villa Dr. Anna L.\" data-description=\"Villa Dr. Anna L.\" data-caption=\"Villa Dr. Anna L.\" data-title=\"Villa Dr. Anna L.\" style=\" width:215px; height:215px;\" \/><\/div><FIGCAPTION class=\"\" data-alpha=\"5\" style=\"color:#ffffff; background-color:#6f0000; font-size:140; text-align:left; font-family:Default;\" ><div class=\"grid-gallery-figcaption-wrap\" style=\"\"><\/div><\/FIGCAPTION><\/FIGURE><FIGURE class=\"grid-gallery-caption\" data-grid-gallery-type=\"quarter-slide-up\" data-index=\"1\" style=\"display:none;border-radius:00;; margin:5.3px; width:2150;\" ><div class=\"crop\" style=\" width:2150; height:2150; overflow:hidden;\"><img decoding=\"async\" src=\"http:\/\/urbex-team-bremen-nord.de\/wp-content\/uploads\/2019\/02\/IMG_0473_4_5_tonemapped-Bearbeitet-215x215.jpg\" class=\"ggImg\" alt=\"Villa Dr. Anna L.\" title=\"Villa Dr. Anna L.\" data-description=\"Villa Dr. Anna L.\" data-caption=\"Villa Dr. Anna L.\" data-title=\"Villa Dr. Anna L.\" style=\" width:215px; height:215px;\" \/><\/div><FIGCAPTION class=\"\" data-alpha=\"5\" style=\"color:#ffffff; background-color:#6f0000; font-size:140; text-align:left; font-family:Default;\" ><div class=\"grid-gallery-figcaption-wrap\" style=\"\"><\/div><\/FIGCAPTION><\/FIGURE><FIGURE class=\"grid-gallery-caption\" data-grid-gallery-type=\"quarter-slide-up\" data-index=\"2\" style=\"display:none;border-radius:00;; margin:5.3px; width:2150;\" ><div class=\"crop\" style=\" width:2150; height:2150; overflow:hidden;\"><img decoding=\"async\" src=\"http:\/\/urbex-team-bremen-nord.de\/wp-content\/uploads\/2019\/02\/IMG_0441_2_3_tonemapped-215x215.jpg\" class=\"ggImg\" alt=\"Villa Dr. Anna L.\" title=\"Villa Dr. Anna L.\" data-description=\"Villa Dr. Anna L.\" data-caption=\"Villa Dr. Anna L.\" data-title=\"Villa Dr. Anna L.\" style=\" width:215px; height:215px;\" \/><\/div><FIGCAPTION class=\"\" data-alpha=\"5\" style=\"color:#ffffff; background-color:#6f0000; font-size:140; text-align:left; font-family:Default;\" ><div class=\"grid-gallery-figcaption-wrap\" style=\"\"><\/div><\/FIGCAPTION><\/FIGURE><FIGURE class=\"grid-gallery-caption\" data-grid-gallery-type=\"quarter-slide-up\" data-index=\"3\" style=\"display:none;border-radius:00;; margin:5.3px; width:2150;\" ><div class=\"crop\" style=\" width:2150; height:2150; overflow:hidden;\"><img decoding=\"async\" src=\"http:\/\/urbex-team-bremen-nord.de\/wp-content\/uploads\/2019\/02\/IMG_0497_8_9_tonemapped-215x215.jpg\" class=\"ggImg\" alt=\"Villa Dr. Anna L.\" title=\"Villa Dr. Anna L.\" data-description=\"Villa Dr. Anna L.\" data-caption=\"Villa Dr. Anna L.\" data-title=\"Villa Dr. Anna L.\" style=\" width:215px; height:215px;\" \/><\/div><FIGCAPTION class=\"\" data-alpha=\"5\" style=\"color:#ffffff; background-color:#6f0000; font-size:140; text-align:left; font-family:Default;\" ><div class=\"grid-gallery-figcaption-wrap\" style=\"\"><\/div><\/FIGCAPTION><\/FIGURE><FIGURE class=\"grid-gallery-caption\" data-grid-gallery-type=\"quarter-slide-up\" data-index=\"4\" style=\"display:none;border-radius:00;; margin:5.3px; width:2150;\" ><div class=\"crop\" style=\" width:2150; height:2150; overflow:hidden;\"><img decoding=\"async\" src=\"http:\/\/urbex-team-bremen-nord.de\/wp-content\/uploads\/2019\/02\/IMG_0481_2_3_tonemapped-Bearbeitet-215x215.jpg\" class=\"ggImg\" alt=\"Villa Dr. Anna L.\" title=\"Villa Dr. Anna L.\" data-description=\"Villa Dr. Anna L.\" data-caption=\"Villa Dr. Anna L.\" data-title=\"Villa Dr. Anna L.\" style=\" width:215px; height:215px;\" \/><\/div><FIGCAPTION class=\"\" data-alpha=\"5\" style=\"color:#ffffff; background-color:#6f0000; font-size:140; text-align:left; font-family:Default;\" ><div class=\"grid-gallery-figcaption-wrap\" style=\"\"><\/div><\/FIGCAPTION><\/FIGURE><FIGURE class=\"grid-gallery-caption\" data-grid-gallery-type=\"quarter-slide-up\" data-index=\"5\" style=\"display:none;border-radius:00;; margin:5.3px; width:2150;\" ><div class=\"crop\" style=\" width:2150; height:2150; overflow:hidden;\"><img decoding=\"async\" src=\"http:\/\/urbex-team-bremen-nord.de\/wp-content\/uploads\/2019\/02\/IMG_0429_30_31_tonemapped_repaired-215x215.jpg\" class=\"ggImg\" alt=\"Villa Dr. Anna L.\" title=\"Villa Dr. Anna L.\" data-description=\"Villa Dr. Anna L.\" data-caption=\"Villa Dr. Anna L.\" data-title=\"Villa Dr. Anna L.\" style=\" width:215px; height:215px;\" \/><\/div><FIGCAPTION class=\"\" data-alpha=\"5\" style=\"color:#ffffff; background-color:#6f0000; font-size:140; text-align:left; font-family:Default;\" ><div class=\"grid-gallery-figcaption-wrap\" style=\"\"><\/div><\/FIGCAPTION><\/FIGURE><FIGURE class=\"grid-gallery-caption\" data-grid-gallery-type=\"quarter-slide-up\" data-index=\"6\" style=\"display:none;border-radius:00;; margin:5.3px; width:2150;\" ><div class=\"crop\" style=\" width:2150; height:2150; overflow:hidden;\"><img decoding=\"async\" src=\"http:\/\/urbex-team-bremen-nord.de\/wp-content\/uploads\/2019\/02\/IMG_0417_8_9_tonemapped-215x215.jpg\" class=\"ggImg\" alt=\"Villa Dr. Anna L.\" title=\"Villa Dr. Anna L.\" data-description=\"Villa Dr. Anna L.\" data-caption=\"Villa Dr. Anna L.\" data-title=\"Villa Dr. Anna L.\" style=\" width:215px; height:215px;\" \/><\/div><FIGCAPTION class=\"\" data-alpha=\"5\" style=\"color:#ffffff; background-color:#6f0000; font-size:140; text-align:left; font-family:Default;\" ><div class=\"grid-gallery-figcaption-wrap\" style=\"\"><\/div><\/FIGCAPTION><\/FIGURE><FIGURE class=\"grid-gallery-caption\" data-grid-gallery-type=\"quarter-slide-up\" data-index=\"7\" style=\"display:none;border-radius:00;; margin:5.3px; width:2150;\" ><div class=\"crop\" style=\" width:2150; height:2150; overflow:hidden;\"><img decoding=\"async\" src=\"http:\/\/urbex-team-bremen-nord.de\/wp-content\/uploads\/2019\/02\/IMG_0437_8_9_tonemapped-215x215.jpg\" class=\"ggImg\" alt=\"Villa Dr. Anna L.\" title=\"Villa Dr. Anna L.\" data-description=\"Villa Dr. Anna L.\" data-caption=\"Villa Dr. Anna L.\" data-title=\"Villa Dr. Anna L.\" style=\" width:215px; height:215px;\" \/><\/div><FIGCAPTION class=\"\" data-alpha=\"5\" style=\"color:#ffffff; background-color:#6f0000; font-size:140; text-align:left; font-family:Default;\" ><div class=\"grid-gallery-figcaption-wrap\" style=\"\"><\/div><\/FIGCAPTION><\/FIGURE><FIGURE class=\"grid-gallery-caption\" data-grid-gallery-type=\"quarter-slide-up\" data-index=\"8\" style=\"display:none;border-radius:00;; margin:5.3px; width:2150;\" ><div class=\"crop\" style=\" width:2150; height:2150; overflow:hidden;\"><img decoding=\"async\" src=\"http:\/\/urbex-team-bremen-nord.de\/wp-content\/uploads\/2019\/02\/IMG_0449_50_51_tonemapped-215x215.jpg\" class=\"ggImg\" alt=\"Villa Dr. Anna L.\" title=\"Villa Dr. Anna L.\" data-description=\"Villa Dr. Anna L.\" data-caption=\"Villa Dr. Anna L.\" data-title=\"Villa Dr. Anna L.\" style=\" width:215px; height:215px;\" \/><\/div><FIGCAPTION class=\"\" data-alpha=\"5\" style=\"color:#ffffff; background-color:#6f0000; font-size:140; text-align:left; font-family:Default;\" ><div class=\"grid-gallery-figcaption-wrap\" style=\"\"><\/div><\/FIGCAPTION><\/FIGURE><FIGURE class=\"grid-gallery-caption\" data-grid-gallery-type=\"quarter-slide-up\" data-index=\"9\" style=\"display:none;border-radius:00;; margin:5.3px; width:2150;\" ><div class=\"crop\" style=\" width:2150; height:2150; overflow:hidden;\"><img decoding=\"async\" src=\"http:\/\/urbex-team-bremen-nord.de\/wp-content\/uploads\/2019\/02\/IMG_0489_90_91_tonemapped-215x215.jpg\" class=\"ggImg\" alt=\"Villa Dr. Anna L.\" title=\"Villa Dr. Anna L.\" data-description=\"Villa Dr. Anna L.\" data-caption=\"Villa Dr. Anna L.\" data-title=\"Villa Dr. Anna L.\" style=\" width:215px; height:215px;\" \/><\/div><FIGCAPTION class=\"\" data-alpha=\"5\" style=\"color:#ffffff; background-color:#6f0000; font-size:140; text-align:left; font-family:Default;\" ><div class=\"grid-gallery-figcaption-wrap\" style=\"\"><\/div><\/FIGCAPTION><\/FIGURE><FIGURE class=\"grid-gallery-caption\" data-grid-gallery-type=\"quarter-slide-up\" data-index=\"10\" style=\"display:none;border-radius:00;; margin:5.3px; width:2150;\" ><div class=\"crop\" style=\" width:2150; height:2150; overflow:hidden;\"><img decoding=\"async\" src=\"http:\/\/urbex-team-bremen-nord.de\/wp-content\/uploads\/2019\/02\/IMG_0501_2_3_tonemapped-215x215.jpg\" class=\"ggImg\" alt=\"Villa Dr. Anna L.\" title=\"Villa Dr. Anna L.\" data-description=\"Villa Dr. Anna L.\" data-caption=\"Villa Dr. Anna L.\" data-title=\"Villa Dr. Anna L.\" style=\" width:215px; height:215px;\" \/><\/div><FIGCAPTION class=\"\" data-alpha=\"5\" style=\"color:#ffffff; background-color:#6f0000; font-size:140; text-align:left; font-family:Default;\" ><div class=\"grid-gallery-figcaption-wrap\" style=\"\"><\/div><\/FIGCAPTION><\/FIGURE><FIGURE class=\"grid-gallery-caption\" data-grid-gallery-type=\"quarter-slide-up\" data-index=\"11\" style=\"display:none;border-radius:00;; margin:5.3px; width:2150;\" ><div class=\"crop\" style=\" width:2150; height:2150; overflow:hidden;\"><img decoding=\"async\" src=\"http:\/\/urbex-team-bremen-nord.de\/wp-content\/uploads\/2019\/02\/IMG_0505_6_7_tonemapped-215x215.jpg\" class=\"ggImg\" alt=\"Villa Dr. Anna L.\" title=\"Villa Dr. Anna L.\" data-description=\"Villa Dr. Anna L.\" data-caption=\"Villa Dr. Anna L.\" data-title=\"Villa Dr. Anna L.\" style=\" width:215px; height:215px;\" \/><\/div><FIGCAPTION class=\"\" data-alpha=\"5\" style=\"color:#ffffff; background-color:#6f0000; font-size:140; text-align:left; font-family:Default;\" ><div class=\"grid-gallery-figcaption-wrap\" style=\"\"><\/div><\/FIGCAPTION><\/FIGURE> <div class=\"grid-gallery-clearfix\"><\/div> <\/div> <div class=\"gallery-sharing-bottom\" style=\"display:none;\"> <\/div> <div class=\"gallery-sharing-image\" style=\"display:none;\"> <\/div> <div class=\"gallery-sharing-popup\" style=\"display:none;\"> <\/div> <div class=\"grid-gallery-clearfix\"><\/div> <\/div> <!-- Gallery by Supsystic plugin1.15.25 --><a title=\"Wordpress Gallery Plugin Free\" style=\"display:none;\" href=\"https:\/\/supsystic.com\/plugins\/photo-gallery\/?utm_medium=love_link\" target=\"_blank\">Wordpress Gallery Plugin Free<\/a>\n","protected":false},"excerpt":{"rendered":"<p>Seit fast 30 Jahren ist die Villa nicht mehr bewohnt, wurde von ihren Besitzern mit allen Privatsachen einfach zur\u00fcckgelassen. Bei\u00dfender Geruch zieht sich durchs Geb\u00e4ude. Die W\u00e4nde sind mit Schimmel \u00fcbers\u00e4t, Tapeten rollen sich, h\u00e4ngen in Fetzen herunter. Im Untergeschoss die ehemalige Urologen-Praxis. Hier gibt es Liegen, Instrumente, verstaubte Medikamente und vieles mehr. Es gibt &hellip; <a href=\"https:\/\/urbex-team-bremen-nord.de\/?page_id=2487\" class=\"more-link\"><span class=\"screen-reader-text\">Villa Dr. Anna L.<\/span> weiterlesen<\/a><\/p>\n","protected":false},"author":2,"featured_media":0,"parent":0,"menu_order":0,"comment_status":"closed","ping_status":"closed","template":"","meta":{"ngg_post_thumbnail":0,"footnotes":""},"class_list":["post-2487","page","type-page","status-publish","hentry"],"_links":{"self":[{"href":"https:\/\/urbex-team-bremen-nord.de\/index.php?rest_route=\/wp\/v2\/pages\/2487","targetHints":{"allow":["GET"]}}],"collection":[{"href":"https:\/\/urbex-team-bremen-nord.de\/index.php?rest_route=\/wp\/v2\/pages"}],"about":[{"href":"https:\/\/urbex-team-bremen-nord.de\/index.php?rest_route=\/wp\/v2\/types\/page"}],"author":[{"embeddable":true,"href":"https:\/\/urbex-team-bremen-nord.de\/index.php?rest_route=\/wp\/v2\/users\/2"}],"replies":[{"embeddable":true,"href":"https:\/\/urbex-team-bremen-nord.de\/index.php?rest_route=%2Fwp%2Fv2%2Fcomments&post=2487"}],"version-history":[{"count":1,"href":"https:\/\/urbex-team-bremen-nord.de\/index.php?rest_route=\/wp\/v2\/pages\/2487\/revisions"}],"predecessor-version":[{"id":2489,"href":"https:\/\/urbex-team-bremen-nord.de\/index.php?rest_route=\/wp\/v2\/pages\/2487\/revisions\/2489"}],"wp:attachment":[{"href":"https:\/\/urbex-team-bremen-nord.de\/index.php?rest_route=%2Fwp%2Fv2%2Fmedia&parent=2487"}],"curies":[{"name":"wp","href":"https:\/\/api.w.org\/{rel}","templated":true}]}}