{"id":2421,"date":"2019-01-02T17:37:00","date_gmt":"2019-01-02T16:37:00","guid":{"rendered":"http:\/\/urbex-team-bremen-nord.de\/?page_id=2421"},"modified":"2019-01-02T17:37:00","modified_gmt":"2019-01-02T16:37:00","slug":"down-in-the-dirt","status":"publish","type":"page","link":"https:\/\/urbex-team-bremen-nord.de\/?page_id=2421","title":{"rendered":"&#8222;down in the dirt&#8220;"},"content":{"rendered":"\n<p>Untertage-Verlagerungen, kurz U-Verlagerungen waren unterirdische, bombensichere, kriegswichtige Geheimanlagen der deutschen R\u00fcstungsindustrie im Zweiten Weltkrieg. Einige Anlagen wurden komplett neu gebaut, andere wiederum nutzten vorhandene und bombensichere Hohlr\u00e4ume. Diese kosteng\u00fcnstigere Alternative nutze man gegen Ende des 2. Weltkrieges um eine gro\u00dfe Anzahl von Anlagen zu bauen oder zumindest noch mit dem Bau zu beginnen. Keiner wusste zu dieser Zeit wie lange der Krieg noch dauern w\u00fcrde.<\/p>\n\n\n\n<p>Dazu wurden einfach vorhandene Eisenbahntunnel oder Teile von noch aktiven Bergbaubetrieben beschlagnahmt und einfach gesperrt. Waren alle notwendigen Kriterien erf\u00fcllt, so wurde innerhalb von sehr kurzer Zeit der Umbau zur unterirdischen R\u00fcstungsproduktionsst\u00e4tte begonnen. In ganz Deutschland wurden knapp 1.000 solcher U-Verlagerungen geplant, begonnen und teilweise auch komplett fertig gestellt.<\/p>\n\n\n\n<p>Der gr\u00f6\u00dfte Vorteil solcher Anlagen war, dass sie hervorragend getarnt waren und die Zug\u00e4nge sehr versteckt im Wald lagen. Somit war es f\u00fcr die feindlichen Luftaufkl\u00e4rer unm\u00f6glich diese zu entdecken. <\/p>\n\n\n\n<p>Heute findet man kaum noch solche Fabriken von damals. Viele davon sind nach dem Krieg einfach gesprengt worden oder die Zug\u00e4nge befinden sich unter einer Meterdicken Betondecke. Fast alle geheimen Unterlagen sind von den Deutschen vernichtet worden, damit sie nicht dem Feind in die H\u00e4nde fallen.<\/p>\n\n\n\n<p>Die von uns besuchte Anlage hat einige neu gebaute Hohlr\u00e4ume und es wurden auch Teile eines vorhandenen Bergbaubetriebes genutzt.<\/p>\n\n\n<div id=\"grid-gallery-77-49702\" data-gg-id=\"77\" data-title=\"\u201edown in the dirt\u201c\" data-grid-type=\"0\" data-offset=\"5.3\" data-area-position=\"center\" data-icons=\"\" data-preloader=\"true\" data-width=\"215\" data-height=\"215\" data-padding=\"0\" data-quicksand=\"disabled\" data-quicksand-duration=\"none\" data-popup-theme=\"theme_6\" data-popup-type=\"pretty-photo\" data-popup-image-text=\"data-description\" data-popup-widthsize=\"auto\" data-popup-heightsize=\"auto\" data-popup-i18n-words=\"{&quot;close&quot;:&quot;schlie\\u00dfen&quot;,&quot;next&quot;:&quot;n\\u00e4chste&quot;,&quot;previous&quot;:&quot;vorherige&quot;,&quot;start_slideshow&quot;:&quot;Starte Slideshow&quot;,&quot;stop_slideshow&quot;:&quot;Stoppe Slideshow&quot;,&quot;image&quot;:&quot;Bild&quot;,&quot;of&quot;:&quot;von&quot;,&quot;prev&quot;:&quot;vorherige&quot;,&quot;cExpand&quot;:&quot;Erweitere&quot;,&quot;cPrevious&quot;:&quot;Vorheriges&quot;,&quot;cNext&quot;:&quot;N\\u00e4chstes&quot;,&quot;cExpandStr&quot;:&quot;Erweitere Bild&quot;,&quot;cRotate&quot;:&quot;Rotate&quot;,&quot;cDetails&quot;:&quot;Details&quot;}\" data-popup-slideshow=\"false\" data-popup-slideshow-speed=\"2500\" data-popup-hoverstop=\"true\" data-popup-slideshow-auto=\"false\" data-popup-background=\"\" data-popup-transparency=\"30\" data-popup-disable-history=\"\" data-popup-disable-changed-url=\"\" data-popup-border-type=\"solid\" data-popup-border-color=\"\" data-popup-border-width=\"\" data-popup-border-enable=\"\" data-fullscreen=\"false\" data-hide-tooltip=\"false\" data-caption-font-family=\"Default\" data-caption-text-size=\"140\" data-is-mobile=\"0\" data-caption-mobile=\"false\" data-hide-long-tltp-title=\"0\" data-caption-disabled-on-mobile=\"false\" data-popup-placement-type=\"0\" data-social-sharing=\"{&quot;enabled&quot;:&quot;&quot;,&quot;gallerySharing&quot;:{&quot;enabled&quot;:null,&quot;position&quot;:null},&quot;imageSharing&quot;:{&quot;enabled&quot;:null,&quot;wrapperClass&quot;:&quot; vertical &quot;},&quot;popupSharing&quot;:{&quot;enabled&quot;:null,&quot;wrapperClass&quot;:&quot; vertical &quot;}}\" class=\"grid-gallery grid-gallery-fixed \" style=\" width:100%; height:auto; margin-left:auto; margin-right:auto;position:relative;\"> <div class=\"gallery-loading\"> <div class=\"blocks\"> <div class=\"block\"><\/div> <div class=\"block\"><\/div> <div class=\"block\"><\/div> <div class=\"block\"><\/div> <\/div> <\/div> <div class=\"gallery-sharing-top\" style=\"display:none;\"> <\/div> <div id=\"photos-77\" class=\"grid-gallery-photos\"><FIGURE class=\"grid-gallery-caption\" data-grid-gallery-type=\"quarter-slide-up\" data-index=\"0\" style=\"display:none;border-radius:00;; margin:5.3px; width:2150;\" ><div class=\"crop\" style=\" width:2150; height:2150; overflow:hidden;\"><img decoding=\"async\" src=\"http:\/\/urbex-team-bremen-nord.de\/wp-content\/uploads\/2019\/01\/IMG_9812_3_4_tonemapped-215x215.jpg\" class=\"ggImg\" alt=\"\u201edown in the dirt\u201c\" title=\"\u201edown in the dirt\u201c\" data-description=\"\u201edown in the dirt\u201c\" data-caption=\"\u201edown in the dirt\u201c\" data-title=\"\u201edown in the dirt\u201c\" style=\" width:215px; height:215px;\" \/><\/div><FIGCAPTION class=\"\" data-alpha=\"5\" style=\"color:#ffffff; background-color:#6f0000; font-size:140; text-align:left; font-family:Default;\" ><div class=\"grid-gallery-figcaption-wrap\" style=\"\"><\/div><\/FIGCAPTION><\/FIGURE><FIGURE class=\"grid-gallery-caption\" data-grid-gallery-type=\"quarter-slide-up\" data-index=\"1\" style=\"display:none;border-radius:00;; margin:5.3px; width:2150;\" ><div class=\"crop\" style=\" width:2150; height:2150; overflow:hidden;\"><img decoding=\"async\" src=\"http:\/\/urbex-team-bremen-nord.de\/wp-content\/uploads\/2019\/01\/IMG_9960_1_2_tonemapped-215x215.jpg\" class=\"ggImg\" alt=\"\u201edown in the dirt\u201c\" title=\"\u201edown in the dirt\u201c\" data-description=\"\u201edown in the dirt\u201c\" data-caption=\"\u201edown in the dirt\u201c\" data-title=\"\u201edown in the dirt\u201c\" style=\" width:215px; height:215px;\" \/><\/div><FIGCAPTION class=\"\" data-alpha=\"5\" style=\"color:#ffffff; background-color:#6f0000; font-size:140; text-align:left; font-family:Default;\" ><div class=\"grid-gallery-figcaption-wrap\" style=\"\"><\/div><\/FIGCAPTION><\/FIGURE><FIGURE class=\"grid-gallery-caption\" data-grid-gallery-type=\"quarter-slide-up\" data-index=\"2\" style=\"display:none;border-radius:00;; margin:5.3px; width:2150;\" ><div class=\"crop\" style=\" width:2150; height:2150; overflow:hidden;\"><img decoding=\"async\" src=\"http:\/\/urbex-team-bremen-nord.de\/wp-content\/uploads\/2019\/01\/IMG_9832_3_4_tonemapped-Bearbeitet-215x215.jpg\" class=\"ggImg\" alt=\"\u201edown in the dirt\u201c\" title=\"\u201edown in the dirt\u201c\" data-description=\"\u201edown in the dirt\u201c\" data-caption=\"\u201edown in the dirt\u201c\" data-title=\"\u201edown in the dirt\u201c\" style=\" width:215px; height:215px;\" \/><\/div><FIGCAPTION class=\"\" data-alpha=\"5\" style=\"color:#ffffff; background-color:#6f0000; font-size:140; text-align:left; font-family:Default;\" ><div class=\"grid-gallery-figcaption-wrap\" style=\"\"><\/div><\/FIGCAPTION><\/FIGURE><FIGURE class=\"grid-gallery-caption\" data-grid-gallery-type=\"quarter-slide-up\" data-index=\"3\" style=\"display:none;border-radius:00;; margin:5.3px; width:2150;\" ><div class=\"crop\" style=\" width:2150; height:2150; overflow:hidden;\"><img decoding=\"async\" src=\"http:\/\/urbex-team-bremen-nord.de\/wp-content\/uploads\/2019\/01\/IMG_9804_5_6_tonemapped-215x215.jpg\" class=\"ggImg\" alt=\"\u201edown in the dirt\u201c\" title=\"\u201edown in the dirt\u201c\" data-description=\"\u201edown in the dirt\u201c\" data-caption=\"\u201edown in the dirt\u201c\" data-title=\"\u201edown in the dirt\u201c\" style=\" width:215px; height:215px;\" \/><\/div><FIGCAPTION class=\"\" data-alpha=\"5\" style=\"color:#ffffff; background-color:#6f0000; font-size:140; text-align:left; font-family:Default;\" ><div class=\"grid-gallery-figcaption-wrap\" style=\"\"><\/div><\/FIGCAPTION><\/FIGURE><FIGURE class=\"grid-gallery-caption\" data-grid-gallery-type=\"quarter-slide-up\" data-index=\"4\" style=\"display:none;border-radius:00;; margin:5.3px; width:2150;\" ><div class=\"crop\" style=\" width:2150; height:2150; overflow:hidden;\"><img decoding=\"async\" src=\"http:\/\/urbex-team-bremen-nord.de\/wp-content\/uploads\/2019\/01\/IMG_9816_7_8_tonemapped-215x215.jpg\" class=\"ggImg\" alt=\"\u201edown in the dirt\u201c\" title=\"\u201edown in the dirt\u201c\" data-description=\"\u201edown in the dirt\u201c\" data-caption=\"\u201edown in the dirt\u201c\" data-title=\"\u201edown in the dirt\u201c\" style=\" width:215px; height:215px;\" \/><\/div><FIGCAPTION class=\"\" data-alpha=\"5\" style=\"color:#ffffff; background-color:#6f0000; font-size:140; text-align:left; font-family:Default;\" ><div class=\"grid-gallery-figcaption-wrap\" style=\"\"><\/div><\/FIGCAPTION><\/FIGURE><FIGURE class=\"grid-gallery-caption\" data-grid-gallery-type=\"quarter-slide-up\" data-index=\"5\" style=\"display:none;border-radius:00;; margin:5.3px; width:2150;\" ><div class=\"crop\" style=\" width:2150; height:2150; overflow:hidden;\"><img decoding=\"async\" src=\"http:\/\/urbex-team-bremen-nord.de\/wp-content\/uploads\/2019\/01\/IMG_9860_1_2_tonemapped-215x215.jpg\" class=\"ggImg\" alt=\"\u201edown in the dirt\u201c\" title=\"\u201edown in the dirt\u201c\" data-description=\"\u201edown in the dirt\u201c\" data-caption=\"\u201edown in the dirt\u201c\" data-title=\"\u201edown in the dirt\u201c\" style=\" width:215px; height:215px;\" \/><\/div><FIGCAPTION class=\"\" data-alpha=\"5\" style=\"color:#ffffff; background-color:#6f0000; font-size:140; text-align:left; font-family:Default;\" ><div class=\"grid-gallery-figcaption-wrap\" style=\"\"><\/div><\/FIGCAPTION><\/FIGURE><FIGURE class=\"grid-gallery-caption\" data-grid-gallery-type=\"quarter-slide-up\" data-index=\"6\" style=\"display:none;border-radius:00;; margin:5.3px; width:2150;\" ><div class=\"crop\" style=\" width:2150; height:2150; overflow:hidden;\"><img decoding=\"async\" src=\"http:\/\/urbex-team-bremen-nord.de\/wp-content\/uploads\/2019\/01\/IMG_9820_1_2_tonemapped-215x215.jpg\" class=\"ggImg\" alt=\"\u201edown in the dirt\u201c\" title=\"\u201edown in the dirt\u201c\" data-description=\"\u201edown in the dirt\u201c\" data-caption=\"\u201edown in the dirt\u201c\" data-title=\"\u201edown in the dirt\u201c\" style=\" width:215px; height:215px;\" \/><\/div><FIGCAPTION class=\"\" data-alpha=\"5\" style=\"color:#ffffff; background-color:#6f0000; font-size:140; text-align:left; font-family:Default;\" ><div class=\"grid-gallery-figcaption-wrap\" style=\"\"><\/div><\/FIGCAPTION><\/FIGURE><FIGURE class=\"grid-gallery-caption\" data-grid-gallery-type=\"quarter-slide-up\" data-index=\"7\" style=\"display:none;border-radius:00;; margin:5.3px; width:2150;\" ><div class=\"crop\" style=\" width:2150; height:2150; overflow:hidden;\"><img decoding=\"async\" src=\"http:\/\/urbex-team-bremen-nord.de\/wp-content\/uploads\/2019\/01\/IMG_9824_5_6_tonemapped-215x215.jpg\" class=\"ggImg\" alt=\"\u201edown in the dirt\u201c\" title=\"\u201edown in the dirt\u201c\" data-description=\"\u201edown in the dirt\u201c\" data-caption=\"\u201edown in the dirt\u201c\" data-title=\"\u201edown in the dirt\u201c\" style=\" width:215px; height:215px;\" \/><\/div><FIGCAPTION class=\"\" data-alpha=\"5\" style=\"color:#ffffff; background-color:#6f0000; font-size:140; text-align:left; font-family:Default;\" ><div class=\"grid-gallery-figcaption-wrap\" style=\"\"><\/div><\/FIGCAPTION><\/FIGURE><FIGURE class=\"grid-gallery-caption\" data-grid-gallery-type=\"quarter-slide-up\" data-index=\"8\" style=\"display:none;border-radius:00;; margin:5.3px; width:2150;\" ><div class=\"crop\" style=\" width:2150; height:2150; overflow:hidden;\"><img decoding=\"async\" src=\"http:\/\/urbex-team-bremen-nord.de\/wp-content\/uploads\/2019\/01\/IMG_9836_7_8_tonemapped-Bearbeitet-215x215.jpg\" class=\"ggImg\" alt=\"\u201edown in the dirt\u201c\" title=\"\u201edown in the dirt\u201c\" data-description=\"\u201edown in the dirt\u201c\" data-caption=\"\u201edown in the dirt\u201c\" data-title=\"\u201edown in the dirt\u201c\" style=\" width:215px; height:215px;\" \/><\/div><FIGCAPTION class=\"\" data-alpha=\"5\" style=\"color:#ffffff; background-color:#6f0000; font-size:140; text-align:left; font-family:Default;\" ><div class=\"grid-gallery-figcaption-wrap\" style=\"\"><\/div><\/FIGCAPTION><\/FIGURE><FIGURE class=\"grid-gallery-caption\" data-grid-gallery-type=\"quarter-slide-up\" data-index=\"9\" style=\"display:none;border-radius:00;; margin:5.3px; width:2150;\" ><div class=\"crop\" style=\" width:2150; height:2150; overflow:hidden;\"><img decoding=\"async\" src=\"http:\/\/urbex-team-bremen-nord.de\/wp-content\/uploads\/2019\/01\/IMG_9840_1_2_tonemapped-Bearbeitet-215x215.jpg\" class=\"ggImg\" alt=\"\u201edown in the dirt\u201c\" title=\"\u201edown in the dirt\u201c\" data-description=\"\u201edown in the dirt\u201c\" data-caption=\"\u201edown in the dirt\u201c\" data-title=\"\u201edown in the dirt\u201c\" style=\" width:215px; height:215px;\" \/><\/div><FIGCAPTION class=\"\" data-alpha=\"5\" style=\"color:#ffffff; background-color:#6f0000; font-size:140; text-align:left; font-family:Default;\" ><div class=\"grid-gallery-figcaption-wrap\" style=\"\"><\/div><\/FIGCAPTION><\/FIGURE><FIGURE class=\"grid-gallery-caption\" data-grid-gallery-type=\"quarter-slide-up\" data-index=\"10\" style=\"display:none;border-radius:00;; margin:5.3px; width:2150;\" ><div class=\"crop\" style=\" width:2150; height:2150; overflow:hidden;\"><img decoding=\"async\" src=\"http:\/\/urbex-team-bremen-nord.de\/wp-content\/uploads\/2019\/01\/IMG_9844_5_6_tonemapped-215x215.jpg\" class=\"ggImg\" alt=\"\u201edown in the dirt\u201c\" title=\"\u201edown in the dirt\u201c\" data-description=\"\u201edown in the dirt\u201c\" data-caption=\"\u201edown in the dirt\u201c\" data-title=\"\u201edown in the dirt\u201c\" style=\" width:215px; height:215px;\" \/><\/div><FIGCAPTION class=\"\" data-alpha=\"5\" style=\"color:#ffffff; background-color:#6f0000; font-size:140; text-align:left; font-family:Default;\" ><div class=\"grid-gallery-figcaption-wrap\" style=\"\"><\/div><\/FIGCAPTION><\/FIGURE><FIGURE class=\"grid-gallery-caption\" data-grid-gallery-type=\"quarter-slide-up\" data-index=\"11\" style=\"display:none;border-radius:00;; margin:5.3px; width:2150;\" ><div class=\"crop\" style=\" width:2150; height:2150; overflow:hidden;\"><img decoding=\"async\" src=\"http:\/\/urbex-team-bremen-nord.de\/wp-content\/uploads\/2019\/01\/IMG_9884_5_6_tonemapped-215x215.jpg\" class=\"ggImg\" alt=\"\u201edown in the dirt\u201c\" title=\"\u201edown in the dirt\u201c\" data-description=\"\u201edown in the dirt\u201c\" data-caption=\"\u201edown in the dirt\u201c\" data-title=\"\u201edown in the dirt\u201c\" style=\" width:215px; height:215px;\" \/><\/div><FIGCAPTION class=\"\" data-alpha=\"5\" style=\"color:#ffffff; background-color:#6f0000; font-size:140; text-align:left; font-family:Default;\" ><div class=\"grid-gallery-figcaption-wrap\" style=\"\"><\/div><\/FIGCAPTION><\/FIGURE><FIGURE class=\"grid-gallery-caption\" data-grid-gallery-type=\"quarter-slide-up\" data-index=\"12\" style=\"display:none;border-radius:00;; margin:5.3px; width:2150;\" ><div class=\"crop\" style=\" width:2150; height:2150; overflow:hidden;\"><img decoding=\"async\" src=\"http:\/\/urbex-team-bremen-nord.de\/wp-content\/uploads\/2019\/01\/IMG_9868_69_70_tonemapped-215x215.jpg\" class=\"ggImg\" alt=\"\u201edown in the dirt\u201c\" title=\"\u201edown in the dirt\u201c\" data-description=\"\u201edown in the dirt\u201c\" data-caption=\"\u201edown in the dirt\u201c\" data-title=\"\u201edown in the dirt\u201c\" style=\" width:215px; height:215px;\" \/><\/div><FIGCAPTION class=\"\" data-alpha=\"5\" style=\"color:#ffffff; background-color:#6f0000; font-size:140; text-align:left; font-family:Default;\" ><div class=\"grid-gallery-figcaption-wrap\" style=\"\"><\/div><\/FIGCAPTION><\/FIGURE><FIGURE class=\"grid-gallery-caption\" data-grid-gallery-type=\"quarter-slide-up\" data-index=\"13\" style=\"display:none;border-radius:00;; margin:5.3px; width:2150;\" ><div class=\"crop\" style=\" width:2150; height:2150; overflow:hidden;\"><img decoding=\"async\" src=\"http:\/\/urbex-team-bremen-nord.de\/wp-content\/uploads\/2019\/01\/IMG_9876_7_8_tonemapped-215x215.jpg\" class=\"ggImg\" alt=\"\u201edown in the dirt\u201c\" title=\"\u201edown in the dirt\u201c\" data-description=\"\u201edown in the dirt\u201c\" data-caption=\"\u201edown in the dirt\u201c\" data-title=\"\u201edown in the dirt\u201c\" style=\" width:215px; height:215px;\" \/><\/div><FIGCAPTION class=\"\" data-alpha=\"5\" style=\"color:#ffffff; background-color:#6f0000; font-size:140; text-align:left; font-family:Default;\" ><div class=\"grid-gallery-figcaption-wrap\" style=\"\"><\/div><\/FIGCAPTION><\/FIGURE><FIGURE class=\"grid-gallery-caption\" data-grid-gallery-type=\"quarter-slide-up\" data-index=\"14\" style=\"display:none;border-radius:00;; margin:5.3px; width:2150;\" ><div class=\"crop\" style=\" width:2150; height:2150; overflow:hidden;\"><img decoding=\"async\" src=\"http:\/\/urbex-team-bremen-nord.de\/wp-content\/uploads\/2019\/01\/IMG_9892_3_4_tonemapped-215x215.jpg\" class=\"ggImg\" alt=\"\u201edown in the dirt\u201c\" title=\"\u201edown in the dirt\u201c\" data-description=\"\u201edown in the dirt\u201c\" data-caption=\"\u201edown in the dirt\u201c\" data-title=\"\u201edown in the dirt\u201c\" style=\" width:215px; height:215px;\" \/><\/div><FIGCAPTION class=\"\" data-alpha=\"5\" style=\"color:#ffffff; background-color:#6f0000; font-size:140; text-align:left; font-family:Default;\" ><div class=\"grid-gallery-figcaption-wrap\" style=\"\"><\/div><\/FIGCAPTION><\/FIGURE><FIGURE class=\"grid-gallery-caption\" data-grid-gallery-type=\"quarter-slide-up\" data-index=\"15\" style=\"display:none;border-radius:00;; margin:5.3px; width:2150;\" ><div class=\"crop\" style=\" width:2150; height:2150; overflow:hidden;\"><img decoding=\"async\" src=\"http:\/\/urbex-team-bremen-nord.de\/wp-content\/uploads\/2019\/01\/IMG_9913_4_5_tonemapped-215x215.jpg\" class=\"ggImg\" alt=\"\u201edown in the dirt\u201c\" title=\"\u201edown in the dirt\u201c\" data-description=\"\u201edown in the dirt\u201c\" data-caption=\"\u201edown in the dirt\u201c\" data-title=\"\u201edown in the dirt\u201c\" style=\" width:215px; height:215px;\" \/><\/div><FIGCAPTION class=\"\" data-alpha=\"5\" style=\"color:#ffffff; background-color:#6f0000; font-size:140; text-align:left; font-family:Default;\" ><div class=\"grid-gallery-figcaption-wrap\" style=\"\"><\/div><\/FIGCAPTION><\/FIGURE><FIGURE class=\"grid-gallery-caption\" data-grid-gallery-type=\"quarter-slide-up\" data-index=\"16\" style=\"display:none;border-radius:00;; margin:5.3px; width:2150;\" ><div class=\"crop\" style=\" width:2150; height:2150; overflow:hidden;\"><img decoding=\"async\" src=\"http:\/\/urbex-team-bremen-nord.de\/wp-content\/uploads\/2019\/01\/IMG_9917_8_9_tonemapped-215x215.jpg\" class=\"ggImg\" alt=\"\u201edown in the dirt\u201c\" title=\"\u201edown in the dirt\u201c\" data-description=\"\u201edown in the dirt\u201c\" data-caption=\"\u201edown in the dirt\u201c\" data-title=\"\u201edown in the dirt\u201c\" style=\" width:215px; height:215px;\" \/><\/div><FIGCAPTION class=\"\" data-alpha=\"5\" style=\"color:#ffffff; background-color:#6f0000; font-size:140; text-align:left; font-family:Default;\" ><div class=\"grid-gallery-figcaption-wrap\" style=\"\"><\/div><\/FIGCAPTION><\/FIGURE><FIGURE class=\"grid-gallery-caption\" data-grid-gallery-type=\"quarter-slide-up\" data-index=\"17\" style=\"display:none;border-radius:00;; margin:5.3px; width:2150;\" ><div class=\"crop\" style=\" width:2150; height:2150; overflow:hidden;\"><img decoding=\"async\" src=\"http:\/\/urbex-team-bremen-nord.de\/wp-content\/uploads\/2019\/01\/IMG_9921_2_3_tonemapped-215x215.jpg\" class=\"ggImg\" alt=\"\u201edown in the dirt\u201c\" title=\"\u201edown in the dirt\u201c\" data-description=\"\u201edown in the dirt\u201c\" data-caption=\"\u201edown in the dirt\u201c\" data-title=\"\u201edown in the dirt\u201c\" style=\" width:215px; height:215px;\" \/><\/div><FIGCAPTION class=\"\" data-alpha=\"5\" style=\"color:#ffffff; background-color:#6f0000; font-size:140; text-align:left; font-family:Default;\" ><div class=\"grid-gallery-figcaption-wrap\" style=\"\"><\/div><\/FIGCAPTION><\/FIGURE><FIGURE class=\"grid-gallery-caption\" data-grid-gallery-type=\"quarter-slide-up\" data-index=\"18\" style=\"display:none;border-radius:00;; margin:5.3px; width:2150;\" ><div class=\"crop\" style=\" width:2150; height:2150; overflow:hidden;\"><img decoding=\"async\" src=\"http:\/\/urbex-team-bremen-nord.de\/wp-content\/uploads\/2019\/01\/IMG_9939_40_41_tonemapped-215x215.jpg\" class=\"ggImg\" alt=\"\u201edown in the dirt\u201c\" title=\"\u201edown in the dirt\u201c\" data-description=\"\u201edown in the dirt\u201c\" data-caption=\"\u201edown in the dirt\u201c\" data-title=\"\u201edown in the dirt\u201c\" style=\" width:215px; height:215px;\" \/><\/div><FIGCAPTION class=\"\" data-alpha=\"5\" style=\"color:#ffffff; background-color:#6f0000; font-size:140; text-align:left; font-family:Default;\" ><div class=\"grid-gallery-figcaption-wrap\" style=\"\"><\/div><\/FIGCAPTION><\/FIGURE> <div class=\"grid-gallery-clearfix\"><\/div> <\/div> <div class=\"gallery-sharing-bottom\" style=\"display:none;\"> <\/div> <div class=\"gallery-sharing-image\" style=\"display:none;\"> <\/div> <div class=\"gallery-sharing-popup\" style=\"display:none;\"> <\/div> <div class=\"grid-gallery-clearfix\"><\/div> <\/div> <!-- Gallery by Supsystic plugin1.15.25 --><a title=\"Wordpress Gallery Plugin Free\" style=\"display:none;\" href=\"https:\/\/supsystic.com\/plugins\/photo-gallery\/?utm_medium=love_link\" target=\"_blank\">Wordpress Gallery Plugin Free<\/a>\n","protected":false},"excerpt":{"rendered":"<p>Untertage-Verlagerungen, kurz U-Verlagerungen waren unterirdische, bombensichere, kriegswichtige Geheimanlagen der deutschen R\u00fcstungsindustrie im Zweiten Weltkrieg. Einige Anlagen wurden komplett neu gebaut, andere wiederum nutzten vorhandene und bombensichere Hohlr\u00e4ume. Diese kosteng\u00fcnstigere Alternative nutze man gegen Ende des 2. Weltkrieges um eine gro\u00dfe Anzahl von Anlagen zu bauen oder zumindest noch mit dem Bau zu beginnen. Keiner wusste &hellip; <a href=\"https:\/\/urbex-team-bremen-nord.de\/?page_id=2421\" class=\"more-link\"><span class=\"screen-reader-text\">&#8222;down in the dirt&#8220;<\/span> weiterlesen<\/a><\/p>\n","protected":false},"author":2,"featured_media":0,"parent":0,"menu_order":0,"comment_status":"closed","ping_status":"closed","template":"","meta":{"ngg_post_thumbnail":0,"footnotes":""},"class_list":["post-2421","page","type-page","status-publish","hentry"],"_links":{"self":[{"href":"https:\/\/urbex-team-bremen-nord.de\/index.php?rest_route=\/wp\/v2\/pages\/2421","targetHints":{"allow":["GET"]}}],"collection":[{"href":"https:\/\/urbex-team-bremen-nord.de\/index.php?rest_route=\/wp\/v2\/pages"}],"about":[{"href":"https:\/\/urbex-team-bremen-nord.de\/index.php?rest_route=\/wp\/v2\/types\/page"}],"author":[{"embeddable":true,"href":"https:\/\/urbex-team-bremen-nord.de\/index.php?rest_route=\/wp\/v2\/users\/2"}],"replies":[{"embeddable":true,"href":"https:\/\/urbex-team-bremen-nord.de\/index.php?rest_route=%2Fwp%2Fv2%2Fcomments&post=2421"}],"version-history":[{"count":1,"href":"https:\/\/urbex-team-bremen-nord.de\/index.php?rest_route=\/wp\/v2\/pages\/2421\/revisions"}],"predecessor-version":[{"id":2423,"href":"https:\/\/urbex-team-bremen-nord.de\/index.php?rest_route=\/wp\/v2\/pages\/2421\/revisions\/2423"}],"wp:attachment":[{"href":"https:\/\/urbex-team-bremen-nord.de\/index.php?rest_route=%2Fwp%2Fv2%2Fmedia&parent=2421"}],"curies":[{"name":"wp","href":"https:\/\/api.w.org\/{rel}","templated":true}]}}