{"id":228,"date":"2017-01-22T10:22:38","date_gmt":"2017-01-22T10:22:38","guid":{"rendered":"http:\/\/urbex-team-bremen-nord.de\/?page_id=228"},"modified":"2017-01-22T10:26:43","modified_gmt":"2017-01-22T10:26:43","slug":"krankenhaus-o","status":"publish","type":"page","link":"https:\/\/urbex-team-bremen-nord.de\/?page_id=228","title":{"rendered":"Krankenhaus O."},"content":{"rendered":"<p>Es gibt viele verlassene Krankenh\u00e4user, aber dieses war f\u00fcr uns schon etwas besonderes! Denn verlassen bedeutet oft auch: Leerger\u00e4umt, entkernt und vergammelt. Bei diesem Krankenhaus ist das etwas anders, denn hier sieht es noch, obwohl es 2009 geschlossen wurde echt gut aus. Insgesamt 160 Betten standen damals in der Klinik zur Verf\u00fcgung dazu kamen noch 15 Pl\u00e4tze f\u00fcr die Ambulante Versorgung.<\/p>\n<p>Doch was ist an diesem verlassenen Krankenhaus besonders? Ganz einfach: Der Zustand ist super, es gibt kaum Vandalismus und man kann ordentlich was sehen. In einem OP-Saal standen Beispielsweise noch eine OP-Liege. Man kann sich nur vorstellen wer da drauf gelegen hat, was dort passiert ist und welche Schicksale und Geschichten diese OP-Liege schon mitbekommen hat. Es gab in\u00a0zwei R\u00e4umen sogar noch R\u00f6ntgenger\u00e4te \u2013 was schon enorm ist, denn solche Ger\u00e4te sind nicht billig \u2013 und das beste: Sie sind unber\u00fchrt! Kein St\u00fcck Vandalismus, kein bisschen Zerst\u00f6rung! Und das in einem seit 2009 verlassenen Krankenhaus!<\/p>\n<p>Es gab wohl mal einen Brand in der verlassenen Klinik, was man auch deutlich sehen konnte. Schade eigentlich, hier muss wohl die Zerst\u00f6rungswut enorm gewesen sein.<\/p>\n<p>Quelle: lost places.org<\/p>\n<div id=\"grid-gallery-9-98252\" data-gg-id=\"9\" data-title=\"Krankenhaus O.\" data-grid-type=\"0\" data-offset=\"5.3\" data-area-position=\"center\" data-icons=\"\" data-preloader=\"true\" data-width=\"215\" data-height=\"215\" data-padding=\"0\" data-quicksand=\"disabled\" data-quicksand-duration=\"none\" data-popup-theme=\"theme_6\" data-popup-type=\"pretty-photo\" data-popup-image-text=\"data-title\" data-popup-widthsize=\"auto\" data-popup-heightsize=\"auto\" data-popup-i18n-words=\"{&quot;close&quot;:&quot;schlie\\u00dfen&quot;,&quot;next&quot;:&quot;n\\u00e4chste&quot;,&quot;previous&quot;:&quot;vorherige&quot;,&quot;start_slideshow&quot;:&quot;Starte Slideshow&quot;,&quot;stop_slideshow&quot;:&quot;Stoppe Slideshow&quot;,&quot;image&quot;:&quot;Bild&quot;,&quot;of&quot;:&quot;von&quot;,&quot;prev&quot;:&quot;vorherige&quot;,&quot;cExpand&quot;:&quot;Erweitere&quot;,&quot;cPrevious&quot;:&quot;Vorheriges&quot;,&quot;cNext&quot;:&quot;N\\u00e4chstes&quot;,&quot;cExpandStr&quot;:&quot;Erweitere Bild&quot;,&quot;cRotate&quot;:&quot;Rotate&quot;,&quot;cDetails&quot;:&quot;Details&quot;}\" data-popup-slideshow=\"false\" data-popup-slideshow-speed=\"2500\" data-popup-hoverstop=\"false\" data-popup-slideshow-auto=\"false\" data-popup-background=\"\" data-popup-transparency=\"30\" data-popup-disable-history=\"\" data-popup-disable-changed-url=\"\" data-popup-border-type=\"\" data-popup-border-color=\"\" data-popup-border-width=\"\" data-popup-border-enable=\"\" data-fullscreen=\"false\" data-hide-tooltip=\"false\" data-caption-font-family=\"Default\" data-caption-text-size=\"140\" data-is-mobile=\"0\" data-caption-mobile=\"false\" data-hide-long-tltp-title=\"0\" data-caption-disabled-on-mobile=\"false\" data-popup-placement-type=\"0\" data-social-sharing=\"{&quot;enabled&quot;:&quot;&quot;,&quot;gallerySharing&quot;:{&quot;enabled&quot;:null,&quot;position&quot;:null},&quot;imageSharing&quot;:{&quot;enabled&quot;:null,&quot;wrapperClass&quot;:&quot; vertical &quot;},&quot;popupSharing&quot;:{&quot;enabled&quot;:null,&quot;wrapperClass&quot;:&quot; vertical &quot;}}\" class=\"grid-gallery grid-gallery-fixed \" style=\" width:100%; height:auto; margin-left:auto; margin-right:auto;position:relative;\"> <div class=\"gallery-loading\"> <div class=\"blocks\"> <div class=\"block\"><\/div> <div class=\"block\"><\/div> <div class=\"block\"><\/div> <div class=\"block\"><\/div> <\/div> <\/div> <div class=\"gallery-sharing-top\" style=\"display:none;\"> <\/div> <div id=\"photos-9\" class=\"grid-gallery-photos\"><FIGURE class=\"grid-gallery-caption\" data-grid-gallery-type=\"quarter-slide-up\" data-index=\"0\" style=\"display:none;border-radius:00;; margin:5.3px; width:2150;\" ><div class=\"crop\" style=\" width:2150; height:2150; overflow:hidden;\"><img decoding=\"async\" src=\"http:\/\/urbex-team-bremen-nord.de\/wp-content\/uploads\/2017\/01\/IMG_7584-Bearbeitet-Bearbeitet-3-215x215.jpg\" class=\"ggImg\" alt=\"Krankenhaus O.\" title=\"Krankenhaus O.\" data-description=\"Krankenhaus O.\" data-caption=\"Krankenhaus O.\" data-title=\"Krankenhaus O.\" style=\" width:215px; height:215px;\" \/><\/div><FIGCAPTION class=\"\" data-alpha=\"5\" style=\"color:#ffffff; background-color:#6f0000; font-size:140; text-align:left; font-family:Default;\" ><div class=\"grid-gallery-figcaption-wrap\" style=\"\"><\/div><\/FIGCAPTION><\/FIGURE><FIGURE class=\"grid-gallery-caption\" data-grid-gallery-type=\"quarter-slide-up\" data-index=\"1\" style=\"display:none;border-radius:00;; margin:5.3px; width:2150;\" ><div class=\"crop\" style=\" width:2150; height:2150; overflow:hidden;\"><img decoding=\"async\" src=\"http:\/\/urbex-team-bremen-nord.de\/wp-content\/uploads\/2017\/01\/IMG_7532-Bearbeitet-Bearbeitet-215x215.jpg\" class=\"ggImg\" alt=\"Krankenhaus O.\" title=\"Krankenhaus O.\" data-description=\"Krankenhaus O.\" data-caption=\"Krankenhaus O.\" data-title=\"Krankenhaus O.\" style=\" width:215px; height:215px;\" \/><\/div><FIGCAPTION class=\"\" data-alpha=\"5\" style=\"color:#ffffff; background-color:#6f0000; font-size:140; text-align:left; font-family:Default;\" ><div class=\"grid-gallery-figcaption-wrap\" style=\"\"><\/div><\/FIGCAPTION><\/FIGURE><FIGURE class=\"grid-gallery-caption\" data-grid-gallery-type=\"quarter-slide-up\" data-index=\"2\" style=\"display:none;border-radius:00;; margin:5.3px; width:2150;\" ><div class=\"crop\" style=\" width:2150; height:2150; overflow:hidden;\"><img decoding=\"async\" src=\"http:\/\/urbex-team-bremen-nord.de\/wp-content\/uploads\/2017\/01\/IMG_7670-Bearbeitet-Bearbeitet-215x215.jpg\" class=\"ggImg\" alt=\"Krankenhaus O.\" title=\"Krankenhaus O.\" data-description=\"Krankenhaus O.\" data-caption=\"Krankenhaus O.\" data-title=\"Krankenhaus O.\" style=\" width:215px; height:215px;\" \/><\/div><FIGCAPTION class=\"\" data-alpha=\"5\" style=\"color:#ffffff; background-color:#6f0000; font-size:140; text-align:left; font-family:Default;\" ><div class=\"grid-gallery-figcaption-wrap\" style=\"\"><\/div><\/FIGCAPTION><\/FIGURE><FIGURE class=\"grid-gallery-caption\" data-grid-gallery-type=\"quarter-slide-up\" data-index=\"3\" style=\"display:none;border-radius:00;; margin:5.3px; width:2150;\" ><div class=\"crop\" style=\" width:2150; height:2150; overflow:hidden;\"><img decoding=\"async\" src=\"http:\/\/urbex-team-bremen-nord.de\/wp-content\/uploads\/2017\/01\/IMG_7667-Bearbeitet-Bearbeitet-215x215.jpg\" class=\"ggImg\" alt=\"Krankenhaus O.\" title=\"Krankenhaus O.\" data-description=\"Krankenhaus O.\" data-caption=\"Krankenhaus O.\" data-title=\"Krankenhaus O.\" style=\" width:215px; height:215px;\" \/><\/div><FIGCAPTION class=\"\" data-alpha=\"5\" style=\"color:#ffffff; background-color:#6f0000; font-size:140; text-align:left; font-family:Default;\" ><div class=\"grid-gallery-figcaption-wrap\" style=\"\"><\/div><\/FIGCAPTION><\/FIGURE><FIGURE class=\"grid-gallery-caption\" data-grid-gallery-type=\"quarter-slide-up\" data-index=\"4\" style=\"display:none;border-radius:00;; margin:5.3px; width:2150;\" ><div class=\"crop\" style=\" width:2150; height:2150; overflow:hidden;\"><img decoding=\"async\" src=\"http:\/\/urbex-team-bremen-nord.de\/wp-content\/uploads\/2017\/01\/IMG_7661-Bearbeitet-Bearbeitet-215x215.jpg\" class=\"ggImg\" alt=\"Krankenhaus O.\" title=\"Krankenhaus O.\" data-description=\"Krankenhaus O.\" data-caption=\"Krankenhaus O.\" data-title=\"Krankenhaus O.\" style=\" width:215px; height:215px;\" \/><\/div><FIGCAPTION class=\"\" data-alpha=\"5\" style=\"color:#ffffff; background-color:#6f0000; font-size:140; text-align:left; font-family:Default;\" ><div class=\"grid-gallery-figcaption-wrap\" style=\"\"><\/div><\/FIGCAPTION><\/FIGURE><FIGURE class=\"grid-gallery-caption\" data-grid-gallery-type=\"quarter-slide-up\" data-index=\"5\" style=\"display:none;border-radius:00;; margin:5.3px; width:2150;\" ><div class=\"crop\" style=\" width:2150; height:2150; overflow:hidden;\"><img decoding=\"async\" src=\"http:\/\/urbex-team-bremen-nord.de\/wp-content\/uploads\/2017\/01\/IMG_7657-Bearbeitet-Bearbeitet-215x215.jpg\" class=\"ggImg\" alt=\"Krankenhaus O.\" title=\"Krankenhaus O.\" data-description=\"Krankenhaus O.\" data-caption=\"Krankenhaus O.\" data-title=\"Krankenhaus O.\" style=\" width:215px; height:215px;\" \/><\/div><FIGCAPTION class=\"\" data-alpha=\"5\" style=\"color:#ffffff; background-color:#6f0000; font-size:140; text-align:left; font-family:Default;\" ><div class=\"grid-gallery-figcaption-wrap\" style=\"\"><\/div><\/FIGCAPTION><\/FIGURE><FIGURE class=\"grid-gallery-caption\" data-grid-gallery-type=\"quarter-slide-up\" data-index=\"6\" style=\"display:none;border-radius:00;; margin:5.3px; width:2150;\" ><div class=\"crop\" style=\" width:2150; height:2150; overflow:hidden;\"><img decoding=\"async\" src=\"http:\/\/urbex-team-bremen-nord.de\/wp-content\/uploads\/2017\/01\/IMG_7652-Bearbeitet-Bearbeitet-215x215.jpg\" class=\"ggImg\" alt=\"Krankenhaus O.\" title=\"Krankenhaus O.\" data-description=\"Krankenhaus O.\" data-caption=\"Krankenhaus O.\" data-title=\"Krankenhaus O.\" style=\" width:215px; height:215px;\" \/><\/div><FIGCAPTION class=\"\" data-alpha=\"5\" style=\"color:#ffffff; background-color:#6f0000; font-size:140; text-align:left; font-family:Default;\" ><div class=\"grid-gallery-figcaption-wrap\" style=\"\"><\/div><\/FIGCAPTION><\/FIGURE><FIGURE class=\"grid-gallery-caption\" data-grid-gallery-type=\"quarter-slide-up\" data-index=\"7\" style=\"display:none;border-radius:00;; margin:5.3px; width:2150;\" ><div class=\"crop\" style=\" width:2150; height:2150; overflow:hidden;\"><img decoding=\"async\" src=\"http:\/\/urbex-team-bremen-nord.de\/wp-content\/uploads\/2017\/01\/IMG_7648-Bearbeitet-Bearbeitet-215x215.jpg\" class=\"ggImg\" alt=\"Krankenhaus O.\" title=\"Krankenhaus O.\" data-description=\"Krankenhaus O.\" data-caption=\"Krankenhaus O.\" data-title=\"Krankenhaus O.\" style=\" width:215px; height:215px;\" \/><\/div><FIGCAPTION class=\"\" data-alpha=\"5\" style=\"color:#ffffff; background-color:#6f0000; font-size:140; text-align:left; font-family:Default;\" ><div class=\"grid-gallery-figcaption-wrap\" style=\"\"><\/div><\/FIGCAPTION><\/FIGURE><FIGURE class=\"grid-gallery-caption\" data-grid-gallery-type=\"quarter-slide-up\" data-index=\"8\" style=\"display:none;border-radius:00;; margin:5.3px; width:2150;\" ><div class=\"crop\" style=\" width:2150; height:2150; overflow:hidden;\"><img decoding=\"async\" src=\"http:\/\/urbex-team-bremen-nord.de\/wp-content\/uploads\/2017\/01\/IMG_7639-Bearbeitet-Bearbeitet-215x215.jpg\" class=\"ggImg\" alt=\"Krankenhaus O.\" title=\"Krankenhaus O.\" data-description=\"Krankenhaus O.\" data-caption=\"Krankenhaus O.\" data-title=\"Krankenhaus O.\" style=\" width:215px; height:215px;\" \/><\/div><FIGCAPTION class=\"\" data-alpha=\"5\" style=\"color:#ffffff; background-color:#6f0000; font-size:140; text-align:left; font-family:Default;\" ><div class=\"grid-gallery-figcaption-wrap\" style=\"\"><\/div><\/FIGCAPTION><\/FIGURE><FIGURE class=\"grid-gallery-caption\" data-grid-gallery-type=\"quarter-slide-up\" data-index=\"9\" style=\"display:none;border-radius:00;; margin:5.3px; width:2150;\" ><div class=\"crop\" style=\" width:2150; height:2150; overflow:hidden;\"><img decoding=\"async\" src=\"http:\/\/urbex-team-bremen-nord.de\/wp-content\/uploads\/2017\/01\/IMG_7633-Bearbeitet-Bearbeitet-215x215.jpg\" class=\"ggImg\" alt=\"Krankenhaus O.\" title=\"Krankenhaus O.\" data-description=\"Krankenhaus O.\" data-caption=\"Krankenhaus O.\" data-title=\"Krankenhaus O.\" style=\" width:215px; height:215px;\" \/><\/div><FIGCAPTION class=\"\" data-alpha=\"5\" style=\"color:#ffffff; background-color:#6f0000; font-size:140; text-align:left; font-family:Default;\" ><div class=\"grid-gallery-figcaption-wrap\" style=\"\"><\/div><\/FIGCAPTION><\/FIGURE><FIGURE class=\"grid-gallery-caption\" data-grid-gallery-type=\"quarter-slide-up\" data-index=\"10\" style=\"display:none;border-radius:00;; margin:5.3px; width:2150;\" ><div class=\"crop\" style=\" width:2150; height:2150; overflow:hidden;\"><img decoding=\"async\" src=\"http:\/\/urbex-team-bremen-nord.de\/wp-content\/uploads\/2017\/01\/IMG_7618-215x215.jpg\" class=\"ggImg\" alt=\"Krankenhaus O.\" title=\"Krankenhaus O.\" data-description=\"Krankenhaus O.\" data-caption=\"Krankenhaus O.\" data-title=\"Krankenhaus O.\" style=\" width:215px; height:215px;\" \/><\/div><FIGCAPTION class=\"\" data-alpha=\"5\" style=\"color:#ffffff; background-color:#6f0000; font-size:140; text-align:left; font-family:Default;\" ><div class=\"grid-gallery-figcaption-wrap\" style=\"\"><\/div><\/FIGCAPTION><\/FIGURE><FIGURE class=\"grid-gallery-caption\" data-grid-gallery-type=\"quarter-slide-up\" data-index=\"11\" style=\"display:none;border-radius:00;; margin:5.3px; width:2150;\" ><div class=\"crop\" style=\" width:2150; height:2150; overflow:hidden;\"><img decoding=\"async\" src=\"http:\/\/urbex-team-bremen-nord.de\/wp-content\/uploads\/2017\/01\/IMG_7609-Bearbeitet-Bearbeitet-215x215.jpg\" class=\"ggImg\" alt=\"Krankenhaus O.\" title=\"Krankenhaus O.\" data-description=\"Krankenhaus O.\" data-caption=\"Krankenhaus O.\" data-title=\"Krankenhaus O.\" style=\" width:215px; height:215px;\" \/><\/div><FIGCAPTION class=\"\" data-alpha=\"5\" style=\"color:#ffffff; background-color:#6f0000; font-size:140; text-align:left; font-family:Default;\" ><div class=\"grid-gallery-figcaption-wrap\" style=\"\"><\/div><\/FIGCAPTION><\/FIGURE><FIGURE class=\"grid-gallery-caption\" data-grid-gallery-type=\"quarter-slide-up\" data-index=\"12\" style=\"display:none;border-radius:00;; margin:5.3px; width:2150;\" ><div class=\"crop\" style=\" width:2150; height:2150; overflow:hidden;\"><img decoding=\"async\" src=\"http:\/\/urbex-team-bremen-nord.de\/wp-content\/uploads\/2017\/01\/IMG_7597-Bearbeitet-Bearbeitet-215x215.jpg\" class=\"ggImg\" alt=\"Krankenhaus O.\" title=\"Krankenhaus O.\" data-description=\"Krankenhaus O.\" data-caption=\"Krankenhaus O.\" data-title=\"Krankenhaus O.\" style=\" width:215px; height:215px;\" \/><\/div><FIGCAPTION class=\"\" data-alpha=\"5\" style=\"color:#ffffff; background-color:#6f0000; font-size:140; text-align:left; font-family:Default;\" ><div class=\"grid-gallery-figcaption-wrap\" style=\"\"><\/div><\/FIGCAPTION><\/FIGURE><FIGURE class=\"grid-gallery-caption\" data-grid-gallery-type=\"quarter-slide-up\" data-index=\"13\" style=\"display:none;border-radius:00;; margin:5.3px; width:2150;\" ><div class=\"crop\" style=\" width:2150; height:2150; overflow:hidden;\"><img decoding=\"async\" src=\"http:\/\/urbex-team-bremen-nord.de\/wp-content\/uploads\/2017\/01\/IMG_7593-Bearbeitet-Bearbeitet-215x215.jpg\" class=\"ggImg\" alt=\"Krankenhaus O.\" title=\"Krankenhaus O.\" data-description=\"Krankenhaus O.\" data-caption=\"Krankenhaus O.\" data-title=\"Krankenhaus O.\" style=\" width:215px; height:215px;\" \/><\/div><FIGCAPTION class=\"\" data-alpha=\"5\" style=\"color:#ffffff; background-color:#6f0000; font-size:140; text-align:left; font-family:Default;\" ><div class=\"grid-gallery-figcaption-wrap\" style=\"\"><\/div><\/FIGCAPTION><\/FIGURE><FIGURE class=\"grid-gallery-caption\" data-grid-gallery-type=\"quarter-slide-up\" data-index=\"14\" style=\"display:none;border-radius:00;; margin:5.3px; width:2150;\" ><div class=\"crop\" style=\" width:2150; height:2150; overflow:hidden;\"><img decoding=\"async\" src=\"http:\/\/urbex-team-bremen-nord.de\/wp-content\/uploads\/2017\/01\/IMG_7573-Bearbeitet-Bearbeitet-215x215.jpg\" class=\"ggImg\" alt=\"Krankenhaus O.\" title=\"Krankenhaus O.\" data-description=\"Krankenhaus O.\" data-caption=\"Krankenhaus O.\" data-title=\"Krankenhaus O.\" style=\" width:215px; height:215px;\" \/><\/div><FIGCAPTION class=\"\" data-alpha=\"5\" style=\"color:#ffffff; background-color:#6f0000; font-size:140; text-align:left; font-family:Default;\" ><div class=\"grid-gallery-figcaption-wrap\" style=\"\"><\/div><\/FIGCAPTION><\/FIGURE><FIGURE class=\"grid-gallery-caption\" data-grid-gallery-type=\"quarter-slide-up\" data-index=\"15\" style=\"display:none;border-radius:00;; margin:5.3px; width:2150;\" ><div class=\"crop\" style=\" width:2150; height:2150; overflow:hidden;\"><img decoding=\"async\" src=\"http:\/\/urbex-team-bremen-nord.de\/wp-content\/uploads\/2017\/01\/IMG_7570-Bearbeitet-215x215.jpg\" class=\"ggImg\" alt=\"Krankenhaus O.\" title=\"Krankenhaus O.\" data-description=\"Krankenhaus O.\" data-caption=\"Krankenhaus O.\" data-title=\"Krankenhaus O.\" style=\" width:215px; height:215px;\" \/><\/div><FIGCAPTION class=\"\" data-alpha=\"5\" style=\"color:#ffffff; background-color:#6f0000; font-size:140; text-align:left; font-family:Default;\" ><div class=\"grid-gallery-figcaption-wrap\" style=\"\"><\/div><\/FIGCAPTION><\/FIGURE><FIGURE class=\"grid-gallery-caption\" data-grid-gallery-type=\"quarter-slide-up\" data-index=\"16\" style=\"display:none;border-radius:00;; margin:5.3px; width:2150;\" ><div class=\"crop\" style=\" width:2150; height:2150; overflow:hidden;\"><img decoding=\"async\" src=\"http:\/\/urbex-team-bremen-nord.de\/wp-content\/uploads\/2017\/01\/IMG_7567-Bearbeitet-Bearbeitet-215x215.jpg\" class=\"ggImg\" alt=\"Krankenhaus O.\" title=\"Krankenhaus O.\" data-description=\"Krankenhaus O.\" data-caption=\"Krankenhaus O.\" data-title=\"Krankenhaus O.\" style=\" width:215px; height:215px;\" \/><\/div><FIGCAPTION class=\"\" data-alpha=\"5\" style=\"color:#ffffff; background-color:#6f0000; font-size:140; text-align:left; font-family:Default;\" ><div class=\"grid-gallery-figcaption-wrap\" style=\"\"><\/div><\/FIGCAPTION><\/FIGURE><FIGURE class=\"grid-gallery-caption\" data-grid-gallery-type=\"quarter-slide-up\" data-index=\"17\" style=\"display:none;border-radius:00;; margin:5.3px; width:2150;\" ><div class=\"crop\" style=\" width:2150; height:2150; overflow:hidden;\"><img decoding=\"async\" src=\"http:\/\/urbex-team-bremen-nord.de\/wp-content\/uploads\/2017\/01\/IMG_7560-Bearbeitet-Bearbeitet-215x215.jpg\" class=\"ggImg\" alt=\"Krankenhaus O.\" title=\"Krankenhaus O.\" data-description=\"Krankenhaus O.\" data-caption=\"Krankenhaus O.\" data-title=\"Krankenhaus O.\" style=\" width:215px; height:215px;\" \/><\/div><FIGCAPTION class=\"\" data-alpha=\"5\" style=\"color:#ffffff; background-color:#6f0000; font-size:140; text-align:left; font-family:Default;\" ><div class=\"grid-gallery-figcaption-wrap\" style=\"\"><\/div><\/FIGCAPTION><\/FIGURE><FIGURE class=\"grid-gallery-caption\" data-grid-gallery-type=\"quarter-slide-up\" data-index=\"18\" style=\"display:none;border-radius:00;; margin:5.3px; width:2150;\" ><div class=\"crop\" style=\" width:2150; height:2150; overflow:hidden;\"><img decoding=\"async\" src=\"http:\/\/urbex-team-bremen-nord.de\/wp-content\/uploads\/2017\/01\/IMG_7552-Bearbeitet-215x215.jpg\" class=\"ggImg\" alt=\"Krankenhaus O.\" title=\"Krankenhaus O.\" data-description=\"Krankenhaus O.\" data-caption=\"Krankenhaus O.\" data-title=\"Krankenhaus O.\" style=\" width:215px; height:215px;\" \/><\/div><FIGCAPTION class=\"\" data-alpha=\"5\" style=\"color:#ffffff; background-color:#6f0000; font-size:140; text-align:left; font-family:Default;\" ><div class=\"grid-gallery-figcaption-wrap\" style=\"\"><\/div><\/FIGCAPTION><\/FIGURE><FIGURE class=\"grid-gallery-caption\" data-grid-gallery-type=\"quarter-slide-up\" data-index=\"19\" style=\"display:none;border-radius:00;; margin:5.3px; width:2150;\" ><div class=\"crop\" style=\" width:2150; height:2150; overflow:hidden;\"><img decoding=\"async\" src=\"http:\/\/urbex-team-bremen-nord.de\/wp-content\/uploads\/2017\/01\/IMG_7549-Bearbeitet-215x215.jpg\" class=\"ggImg\" alt=\"Krankenhaus O.\" title=\"Krankenhaus O.\" data-description=\"Krankenhaus O.\" data-caption=\"Krankenhaus O.\" data-title=\"Krankenhaus O.\" style=\" width:215px; height:215px;\" \/><\/div><FIGCAPTION class=\"\" data-alpha=\"5\" style=\"color:#ffffff; background-color:#6f0000; font-size:140; text-align:left; font-family:Default;\" ><div class=\"grid-gallery-figcaption-wrap\" style=\"\"><\/div><\/FIGCAPTION><\/FIGURE><FIGURE class=\"grid-gallery-caption\" data-grid-gallery-type=\"quarter-slide-up\" data-index=\"20\" style=\"display:none;border-radius:00;; margin:5.3px; width:2150;\" ><div class=\"crop\" style=\" width:2150; height:2150; overflow:hidden;\"><img decoding=\"async\" src=\"http:\/\/urbex-team-bremen-nord.de\/wp-content\/uploads\/2017\/01\/IMG_7543-Bearbeitet-Bearbeitet-215x215.jpg\" class=\"ggImg\" alt=\"Krankenhaus O.\" title=\"Krankenhaus O.\" data-description=\"Krankenhaus O.\" data-caption=\"Krankenhaus O.\" data-title=\"Krankenhaus O.\" style=\" width:215px; height:215px;\" \/><\/div><FIGCAPTION class=\"\" data-alpha=\"5\" style=\"color:#ffffff; background-color:#6f0000; font-size:140; text-align:left; font-family:Default;\" ><div class=\"grid-gallery-figcaption-wrap\" style=\"\"><\/div><\/FIGCAPTION><\/FIGURE><FIGURE class=\"grid-gallery-caption\" data-grid-gallery-type=\"quarter-slide-up\" data-index=\"21\" style=\"display:none;border-radius:00;; margin:5.3px; width:2150;\" ><div class=\"crop\" style=\" width:2150; height:2150; overflow:hidden;\"><img decoding=\"async\" src=\"http:\/\/urbex-team-bremen-nord.de\/wp-content\/uploads\/2017\/01\/IMG_7538-215x215.jpg\" class=\"ggImg\" alt=\"Krankenhaus O.\" title=\"Krankenhaus O.\" data-description=\"Krankenhaus O.\" data-caption=\"Krankenhaus O.\" data-title=\"Krankenhaus O.\" style=\" width:215px; height:215px;\" \/><\/div><FIGCAPTION class=\"\" data-alpha=\"5\" style=\"color:#ffffff; background-color:#6f0000; font-size:140; text-align:left; font-family:Default;\" ><div class=\"grid-gallery-figcaption-wrap\" style=\"\"><\/div><\/FIGCAPTION><\/FIGURE><FIGURE class=\"grid-gallery-caption\" data-grid-gallery-type=\"quarter-slide-up\" data-index=\"22\" style=\"display:none;border-radius:00;; margin:5.3px; width:2150;\" ><div class=\"crop\" style=\" width:2150; height:2150; overflow:hidden;\"><img decoding=\"async\" src=\"http:\/\/urbex-team-bremen-nord.de\/wp-content\/uploads\/2017\/01\/IMG_7536-Bearbeitet-215x215.jpg\" class=\"ggImg\" alt=\"Krankenhaus O.\" title=\"Krankenhaus O.\" data-description=\"Krankenhaus O.\" data-caption=\"Krankenhaus O.\" data-title=\"Krankenhaus O.\" style=\" width:215px; height:215px;\" \/><\/div><FIGCAPTION class=\"\" data-alpha=\"5\" style=\"color:#ffffff; background-color:#6f0000; font-size:140; text-align:left; font-family:Default;\" ><div class=\"grid-gallery-figcaption-wrap\" style=\"\"><\/div><\/FIGCAPTION><\/FIGURE> <div class=\"grid-gallery-clearfix\"><\/div> <\/div> <div class=\"gallery-sharing-bottom\" style=\"display:none;\"> <\/div> <div class=\"gallery-sharing-image\" style=\"display:none;\"> <\/div> <div class=\"gallery-sharing-popup\" style=\"display:none;\"> <\/div> <div class=\"grid-gallery-clearfix\"><\/div> <\/div> <!-- Gallery by Supsystic plugin1.15.25 --><a title=\"Wordpress Gallery Plugin Free\" style=\"display:none;\" href=\"https:\/\/supsystic.com\/plugins\/photo-gallery\/?utm_medium=love_link\" target=\"_blank\">Wordpress Gallery Plugin Free<\/a>\n","protected":false},"excerpt":{"rendered":"<p>Es gibt viele verlassene Krankenh\u00e4user, aber dieses war f\u00fcr uns schon etwas besonderes! Denn verlassen bedeutet oft auch: Leerger\u00e4umt, entkernt und vergammelt. Bei diesem Krankenhaus ist das etwas anders, denn hier sieht es noch, obwohl es 2009 geschlossen wurde echt gut aus. Insgesamt 160 Betten standen damals in der Klinik zur Verf\u00fcgung dazu kamen noch &hellip; <a href=\"https:\/\/urbex-team-bremen-nord.de\/?page_id=228\" class=\"more-link\"><span class=\"screen-reader-text\">Krankenhaus O.<\/span> weiterlesen<\/a><\/p>\n","protected":false},"author":2,"featured_media":0,"parent":0,"menu_order":0,"comment_status":"closed","ping_status":"closed","template":"","meta":{"ngg_post_thumbnail":0,"footnotes":""},"class_list":["post-228","page","type-page","status-publish","hentry"],"_links":{"self":[{"href":"https:\/\/urbex-team-bremen-nord.de\/index.php?rest_route=\/wp\/v2\/pages\/228","targetHints":{"allow":["GET"]}}],"collection":[{"href":"https:\/\/urbex-team-bremen-nord.de\/index.php?rest_route=\/wp\/v2\/pages"}],"about":[{"href":"https:\/\/urbex-team-bremen-nord.de\/index.php?rest_route=\/wp\/v2\/types\/page"}],"author":[{"embeddable":true,"href":"https:\/\/urbex-team-bremen-nord.de\/index.php?rest_route=\/wp\/v2\/users\/2"}],"replies":[{"embeddable":true,"href":"https:\/\/urbex-team-bremen-nord.de\/index.php?rest_route=%2Fwp%2Fv2%2Fcomments&post=228"}],"version-history":[{"count":2,"href":"https:\/\/urbex-team-bremen-nord.de\/index.php?rest_route=\/wp\/v2\/pages\/228\/revisions"}],"predecessor-version":[{"id":231,"href":"https:\/\/urbex-team-bremen-nord.de\/index.php?rest_route=\/wp\/v2\/pages\/228\/revisions\/231"}],"wp:attachment":[{"href":"https:\/\/urbex-team-bremen-nord.de\/index.php?rest_route=%2Fwp%2Fv2%2Fmedia&parent=228"}],"curies":[{"name":"wp","href":"https:\/\/api.w.org\/{rel}","templated":true}]}}