{"id":2273,"date":"2018-11-04T17:36:16","date_gmt":"2018-11-04T16:36:16","guid":{"rendered":"http:\/\/urbex-team-bremen-nord.de\/?page_id=2273"},"modified":"2020-08-26T15:38:16","modified_gmt":"2020-08-26T13:38:16","slug":"pulverfabrik-revisit-11-18","status":"publish","type":"page","link":"https:\/\/urbex-team-bremen-nord.de\/?page_id=2273","title":{"rendered":"Pulverfabrik [Revisit 11\/18]"},"content":{"rendered":"<p>Lange Zeit waren wir nicht dort. Umso gr\u00f6\u00dfer war die Erwartung von uns allen. Was hat sich in in einem Jahr getan? Wie sehen unsere \u201eHot-Spots\u201c dort jetzt aus? Wir wurden nicht entt\u00e4uscht und es war ein toller Herbst-Tag im Wald.<\/p>\n<p>Die Pulverfabrik umfasst ein Areal von vielen Quadratkilometern und ist, wie f\u00fcr Pulverfabriken typisch, aus der Luft absolut nicht einsehbar. Unmittelbar vor Beginn des 2. Weltkrieges wurde mit dem Bau begonnen. Mehrere Tausend Arbeiter wurden dazu ben\u00f6tigt. Diese wurden nach Beginn des 2. Weltkrieges durch den Einsatz von Zwangsarbeitern unterst\u00fctzt. So entstanden nach f\u00fcr nach mehrere 100 Geb\u00e4ude. Zahlreiche Geb\u00e4ude wurden auch unterirdisch errichtet. Zur Tarnung wurden auf den Flachd\u00e4chern Nadelb\u00e4ume gepflanzt. Heute kann man sehen, wie die Natur sich die Geb\u00e4ude zur\u00fcckerobert.<\/p>\n<p>Die komplette Infrastruktur inklusive Kraftwerken, Wasserwerken, Stra\u00dfen und ein Eisenbahnnetz komplettierten dieses riesige Pulverfabrik. Alles was f\u00fcr die Herstellung von Nitroglycerin, Schwarzpulver und Sprengstoffen ben\u00f6tigt wird, befindet sich auf dem Gel\u00e4nde.<\/p>\n<p>Dieses Gel\u00e4nde ist weitestgehend extrem gut erhalten, denn man hat nach den ersten Sprengungen der Geb\u00e4ude feststellen m\u00fcssen, dass es unm\u00f6glich ist, alles dem Erdboden gleich zu machen. Es ist jedes Mal ein Erlebnis, denn es wird nie Langweilig diese Gel\u00e4nde zu besuchen. Kein Besuch gleicht dem anderen und man findet immer wieder neue und auch interessante Geb\u00e4ude.<\/p>\n<div id=\"grid-gallery-72-6978\" data-gg-id=\"72\" data-title=\"Pulverfabrik [Revisit 11\/18]\" data-grid-type=\"0\" data-offset=\"5.3\" data-area-position=\"center\" data-icons=\"\" data-preloader=\"true\" data-width=\"215\" data-height=\"215\" data-padding=\"0\" data-quicksand=\"disabled\" data-quicksand-duration=\"none\" data-popup-theme=\"theme_6\" data-popup-type=\"pretty-photo\" data-popup-image-text=\"data-title\" data-popup-widthsize=\"auto\" data-popup-heightsize=\"auto\" data-popup-i18n-words=\"{&quot;close&quot;:&quot;schlie\\u00dfen&quot;,&quot;next&quot;:&quot;n\\u00e4chste&quot;,&quot;previous&quot;:&quot;vorherige&quot;,&quot;start_slideshow&quot;:&quot;Starte Slideshow&quot;,&quot;stop_slideshow&quot;:&quot;Stoppe Slideshow&quot;,&quot;image&quot;:&quot;Bild&quot;,&quot;of&quot;:&quot;von&quot;,&quot;prev&quot;:&quot;vorherige&quot;,&quot;cExpand&quot;:&quot;Erweitere&quot;,&quot;cPrevious&quot;:&quot;Vorheriges&quot;,&quot;cNext&quot;:&quot;N\\u00e4chstes&quot;,&quot;cExpandStr&quot;:&quot;Erweitere Bild&quot;,&quot;cRotate&quot;:&quot;Rotate&quot;,&quot;cDetails&quot;:&quot;Details&quot;}\" data-popup-slideshow=\"false\" data-popup-slideshow-speed=\"2500\" data-popup-hoverstop=\"false\" data-popup-slideshow-auto=\"false\" data-popup-background=\"\" data-popup-transparency=\"30\" data-popup-disable-history=\"\" data-popup-disable-changed-url=\"\" data-popup-border-type=\"\" data-popup-border-color=\"\" data-popup-border-width=\"\" data-popup-border-enable=\"\" data-fullscreen=\"false\" data-hide-tooltip=\"false\" data-caption-font-family=\"Default\" data-caption-text-size=\"140\" data-is-mobile=\"0\" data-caption-mobile=\"false\" data-hide-long-tltp-title=\"0\" data-caption-disabled-on-mobile=\"false\" data-popup-placement-type=\"0\" data-social-sharing=\"{&quot;enabled&quot;:&quot;&quot;,&quot;gallerySharing&quot;:{&quot;enabled&quot;:null,&quot;position&quot;:null},&quot;imageSharing&quot;:{&quot;enabled&quot;:null,&quot;wrapperClass&quot;:&quot; vertical &quot;},&quot;popupSharing&quot;:{&quot;enabled&quot;:null,&quot;wrapperClass&quot;:&quot; vertical &quot;}}\" class=\"grid-gallery grid-gallery-fixed \" style=\" width:100%; height:auto; margin-left:auto; margin-right:auto;position:relative;\"> <div class=\"gallery-loading\"> <div class=\"blocks\"> <div class=\"block\"><\/div> <div class=\"block\"><\/div> <div class=\"block\"><\/div> <div class=\"block\"><\/div> <\/div> <\/div> <div class=\"gallery-sharing-top\" style=\"display:none;\"> <\/div> <div id=\"photos-72\" class=\"grid-gallery-photos\"><FIGURE class=\"grid-gallery-caption\" data-grid-gallery-type=\"quarter-slide-up\" data-index=\"0\" style=\"display:none;border-radius:00;; margin:5.3px; width:2150;\" ><div class=\"crop\" style=\" width:2150; height:2150; overflow:hidden;\"><img decoding=\"async\" src=\"http:\/\/urbex-team-bremen-nord.de\/wp-content\/uploads\/2018\/11\/IMG_9378_79_80_tonemapped-Bearbeitet-215x215.jpg\" class=\"ggImg\" alt=\"Pulverfabrik [Revisit 11\/18]\" title=\"Pulverfabrik [Revisit 11\/18]\" data-description=\"Pulverfabrik [Revisit 11\/18]\" data-caption=\"Pulverfabrik [Revisit 11\/18]\" data-title=\"Pulverfabrik [Revisit 11\/18]\" style=\" width:215px; height:215px;\" \/><\/div><FIGCAPTION class=\"\" data-alpha=\"5\" style=\"color:#ffffff; background-color:#6f0000; font-size:140; text-align:left; font-family:Default;\" ><div class=\"grid-gallery-figcaption-wrap\" style=\"\"><\/div><\/FIGCAPTION><\/FIGURE><FIGURE class=\"grid-gallery-caption\" data-grid-gallery-type=\"quarter-slide-up\" data-index=\"1\" style=\"display:none;border-radius:00;; margin:5.3px; width:2150;\" ><div class=\"crop\" style=\" width:2150; height:2150; overflow:hidden;\"><img decoding=\"async\" src=\"http:\/\/urbex-team-bremen-nord.de\/wp-content\/uploads\/2018\/11\/IMG_9419_20_21_tonemapped-Bearbeitet-215x215.jpg\" class=\"ggImg\" alt=\"Pulverfabrik [Revisit 11\/18]\" title=\"Pulverfabrik [Revisit 11\/18]\" data-description=\"Pulverfabrik [Revisit 11\/18]\" data-caption=\"Pulverfabrik [Revisit 11\/18]\" data-title=\"Pulverfabrik [Revisit 11\/18]\" style=\" width:215px; height:215px;\" \/><\/div><FIGCAPTION class=\"\" data-alpha=\"5\" style=\"color:#ffffff; background-color:#6f0000; font-size:140; text-align:left; font-family:Default;\" ><div class=\"grid-gallery-figcaption-wrap\" style=\"\"><\/div><\/FIGCAPTION><\/FIGURE><FIGURE class=\"grid-gallery-caption\" data-grid-gallery-type=\"quarter-slide-up\" data-index=\"2\" style=\"display:none;border-radius:00;; margin:5.3px; width:2150;\" ><div class=\"crop\" style=\" width:2150; height:2150; overflow:hidden;\"><img decoding=\"async\" src=\"http:\/\/urbex-team-bremen-nord.de\/wp-content\/uploads\/2018\/11\/IMG_9447_8_9_tonemapped-215x215.jpg\" class=\"ggImg\" alt=\"Pulverfabrik [Revisit 11\/18]\" title=\"Pulverfabrik [Revisit 11\/18]\" data-description=\"Pulverfabrik [Revisit 11\/18]\" data-caption=\"Pulverfabrik [Revisit 11\/18]\" data-title=\"Pulverfabrik [Revisit 11\/18]\" style=\" width:215px; height:215px;\" \/><\/div><FIGCAPTION class=\"\" data-alpha=\"5\" style=\"color:#ffffff; background-color:#6f0000; font-size:140; text-align:left; font-family:Default;\" ><div class=\"grid-gallery-figcaption-wrap\" style=\"\"><\/div><\/FIGCAPTION><\/FIGURE><FIGURE class=\"grid-gallery-caption\" data-grid-gallery-type=\"quarter-slide-up\" data-index=\"3\" style=\"display:none;border-radius:00;; margin:5.3px; width:2150;\" ><div class=\"crop\" style=\" width:2150; height:2150; overflow:hidden;\"><img decoding=\"async\" src=\"http:\/\/urbex-team-bremen-nord.de\/wp-content\/uploads\/2018\/11\/IMG_9407_8_9_tonemapped-215x215.jpg\" class=\"ggImg\" alt=\"Pulverfabrik [Revisit 11\/18]\" title=\"Pulverfabrik [Revisit 11\/18]\" data-description=\"Pulverfabrik [Revisit 11\/18]\" data-caption=\"Pulverfabrik [Revisit 11\/18]\" data-title=\"Pulverfabrik [Revisit 11\/18]\" style=\" width:215px; height:215px;\" \/><\/div><FIGCAPTION class=\"\" data-alpha=\"5\" style=\"color:#ffffff; background-color:#6f0000; font-size:140; text-align:left; font-family:Default;\" ><div class=\"grid-gallery-figcaption-wrap\" style=\"\"><\/div><\/FIGCAPTION><\/FIGURE><FIGURE class=\"grid-gallery-caption\" data-grid-gallery-type=\"quarter-slide-up\" data-index=\"4\" style=\"display:none;border-radius:00;; margin:5.3px; width:2150;\" ><div class=\"crop\" style=\" width:2150; height:2150; overflow:hidden;\"><img decoding=\"async\" src=\"http:\/\/urbex-team-bremen-nord.de\/wp-content\/uploads\/2018\/11\/IMG_9423_4_5_tonemapped-Bearbeitet-215x215.jpg\" class=\"ggImg\" alt=\"Pulverfabrik [Revisit 11\/18]\" title=\"Pulverfabrik [Revisit 11\/18]\" data-description=\"Pulverfabrik [Revisit 11\/18]\" data-caption=\"Pulverfabrik [Revisit 11\/18]\" data-title=\"Pulverfabrik [Revisit 11\/18]\" style=\" width:215px; height:215px;\" \/><\/div><FIGCAPTION class=\"\" data-alpha=\"5\" style=\"color:#ffffff; background-color:#6f0000; font-size:140; text-align:left; font-family:Default;\" ><div class=\"grid-gallery-figcaption-wrap\" style=\"\"><\/div><\/FIGCAPTION><\/FIGURE><FIGURE class=\"grid-gallery-caption\" data-grid-gallery-type=\"quarter-slide-up\" data-index=\"5\" style=\"display:none;border-radius:00;; margin:5.3px; width:2150;\" ><div class=\"crop\" style=\" width:2150; height:2150; overflow:hidden;\"><img decoding=\"async\" src=\"http:\/\/urbex-team-bremen-nord.de\/wp-content\/uploads\/2018\/11\/IMG_9411_2_3_tonemapped-215x215.jpg\" class=\"ggImg\" alt=\"Pulverfabrik [Revisit 11\/18]\" title=\"Pulverfabrik [Revisit 11\/18]\" data-description=\"Pulverfabrik [Revisit 11\/18]\" data-caption=\"Pulverfabrik [Revisit 11\/18]\" data-title=\"Pulverfabrik [Revisit 11\/18]\" style=\" width:215px; height:215px;\" \/><\/div><FIGCAPTION class=\"\" data-alpha=\"5\" style=\"color:#ffffff; background-color:#6f0000; font-size:140; text-align:left; font-family:Default;\" ><div class=\"grid-gallery-figcaption-wrap\" style=\"\"><\/div><\/FIGCAPTION><\/FIGURE><FIGURE class=\"grid-gallery-caption\" data-grid-gallery-type=\"quarter-slide-up\" data-index=\"6\" style=\"display:none;border-radius:00;; margin:5.3px; width:2150;\" ><div class=\"crop\" style=\" width:2150; height:2150; overflow:hidden;\"><img decoding=\"async\" src=\"http:\/\/urbex-team-bremen-nord.de\/wp-content\/uploads\/2018\/11\/IMG_9467_8_9_tonemapped-215x215.jpg\" class=\"ggImg\" alt=\"Pulverfabrik [Revisit 11\/18]\" title=\"Pulverfabrik [Revisit 11\/18]\" data-description=\"Pulverfabrik [Revisit 11\/18]\" data-caption=\"Pulverfabrik [Revisit 11\/18]\" data-title=\"Pulverfabrik [Revisit 11\/18]\" style=\" width:215px; height:215px;\" \/><\/div><FIGCAPTION class=\"\" data-alpha=\"5\" style=\"color:#ffffff; background-color:#6f0000; font-size:140; text-align:left; font-family:Default;\" ><div class=\"grid-gallery-figcaption-wrap\" style=\"\"><\/div><\/FIGCAPTION><\/FIGURE><FIGURE class=\"grid-gallery-caption\" data-grid-gallery-type=\"quarter-slide-up\" data-index=\"7\" style=\"display:none;border-radius:00;; margin:5.3px; width:2150;\" ><div class=\"crop\" style=\" width:2150; height:2150; overflow:hidden;\"><img decoding=\"async\" src=\"http:\/\/urbex-team-bremen-nord.de\/wp-content\/uploads\/2018\/11\/IMG_9463_4_5_tonemapped-215x215.jpg\" class=\"ggImg\" alt=\"Pulverfabrik [Revisit 11\/18]\" title=\"Pulverfabrik [Revisit 11\/18]\" data-description=\"Pulverfabrik [Revisit 11\/18]\" data-caption=\"Pulverfabrik [Revisit 11\/18]\" data-title=\"Pulverfabrik [Revisit 11\/18]\" style=\" width:215px; height:215px;\" \/><\/div><FIGCAPTION class=\"\" data-alpha=\"5\" style=\"color:#ffffff; background-color:#6f0000; font-size:140; text-align:left; font-family:Default;\" ><div class=\"grid-gallery-figcaption-wrap\" style=\"\"><\/div><\/FIGCAPTION><\/FIGURE><FIGURE class=\"grid-gallery-caption\" data-grid-gallery-type=\"quarter-slide-up\" data-index=\"8\" style=\"display:none;border-radius:00;; margin:5.3px; width:2150;\" ><div class=\"crop\" style=\" width:2150; height:2150; overflow:hidden;\"><img decoding=\"async\" src=\"http:\/\/urbex-team-bremen-nord.de\/wp-content\/uploads\/2018\/11\/IMG_9471_2_3_tonemapped-215x215.jpg\" class=\"ggImg\" alt=\"Pulverfabrik [Revisit 11\/18]\" title=\"Pulverfabrik [Revisit 11\/18]\" data-description=\"Pulverfabrik [Revisit 11\/18]\" data-caption=\"Pulverfabrik [Revisit 11\/18]\" data-title=\"Pulverfabrik [Revisit 11\/18]\" style=\" width:215px; height:215px;\" \/><\/div><FIGCAPTION class=\"\" data-alpha=\"5\" style=\"color:#ffffff; background-color:#6f0000; font-size:140; text-align:left; font-family:Default;\" ><div class=\"grid-gallery-figcaption-wrap\" style=\"\"><\/div><\/FIGCAPTION><\/FIGURE><FIGURE class=\"grid-gallery-caption\" data-grid-gallery-type=\"quarter-slide-up\" data-index=\"9\" style=\"display:none;border-radius:00;; margin:5.3px; width:2150;\" ><div class=\"crop\" style=\" width:2150; height:2150; overflow:hidden;\"><img decoding=\"async\" src=\"http:\/\/urbex-team-bremen-nord.de\/wp-content\/uploads\/2018\/11\/IMG_9479_80_81_tonemapped-215x215.jpg\" class=\"ggImg\" alt=\"Pulverfabrik [Revisit 11\/18]\" title=\"Pulverfabrik [Revisit 11\/18]\" data-description=\"Pulverfabrik [Revisit 11\/18]\" data-caption=\"Pulverfabrik [Revisit 11\/18]\" data-title=\"Pulverfabrik [Revisit 11\/18]\" style=\" width:215px; height:215px;\" \/><\/div><FIGCAPTION class=\"\" data-alpha=\"5\" style=\"color:#ffffff; background-color:#6f0000; font-size:140; text-align:left; font-family:Default;\" ><div class=\"grid-gallery-figcaption-wrap\" style=\"\"><\/div><\/FIGCAPTION><\/FIGURE><FIGURE class=\"grid-gallery-caption\" data-grid-gallery-type=\"quarter-slide-up\" data-index=\"10\" style=\"display:none;border-radius:00;; margin:5.3px; width:2150;\" ><div class=\"crop\" style=\" width:2150; height:2150; overflow:hidden;\"><img decoding=\"async\" src=\"http:\/\/urbex-team-bremen-nord.de\/wp-content\/uploads\/2018\/11\/IMG_9491_2_3_tonemapped-215x215.jpg\" class=\"ggImg\" alt=\"Pulverfabrik [Revisit 11\/18]\" title=\"Pulverfabrik [Revisit 11\/18]\" data-description=\"Pulverfabrik [Revisit 11\/18]\" data-caption=\"Pulverfabrik [Revisit 11\/18]\" data-title=\"Pulverfabrik [Revisit 11\/18]\" style=\" width:215px; height:215px;\" \/><\/div><FIGCAPTION class=\"\" data-alpha=\"5\" style=\"color:#ffffff; background-color:#6f0000; font-size:140; text-align:left; font-family:Default;\" ><div class=\"grid-gallery-figcaption-wrap\" style=\"\"><\/div><\/FIGCAPTION><\/FIGURE><FIGURE class=\"grid-gallery-caption\" data-grid-gallery-type=\"quarter-slide-up\" data-index=\"11\" style=\"display:none;border-radius:00;; margin:5.3px; width:2150;\" ><div class=\"crop\" style=\" width:2150; height:2150; overflow:hidden;\"><img decoding=\"async\" src=\"http:\/\/urbex-team-bremen-nord.de\/wp-content\/uploads\/2018\/11\/IMG_9382_3_4_tonemapped-215x215.jpg\" class=\"ggImg\" alt=\"Pulverfabrik [Revisit 11\/18]\" title=\"Pulverfabrik [Revisit 11\/18]\" data-description=\"Pulverfabrik [Revisit 11\/18]\" data-caption=\"Pulverfabrik [Revisit 11\/18]\" data-title=\"Pulverfabrik [Revisit 11\/18]\" style=\" width:215px; height:215px;\" \/><\/div><FIGCAPTION class=\"\" data-alpha=\"5\" style=\"color:#ffffff; background-color:#6f0000; font-size:140; text-align:left; font-family:Default;\" ><div class=\"grid-gallery-figcaption-wrap\" style=\"\"><\/div><\/FIGCAPTION><\/FIGURE><FIGURE class=\"grid-gallery-caption\" data-grid-gallery-type=\"quarter-slide-up\" data-index=\"12\" style=\"display:none;border-radius:00;; margin:5.3px; width:2150;\" ><div class=\"crop\" style=\" width:2150; height:2150; overflow:hidden;\"><img decoding=\"async\" src=\"http:\/\/urbex-team-bremen-nord.de\/wp-content\/uploads\/2018\/11\/IMG_9451_2_3_tonemapped-215x215.jpg\" class=\"ggImg\" alt=\"Pulverfabrik [Revisit 11\/18]\" title=\"Pulverfabrik [Revisit 11\/18]\" data-description=\"Pulverfabrik [Revisit 11\/18]\" data-caption=\"Pulverfabrik [Revisit 11\/18]\" data-title=\"Pulverfabrik [Revisit 11\/18]\" style=\" width:215px; height:215px;\" \/><\/div><FIGCAPTION class=\"\" data-alpha=\"5\" style=\"color:#ffffff; background-color:#6f0000; font-size:140; text-align:left; font-family:Default;\" ><div class=\"grid-gallery-figcaption-wrap\" style=\"\"><\/div><\/FIGCAPTION><\/FIGURE> <div class=\"grid-gallery-clearfix\"><\/div> <\/div> <div class=\"gallery-sharing-bottom\" style=\"display:none;\"> <\/div> <div class=\"gallery-sharing-image\" style=\"display:none;\"> <\/div> <div class=\"gallery-sharing-popup\" style=\"display:none;\"> <\/div> <div class=\"grid-gallery-clearfix\"><\/div> <\/div> <!-- Gallery by Supsystic plugin1.15.25 --><a title=\"Wordpress Gallery Plugin Free\" style=\"display:none;\" href=\"https:\/\/supsystic.com\/plugins\/photo-gallery\/?utm_medium=love_link\" target=\"_blank\">Wordpress Gallery Plugin Free<\/a>\n\n\n<p>Video:<\/p>\n\n\n\n<figure class=\"wp-block-embed-youtube wp-block-embed is-type-video is-provider-youtube wp-embed-aspect-16-9 wp-has-aspect-ratio\"><div class=\"wp-block-embed__wrapper\">\n<iframe loading=\"lazy\" title=\"Pulverfabrik [Revisit 11\/18]\" width=\"660\" height=\"371\" src=\"https:\/\/www.youtube.com\/embed\/W9wxJLLQSHA?feature=oembed\" frameborder=\"0\" allow=\"accelerometer; autoplay; clipboard-write; encrypted-media; gyroscope; picture-in-picture; web-share\" referrerpolicy=\"strict-origin-when-cross-origin\" allowfullscreen><\/iframe>\n<\/div><\/figure>\n","protected":false},"excerpt":{"rendered":"<p>Lange Zeit waren wir nicht dort. Umso gr\u00f6\u00dfer war die Erwartung von uns allen. Was hat sich in in einem Jahr getan? Wie sehen unsere \u201eHot-Spots\u201c dort jetzt aus? Wir wurden nicht entt\u00e4uscht und es war ein toller Herbst-Tag im Wald. Die Pulverfabrik umfasst ein Areal von vielen Quadratkilometern und ist, wie f\u00fcr Pulverfabriken typisch, &hellip; <a href=\"https:\/\/urbex-team-bremen-nord.de\/?page_id=2273\" class=\"more-link\"><span class=\"screen-reader-text\">Pulverfabrik [Revisit 11\/18]<\/span> weiterlesen<\/a><\/p>\n","protected":false},"author":2,"featured_media":0,"parent":0,"menu_order":0,"comment_status":"closed","ping_status":"closed","template":"","meta":{"ngg_post_thumbnail":0,"footnotes":""},"class_list":["post-2273","page","type-page","status-publish","hentry"],"_links":{"self":[{"href":"https:\/\/urbex-team-bremen-nord.de\/index.php?rest_route=\/wp\/v2\/pages\/2273","targetHints":{"allow":["GET"]}}],"collection":[{"href":"https:\/\/urbex-team-bremen-nord.de\/index.php?rest_route=\/wp\/v2\/pages"}],"about":[{"href":"https:\/\/urbex-team-bremen-nord.de\/index.php?rest_route=\/wp\/v2\/types\/page"}],"author":[{"embeddable":true,"href":"https:\/\/urbex-team-bremen-nord.de\/index.php?rest_route=\/wp\/v2\/users\/2"}],"replies":[{"embeddable":true,"href":"https:\/\/urbex-team-bremen-nord.de\/index.php?rest_route=%2Fwp%2Fv2%2Fcomments&post=2273"}],"version-history":[{"count":3,"href":"https:\/\/urbex-team-bremen-nord.de\/index.php?rest_route=\/wp\/v2\/pages\/2273\/revisions"}],"predecessor-version":[{"id":3192,"href":"https:\/\/urbex-team-bremen-nord.de\/index.php?rest_route=\/wp\/v2\/pages\/2273\/revisions\/3192"}],"wp:attachment":[{"href":"https:\/\/urbex-team-bremen-nord.de\/index.php?rest_route=%2Fwp%2Fv2%2Fmedia&parent=2273"}],"curies":[{"name":"wp","href":"https:\/\/api.w.org\/{rel}","templated":true}]}}