{"id":2254,"date":"2018-10-28T17:10:30","date_gmt":"2018-10-28T16:10:30","guid":{"rendered":"http:\/\/urbex-team-bremen-nord.de\/?page_id=2254"},"modified":"2020-08-26T15:37:28","modified_gmt":"2020-08-26T13:37:28","slug":"der-wald-der-puppen","status":"publish","type":"page","link":"https:\/\/urbex-team-bremen-nord.de\/?page_id=2254","title":{"rendered":"Der Wald der Puppen"},"content":{"rendered":"<p>Sie h\u00e4ngen an B\u00e4umen, baumeln im Wind, starren mit leerem Blick durch die B\u00e4ume. Dutzende verst\u00fcmmelter Puppen sind in diesem Wald zu Hause. Seit einiger Zeit jagen sie selbst Hartgesottenen einen Schauer \u00fcber den R\u00fccken, denn sie sind angeblich lebendig.<\/p>\n<p>Wahrscheinlich nach dem Mexikanischen Vorbild, der \u201eIsla de las Mu\u00f1ecas\u201c (Insel der Puppen) wurden diese Puppen hier im Wald verteilt. Die \u201eIsla de las Mu\u00f1ecas\u201c ist eine Insel in Mexiko-Stadt. Auf der gesamten Insel sind Hunderte verst\u00fcmmelte Spielzeugpuppen in den B\u00e4umen aufgeh\u00e4ngt. Sie sollten urspr\u00fcnglich den Geist eines M\u00e4dchens vertreiben, das angeblich nahe der Insel ertrunken war. Heute ist die gruselige Insel eine Touristenattraktion.<\/p>\n<p>Einige finden es schrecklich, andere wiederum spooky oder einfach nur gruselig! Macht Euch selbst ein Bild davon \u2026<\/p>\n<div id=\"grid-gallery-71-80225\" data-gg-id=\"71\" data-title=\"Der Wald der Puppen\" data-grid-type=\"0\" data-offset=\"5.3\" data-area-position=\"center\" data-icons=\"\" data-preloader=\"\" data-width=\"215\" data-height=\"215\" data-padding=\"\" data-quicksand=\"disabled\" data-quicksand-duration=\"none\" data-popup-theme=\"theme_6\" data-popup-type=\"pretty-photo\" data-popup-image-text=\"title\" data-popup-widthsize=\"auto\" data-popup-heightsize=\"auto\" data-popup-i18n-words=\"{&quot;close&quot;:&quot;schlie\\u00dfen&quot;,&quot;next&quot;:&quot;n\\u00e4chste&quot;,&quot;previous&quot;:&quot;vorherige&quot;,&quot;start_slideshow&quot;:&quot;Starte Slideshow&quot;,&quot;stop_slideshow&quot;:&quot;Stoppe Slideshow&quot;,&quot;image&quot;:&quot;Bild&quot;,&quot;of&quot;:&quot;von&quot;,&quot;prev&quot;:&quot;vorherige&quot;,&quot;cExpand&quot;:&quot;Erweitere&quot;,&quot;cPrevious&quot;:&quot;Vorheriges&quot;,&quot;cNext&quot;:&quot;N\\u00e4chstes&quot;,&quot;cExpandStr&quot;:&quot;Erweitere Bild&quot;,&quot;cRotate&quot;:&quot;Rotate&quot;,&quot;cDetails&quot;:&quot;Details&quot;}\" data-popup-slideshow=\"false\" data-popup-slideshow-speed=\"2500\" data-popup-hoverstop=\"true\" data-popup-slideshow-auto=\"false\" data-popup-background=\"\" data-popup-transparency=\"30\" data-popup-disable-history=\"\" data-popup-disable-changed-url=\"\" data-popup-border-type=\"\" data-popup-border-color=\"\" data-popup-border-width=\"\" data-popup-border-enable=\"\" data-fullscreen=\"false\" data-hide-tooltip=\"\" data-caption-font-family=\"\" data-caption-text-size=\"140\" data-is-mobile=\"0\" data-caption-mobile=\"false\" data-hide-long-tltp-title=\"0\" data-caption-disabled-on-mobile=\"false\" data-popup-placement-type=\"0\" data-social-sharing=\"{&quot;enabled&quot;:null,&quot;gallerySharing&quot;:{&quot;enabled&quot;:null,&quot;position&quot;:null},&quot;imageSharing&quot;:{&quot;enabled&quot;:null,&quot;wrapperClass&quot;:&quot; vertical &quot;},&quot;popupSharing&quot;:{&quot;enabled&quot;:null,&quot;wrapperClass&quot;:&quot; vertical &quot;}}\" class=\"grid-gallery grid-gallery-fixed \" style=\" width:100%; height:auto; margin-left:auto; margin-right:auto;position:relative;\"> <div class=\"gallery-loading\"> <div class=\"blocks\"> <div class=\"block\"><\/div> <div class=\"block\"><\/div> <div class=\"block\"><\/div> <div class=\"block\"><\/div> <\/div> <\/div> <div class=\"gallery-sharing-top\" style=\"display:none;\"> <\/div> <div id=\"photos-71\" class=\"grid-gallery-photos\"><FIGURE class=\"grid-gallery-caption\" data-grid-gallery-type=\"quarter-slide-up\" data-index=\"0\" style=\"display:none;border-radius:00;; margin:5.3px; width:2150;\" ><div class=\"crop\" style=\" width:2150; height:2150; overflow:hidden;\"><img decoding=\"async\" src=\"http:\/\/urbex-team-bremen-nord.de\/wp-content\/uploads\/2018\/10\/IMG_9270_1_2_tonemapped-Bearbeitet-215x215.jpg\" class=\"ggImg\" alt=\"Der Wald der Puppen\" title=\"Der Wald der Puppen\" data-description=\"Der Wald der Puppen\" data-caption=\"Der Wald der Puppen\" data-title=\"Der Wald der Puppen\" style=\" width:215px; height:215px;\" \/><\/div><FIGCAPTION class=\"\" data-alpha=\"5\" style=\"color:#ffffff; background-color:#6f0000; font-size:140; text-align:2; font-family:;\" ><div class=\"grid-gallery-figcaption-wrap\" style=\"\"><\/div><\/FIGCAPTION><\/FIGURE><FIGURE class=\"grid-gallery-caption\" data-grid-gallery-type=\"quarter-slide-up\" data-index=\"1\" style=\"display:none;border-radius:00;; margin:5.3px; width:2150;\" ><div class=\"crop\" style=\" width:2150; height:2150; overflow:hidden;\"><img decoding=\"async\" src=\"http:\/\/urbex-team-bremen-nord.de\/wp-content\/uploads\/2018\/10\/IMG_9298_299_300_tonemapped-Bearbeitet-Bearbeitet-215x215.jpg\" class=\"ggImg\" alt=\"Der Wald der Puppen\" title=\"Der Wald der Puppen\" data-description=\"Der Wald der Puppen\" data-caption=\"Der Wald der Puppen\" data-title=\"Der Wald der Puppen\" style=\" width:215px; height:215px;\" \/><\/div><FIGCAPTION class=\"\" data-alpha=\"5\" style=\"color:#ffffff; background-color:#6f0000; font-size:140; text-align:2; font-family:;\" ><div class=\"grid-gallery-figcaption-wrap\" style=\"\"><\/div><\/FIGCAPTION><\/FIGURE><FIGURE class=\"grid-gallery-caption\" data-grid-gallery-type=\"quarter-slide-up\" data-index=\"2\" style=\"display:none;border-radius:00;; margin:5.3px; width:2150;\" ><div class=\"crop\" style=\" width:2150; height:2150; overflow:hidden;\"><img decoding=\"async\" src=\"http:\/\/urbex-team-bremen-nord.de\/wp-content\/uploads\/2018\/10\/IMG_9306_7_8_tonemapped-Bearbeitet-215x215.jpg\" class=\"ggImg\" alt=\"Der Wald der Puppen\" title=\"Der Wald der Puppen\" data-description=\"Der Wald der Puppen\" data-caption=\"Der Wald der Puppen\" data-title=\"Der Wald der Puppen\" style=\" width:215px; height:215px;\" \/><\/div><FIGCAPTION class=\"\" data-alpha=\"5\" style=\"color:#ffffff; background-color:#6f0000; font-size:140; text-align:2; font-family:;\" ><div class=\"grid-gallery-figcaption-wrap\" style=\"\"><\/div><\/FIGCAPTION><\/FIGURE><FIGURE class=\"grid-gallery-caption\" data-grid-gallery-type=\"quarter-slide-up\" data-index=\"3\" style=\"display:none;border-radius:00;; margin:5.3px; width:2150;\" ><div class=\"crop\" style=\" width:2150; height:2150; overflow:hidden;\"><img decoding=\"async\" src=\"http:\/\/urbex-team-bremen-nord.de\/wp-content\/uploads\/2018\/10\/IMG_9266_7_8_tonemapped-Bearbeitet-215x215.jpg\" class=\"ggImg\" alt=\"Der Wald der Puppen\" title=\"Der Wald der Puppen\" data-description=\"Der Wald der Puppen\" data-caption=\"Der Wald der Puppen\" data-title=\"Der Wald der Puppen\" style=\" width:215px; height:215px;\" \/><\/div><FIGCAPTION class=\"\" data-alpha=\"5\" style=\"color:#ffffff; background-color:#6f0000; font-size:140; text-align:2; font-family:;\" ><div class=\"grid-gallery-figcaption-wrap\" style=\"\"><\/div><\/FIGCAPTION><\/FIGURE><FIGURE class=\"grid-gallery-caption\" data-grid-gallery-type=\"quarter-slide-up\" data-index=\"4\" style=\"display:none;border-radius:00;; margin:5.3px; width:2150;\" ><div class=\"crop\" style=\" width:2150; height:2150; overflow:hidden;\"><img decoding=\"async\" src=\"http:\/\/urbex-team-bremen-nord.de\/wp-content\/uploads\/2018\/10\/IMG_9354_5_6_tonemapped-Bearbeitet-215x215.jpg\" class=\"ggImg\" alt=\"Der Wald der Puppen\" title=\"Der Wald der Puppen\" data-description=\"Der Wald der Puppen\" data-caption=\"Der Wald der Puppen\" data-title=\"Der Wald der Puppen\" style=\" width:215px; height:215px;\" \/><\/div><FIGCAPTION class=\"\" data-alpha=\"5\" style=\"color:#ffffff; background-color:#6f0000; font-size:140; text-align:2; font-family:;\" ><div class=\"grid-gallery-figcaption-wrap\" style=\"\"><\/div><\/FIGCAPTION><\/FIGURE><FIGURE class=\"grid-gallery-caption\" data-grid-gallery-type=\"quarter-slide-up\" data-index=\"5\" style=\"display:none;border-radius:00;; margin:5.3px; width:2150;\" ><div class=\"crop\" style=\" width:2150; height:2150; overflow:hidden;\"><img decoding=\"async\" src=\"http:\/\/urbex-team-bremen-nord.de\/wp-content\/uploads\/2018\/10\/IMG_9282_3_4_tonemapped-Bearbeitet-215x215.jpg\" class=\"ggImg\" alt=\"Der Wald der Puppen\" title=\"Der Wald der Puppen\" data-description=\"Der Wald der Puppen\" data-caption=\"Der Wald der Puppen\" data-title=\"Der Wald der Puppen\" style=\" width:215px; height:215px;\" \/><\/div><FIGCAPTION class=\"\" data-alpha=\"5\" style=\"color:#ffffff; background-color:#6f0000; font-size:140; text-align:2; font-family:;\" ><div class=\"grid-gallery-figcaption-wrap\" style=\"\"><\/div><\/FIGCAPTION><\/FIGURE><FIGURE class=\"grid-gallery-caption\" data-grid-gallery-type=\"quarter-slide-up\" data-index=\"6\" style=\"display:none;border-radius:00;; margin:5.3px; width:2150;\" ><div class=\"crop\" style=\" width:2150; height:2150; overflow:hidden;\"><img decoding=\"async\" src=\"http:\/\/urbex-team-bremen-nord.de\/wp-content\/uploads\/2018\/10\/IMG_9290_1_2_tonemapped-Bearbeitet-215x215.jpg\" class=\"ggImg\" alt=\"Der Wald der Puppen\" title=\"Der Wald der Puppen\" data-description=\"Der Wald der Puppen\" data-caption=\"Der Wald der Puppen\" data-title=\"Der Wald der Puppen\" style=\" width:215px; height:215px;\" \/><\/div><FIGCAPTION class=\"\" data-alpha=\"5\" style=\"color:#ffffff; background-color:#6f0000; font-size:140; text-align:2; font-family:;\" ><div class=\"grid-gallery-figcaption-wrap\" style=\"\"><\/div><\/FIGCAPTION><\/FIGURE><FIGURE class=\"grid-gallery-caption\" data-grid-gallery-type=\"quarter-slide-up\" data-index=\"7\" style=\"display:none;border-radius:00;; margin:5.3px; width:2150;\" ><div class=\"crop\" style=\" width:2150; height:2150; overflow:hidden;\"><img decoding=\"async\" src=\"http:\/\/urbex-team-bremen-nord.de\/wp-content\/uploads\/2018\/10\/IMG_9310_1_2_tonemapped-Bearbeitet-215x215.jpg\" class=\"ggImg\" alt=\"Der Wald der Puppen\" title=\"Der Wald der Puppen\" data-description=\"Der Wald der Puppen\" data-caption=\"Der Wald der Puppen\" data-title=\"Der Wald der Puppen\" style=\" width:215px; height:215px;\" \/><\/div><FIGCAPTION class=\"\" data-alpha=\"5\" style=\"color:#ffffff; background-color:#6f0000; font-size:140; text-align:2; font-family:;\" ><div class=\"grid-gallery-figcaption-wrap\" style=\"\"><\/div><\/FIGCAPTION><\/FIGURE><FIGURE class=\"grid-gallery-caption\" data-grid-gallery-type=\"quarter-slide-up\" data-index=\"8\" style=\"display:none;border-radius:00;; margin:5.3px; width:2150;\" ><div class=\"crop\" style=\" width:2150; height:2150; overflow:hidden;\"><img decoding=\"async\" src=\"http:\/\/urbex-team-bremen-nord.de\/wp-content\/uploads\/2018\/10\/IMG_9338_39_40_tonemapped-Bearbeitet-215x215.jpg\" class=\"ggImg\" alt=\"Der Wald der Puppen\" title=\"Der Wald der Puppen\" data-description=\"Der Wald der Puppen\" data-caption=\"Der Wald der Puppen\" data-title=\"Der Wald der Puppen\" style=\" width:215px; height:215px;\" \/><\/div><FIGCAPTION class=\"\" data-alpha=\"5\" style=\"color:#ffffff; background-color:#6f0000; font-size:140; text-align:2; font-family:;\" ><div class=\"grid-gallery-figcaption-wrap\" style=\"\"><\/div><\/FIGCAPTION><\/FIGURE><FIGURE class=\"grid-gallery-caption\" data-grid-gallery-type=\"quarter-slide-up\" data-index=\"9\" style=\"display:none;border-radius:00;; margin:5.3px; width:2150;\" ><div class=\"crop\" style=\" width:2150; height:2150; overflow:hidden;\"><img decoding=\"async\" src=\"http:\/\/urbex-team-bremen-nord.de\/wp-content\/uploads\/2018\/10\/IMG_9358_59_60_tonemapped-Bearbeitet-215x215.jpg\" class=\"ggImg\" alt=\"Der Wald der Puppen\" title=\"Der Wald der Puppen\" data-description=\"Der Wald der Puppen\" data-caption=\"Der Wald der Puppen\" data-title=\"Der Wald der Puppen\" style=\" width:215px; height:215px;\" \/><\/div><FIGCAPTION class=\"\" data-alpha=\"5\" style=\"color:#ffffff; background-color:#6f0000; font-size:140; text-align:2; font-family:;\" ><div class=\"grid-gallery-figcaption-wrap\" style=\"\"><\/div><\/FIGCAPTION><\/FIGURE><FIGURE class=\"grid-gallery-caption\" data-grid-gallery-type=\"quarter-slide-up\" data-index=\"10\" style=\"display:none;border-radius:00;; margin:5.3px; width:2150;\" ><div class=\"crop\" style=\" width:2150; height:2150; overflow:hidden;\"><img decoding=\"async\" src=\"http:\/\/urbex-team-bremen-nord.de\/wp-content\/uploads\/2018\/10\/IMG_9350_1_2_tonemapped-Bearbeitet-215x215.jpg\" class=\"ggImg\" alt=\"Der Wald der Puppen\" title=\"Der Wald der Puppen\" data-description=\"Der Wald der Puppen\" data-caption=\"Der Wald der Puppen\" data-title=\"Der Wald der Puppen\" style=\" width:215px; height:215px;\" \/><\/div><FIGCAPTION class=\"\" data-alpha=\"5\" style=\"color:#ffffff; background-color:#6f0000; font-size:140; text-align:2; font-family:;\" ><div class=\"grid-gallery-figcaption-wrap\" style=\"\"><\/div><\/FIGCAPTION><\/FIGURE> <div class=\"grid-gallery-clearfix\"><\/div> <\/div> <div class=\"gallery-sharing-bottom\" style=\"display:none;\"> <\/div> <div class=\"gallery-sharing-image\" style=\"display:none;\"> <\/div> <div class=\"gallery-sharing-popup\" style=\"display:none;\"> <\/div> <div class=\"grid-gallery-clearfix\"><\/div> <\/div> <!-- Gallery by Supsystic plugin1.15.25 --><a title=\"Wordpress Gallery Plugin Free\" style=\"display:none;\" href=\"https:\/\/supsystic.com\/plugins\/photo-gallery\/?utm_medium=love_link\" target=\"_blank\">Wordpress Gallery Plugin Free<\/a>\n\n\n<p>Video:<\/p>\n\n\n\n<figure class=\"wp-block-embed-youtube wp-block-embed is-type-video is-provider-youtube wp-embed-aspect-16-9 wp-has-aspect-ratio\"><div class=\"wp-block-embed__wrapper\">\n<iframe loading=\"lazy\" title=\"Der Wald der Puppen\" width=\"660\" height=\"371\" src=\"https:\/\/www.youtube.com\/embed\/h9lkolpaMAQ?feature=oembed\" frameborder=\"0\" allow=\"accelerometer; autoplay; clipboard-write; encrypted-media; gyroscope; picture-in-picture; web-share\" referrerpolicy=\"strict-origin-when-cross-origin\" allowfullscreen><\/iframe>\n<\/div><\/figure>\n","protected":false},"excerpt":{"rendered":"<p>Sie h\u00e4ngen an B\u00e4umen, baumeln im Wind, starren mit leerem Blick durch die B\u00e4ume. Dutzende verst\u00fcmmelter Puppen sind in diesem Wald zu Hause. Seit einiger Zeit jagen sie selbst Hartgesottenen einen Schauer \u00fcber den R\u00fccken, denn sie sind angeblich lebendig. Wahrscheinlich nach dem Mexikanischen Vorbild, der \u201eIsla de las Mu\u00f1ecas\u201c (Insel der Puppen) wurden diese &hellip; <a href=\"https:\/\/urbex-team-bremen-nord.de\/?page_id=2254\" class=\"more-link\"><span class=\"screen-reader-text\">Der Wald der Puppen<\/span> weiterlesen<\/a><\/p>\n","protected":false},"author":2,"featured_media":0,"parent":0,"menu_order":0,"comment_status":"closed","ping_status":"closed","template":"","meta":{"ngg_post_thumbnail":0,"footnotes":""},"class_list":["post-2254","page","type-page","status-publish","hentry"],"_links":{"self":[{"href":"https:\/\/urbex-team-bremen-nord.de\/index.php?rest_route=\/wp\/v2\/pages\/2254","targetHints":{"allow":["GET"]}}],"collection":[{"href":"https:\/\/urbex-team-bremen-nord.de\/index.php?rest_route=\/wp\/v2\/pages"}],"about":[{"href":"https:\/\/urbex-team-bremen-nord.de\/index.php?rest_route=\/wp\/v2\/types\/page"}],"author":[{"embeddable":true,"href":"https:\/\/urbex-team-bremen-nord.de\/index.php?rest_route=\/wp\/v2\/users\/2"}],"replies":[{"embeddable":true,"href":"https:\/\/urbex-team-bremen-nord.de\/index.php?rest_route=%2Fwp%2Fv2%2Fcomments&post=2254"}],"version-history":[{"count":2,"href":"https:\/\/urbex-team-bremen-nord.de\/index.php?rest_route=\/wp\/v2\/pages\/2254\/revisions"}],"predecessor-version":[{"id":3191,"href":"https:\/\/urbex-team-bremen-nord.de\/index.php?rest_route=\/wp\/v2\/pages\/2254\/revisions\/3191"}],"wp:attachment":[{"href":"https:\/\/urbex-team-bremen-nord.de\/index.php?rest_route=%2Fwp%2Fv2%2Fmedia&parent=2254"}],"curies":[{"name":"wp","href":"https:\/\/api.w.org\/{rel}","templated":true}]}}