{"id":1149,"date":"2017-09-03T11:14:33","date_gmt":"2017-09-03T09:14:33","guid":{"rendered":"http:\/\/urbex-team-bremen-nord.de\/?page_id=1149"},"modified":"2017-09-03T11:14:33","modified_gmt":"2017-09-03T09:14:33","slug":"ziviler-luftschutzbunker-d","status":"publish","type":"page","link":"https:\/\/urbex-team-bremen-nord.de\/?page_id=1149","title":{"rendered":"Ziviler Luftschutzbunker D."},"content":{"rendered":"<p>Das gr\u00f6\u00dfte Geheimnis einer deutschen Metropole liegt tief unter der Stadt. Eine gigantische Bunkeranlage f\u00fcr mehrere 10000 Menschen. Die Anlage wird totgeschwiegen und bei den Recherchen st\u00f6\u00dft man auf eine Mauer des Schweigens. Niemand will verantwortlich sein.<\/p>\n<p>W\u00e4hrend des 2. Weltkrieges wurden mehrere 1000 Bombenlast \u00fcber der Stadt abgeworfen. Die Nazis wussten schon fr\u00fcher um die Bedeutung der Metropole und trieben den Bunkerbau unter der Stadt voran. Anfang der 1940er Jahre begannen die Arbeiten. Unbegrenzte Gelder standen zur Verf\u00fcgung um die Arbeiten zu finanzieren.<\/p>\n<p>Der Ausbau des Tunnelsystems ist unterschiedlich weit fortgeschritten. F\u00fcr den Bau wurden Zwangsarbeiter herangezogen. Die wenigen deutschen Arbeiter waren vor Ort um die ausl\u00e4ndischen Kr\u00e4fte im Lager zu \u00fcberwachen. Bei Fliegeralarm mussten die Bautrupps die Anlage verlassen, bevor die Zivilbev\u00f6lkerung in den Bunker str\u00f6mte.<\/p>\n<p>Die Ausma\u00dfe sind gigantisch. \u00dcber 4 Kilometer lang sind die G\u00e4nge und erstrecken sich verwinkelt und mit zahlreichen Nebentunneln in einer Tiefe von 3,50 Metern bis 17 Metern. Einige der R\u00e4ume sind Hallen. Diese sollten zweigeschossig ausgebaut werden, um noch mehr Menschen aufnehmen zu k\u00f6nnen.<\/p>\n<p>Die Arbeiten an der Anlage endeten mit Kriegsende.<\/p>\n<div id=\"grid-gallery-40-59635\" data-gg-id=\"40\" data-title=\"Ziviler Luftschutzbunker D.\" data-grid-type=\"0\" data-offset=\"5.3\" data-area-position=\"center\" data-icons=\"\" data-preloader=\"\" data-width=\"215\" data-height=\"215\" data-padding=\"\" data-quicksand=\"disabled\" data-quicksand-duration=\"none\" data-popup-theme=\"theme_6\" data-popup-type=\"pretty-photo\" data-popup-image-text=\"title\" data-popup-widthsize=\"auto\" data-popup-heightsize=\"auto\" data-popup-i18n-words=\"{&quot;close&quot;:&quot;schlie\\u00dfen&quot;,&quot;next&quot;:&quot;n\\u00e4chste&quot;,&quot;previous&quot;:&quot;vorherige&quot;,&quot;start_slideshow&quot;:&quot;Starte Slideshow&quot;,&quot;stop_slideshow&quot;:&quot;Stoppe Slideshow&quot;,&quot;image&quot;:&quot;Bild&quot;,&quot;of&quot;:&quot;von&quot;,&quot;prev&quot;:&quot;vorherige&quot;,&quot;cExpand&quot;:&quot;Erweitere&quot;,&quot;cPrevious&quot;:&quot;Vorheriges&quot;,&quot;cNext&quot;:&quot;N\\u00e4chstes&quot;,&quot;cExpandStr&quot;:&quot;Erweitere Bild&quot;,&quot;cRotate&quot;:&quot;Rotate&quot;,&quot;cDetails&quot;:&quot;Details&quot;}\" data-popup-slideshow=\"false\" data-popup-slideshow-speed=\"2500\" data-popup-hoverstop=\"true\" data-popup-slideshow-auto=\"false\" data-popup-background=\"\" data-popup-transparency=\"30\" data-popup-disable-history=\"\" data-popup-disable-changed-url=\"\" data-popup-border-type=\"\" data-popup-border-color=\"\" data-popup-border-width=\"\" data-popup-border-enable=\"\" data-fullscreen=\"false\" data-hide-tooltip=\"\" data-caption-font-family=\"\" data-caption-text-size=\"140\" data-is-mobile=\"0\" data-caption-mobile=\"false\" data-hide-long-tltp-title=\"0\" data-caption-disabled-on-mobile=\"false\" data-popup-placement-type=\"0\" data-social-sharing=\"{&quot;enabled&quot;:null,&quot;gallerySharing&quot;:{&quot;enabled&quot;:null,&quot;position&quot;:null},&quot;imageSharing&quot;:{&quot;enabled&quot;:null,&quot;wrapperClass&quot;:&quot; vertical &quot;},&quot;popupSharing&quot;:{&quot;enabled&quot;:null,&quot;wrapperClass&quot;:&quot; vertical &quot;}}\" class=\"grid-gallery grid-gallery-fixed \" style=\" width:100%; height:auto; margin-left:auto; margin-right:auto;position:relative;\"> <div class=\"gallery-loading\"> <div class=\"blocks\"> <div class=\"block\"><\/div> <div class=\"block\"><\/div> <div class=\"block\"><\/div> <div class=\"block\"><\/div> <\/div> <\/div> <div class=\"gallery-sharing-top\" style=\"display:none;\"> <\/div> <div id=\"photos-40\" class=\"grid-gallery-photos\"><FIGURE class=\"grid-gallery-caption\" data-grid-gallery-type=\"quarter-slide-up\" data-index=\"0\" style=\"display:none;border-radius:00;; margin:5.3px; width:2150;\" ><div class=\"crop\" style=\" width:2150; height:2150; overflow:hidden;\"><img decoding=\"async\" src=\"http:\/\/urbex-team-bremen-nord.de\/wp-content\/uploads\/2017\/09\/IMG_2495_6_7_tonemapped-215x215.jpg\" class=\"ggImg\" alt=\"Ziviler Luftschutzbunker D.\" title=\"Ziviler Luftschutzbunker D.\" data-description=\"Ziviler Luftschutzbunker D.\" data-caption=\"Ziviler Luftschutzbunker D.\" data-title=\"Ziviler Luftschutzbunker D.\" style=\" width:215px; height:215px;\" \/><\/div><FIGCAPTION class=\"\" data-alpha=\"5\" style=\"color:#ffffff; background-color:#6f0000; font-size:140; text-align:2; font-family:;\" ><div class=\"grid-gallery-figcaption-wrap\" style=\"\"><\/div><\/FIGCAPTION><\/FIGURE><FIGURE class=\"grid-gallery-caption\" data-grid-gallery-type=\"quarter-slide-up\" data-index=\"1\" style=\"display:none;border-radius:00;; margin:5.3px; width:2150;\" ><div class=\"crop\" style=\" width:2150; height:2150; overflow:hidden;\"><img decoding=\"async\" src=\"http:\/\/urbex-team-bremen-nord.de\/wp-content\/uploads\/2017\/09\/IMG_2374_5_6_tonemapped-215x215.jpg\" class=\"ggImg\" alt=\"Ziviler Luftschutzbunker D.\" title=\"Ziviler Luftschutzbunker D.\" data-description=\"Ziviler Luftschutzbunker D.\" data-caption=\"Ziviler Luftschutzbunker D.\" data-title=\"Ziviler Luftschutzbunker D.\" style=\" width:215px; height:215px;\" \/><\/div><FIGCAPTION class=\"\" data-alpha=\"5\" style=\"color:#ffffff; background-color:#6f0000; font-size:140; text-align:2; font-family:;\" ><div class=\"grid-gallery-figcaption-wrap\" style=\"\"><\/div><\/FIGCAPTION><\/FIGURE><FIGURE class=\"grid-gallery-caption\" data-grid-gallery-type=\"quarter-slide-up\" data-index=\"2\" style=\"display:none;border-radius:00;; margin:5.3px; width:2150;\" ><div class=\"crop\" style=\" width:2150; height:2150; overflow:hidden;\"><img decoding=\"async\" src=\"http:\/\/urbex-team-bremen-nord.de\/wp-content\/uploads\/2017\/09\/IMG_2463_4_5_tonemapped-215x215.jpg\" class=\"ggImg\" alt=\"Ziviler Luftschutzbunker D.\" title=\"Ziviler Luftschutzbunker D.\" data-description=\"Ziviler Luftschutzbunker D.\" data-caption=\"Ziviler Luftschutzbunker D.\" data-title=\"Ziviler Luftschutzbunker D.\" style=\" width:215px; height:215px;\" \/><\/div><FIGCAPTION class=\"\" data-alpha=\"5\" style=\"color:#ffffff; background-color:#6f0000; font-size:140; text-align:2; font-family:;\" ><div class=\"grid-gallery-figcaption-wrap\" style=\"\"><\/div><\/FIGCAPTION><\/FIGURE><FIGURE class=\"grid-gallery-caption\" data-grid-gallery-type=\"quarter-slide-up\" data-index=\"3\" style=\"display:none;border-radius:00;; margin:5.3px; width:2150;\" ><div class=\"crop\" style=\" width:2150; height:2150; overflow:hidden;\"><img decoding=\"async\" src=\"http:\/\/urbex-team-bremen-nord.de\/wp-content\/uploads\/2017\/09\/IMG_2467_8_9_tonemapped-215x215.jpg\" class=\"ggImg\" alt=\"Ziviler Luftschutzbunker D.\" title=\"Ziviler Luftschutzbunker D.\" data-description=\"Ziviler Luftschutzbunker D.\" data-caption=\"Ziviler Luftschutzbunker D.\" data-title=\"Ziviler Luftschutzbunker D.\" style=\" width:215px; height:215px;\" \/><\/div><FIGCAPTION class=\"\" data-alpha=\"5\" style=\"color:#ffffff; background-color:#6f0000; font-size:140; text-align:2; font-family:;\" ><div class=\"grid-gallery-figcaption-wrap\" style=\"\"><\/div><\/FIGCAPTION><\/FIGURE><FIGURE class=\"grid-gallery-caption\" data-grid-gallery-type=\"quarter-slide-up\" data-index=\"4\" style=\"display:none;border-radius:00;; margin:5.3px; width:2150;\" ><div class=\"crop\" style=\" width:2150; height:2150; overflow:hidden;\"><img decoding=\"async\" src=\"http:\/\/urbex-team-bremen-nord.de\/wp-content\/uploads\/2017\/09\/IMG_2345_6_7_tonemapped-215x215.jpg\" class=\"ggImg\" alt=\"Ziviler Luftschutzbunker D.\" title=\"Ziviler Luftschutzbunker D.\" data-description=\"Ziviler Luftschutzbunker D.\" data-caption=\"Ziviler Luftschutzbunker D.\" data-title=\"Ziviler Luftschutzbunker D.\" style=\" width:215px; height:215px;\" \/><\/div><FIGCAPTION class=\"\" data-alpha=\"5\" style=\"color:#ffffff; background-color:#6f0000; font-size:140; text-align:2; font-family:;\" ><div class=\"grid-gallery-figcaption-wrap\" style=\"\"><\/div><\/FIGCAPTION><\/FIGURE><FIGURE class=\"grid-gallery-caption\" data-grid-gallery-type=\"quarter-slide-up\" data-index=\"5\" style=\"display:none;border-radius:00;; margin:5.3px; width:2150;\" ><div class=\"crop\" style=\" width:2150; height:2150; overflow:hidden;\"><img decoding=\"async\" src=\"http:\/\/urbex-team-bremen-nord.de\/wp-content\/uploads\/2017\/09\/IMG_2366_7_8_tonemapped-215x215.jpg\" class=\"ggImg\" alt=\"Ziviler Luftschutzbunker D.\" title=\"Ziviler Luftschutzbunker D.\" data-description=\"Ziviler Luftschutzbunker D.\" data-caption=\"Ziviler Luftschutzbunker D.\" data-title=\"Ziviler Luftschutzbunker D.\" style=\" width:215px; height:215px;\" \/><\/div><FIGCAPTION class=\"\" data-alpha=\"5\" style=\"color:#ffffff; background-color:#6f0000; font-size:140; text-align:2; font-family:;\" ><div class=\"grid-gallery-figcaption-wrap\" style=\"\"><\/div><\/FIGCAPTION><\/FIGURE><FIGURE class=\"grid-gallery-caption\" data-grid-gallery-type=\"quarter-slide-up\" data-index=\"6\" style=\"display:none;border-radius:00;; margin:5.3px; width:2150;\" ><div class=\"crop\" style=\" width:2150; height:2150; overflow:hidden;\"><img decoding=\"async\" src=\"http:\/\/urbex-team-bremen-nord.de\/wp-content\/uploads\/2017\/09\/IMG_2354_5_6_tonemapped-215x215.jpg\" class=\"ggImg\" alt=\"Ziviler Luftschutzbunker D.\" title=\"Ziviler Luftschutzbunker D.\" data-description=\"Ziviler Luftschutzbunker D.\" data-caption=\"Ziviler Luftschutzbunker D.\" data-title=\"Ziviler Luftschutzbunker D.\" style=\" width:215px; height:215px;\" \/><\/div><FIGCAPTION class=\"\" data-alpha=\"5\" style=\"color:#ffffff; background-color:#6f0000; font-size:140; text-align:2; font-family:;\" ><div class=\"grid-gallery-figcaption-wrap\" style=\"\"><\/div><\/FIGCAPTION><\/FIGURE><FIGURE class=\"grid-gallery-caption\" data-grid-gallery-type=\"quarter-slide-up\" data-index=\"7\" style=\"display:none;border-radius:00;; margin:5.3px; width:2150;\" ><div class=\"crop\" style=\" width:2150; height:2150; overflow:hidden;\"><img decoding=\"async\" src=\"http:\/\/urbex-team-bremen-nord.de\/wp-content\/uploads\/2017\/09\/IMG_2394_5_6_tonemapped-215x215.jpg\" class=\"ggImg\" alt=\"Ziviler Luftschutzbunker D.\" title=\"Ziviler Luftschutzbunker D.\" data-description=\"Ziviler Luftschutzbunker D.\" data-caption=\"Ziviler Luftschutzbunker D.\" data-title=\"Ziviler Luftschutzbunker D.\" style=\" width:215px; height:215px;\" \/><\/div><FIGCAPTION class=\"\" data-alpha=\"5\" style=\"color:#ffffff; background-color:#6f0000; font-size:140; text-align:2; font-family:;\" ><div class=\"grid-gallery-figcaption-wrap\" style=\"\"><\/div><\/FIGCAPTION><\/FIGURE><FIGURE class=\"grid-gallery-caption\" data-grid-gallery-type=\"quarter-slide-up\" data-index=\"8\" style=\"display:none;border-radius:00;; margin:5.3px; width:2150;\" ><div class=\"crop\" style=\" width:2150; height:2150; overflow:hidden;\"><img decoding=\"async\" src=\"http:\/\/urbex-team-bremen-nord.de\/wp-content\/uploads\/2017\/09\/IMG_2491_2_3_tonemapped-215x215.jpg\" class=\"ggImg\" alt=\"Ziviler Luftschutzbunker D.\" title=\"Ziviler Luftschutzbunker D.\" data-description=\"Ziviler Luftschutzbunker D.\" data-caption=\"Ziviler Luftschutzbunker D.\" data-title=\"Ziviler Luftschutzbunker D.\" style=\" width:215px; height:215px;\" \/><\/div><FIGCAPTION class=\"\" data-alpha=\"5\" style=\"color:#ffffff; background-color:#6f0000; font-size:140; text-align:2; font-family:;\" ><div class=\"grid-gallery-figcaption-wrap\" style=\"\"><\/div><\/FIGCAPTION><\/FIGURE><FIGURE class=\"grid-gallery-caption\" data-grid-gallery-type=\"quarter-slide-up\" data-index=\"9\" style=\"display:none;border-radius:00;; margin:5.3px; width:2150;\" ><div class=\"crop\" style=\" width:2150; height:2150; overflow:hidden;\"><img decoding=\"async\" src=\"http:\/\/urbex-team-bremen-nord.de\/wp-content\/uploads\/2017\/09\/IMG_2487_8_9_tonemapped-215x215.jpg\" class=\"ggImg\" alt=\"Ziviler Luftschutzbunker D.\" title=\"Ziviler Luftschutzbunker D.\" data-description=\"Ziviler Luftschutzbunker D.\" data-caption=\"Ziviler Luftschutzbunker D.\" data-title=\"Ziviler Luftschutzbunker D.\" style=\" width:215px; height:215px;\" \/><\/div><FIGCAPTION class=\"\" data-alpha=\"5\" style=\"color:#ffffff; background-color:#6f0000; font-size:140; text-align:2; font-family:;\" ><div class=\"grid-gallery-figcaption-wrap\" style=\"\"><\/div><\/FIGCAPTION><\/FIGURE><FIGURE class=\"grid-gallery-caption\" data-grid-gallery-type=\"quarter-slide-up\" data-index=\"10\" style=\"display:none;border-radius:00;; margin:5.3px; width:2150;\" ><div class=\"crop\" style=\" width:2150; height:2150; overflow:hidden;\"><img decoding=\"async\" src=\"http:\/\/urbex-team-bremen-nord.de\/wp-content\/uploads\/2017\/09\/IMG_2475_6_7_tonemapped-215x215.jpg\" class=\"ggImg\" alt=\"Ziviler Luftschutzbunker D.\" title=\"Ziviler Luftschutzbunker D.\" data-description=\"Ziviler Luftschutzbunker D.\" data-caption=\"Ziviler Luftschutzbunker D.\" data-title=\"Ziviler Luftschutzbunker D.\" style=\" width:215px; height:215px;\" \/><\/div><FIGCAPTION class=\"\" data-alpha=\"5\" style=\"color:#ffffff; background-color:#6f0000; font-size:140; text-align:2; font-family:;\" ><div class=\"grid-gallery-figcaption-wrap\" style=\"\"><\/div><\/FIGCAPTION><\/FIGURE><FIGURE class=\"grid-gallery-caption\" data-grid-gallery-type=\"quarter-slide-up\" data-index=\"11\" style=\"display:none;border-radius:00;; margin:5.3px; width:2150;\" ><div class=\"crop\" style=\" width:2150; height:2150; overflow:hidden;\"><img decoding=\"async\" src=\"http:\/\/urbex-team-bremen-nord.de\/wp-content\/uploads\/2017\/09\/IMG_2402_3_4_tonemapped-215x215.jpg\" class=\"ggImg\" alt=\"Ziviler Luftschutzbunker D.\" title=\"Ziviler Luftschutzbunker D.\" data-description=\"Ziviler Luftschutzbunker D.\" data-caption=\"Ziviler Luftschutzbunker D.\" data-title=\"Ziviler Luftschutzbunker D.\" style=\" width:215px; height:215px;\" \/><\/div><FIGCAPTION class=\"\" data-alpha=\"5\" style=\"color:#ffffff; background-color:#6f0000; font-size:140; text-align:2; font-family:;\" ><div class=\"grid-gallery-figcaption-wrap\" style=\"\"><\/div><\/FIGCAPTION><\/FIGURE><FIGURE class=\"grid-gallery-caption\" data-grid-gallery-type=\"quarter-slide-up\" data-index=\"12\" style=\"display:none;border-radius:00;; margin:5.3px; width:2150;\" ><div class=\"crop\" style=\" width:2150; height:2150; overflow:hidden;\"><img decoding=\"async\" src=\"http:\/\/urbex-team-bremen-nord.de\/wp-content\/uploads\/2017\/09\/IMG_2428_29_30_tonemapped-215x215.jpg\" class=\"ggImg\" alt=\"Ziviler Luftschutzbunker D.\" title=\"Ziviler Luftschutzbunker D.\" data-description=\"Ziviler Luftschutzbunker D.\" data-caption=\"Ziviler Luftschutzbunker D.\" data-title=\"Ziviler Luftschutzbunker D.\" style=\" width:215px; height:215px;\" \/><\/div><FIGCAPTION class=\"\" data-alpha=\"5\" style=\"color:#ffffff; background-color:#6f0000; font-size:140; text-align:2; font-family:;\" ><div class=\"grid-gallery-figcaption-wrap\" style=\"\"><\/div><\/FIGCAPTION><\/FIGURE><FIGURE class=\"grid-gallery-caption\" data-grid-gallery-type=\"quarter-slide-up\" data-index=\"13\" style=\"display:none;border-radius:00;; margin:5.3px; width:2150;\" ><div class=\"crop\" style=\" width:2150; height:2150; overflow:hidden;\"><img decoding=\"async\" src=\"http:\/\/urbex-team-bremen-nord.de\/wp-content\/uploads\/2017\/09\/IMG_2446_7_8_tonemapped-215x215.jpg\" class=\"ggImg\" alt=\"Ziviler Luftschutzbunker D.\" title=\"Ziviler Luftschutzbunker D.\" data-description=\"Ziviler Luftschutzbunker D.\" data-caption=\"Ziviler Luftschutzbunker D.\" data-title=\"Ziviler Luftschutzbunker D.\" style=\" width:215px; height:215px;\" \/><\/div><FIGCAPTION class=\"\" data-alpha=\"5\" style=\"color:#ffffff; background-color:#6f0000; font-size:140; text-align:2; font-family:;\" ><div class=\"grid-gallery-figcaption-wrap\" style=\"\"><\/div><\/FIGCAPTION><\/FIGURE><FIGURE class=\"grid-gallery-caption\" data-grid-gallery-type=\"quarter-slide-up\" data-index=\"14\" style=\"display:none;border-radius:00;; margin:5.3px; width:2150;\" ><div class=\"crop\" style=\" width:2150; height:2150; overflow:hidden;\"><img decoding=\"async\" src=\"http:\/\/urbex-team-bremen-nord.de\/wp-content\/uploads\/2017\/09\/IMG_2458_59_60_tonemapped-215x215.jpg\" class=\"ggImg\" alt=\"Ziviler Luftschutzbunker D.\" title=\"Ziviler Luftschutzbunker D.\" data-description=\"Ziviler Luftschutzbunker D.\" data-caption=\"Ziviler Luftschutzbunker D.\" data-title=\"Ziviler Luftschutzbunker D.\" style=\" width:215px; height:215px;\" \/><\/div><FIGCAPTION class=\"\" data-alpha=\"5\" style=\"color:#ffffff; background-color:#6f0000; font-size:140; text-align:2; font-family:;\" ><div class=\"grid-gallery-figcaption-wrap\" style=\"\"><\/div><\/FIGCAPTION><\/FIGURE><FIGURE class=\"grid-gallery-caption\" data-grid-gallery-type=\"quarter-slide-up\" data-index=\"15\" style=\"display:none;border-radius:00;; margin:5.3px; width:2150;\" ><div class=\"crop\" style=\" width:2150; height:2150; overflow:hidden;\"><img decoding=\"async\" src=\"http:\/\/urbex-team-bremen-nord.de\/wp-content\/uploads\/2017\/09\/IMG_2438_39_40_tonemapped-215x215.jpg\" class=\"ggImg\" alt=\"Ziviler Luftschutzbunker D.\" title=\"Ziviler Luftschutzbunker D.\" data-description=\"Ziviler Luftschutzbunker D.\" data-caption=\"Ziviler Luftschutzbunker D.\" data-title=\"Ziviler Luftschutzbunker D.\" style=\" width:215px; height:215px;\" \/><\/div><FIGCAPTION class=\"\" data-alpha=\"5\" style=\"color:#ffffff; background-color:#6f0000; font-size:140; text-align:2; font-family:;\" ><div class=\"grid-gallery-figcaption-wrap\" style=\"\"><\/div><\/FIGCAPTION><\/FIGURE><FIGURE class=\"grid-gallery-caption\" data-grid-gallery-type=\"quarter-slide-up\" data-index=\"16\" style=\"display:none;border-radius:00;; margin:5.3px; width:2150;\" ><div class=\"crop\" style=\" width:2150; height:2150; overflow:hidden;\"><img decoding=\"async\" src=\"http:\/\/urbex-team-bremen-nord.de\/wp-content\/uploads\/2017\/09\/IMG_2410_1_2_tonemapped-215x215.jpg\" class=\"ggImg\" alt=\"Ziviler Luftschutzbunker D.\" title=\"Ziviler Luftschutzbunker D.\" data-description=\"Ziviler Luftschutzbunker D.\" data-caption=\"Ziviler Luftschutzbunker D.\" data-title=\"Ziviler Luftschutzbunker D.\" style=\" width:215px; height:215px;\" \/><\/div><FIGCAPTION class=\"\" data-alpha=\"5\" style=\"color:#ffffff; background-color:#6f0000; font-size:140; text-align:2; font-family:;\" ><div class=\"grid-gallery-figcaption-wrap\" style=\"\"><\/div><\/FIGCAPTION><\/FIGURE> <div class=\"grid-gallery-clearfix\"><\/div> <\/div> <div class=\"gallery-sharing-bottom\" style=\"display:none;\"> <\/div> <div class=\"gallery-sharing-image\" style=\"display:none;\"> <\/div> <div class=\"gallery-sharing-popup\" style=\"display:none;\"> <\/div> <div class=\"grid-gallery-clearfix\"><\/div> <\/div> <!-- Gallery by Supsystic plugin1.15.25 --><a title=\"Wordpress Gallery Plugin Free\" style=\"display:none;\" href=\"https:\/\/supsystic.com\/plugins\/photo-gallery\/?utm_medium=love_link\" target=\"_blank\">Wordpress Gallery Plugin Free<\/a>\n","protected":false},"excerpt":{"rendered":"<p>Das gr\u00f6\u00dfte Geheimnis einer deutschen Metropole liegt tief unter der Stadt. Eine gigantische Bunkeranlage f\u00fcr mehrere 10000 Menschen. Die Anlage wird totgeschwiegen und bei den Recherchen st\u00f6\u00dft man auf eine Mauer des Schweigens. Niemand will verantwortlich sein. W\u00e4hrend des 2. Weltkrieges wurden mehrere 1000 Bombenlast \u00fcber der Stadt abgeworfen. Die Nazis wussten schon fr\u00fcher um &hellip; <a href=\"https:\/\/urbex-team-bremen-nord.de\/?page_id=1149\" class=\"more-link\"><span class=\"screen-reader-text\">Ziviler Luftschutzbunker D.<\/span> weiterlesen<\/a><\/p>\n","protected":false},"author":2,"featured_media":0,"parent":0,"menu_order":0,"comment_status":"closed","ping_status":"closed","template":"","meta":{"ngg_post_thumbnail":0,"footnotes":""},"class_list":["post-1149","page","type-page","status-publish","hentry"],"_links":{"self":[{"href":"https:\/\/urbex-team-bremen-nord.de\/index.php?rest_route=\/wp\/v2\/pages\/1149","targetHints":{"allow":["GET"]}}],"collection":[{"href":"https:\/\/urbex-team-bremen-nord.de\/index.php?rest_route=\/wp\/v2\/pages"}],"about":[{"href":"https:\/\/urbex-team-bremen-nord.de\/index.php?rest_route=\/wp\/v2\/types\/page"}],"author":[{"embeddable":true,"href":"https:\/\/urbex-team-bremen-nord.de\/index.php?rest_route=\/wp\/v2\/users\/2"}],"replies":[{"embeddable":true,"href":"https:\/\/urbex-team-bremen-nord.de\/index.php?rest_route=%2Fwp%2Fv2%2Fcomments&post=1149"}],"version-history":[{"count":1,"href":"https:\/\/urbex-team-bremen-nord.de\/index.php?rest_route=\/wp\/v2\/pages\/1149\/revisions"}],"predecessor-version":[{"id":1151,"href":"https:\/\/urbex-team-bremen-nord.de\/index.php?rest_route=\/wp\/v2\/pages\/1149\/revisions\/1151"}],"wp:attachment":[{"href":"https:\/\/urbex-team-bremen-nord.de\/index.php?rest_route=%2Fwp%2Fv2%2Fmedia&parent=1149"}],"curies":[{"name":"wp","href":"https:\/\/api.w.org\/{rel}","templated":true}]}}